{"id":13,"date":"2018-12-13T20:10:41","date_gmt":"2018-12-13T20:10:41","guid":{"rendered":"https:\/\/www.foretprivee.ca\/centreduquebec\/?page_id=13"},"modified":"2025-06-12T12:39:07","modified_gmt":"2025-06-12T12:39:07","slug":"equipe","status":"publish","type":"page","link":"https:\/\/www.foretprivee.ca\/centreduquebec\/mon-syndicat\/equipe\/","title":{"rendered":"\u00c9quipe"},"content":{"rendered":"\t\t<div data-elementor-type=\"wp-post\" data-elementor-id=\"13\" class=\"elementor elementor-13\" data-elementor-post-type=\"page\">\n\t\t\t\t\t\t<section class=\"elementor-section elementor-top-section elementor-element elementor-element-666bb1b8 elementor-section-boxed elementor-section-height-default elementor-section-height-default\" data-id=\"666bb1b8\" data-element_type=\"section\" data-e-type=\"section\">\n\t\t\t\t\t\t<div class=\"elementor-container elementor-column-gap-default\">\n\t\t\t\t\t<div class=\"elementor-column elementor-col-50 elementor-top-column elementor-element elementor-element-4265d21b\" data-id=\"4265d21b\" data-element_type=\"column\" data-e-type=\"column\">\n\t\t\t<div class=\"elementor-widget-wrap elementor-element-populated\">\n\t\t\t\t\t\t<div class=\"elementor-element elementor-element-0334272 elementor-widget elementor-widget-text-editor\" data-id=\"0334272\" data-element_type=\"widget\" data-e-type=\"widget\" data-widget_type=\"text-editor.default\">\n\t\t\t\t<div class=\"elementor-widget-container\">\n\t\t\t\t\t\t\t\t\t<p><strong>T\u00e9l\u00e9phone g\u00e9n\u00e9ral<br \/>(819) 697-2922<\/strong><\/p>\t\t\t\t\t\t\t\t<\/div>\n\t\t\t\t<\/div>\n\t\t\t\t<div class=\"elementor-element elementor-element-c61409c elementor-widget elementor-widget-spacer\" data-id=\"c61409c\" data-element_type=\"widget\" data-e-type=\"widget\" data-widget_type=\"spacer.default\">\n\t\t\t\t<div class=\"elementor-widget-container\">\n\t\t\t\t\t\t\t<div class=\"elementor-spacer\">\n\t\t\t<div class=\"elementor-spacer-inner\"><\/div>\n\t\t<\/div>\n\t\t\t\t\t\t<\/div>\n\t\t\t\t<\/div>\n\t\t\t\t<div class=\"elementor-element elementor-element-5349a4cc elementor-widget elementor-widget-text-editor\" data-id=\"5349a4cc\" data-element_type=\"widget\" data-e-type=\"widget\" data-widget_type=\"text-editor.default\">\n\t\t\t\t<div class=\"elementor-widget-container\">\n\t\t\t\t\t\t\t\t\t<h4>SERVICE DE LA MISE EN MARCH\u00c9<\/h4><p><span style=\"font-size: 12pt\"><strong><br \/>Ghislain Leblond, ing\u00e9nieur forestier<br \/><\/strong><\/span>Directeur g\u00e9n\u00e9ral, mise en march\u00e9, \u00e9mission de visas et de contingents de bois, enregistrement de producteurs forestiers<br \/>Poste 241<br \/><a href=\"mailto:gleblond@spbois.qc.ca\">gleblond@spbois.qc.ca<\/a><\/p><p><strong>Martine Gignac, secr\u00e9taire de direction<\/strong><br \/>Secr\u00e9tariat, mise en march\u00e9, \u00e9mission de visas et de contingent de bois, enregistrement de producteurs forestiers<br \/>Poste 240<br \/><a href=\"mailto:mgignac@spbois.qc.ca\">mgignac@spbois.qc.ca<\/a><\/p><p><strong>Danielle Provencher, t<\/strong><strong>echnicienne comptable<\/strong><br \/>Paiement aux producteurs et comptabilit\u00e9<br \/>Poste 242<br \/><a href=\"mailto:dprovencher@spbois.qc.ca\">dprovencher@spbois.qc.ca\u00a0<\/a><\/p><p><strong>Gabrielle Dumas-Gagnon<br \/><\/strong>Paiement aux producteurs<br \/>Poste 226<br \/><a href=\"mailto:gdumasgagnon@spbois.qc.ca\">gdumasgagnon@spbois.qc.ca\u00a0<\/a><\/p><div class=\"table-responsive\"><h4>SERVICE DE L\u2019AM\u00c9NAGEMENT FORESTIER<\/h4><\/div><p><strong><br \/>Mathieu Roberge<\/strong>,\u00a0<strong>technicien forestier\u00a0 \u00a0 \u00a0 \u00a0 \u00a0 \u00a0 \u00a0 \u00a0 \u00a0 \u00a0 \u00a0 \u00a0 \u00a0 \u00a0 \u00a0 \u00a0 \u00a0 \u00a0 \u00a0 \u00a0 \u00a0 \u00a0 \u00a0 \u00a0 \u00a0 \u00a0 \u00a0 \u00a0 \u00a0 \u00a0 \u00a0 \u00a0 \u00a0 \u00a0 \u00a0 \u00a0 \u00a0 \u00a0 \u00a0 \u00a0 \u00a0 \u00a0 \u00a0 \u00a0 \u00a0 \u00a0 \u00a0 \u00a0 \u00a0 <\/strong>Technicien au service de l&rsquo;am\u00e9nagement forestier\u00a0 \u00a0 \u00a0 \u00a0 \u00a0 \u00a0 \u00a0 \u00a0 \u00a0 \u00a0 \u00a0 \u00a0 \u00a0 \u00a0 \u00a0 \u00a0 \u00a0 \u00a0 \u00a0 \u00a0 \u00a0 \u00a0 \u00a0 \u00a0 \u00a0 \u00a0 \u00a0 \u00a0 \u00a0 \u00a0 \u00a0 \u00a0 \u00a0 \u00a0 \u00a0 \u00a0 \u00a0 \u00a0 \u00a0 \u00a0 \u00a0 \u00a0 \u00a0 \u00a0 Poste 243<br \/><a href=\"mailto:mroberge@spbois.qc.ca\">mroberge@spbois.qc.ca<\/a><\/p><p><strong>Fr\u00e9d\u00e9rique Gagnon-Lupien,\u00a0<\/strong><strong>ing\u00e9nieure foresti\u00e8re<\/strong><br \/>Ing\u00e9nieure aux services de l&rsquo;am\u00e9nagement forestier, de l&rsquo;agroforesterie et des produits forestiers non ligneux<br \/>Poste 224<br \/><a href=\"mailto:foret@spbois.qc.ca\">fgagnonlupien@spbois.qc.ca<\/a><\/p>\t\t\t\t\t\t\t\t<\/div>\n\t\t\t\t<\/div>\n\t\t\t\t<div class=\"elementor-element elementor-element-fbbab22 elementor-widget elementor-widget-spacer\" data-id=\"fbbab22\" data-element_type=\"widget\" data-e-type=\"widget\" data-widget_type=\"spacer.default\">\n\t\t\t\t<div class=\"elementor-widget-container\">\n\t\t\t\t\t\t\t<div class=\"elementor-spacer\">\n\t\t\t<div class=\"elementor-spacer-inner\"><\/div>\n\t\t<\/div>\n\t\t\t\t\t\t<\/div>\n\t\t\t\t<\/div>\n\t\t\t\t\t<\/div>\n\t\t<\/div>\n\t\t\t\t<div class=\"elementor-column elementor-col-50 elementor-top-column elementor-element elementor-element-25815b1\" data-id=\"25815b1\" data-element_type=\"column\" data-e-type=\"column\">\n\t\t\t<div class=\"elementor-widget-wrap\">\n\t\t\t\t\t\t\t<\/div>\n\t\t<\/div>\n\t\t\t\t\t<\/div>\n\t\t<\/section>\n\t\t\t\t<\/div>\n\t\t","protected":false},"excerpt":{"rendered":"<p>T\u00e9l\u00e9phone g\u00e9n\u00e9ral(819) 697-2922 SERVICE DE LA MISE EN MARCH\u00c9 Ghislain Leblond, ing\u00e9nieur forestierDirecteur g\u00e9n\u00e9ral, mise en march\u00e9, \u00e9mission de visas et de contingents de bois, enregistrement de producteurs forestiersPoste 241gleblond@spbois.qc.ca Martine Gignac, secr\u00e9taire de directionSecr\u00e9tariat, mise en march\u00e9, \u00e9mission de visas et de contingent de bois, enregistrement de producteurs forestiersPoste 240mgignac@spbois.qc.ca Danielle Provencher, technicienne comptablePaiement &hellip; <\/p>\n<p class=\"link-more\"><a href=\"https:\/\/www.foretprivee.ca\/centreduquebec\/mon-syndicat\/equipe\/\" class=\"more-link\">Lire la suite<\/a><\/p>\n","protected":false},"author":1,"featured_media":0,"parent":5,"menu_order":0,"comment_status":"closed","ping_status":"closed","template":"","meta":{"_acf_changed":false,"footnotes":""},"class_list":["post-13","page","type-page","status-publish","hentry"],"acf":[],"_links":{"self":[{"href":"https:\/\/www.foretprivee.ca\/centreduquebec\/wp-json\/wp\/v2\/pages\/13","targetHints":{"allow":["GET"]}}],"collection":[{"href":"https:\/\/www.foretprivee.ca\/centreduquebec\/wp-json\/wp\/v2\/pages"}],"about":[{"href":"https:\/\/www.foretprivee.ca\/centreduquebec\/wp-json\/wp\/v2\/types\/page"}],"author":[{"embeddable":true,"href":"https:\/\/www.foretprivee.ca\/centreduquebec\/wp-json\/wp\/v2\/users\/1"}],"replies":[{"embeddable":true,"href":"https:\/\/www.foretprivee.ca\/centreduquebec\/wp-json\/wp\/v2\/comments?post=13"}],"version-history":[{"count":0,"href":"https:\/\/www.foretprivee.ca\/centreduquebec\/wp-json\/wp\/v2\/pages\/13\/revisions"}],"up":[{"embeddable":true,"href":"https:\/\/www.foretprivee.ca\/centreduquebec\/wp-json\/wp\/v2\/pages\/5"}],"wp:attachment":[{"href":"https:\/\/www.foretprivee.ca\/centreduquebec\/wp-json\/wp\/v2\/media?parent=13"}],"curies":[{"name":"wp","href":"https:\/\/api.w.org\/{rel}","templated":true}]}}