{"id":33,"date":"2018-12-13T20:13:41","date_gmt":"2018-12-13T20:13:41","guid":{"rendered":"https:\/\/www.foretprivee.ca\/centreduquebec\/?page_id=33"},"modified":"2025-06-20T13:12:16","modified_gmt":"2025-06-20T13:12:16","slug":"liste-de-transporteurs-de-bois","status":"publish","type":"page","link":"https:\/\/www.foretprivee.ca\/centreduquebec\/mes-services\/liste-de-transporteurs-de-bois\/","title":{"rendered":"Liste de transporteurs de bois"},"content":{"rendered":"\t\t<div data-elementor-type=\"wp-post\" data-elementor-id=\"33\" class=\"elementor elementor-33\" data-elementor-post-type=\"page\">\n\t\t\t\t\t\t<section class=\"elementor-section elementor-top-section elementor-element elementor-element-b8ba5c8 elementor-section-boxed elementor-section-height-default elementor-section-height-default\" data-id=\"b8ba5c8\" data-element_type=\"section\" data-e-type=\"section\">\n\t\t\t\t\t\t<div class=\"elementor-container elementor-column-gap-default\">\n\t\t\t\t\t<div class=\"elementor-column elementor-col-66 elementor-top-column elementor-element elementor-element-b2e962d\" data-id=\"b2e962d\" data-element_type=\"column\" data-e-type=\"column\">\n\t\t\t<div class=\"elementor-widget-wrap elementor-element-populated\">\n\t\t\t\t\t\t<div class=\"elementor-element elementor-element-d97a9ba elementor-widget elementor-widget-text-editor\" data-id=\"d97a9ba\" data-element_type=\"widget\" data-e-type=\"widget\" data-widget_type=\"text-editor.default\">\n\t\t\t\t<div class=\"elementor-widget-container\">\n\t\t\t\t\t\t\t\t\t<h4>MEMBRE DE L\u2019ASSOCIATION<\/h4>\t\t\t\t\t\t\t\t<\/div>\n\t\t\t\t<\/div>\n\t\t\t\t\t<\/div>\n\t\t<\/div>\n\t\t\t\t<div class=\"elementor-column elementor-col-33 elementor-top-column elementor-element elementor-element-0a2f1ac\" data-id=\"0a2f1ac\" data-element_type=\"column\" data-e-type=\"column\">\n\t\t\t<div class=\"elementor-widget-wrap\">\n\t\t\t\t\t\t\t<\/div>\n\t\t<\/div>\n\t\t\t\t\t<\/div>\n\t\t<\/section>\n\t\t\t\t<section class=\"elementor-section elementor-top-section elementor-element elementor-element-1349fd0 elementor-section-boxed elementor-section-height-default elementor-section-height-default\" data-id=\"1349fd0\" data-element_type=\"section\" data-e-type=\"section\">\n\t\t\t\t\t\t<div class=\"elementor-container elementor-column-gap-default\">\n\t\t\t\t\t<div class=\"elementor-column elementor-col-33 elementor-top-column elementor-element elementor-element-9921fac\" data-id=\"9921fac\" data-element_type=\"column\" data-e-type=\"column\">\n\t\t\t<div class=\"elementor-widget-wrap elementor-element-populated\">\n\t\t\t\t\t\t<div class=\"elementor-element elementor-element-400027c elementor-widget elementor-widget-text-editor\" data-id=\"400027c\" data-element_type=\"widget\" data-e-type=\"widget\" data-widget_type=\"text-editor.default\">\n\t\t\t\t<div class=\"elementor-widget-container\">\n\t\t\t\t\t\t\t\t\t<p><strong>GROUPEMENT FORESTIER ARTHABASKA-DRUMMOND INC.<br \/><\/strong><b>Serge Nadeau<\/b><br \/>1000, rue Champoux<br \/>Saint-Albert Qc\u00a0 J0A 1E0<\/p><p>T\u00e9l\u00e9phone : 819 353-2361<\/p>\t\t\t\t\t\t\t\t<\/div>\n\t\t\t\t<\/div>\n\t\t\t\t\t<\/div>\n\t\t<\/div>\n\t\t\t\t<div class=\"elementor-column elementor-col-33 elementor-top-column elementor-element elementor-element-51c4af1\" data-id=\"51c4af1\" data-element_type=\"column\" data-e-type=\"column\">\n\t\t\t<div class=\"elementor-widget-wrap elementor-element-populated\">\n\t\t\t\t\t\t<div class=\"elementor-element elementor-element-4645023 elementor-widget elementor-widget-text-editor\" data-id=\"4645023\" data-element_type=\"widget\" data-e-type=\"widget\" data-widget_type=\"text-editor.default\">\n\t\t\t\t<div class=\"elementor-widget-container\">\n\t\t\t\t\t\t\t\t\t<p><strong>LES TRANSPORTS PATRICK CAMIR\u00c9 INC.<br \/>Patrick Camir\u00e9<br \/><\/strong>1250, Route 261<br \/>Saint-Val\u00e8re QC\u00a0 \u00a0G0P 1M0<\/p><p>T\u00e9l\u00e9phone : 819 460-4098<\/p>\t\t\t\t\t\t\t\t<\/div>\n\t\t\t\t<\/div>\n\t\t\t\t\t<\/div>\n\t\t<\/div>\n\t\t\t\t<div class=\"elementor-column elementor-col-33 elementor-top-column elementor-element elementor-element-c7b1881\" data-id=\"c7b1881\" data-element_type=\"column\" data-e-type=\"column\">\n\t\t\t<div class=\"elementor-widget-wrap\">\n\t\t\t\t\t\t\t<\/div>\n\t\t<\/div>\n\t\t\t\t\t<\/div>\n\t\t<\/section>\n\t\t\t\t<section class=\"elementor-section elementor-top-section elementor-element elementor-element-e7e9f1c elementor-section-boxed elementor-section-height-default elementor-section-height-default\" data-id=\"e7e9f1c\" data-element_type=\"section\" data-e-type=\"section\">\n\t\t\t\t\t\t<div class=\"elementor-container elementor-column-gap-default\">\n\t\t\t\t\t<div class=\"elementor-column elementor-col-33 elementor-top-column elementor-element elementor-element-2eee6b6\" data-id=\"2eee6b6\" data-element_type=\"column\" data-e-type=\"column\">\n\t\t\t<div class=\"elementor-widget-wrap elementor-element-populated\">\n\t\t\t\t\t\t<div class=\"elementor-element elementor-element-4bb32e9 elementor-widget elementor-widget-text-editor\" data-id=\"4bb32e9\" data-element_type=\"widget\" data-e-type=\"widget\" data-widget_type=\"text-editor.default\">\n\t\t\t\t<div class=\"elementor-widget-container\">\n\t\t\t\t\t\t\t\t\t<p><strong>TRANSPORT NICO DION INC.<br \/>Nicolas Dion<br \/><\/strong>164, rang Lainesse<br \/>Saint-Norbert d&rsquo;Arthabaska QC\u00a0 G0P 1B0<\/p><p>T\u00e9l\u00e9phone : 819 352-7764<\/p>\t\t\t\t\t\t\t\t<\/div>\n\t\t\t\t<\/div>\n\t\t\t\t\t<\/div>\n\t\t<\/div>\n\t\t\t\t<div class=\"elementor-column elementor-col-33 elementor-top-column elementor-element elementor-element-46850d3\" data-id=\"46850d3\" data-element_type=\"column\" data-e-type=\"column\">\n\t\t\t<div class=\"elementor-widget-wrap elementor-element-populated\">\n\t\t\t\t\t\t<div class=\"elementor-element elementor-element-6f33ec6 elementor-widget elementor-widget-text-editor\" data-id=\"6f33ec6\" data-element_type=\"widget\" data-e-type=\"widget\" data-widget_type=\"text-editor.default\">\n\t\t\t\t<div class=\"elementor-widget-container\">\n\t\t\t\t\t\t\t\t\t<p><strong>TRANSLEB INC.\u00a0<\/strong><br \/><strong>Sylvain Leblanc<\/strong><br \/>490, 9e Rue<br \/>Daveluyville QC\u00a0 G0Z 1C0<\/p><p>T\u00e9l\u00e9phone : 819 695-2398<\/p>\t\t\t\t\t\t\t\t<\/div>\n\t\t\t\t<\/div>\n\t\t\t\t\t<\/div>\n\t\t<\/div>\n\t\t\t\t<div class=\"elementor-column elementor-col-33 elementor-top-column elementor-element elementor-element-474dce5\" data-id=\"474dce5\" data-element_type=\"column\" data-e-type=\"column\">\n\t\t\t<div class=\"elementor-widget-wrap\">\n\t\t\t\t\t\t\t<\/div>\n\t\t<\/div>\n\t\t\t\t\t<\/div>\n\t\t<\/section>\n\t\t\t\t<section class=\"elementor-section elementor-top-section elementor-element elementor-element-2f9ec69 elementor-section-boxed elementor-section-height-default elementor-section-height-default\" data-id=\"2f9ec69\" data-element_type=\"section\" data-e-type=\"section\">\n\t\t\t\t\t\t<div class=\"elementor-container elementor-column-gap-default\">\n\t\t\t\t\t<div class=\"elementor-column elementor-col-33 elementor-top-column elementor-element elementor-element-a0d0563\" data-id=\"a0d0563\" data-element_type=\"column\" data-e-type=\"column\">\n\t\t\t<div class=\"elementor-widget-wrap elementor-element-populated\">\n\t\t\t\t\t\t<div class=\"elementor-element elementor-element-d0f777b elementor-widget elementor-widget-text-editor\" data-id=\"d0f777b\" data-element_type=\"widget\" data-e-type=\"widget\" data-widget_type=\"text-editor.default\">\n\t\t\t\t<div class=\"elementor-widget-container\">\n\t\t\t\t\t\t\t\t\t<p><strong>TRANSPORT FERNAND JALBERT INC.<\/strong><br \/><strong>Fernand Jalbert<\/strong><br \/>1068, rue du Couvent<br \/>Saint-Albert QC\u00a0 J0A 1E0<\/p><p>T\u00e9l\u00e9phone : 819 353-2718<\/p>\t\t\t\t\t\t\t\t<\/div>\n\t\t\t\t<\/div>\n\t\t\t\t\t<\/div>\n\t\t<\/div>\n\t\t\t\t<div class=\"elementor-column elementor-col-33 elementor-top-column elementor-element elementor-element-cc3bef2\" data-id=\"cc3bef2\" data-element_type=\"column\" data-e-type=\"column\">\n\t\t\t<div class=\"elementor-widget-wrap elementor-element-populated\">\n\t\t\t\t\t\t<div class=\"elementor-element elementor-element-c2832c9 elementor-widget elementor-widget-text-editor\" data-id=\"c2832c9\" data-element_type=\"widget\" data-e-type=\"widget\" data-widget_type=\"text-editor.default\">\n\t\t\t\t<div class=\"elementor-widget-container\">\n\t\t\t\t\t\t\t\t\t<p><strong>TRANSPORT GILLES MAILHOT INC.<\/strong><br \/><strong>Gilles Mailhot<\/strong><br \/>1739, avenue Rousseau<br \/>Plessisville QC\u00a0 G6L 2Z1<\/p><p>T\u00e9l\u00e9phone : 819 362-0103<\/p>\t\t\t\t\t\t\t\t<\/div>\n\t\t\t\t<\/div>\n\t\t\t\t\t<\/div>\n\t\t<\/div>\n\t\t\t\t<div class=\"elementor-column elementor-col-33 elementor-top-column elementor-element elementor-element-aa6cbb8\" data-id=\"aa6cbb8\" data-element_type=\"column\" data-e-type=\"column\">\n\t\t\t<div class=\"elementor-widget-wrap\">\n\t\t\t\t\t\t\t<\/div>\n\t\t<\/div>\n\t\t\t\t\t<\/div>\n\t\t<\/section>\n\t\t\t\t<section class=\"elementor-section elementor-top-section elementor-element elementor-element-1beda0a elementor-section-boxed elementor-section-height-default elementor-section-height-default\" data-id=\"1beda0a\" data-element_type=\"section\" data-e-type=\"section\">\n\t\t\t\t\t\t<div class=\"elementor-container elementor-column-gap-default\">\n\t\t\t\t\t<div class=\"elementor-column elementor-col-33 elementor-top-column elementor-element elementor-element-bcb5583\" data-id=\"bcb5583\" data-element_type=\"column\" data-e-type=\"column\">\n\t\t\t<div class=\"elementor-widget-wrap elementor-element-populated\">\n\t\t\t\t\t\t<div class=\"elementor-element elementor-element-0505bb8 elementor-widget elementor-widget-text-editor\" data-id=\"0505bb8\" data-element_type=\"widget\" data-e-type=\"widget\" data-widget_type=\"text-editor.default\">\n\t\t\t\t<div class=\"elementor-widget-container\">\n\t\t\t\t\t\t\t\t\t<p><strong>TRANSPORT MICHEL NOEL INC.<\/strong><br \/><strong>Michel No\u00ebl\u00a0<\/strong><br \/>919, rue Moreau<br \/>Wickham QC\u00a0 J0C 1S0<\/p><p>T\u00e9l\u00e9phone : 819 398-7595<\/p>\t\t\t\t\t\t\t\t<\/div>\n\t\t\t\t<\/div>\n\t\t\t\t\t<\/div>\n\t\t<\/div>\n\t\t\t\t<div class=\"elementor-column elementor-col-33 elementor-top-column elementor-element elementor-element-ba94dd8\" data-id=\"ba94dd8\" data-element_type=\"column\" data-e-type=\"column\">\n\t\t\t<div class=\"elementor-widget-wrap elementor-element-populated\">\n\t\t\t\t\t\t<div class=\"elementor-element elementor-element-8b93904 elementor-widget elementor-widget-text-editor\" data-id=\"8b93904\" data-element_type=\"widget\" data-e-type=\"widget\" data-widget_type=\"text-editor.default\">\n\t\t\t\t<div class=\"elementor-widget-container\">\n\t\t\t\t\t\t\t\t\t<p><strong>TRANSPORT J. MAYETTE INC.<\/strong><br \/><strong>Jonathan Mayette<\/strong><br \/>151, ch. Girard<br \/>Danville QC\u00a0 J0A 1A0<\/p><p>T\u00e9l\u00e9phone : 819 386-8092<\/p>\t\t\t\t\t\t\t\t<\/div>\n\t\t\t\t<\/div>\n\t\t\t\t\t<\/div>\n\t\t<\/div>\n\t\t\t\t<div class=\"elementor-column elementor-col-33 elementor-top-column elementor-element elementor-element-f55bc5e\" data-id=\"f55bc5e\" data-element_type=\"column\" data-e-type=\"column\">\n\t\t\t<div class=\"elementor-widget-wrap\">\n\t\t\t\t\t\t\t<\/div>\n\t\t<\/div>\n\t\t\t\t\t<\/div>\n\t\t<\/section>\n\t\t\t\t<section class=\"elementor-section elementor-top-section elementor-element elementor-element-738422b3 elementor-section-boxed elementor-section-height-default elementor-section-height-default\" data-id=\"738422b3\" data-element_type=\"section\" data-e-type=\"section\">\n\t\t\t\t\t\t<div class=\"elementor-container elementor-column-gap-default\">\n\t\t\t\t\t<div class=\"elementor-column elementor-col-100 elementor-top-column elementor-element elementor-element-6a845700\" data-id=\"6a845700\" data-element_type=\"column\" data-e-type=\"column\">\n\t\t\t<div class=\"elementor-widget-wrap elementor-element-populated\">\n\t\t\t\t\t\t<div class=\"elementor-element elementor-element-ded3885 elementor-widget elementor-widget-outils\" data-id=\"ded3885\" data-element_type=\"widget\" data-e-type=\"widget\" data-widget_type=\"outils.default\">\n\t\t\t\t<div class=\"elementor-widget-container\">\n\t\t\t\t\t\t\t<div class=\"penega-outils-container\">\n\t\t\t\t\t\t\t<h2>Outils<\/h2>\n\t\t\t\t\t\t<div class=\"boutons\">\n\t\t\t\t\t\t\t\t\t<a target=\"_blank\" class=\"btn-color second-color full\" href=\"http:\/\/www.prixbois.ca\/#Recherche\">\n\t\t\t\t\t\t<img decoding=\"async\" data-src=\"http:\/\/www.foretprivee.ca\/centreduquebec\/wp-content\/uploads\/sites\/5\/2019\/01\/icone-calculator.png\" src=\"data:image\/svg+xml;base64,PHN2ZyB3aWR0aD0iMSIgaGVpZ2h0PSIxIiB4bWxucz0iaHR0cDovL3d3dy53My5vcmcvMjAwMC9zdmciPjwvc3ZnPg==\" class=\"lazyload\" \/>\n\t\t\t\t\t\t<span>Conna\u00eetre le prix du bois<\/span>\n\t\t\t\t\t\t<svg viewBox=\"0 0 41.303 28.299\">\n\t\t\t\t\t\t  <defs>\n\t\t\t\t\t\t    <style>\n\t\t\t\t\t\t      .outils-1, .outils-2, .outils-4, .outils-7 {\n\t\t\t\t\t\t        fill: none;\n\t\t\t\t\t\t      }\n\n\t\t\t\t\t\t      .outils-2 {\n\t\t\t\t\t\t        clip-rule: evenodd;\n\t\t\t\t\t\t      }\n\n\t\t\t\t\t\t      .outils-3 {\n\t\t\t\t\t\t        clip-path: url(#clip-path);\n\t\t\t\t\t\t      }\n\n\t\t\t\t\t\t      .outils-4, .outils-7 {\n\t\t\t\t\t\t        stroke: #ffffff;\n\t\t\t\t\t\t      }\n\n\t\t\t\t\t\t      .outils-4 {\n\t\t\t\t\t\t        stroke-linecap: square;\n\t\t\t\t\t\t        stroke-width: 2px;\n\t\t\t\t\t\t      }\n\n\t\t\t\t\t\t      .outils-5 {\n\t\t\t\t\t\t        clip-path: url(#clip-path-2);\n\t\t\t\t\t\t      }\n\n\t\t\t\t\t\t      .outils-6 {\n\t\t\t\t\t\t        clip-path: url(#clip-path-3);\n\t\t\t\t\t\t      }\n\n\t\t\t\t\t\t      .outils-7 {\n\t\t\t\t\t\t        stroke-width: 4px;\n\t\t\t\t\t\t      }\n\t\t\t\t\t\t    <\/style>\n\t\t\t\t\t\t    <clipPath id=\"clip-path\">\n\t\t\t\t\t\t      <path id=\"Trac\u00e9_73\" data-name=\"Trac\u00e9 73\" class=\"outils-1\" d=\"M0,12.3H41.3V-16H0Z\" transform=\"translate(0 16)\"\/>\n\t\t\t\t\t\t    <\/clipPath>\n\t\t\t\t\t\t    <clipPath id=\"clip-path-2\">\n\t\t\t\t\t\t      <path id=\"Trac\u00e9_76\" data-name=\"Trac\u00e9 76\" class=\"outils-2\" d=\"M27.728-15.136,38.267-4.6,27.728,5.942\" transform=\"translate(-27.728 15.136)\"\/>\n\t\t\t\t\t\t    <\/clipPath>\n\t\t\t\t\t\t    <clipPath id=\"clip-path-3\">\n\t\t\t\t\t\t      <path id=\"Trac\u00e9_75\" data-name=\"Trac\u00e9 75\" class=\"outils-1\" d=\"M0,6.782H48.245V-16H0Z\" transform=\"translate(0 16)\"\/>\n\t\t\t\t\t\t    <\/clipPath>\n\t\t\t\t\t\t  <\/defs>\n\t\t\t\t\t\t  <g id=\"Symbole_7_7\" data-name=\"Symbole 7 \u2013 7\" transform=\"translate(-621 -3612)\">\n\t\t\t\t\t\t    <g id=\"Groupe_90\" data-name=\"Groupe 90\" class=\"outils-3\" transform=\"translate(621 3612)\">\n\t\t\t\t\t\t      <g id=\"Groupe_89\" data-name=\"Groupe 89\" transform=\"translate(2.29 14.149)\">\n\t\t\t\t\t\t        <path id=\"Trac\u00e9_72\" data-name=\"Trac\u00e9 72\" class=\"outils-4\" d=\"M1,1.5H36.057\" transform=\"translate(-0.996 -1.5)\"\/>\n\t\t\t\t\t\t      <\/g>\n\t\t\t\t\t\t    <\/g>\n\t\t\t\t\t\t    <g id=\"Groupe_93\" data-name=\"Groupe 93\" class=\"outils-5\" transform=\"translate(650.992 3616.033)\">\n\t\t\t\t\t\t      <g id=\"Groupe_92\" data-name=\"Groupe 92\" class=\"outils-6\" transform=\"translate(-37.159 -1.158)\">\n\t\t\t\t\t\t        <g id=\"Groupe_91\" data-name=\"Groupe 91\" transform=\"translate(37.159 1.158) rotate(45)\">\n\t\t\t\t\t\t          <path id=\"Trac\u00e9_74\" data-name=\"Trac\u00e9 74\" class=\"outils-7\" d=\"M0,0H14.9V14.9\" transform=\"translate(0 0)\"\/>\n\t\t\t\t\t\t        <\/g>\n\t\t\t\t\t\t      <\/g>\n\t\t\t\t\t\t    <\/g>\n\t\t\t\t\t\t  <\/g>\n\t\t\t\t\t\t<\/svg>\n\t\t\t\t\t<\/a>\n\t\t\t\t\t\t\t\t\t<a target=\"_blank\" class=\"btn-color second-color full\" href=\"https:\/\/www.foretprivee.ca\/bibliotheque\/outils\/nos-facteurs-de-conversion-et-mesures\/\">\n\t\t\t\t\t\t<img decoding=\"async\" data-src=\"http:\/\/www.foretprivee.ca\/centreduquebec\/wp-content\/uploads\/sites\/5\/2019\/01\/icone_mesures.png\" src=\"data:image\/svg+xml;base64,PHN2ZyB3aWR0aD0iMSIgaGVpZ2h0PSIxIiB4bWxucz0iaHR0cDovL3d3dy53My5vcmcvMjAwMC9zdmciPjwvc3ZnPg==\" class=\"lazyload\" \/>\n\t\t\t\t\t\t<span>Nos facteurs de conversion et mesures<\/span>\n\t\t\t\t\t\t<svg viewBox=\"0 0 41.303 28.299\">\n\t\t\t\t\t\t  <defs>\n\t\t\t\t\t\t    <style>\n\t\t\t\t\t\t      .outils-1, .outils-2, .outils-4, .outils-7 {\n\t\t\t\t\t\t        fill: none;\n\t\t\t\t\t\t      }\n\n\t\t\t\t\t\t      .outils-2 {\n\t\t\t\t\t\t        clip-rule: evenodd;\n\t\t\t\t\t\t      }\n\n\t\t\t\t\t\t      .outils-3 {\n\t\t\t\t\t\t        clip-path: url(#clip-path);\n\t\t\t\t\t\t      }\n\n\t\t\t\t\t\t      .outils-4, .outils-7 {\n\t\t\t\t\t\t        stroke: #ffffff;\n\t\t\t\t\t\t      }\n\n\t\t\t\t\t\t      .outils-4 {\n\t\t\t\t\t\t        stroke-linecap: square;\n\t\t\t\t\t\t        stroke-width: 2px;\n\t\t\t\t\t\t      }\n\n\t\t\t\t\t\t      .outils-5 {\n\t\t\t\t\t\t        clip-path: url(#clip-path-2);\n\t\t\t\t\t\t      }\n\n\t\t\t\t\t\t      .outils-6 {\n\t\t\t\t\t\t        clip-path: url(#clip-path-3);\n\t\t\t\t\t\t      }\n\n\t\t\t\t\t\t      .outils-7 {\n\t\t\t\t\t\t        stroke-width: 4px;\n\t\t\t\t\t\t      }\n\t\t\t\t\t\t    <\/style>\n\t\t\t\t\t\t    <clipPath id=\"clip-path\">\n\t\t\t\t\t\t      <path id=\"Trac\u00e9_73\" data-name=\"Trac\u00e9 73\" class=\"outils-1\" d=\"M0,12.3H41.3V-16H0Z\" transform=\"translate(0 16)\"\/>\n\t\t\t\t\t\t    <\/clipPath>\n\t\t\t\t\t\t    <clipPath id=\"clip-path-2\">\n\t\t\t\t\t\t      <path id=\"Trac\u00e9_76\" data-name=\"Trac\u00e9 76\" class=\"outils-2\" d=\"M27.728-15.136,38.267-4.6,27.728,5.942\" transform=\"translate(-27.728 15.136)\"\/>\n\t\t\t\t\t\t    <\/clipPath>\n\t\t\t\t\t\t    <clipPath id=\"clip-path-3\">\n\t\t\t\t\t\t      <path id=\"Trac\u00e9_75\" data-name=\"Trac\u00e9 75\" class=\"outils-1\" d=\"M0,6.782H48.245V-16H0Z\" transform=\"translate(0 16)\"\/>\n\t\t\t\t\t\t    <\/clipPath>\n\t\t\t\t\t\t  <\/defs>\n\t\t\t\t\t\t  <g id=\"Symbole_7_7\" data-name=\"Symbole 7 \u2013 7\" transform=\"translate(-621 -3612)\">\n\t\t\t\t\t\t    <g id=\"Groupe_90\" data-name=\"Groupe 90\" class=\"outils-3\" transform=\"translate(621 3612)\">\n\t\t\t\t\t\t      <g id=\"Groupe_89\" data-name=\"Groupe 89\" transform=\"translate(2.29 14.149)\">\n\t\t\t\t\t\t        <path id=\"Trac\u00e9_72\" data-name=\"Trac\u00e9 72\" class=\"outils-4\" d=\"M1,1.5H36.057\" transform=\"translate(-0.996 -1.5)\"\/>\n\t\t\t\t\t\t      <\/g>\n\t\t\t\t\t\t    <\/g>\n\t\t\t\t\t\t    <g id=\"Groupe_93\" data-name=\"Groupe 93\" class=\"outils-5\" transform=\"translate(650.992 3616.033)\">\n\t\t\t\t\t\t      <g id=\"Groupe_92\" data-name=\"Groupe 92\" class=\"outils-6\" transform=\"translate(-37.159 -1.158)\">\n\t\t\t\t\t\t        <g id=\"Groupe_91\" data-name=\"Groupe 91\" transform=\"translate(37.159 1.158) rotate(45)\">\n\t\t\t\t\t\t          <path id=\"Trac\u00e9_74\" data-name=\"Trac\u00e9 74\" class=\"outils-7\" d=\"M0,0H14.9V14.9\" transform=\"translate(0 0)\"\/>\n\t\t\t\t\t\t        <\/g>\n\t\t\t\t\t\t      <\/g>\n\t\t\t\t\t\t    <\/g>\n\t\t\t\t\t\t  <\/g>\n\t\t\t\t\t\t<\/svg>\n\t\t\t\t\t<\/a>\n\t\t\t\t\t\t\t<\/div>\n\t\t\t\t\t<\/div>\n\t\t\t\t\t\t<\/div>\n\t\t\t\t<\/div>\n\t\t\t\t\t<\/div>\n\t\t<\/div>\n\t\t\t\t\t<\/div>\n\t\t<\/section>\n\t\t\t\t<\/div>\n\t\t","protected":false},"excerpt":{"rendered":"<p>MEMBRE DE L\u2019ASSOCIATION GROUPEMENT FORESTIER ARTHABASKA-DRUMMOND INC.Serge Nadeau1000, rue ChampouxSaint-Albert Qc\u00a0 J0A 1E0 T\u00e9l\u00e9phone : 819 353-2361 LES TRANSPORTS PATRICK CAMIR\u00c9 INC.Patrick Camir\u00e91250, Route 261Saint-Val\u00e8re QC\u00a0 \u00a0G0P 1M0 T\u00e9l\u00e9phone : 819 460-4098 TRANSPORT NICO DION INC.Nicolas Dion164, rang LainesseSaint-Norbert d&rsquo;Arthabaska QC\u00a0 G0P 1B0 T\u00e9l\u00e9phone : 819 352-7764 TRANSLEB INC.\u00a0Sylvain Leblanc490, 9e RueDaveluyville QC\u00a0 G0Z 1C0 &hellip; <\/p>\n<p class=\"link-more\"><a href=\"https:\/\/www.foretprivee.ca\/centreduquebec\/mes-services\/liste-de-transporteurs-de-bois\/\" class=\"more-link\">Lire la suite<\/a><\/p>\n","protected":false},"author":1,"featured_media":0,"parent":25,"menu_order":0,"comment_status":"closed","ping_status":"closed","template":"","meta":{"_acf_changed":false,"footnotes":""},"class_list":["post-33","page","type-page","status-publish","hentry"],"acf":[],"_links":{"self":[{"href":"https:\/\/www.foretprivee.ca\/centreduquebec\/wp-json\/wp\/v2\/pages\/33","targetHints":{"allow":["GET"]}}],"collection":[{"href":"https:\/\/www.foretprivee.ca\/centreduquebec\/wp-json\/wp\/v2\/pages"}],"about":[{"href":"https:\/\/www.foretprivee.ca\/centreduquebec\/wp-json\/wp\/v2\/types\/page"}],"author":[{"embeddable":true,"href":"https:\/\/www.foretprivee.ca\/centreduquebec\/wp-json\/wp\/v2\/users\/1"}],"replies":[{"embeddable":true,"href":"https:\/\/www.foretprivee.ca\/centreduquebec\/wp-json\/wp\/v2\/comments?post=33"}],"version-history":[{"count":0,"href":"https:\/\/www.foretprivee.ca\/centreduquebec\/wp-json\/wp\/v2\/pages\/33\/revisions"}],"up":[{"embeddable":true,"href":"https:\/\/www.foretprivee.ca\/centreduquebec\/wp-json\/wp\/v2\/pages\/25"}],"wp:attachment":[{"href":"https:\/\/www.foretprivee.ca\/centreduquebec\/wp-json\/wp\/v2\/media?parent=33"}],"curies":[{"name":"wp","href":"https:\/\/api.w.org\/{rel}","templated":true}]}}