{"id":9,"date":"2018-12-13T20:10:07","date_gmt":"2018-12-13T20:10:07","guid":{"rendered":"https:\/\/www.foretprivee.ca\/centreduquebec\/?page_id=9"},"modified":"2025-05-20T19:36:53","modified_gmt":"2025-05-20T19:36:53","slug":"conseil-dadministration","status":"publish","type":"page","link":"https:\/\/www.foretprivee.ca\/centreduquebec\/mon-syndicat\/conseil-dadministration\/","title":{"rendered":"Conseil d&rsquo;administration"},"content":{"rendered":"\t\t<div data-elementor-type=\"wp-post\" data-elementor-id=\"9\" class=\"elementor elementor-9\" data-elementor-post-type=\"page\">\n\t\t\t\t\t\t<section class=\"elementor-section elementor-top-section elementor-element elementor-element-683fb9bf elementor-section-boxed elementor-section-height-default elementor-section-height-default\" data-id=\"683fb9bf\" data-element_type=\"section\" data-e-type=\"section\">\n\t\t\t\t\t\t<div class=\"elementor-container elementor-column-gap-default\">\n\t\t\t\t\t<div class=\"elementor-column elementor-col-50 elementor-top-column elementor-element elementor-element-5451162d\" data-id=\"5451162d\" data-element_type=\"column\" data-e-type=\"column\">\n\t\t\t<div class=\"elementor-widget-wrap elementor-element-populated\">\n\t\t\t\t\t\t<div class=\"elementor-element elementor-element-23c66ae elementor-widget elementor-widget-text-editor\" data-id=\"23c66ae\" data-element_type=\"widget\" data-e-type=\"widget\" data-widget_type=\"text-editor.default\">\n\t\t\t\t<div class=\"elementor-widget-container\">\n\t\t\t\t\t\t\t\t\t<p>Un administrateur a la responsabilit\u00e9 de g\u00e9rer, de d\u00e9cider et d\u2019orienter les d\u00e9cisions que son Syndicat doit prendre.\u00a0 Il doit d\u2019abord \u00eatre disponible, particuli\u00e8rement le jour, afin d\u2019\u00eatre pr\u00e9sent aux diff\u00e9rents comit\u00e9s mis sur pied par le Syndicat.\u00a0 Il doit aussi \u00eatre un producteur de bois et avoir un minimum de connaissances dans ce domaine, c\u2019est-\u00e0-dire qu\u2019il doit \u00eatre capable de prendre position, de repr\u00e9senter et de d\u00e9fendre les int\u00e9r\u00eats de tous les producteurs de bois de la r\u00e9gion du Centre-du-Qu\u00e9bec.\u00a0 Il devra prendre entre autres des d\u00e9cisions sur l\u2019\u00e9mission des contingents ainsi que sur les n\u00e9gociations des contrats avec les industriels.<\/p><p>Lors d\u2019\u00e9lection, seuls les producteurs membres du Syndicat ont le droit de proposer et de seconder la mise en candidature d\u2019un producteur pour si\u00e9ger au sein du conseil d\u2019administration du Syndicat.\u00a0 De plus, seuls les membres ont le droit de voter lors de cette assembl\u00e9e et seulement eux ont le droit d\u2019occuper un poste d\u2019administrateur.<\/p><p>Les administrateurs \u00e9lus doivent \u00eatre capables de repr\u00e9senter et de d\u00e9fendre ad\u00e9quatement les int\u00e9r\u00eats de nos membres pour les prochaines ann\u00e9es.<\/p>\t\t\t\t\t\t\t\t<\/div>\n\t\t\t\t<\/div>\n\t\t\t\t<div class=\"elementor-element elementor-element-73aed88 elementor-widget elementor-widget-spacer\" data-id=\"73aed88\" data-element_type=\"widget\" data-e-type=\"widget\" data-widget_type=\"spacer.default\">\n\t\t\t\t<div class=\"elementor-widget-container\">\n\t\t\t\t\t\t\t<div class=\"elementor-spacer\">\n\t\t\t<div class=\"elementor-spacer-inner\"><\/div>\n\t\t<\/div>\n\t\t\t\t\t\t<\/div>\n\t\t\t\t<\/div>\n\t\t\t\t<div class=\"elementor-element elementor-element-b8034c2 elementor-widget elementor-widget-text-editor\" data-id=\"b8034c2\" data-element_type=\"widget\" data-e-type=\"widget\" data-widget_type=\"text-editor.default\">\n\t\t\t\t<div class=\"elementor-widget-container\">\n\t\t\t\t\t\t\t\t\t<h4>ADMINISTRATEURS EN FONCTION<\/h4>\t\t\t\t\t\t\t\t<\/div>\n\t\t\t\t<\/div>\n\t\t\t\t\t<\/div>\n\t\t<\/div>\n\t\t\t\t<div class=\"elementor-column elementor-col-50 elementor-top-column elementor-element elementor-element-2cec6bf\" data-id=\"2cec6bf\" data-element_type=\"column\" data-e-type=\"column\">\n\t\t\t<div class=\"elementor-widget-wrap\">\n\t\t\t\t\t\t\t<\/div>\n\t\t<\/div>\n\t\t\t\t\t<\/div>\n\t\t<\/section>\n\t\t\t\t<section class=\"elementor-section elementor-top-section elementor-element elementor-element-cfc3247 elementor-section-boxed elementor-section-height-default elementor-section-height-default\" data-id=\"cfc3247\" data-element_type=\"section\" data-e-type=\"section\">\n\t\t\t\t\t\t<div class=\"elementor-container elementor-column-gap-default\">\n\t\t\t\t\t<div class=\"elementor-column elementor-col-33 elementor-top-column elementor-element elementor-element-943e157\" data-id=\"943e157\" data-element_type=\"column\" data-e-type=\"column\">\n\t\t\t<div class=\"elementor-widget-wrap elementor-element-populated\">\n\t\t\t\t\t\t<div class=\"elementor-element elementor-element-92252a8 elementor-widget elementor-widget-text-editor\" data-id=\"92252a8\" data-element_type=\"widget\" data-e-type=\"widget\" data-widget_type=\"text-editor.default\">\n\t\t\t\t<div class=\"elementor-widget-container\">\n\t\t\t\t\t\t\t\t\t<p><strong>Yvon Boisvert<\/strong><br \/><strong>Pr\u00e9sident<\/strong><\/p><p>Repr\u00e9sentant du secteur 3 *<br \/>Fin de mandat en 2028<\/p>\t\t\t\t\t\t\t\t<\/div>\n\t\t\t\t<\/div>\n\t\t\t\t<div class=\"elementor-element elementor-element-1e6fe7d elementor-widget-divider--view-line elementor-widget elementor-widget-divider\" data-id=\"1e6fe7d\" data-element_type=\"widget\" data-e-type=\"widget\" data-widget_type=\"divider.default\">\n\t\t\t\t<div class=\"elementor-widget-container\">\n\t\t\t\t\t\t\t<div class=\"elementor-divider\">\n\t\t\t<span class=\"elementor-divider-separator\">\n\t\t\t\t\t\t<\/span>\n\t\t<\/div>\n\t\t\t\t\t\t<\/div>\n\t\t\t\t<\/div>\n\t\t\t\t<div class=\"elementor-element elementor-element-fba1010 elementor-widget elementor-widget-text-editor\" data-id=\"fba1010\" data-element_type=\"widget\" data-e-type=\"widget\" data-widget_type=\"text-editor.default\">\n\t\t\t\t<div class=\"elementor-widget-container\">\n\t\t\t\t\t\t\t\t\t<p><strong>Pierre S\u00e9v\u00e9gny<\/strong><br \/><strong>Vice-pr\u00e9sident<\/strong><\/p><p>Repr\u00e9sentant du secteur 1 *<br \/>Fin de mandat en 2028\u00a0\u00a0<\/p>\t\t\t\t\t\t\t\t<\/div>\n\t\t\t\t<\/div>\n\t\t\t\t<div class=\"elementor-element elementor-element-434f88c elementor-widget-divider--view-line elementor-widget elementor-widget-divider\" data-id=\"434f88c\" data-element_type=\"widget\" data-e-type=\"widget\" data-widget_type=\"divider.default\">\n\t\t\t\t<div class=\"elementor-widget-container\">\n\t\t\t\t\t\t\t<div class=\"elementor-divider\">\n\t\t\t<span class=\"elementor-divider-separator\">\n\t\t\t\t\t\t<\/span>\n\t\t<\/div>\n\t\t\t\t\t\t<\/div>\n\t\t\t\t<\/div>\n\t\t\t\t<div class=\"elementor-element elementor-element-1fae366 elementor-widget elementor-widget-text-editor\" data-id=\"1fae366\" data-element_type=\"widget\" data-e-type=\"widget\" data-widget_type=\"text-editor.default\">\n\t\t\t\t<div class=\"elementor-widget-container\">\n\t\t\t\t\t\t\t\t\t<p><strong>Claude Beauchesne<\/strong><br \/><strong>Administrateur<\/strong><\/p><p>Repr\u00e9sentant du secteur 1 *<br \/>Fin de mandat en 2026<\/p>\t\t\t\t\t\t\t\t<\/div>\n\t\t\t\t<\/div>\n\t\t\t\t<div class=\"elementor-element elementor-element-6c843ed elementor-widget-divider--view-line elementor-widget elementor-widget-divider\" data-id=\"6c843ed\" data-element_type=\"widget\" data-e-type=\"widget\" data-widget_type=\"divider.default\">\n\t\t\t\t<div class=\"elementor-widget-container\">\n\t\t\t\t\t\t\t<div class=\"elementor-divider\">\n\t\t\t<span class=\"elementor-divider-separator\">\n\t\t\t\t\t\t<\/span>\n\t\t<\/div>\n\t\t\t\t\t\t<\/div>\n\t\t\t\t<\/div>\n\t\t\t\t\t<\/div>\n\t\t<\/div>\n\t\t\t\t<div class=\"elementor-column elementor-col-33 elementor-top-column elementor-element elementor-element-ebbbe0a\" data-id=\"ebbbe0a\" data-element_type=\"column\" data-e-type=\"column\">\n\t\t\t<div class=\"elementor-widget-wrap elementor-element-populated\">\n\t\t\t\t\t\t<div class=\"elementor-element elementor-element-660ed47 elementor-widget elementor-widget-text-editor\" data-id=\"660ed47\" data-element_type=\"widget\" data-e-type=\"widget\" data-widget_type=\"text-editor.default\">\n\t\t\t\t<div class=\"elementor-widget-container\">\n\t\t\t\t\t\t\t\t\t<p><strong>Gilles Marchand<\/strong><br \/><strong>3e membre de l\u2019ex\u00e9cutif<\/strong><\/p><p>Repr\u00e9sentant du secteur 3 *<br \/>Fin de mandat en 2027<\/p>\t\t\t\t\t\t\t\t<\/div>\n\t\t\t\t<\/div>\n\t\t\t\t<div class=\"elementor-element elementor-element-79e19b3 elementor-widget-divider--view-line elementor-widget elementor-widget-divider\" data-id=\"79e19b3\" data-element_type=\"widget\" data-e-type=\"widget\" data-widget_type=\"divider.default\">\n\t\t\t\t<div class=\"elementor-widget-container\">\n\t\t\t\t\t\t\t<div class=\"elementor-divider\">\n\t\t\t<span class=\"elementor-divider-separator\">\n\t\t\t\t\t\t<\/span>\n\t\t<\/div>\n\t\t\t\t\t\t<\/div>\n\t\t\t\t<\/div>\n\t\t\t\t<div class=\"elementor-element elementor-element-58c4a9b elementor-widget elementor-widget-text-editor\" data-id=\"58c4a9b\" data-element_type=\"widget\" data-e-type=\"widget\" data-widget_type=\"text-editor.default\">\n\t\t\t\t<div class=\"elementor-widget-container\">\n\t\t\t\t\t\t\t\t\t<p><strong>Richard Dub\u00e9<\/strong><br \/><strong>Administrateur<\/strong><\/p><p>Repr\u00e9sentant du secteur 2 *<br \/>Fin de mandat en 2026<\/p>\t\t\t\t\t\t\t\t<\/div>\n\t\t\t\t<\/div>\n\t\t\t\t<div class=\"elementor-element elementor-element-6a7a2ce elementor-widget-divider--view-line elementor-widget elementor-widget-divider\" data-id=\"6a7a2ce\" data-element_type=\"widget\" data-e-type=\"widget\" data-widget_type=\"divider.default\">\n\t\t\t\t<div class=\"elementor-widget-container\">\n\t\t\t\t\t\t\t<div class=\"elementor-divider\">\n\t\t\t<span class=\"elementor-divider-separator\">\n\t\t\t\t\t\t<\/span>\n\t\t<\/div>\n\t\t\t\t\t\t<\/div>\n\t\t\t\t<\/div>\n\t\t\t\t<div class=\"elementor-element elementor-element-01d878e elementor-widget elementor-widget-text-editor\" data-id=\"01d878e\" data-element_type=\"widget\" data-e-type=\"widget\" data-widget_type=\"text-editor.default\">\n\t\t\t\t<div class=\"elementor-widget-container\">\n\t\t\t\t\t\t\t\t\t<p><strong>Benoit Landry\u00a0 \u00a0 \u00a0 \u00a0 \u00a0 \u00a0 \u00a0 \u00a0 \u00a0 \u00a0 \u00a0 \u00a0 \u00a0 \u00a0 \u00a0 \u00a0 \u00a0 \u00a0 \u00a0 \u00a0 \u00a0 \u00a0 Administrateur<\/strong><\/p><p>Repr\u00e9sentant l&rsquo;ensemble du territoire\u00a0 \u00a0 \u00a0 \u00a0 \u00a0 \u00a0 \u00a0 \u00a0 \u00a0 \u00a0 Fin de mandat en 2027<\/p>\t\t\t\t\t\t\t\t<\/div>\n\t\t\t\t<\/div>\n\t\t\t\t<div class=\"elementor-element elementor-element-abd475d elementor-widget-divider--view-line elementor-widget elementor-widget-divider\" data-id=\"abd475d\" data-element_type=\"widget\" data-e-type=\"widget\" data-widget_type=\"divider.default\">\n\t\t\t\t<div class=\"elementor-widget-container\">\n\t\t\t\t\t\t\t<div class=\"elementor-divider\">\n\t\t\t<span class=\"elementor-divider-separator\">\n\t\t\t\t\t\t<\/span>\n\t\t<\/div>\n\t\t\t\t\t\t<\/div>\n\t\t\t\t<\/div>\n\t\t\t\t\t<\/div>\n\t\t<\/div>\n\t\t\t\t<div class=\"elementor-column elementor-col-33 elementor-top-column elementor-element elementor-element-1fd914c\" data-id=\"1fd914c\" data-element_type=\"column\" data-e-type=\"column\">\n\t\t\t<div class=\"elementor-widget-wrap\">\n\t\t\t\t\t\t\t<\/div>\n\t\t<\/div>\n\t\t\t\t\t<\/div>\n\t\t<\/section>\n\t\t\t\t<section class=\"elementor-section elementor-top-section elementor-element elementor-element-e9e7428 elementor-section-boxed elementor-section-height-default elementor-section-height-default\" data-id=\"e9e7428\" data-element_type=\"section\" data-e-type=\"section\">\n\t\t\t\t\t\t<div class=\"elementor-container elementor-column-gap-default\">\n\t\t\t\t\t<div class=\"elementor-column elementor-col-66 elementor-top-column elementor-element elementor-element-a05cbf7\" data-id=\"a05cbf7\" data-element_type=\"column\" data-e-type=\"column\">\n\t\t\t<div class=\"elementor-widget-wrap elementor-element-populated\">\n\t\t\t\t\t\t<div class=\"elementor-element elementor-element-dfc7647 elementor-widget elementor-widget-text-editor\" data-id=\"dfc7647\" data-element_type=\"widget\" data-e-type=\"widget\" data-widget_type=\"text-editor.default\">\n\t\t\t\t<div class=\"elementor-widget-container\">\n\t\t\t\t\t\t\t\t\t<p><strong>* Secteur 1 :<\/strong>\u00a0Nicolet-Yamaska\u00a0 \u00a0 \u00a0<br \/><strong>* Secteur 2 :<\/strong>\u00a0Drummond\u00a0 \u00a0 \u00a0<br \/><strong>* Secteur 3 :<\/strong>\u00a0Arthabaska<\/p>\t\t\t\t\t\t\t\t<\/div>\n\t\t\t\t<\/div>\n\t\t\t\t\t<\/div>\n\t\t<\/div>\n\t\t\t\t<div class=\"elementor-column elementor-col-33 elementor-top-column elementor-element elementor-element-0ffff95\" data-id=\"0ffff95\" data-element_type=\"column\" data-e-type=\"column\">\n\t\t\t<div class=\"elementor-widget-wrap\">\n\t\t\t\t\t\t\t<\/div>\n\t\t<\/div>\n\t\t\t\t\t<\/div>\n\t\t<\/section>\n\t\t\t\t<\/div>\n\t\t","protected":false},"excerpt":{"rendered":"<p>Un administrateur a la responsabilit\u00e9 de g\u00e9rer, de d\u00e9cider et d\u2019orienter les d\u00e9cisions que son Syndicat doit prendre.\u00a0 Il doit d\u2019abord \u00eatre disponible, particuli\u00e8rement le jour, afin d\u2019\u00eatre pr\u00e9sent aux diff\u00e9rents comit\u00e9s mis sur pied par le Syndicat.\u00a0 Il doit aussi \u00eatre un producteur de bois et avoir un minimum de connaissances dans ce domaine, &hellip; <\/p>\n<p class=\"link-more\"><a href=\"https:\/\/www.foretprivee.ca\/centreduquebec\/mon-syndicat\/conseil-dadministration\/\" class=\"more-link\">Lire la suite<\/a><\/p>\n","protected":false},"author":1,"featured_media":0,"parent":5,"menu_order":0,"comment_status":"closed","ping_status":"closed","template":"","meta":{"_acf_changed":false,"footnotes":""},"class_list":["post-9","page","type-page","status-publish","hentry"],"acf":[],"_links":{"self":[{"href":"https:\/\/www.foretprivee.ca\/centreduquebec\/wp-json\/wp\/v2\/pages\/9","targetHints":{"allow":["GET"]}}],"collection":[{"href":"https:\/\/www.foretprivee.ca\/centreduquebec\/wp-json\/wp\/v2\/pages"}],"about":[{"href":"https:\/\/www.foretprivee.ca\/centreduquebec\/wp-json\/wp\/v2\/types\/page"}],"author":[{"embeddable":true,"href":"https:\/\/www.foretprivee.ca\/centreduquebec\/wp-json\/wp\/v2\/users\/1"}],"replies":[{"embeddable":true,"href":"https:\/\/www.foretprivee.ca\/centreduquebec\/wp-json\/wp\/v2\/comments?post=9"}],"version-history":[{"count":0,"href":"https:\/\/www.foretprivee.ca\/centreduquebec\/wp-json\/wp\/v2\/pages\/9\/revisions"}],"up":[{"embeddable":true,"href":"https:\/\/www.foretprivee.ca\/centreduquebec\/wp-json\/wp\/v2\/pages\/5"}],"wp:attachment":[{"href":"https:\/\/www.foretprivee.ca\/centreduquebec\/wp-json\/wp\/v2\/media?parent=9"}],"curies":[{"name":"wp","href":"https:\/\/api.w.org\/{rel}","templated":true}]}}