{"id":1720,"date":"2018-12-13T20:09:47","date_gmt":"2018-12-13T20:09:47","guid":{"rendered":"https:\/\/www.foretprivee.ca\/centreduquebec\/?page_id=7"},"modified":"2023-10-10T20:38:18","modified_gmt":"2023-10-10T18:38:18","slug":"mission-mission","status":"publish","type":"page","link":"https:\/\/www.foretprivee.ca\/gaspesie\/a-proposabout-us\/mission-mission\/","title":{"rendered":"Mission (Mission)"},"content":{"rendered":"\t\t<div data-elementor-type=\"wp-post\" data-elementor-id=\"1720\" class=\"elementor elementor-1720\" data-elementor-post-type=\"page\">\n\t\t\t\t\t\t<section class=\"elementor-section elementor-top-section elementor-element elementor-element-55647ed2 elementor-section-boxed elementor-section-height-default elementor-section-height-default\" data-id=\"55647ed2\" data-element_type=\"section\" data-e-type=\"section\">\n\t\t\t\t\t\t<div class=\"elementor-container elementor-column-gap-default\">\n\t\t\t\t\t<div class=\"elementor-column elementor-col-50 elementor-top-column elementor-element elementor-element-3d55f2f4\" data-id=\"3d55f2f4\" data-element_type=\"column\" data-e-type=\"column\">\n\t\t\t<div class=\"elementor-widget-wrap elementor-element-populated\">\n\t\t\t\t\t\t<div class=\"elementor-element elementor-element-246af7cc elementor-widget elementor-widget-text-editor\" data-id=\"246af7cc\" data-element_type=\"widget\" data-e-type=\"widget\" data-widget_type=\"text-editor.default\">\n\t\t\t\t<div class=\"elementor-widget-container\">\n\t\t\t\t\t\t\t\t\t<p style=\"text-align: justify\">Le Syndicat des producteurs de bois de la Gasp\u00e9sie est un organisme \u00e0 but non-lucratif cr\u00e9\u00e9 le 9 septembre 1957, sous l&rsquo;\u00e9gide de la\u00a0<em>Loi sur les syndicats professionnels<\/em>. Il a pour objet l&rsquo;\u00e9tude, la d\u00e9fense et le d\u00e9veloppement des int\u00e9r\u00eats \u00e9conomiques, sociaux et moraux de tous les propri\u00e9taires de bois\u00e9s priv\u00e9s situ\u00e9s sur le pourtour de la p\u00e9ninsule gasp\u00e9sienne entre Cap-Chat et Ristigouche Sud-Est, ces deux municipalit\u00e9s incluses.<\/p><p style=\"text-align: justify\">Les producteurs de bois de la Gasp\u00e9sie lui ont confi\u00e9 l&rsquo;application et l&rsquo;administration de leur plan conjoint, et ce, en vertu de la\u00a0<em>Loi sur la mise en march\u00e9 des produits agricoles, alimentaires et de la p\u00eache<\/em>. En vertu du R\u00e8glement sur la mise en march\u00e9, le syndicat est l&rsquo;agent de vente et de mise en march\u00e9 exclusif des producteurs.<\/p><p style=\"text-align: justify\">Depuis octobre 2004, la biomasse de l&rsquo;if du Canada est un produit vis\u00e9 par le plan conjoint. Ce produit forestier non ligneux (PFNL) est mis en march\u00e9 par l&rsquo;entremise du syndicat.<\/p><p style=\"text-align: justify\">Le Syndicat des producteurs de bois de la Gasp\u00e9sie est dirig\u00e9 par un conseil d&rsquo;administration compos\u00e9 de 15 producteurs de bois qui sont \u00e9lus lors des assembl\u00e9es de groupe ayant lieu en mars de chaque ann\u00e9e. Pour ce qui est de l&rsquo;\u00e9quipe de travail, sept personnes sont \u00e0 l&#8217;emploi du syndicat.<\/p><p style=\"text-align: justify\">Dans le secteur gasp\u00e9sien, on compte plus de 8 000 propri\u00e9taires de bois\u00e9s priv\u00e9s vis\u00e9s par le plan conjoint. Depuis 2004, plus de 1 600 de ces propri\u00e9taires sont membres en r\u00e8gles et ces derniers mettent en march\u00e9 annuellement environ 280 000 m\u00e8tres cubes solides de bois livr\u00e9s \u00e0 plusieurs usines de transformation.<\/p>\t\t\t\t\t\t\t\t<\/div>\n\t\t\t\t<\/div>\n\t\t\t\t\t<\/div>\n\t\t<\/div>\n\t\t\t\t<div class=\"elementor-column elementor-col-50 elementor-top-column elementor-element elementor-element-0b5f5b3\" data-id=\"0b5f5b3\" data-element_type=\"column\" data-e-type=\"column\">\n\t\t\t<div class=\"elementor-widget-wrap\">\n\t\t\t\t\t\t\t<\/div>\n\t\t<\/div>\n\t\t\t\t\t<\/div>\n\t\t<\/section>\n\t\t\t\t<\/div>\n\t\t","protected":false},"excerpt":{"rendered":"<p>Le Syndicat des producteurs de bois de la Gasp\u00e9sie est un organisme \u00e0 but non-lucratif cr\u00e9\u00e9 le 9 septembre 1957, sous l&rsquo;\u00e9gide de la\u00a0Loi sur les syndicats professionnels. Il a pour objet l&rsquo;\u00e9tude, la d\u00e9fense et le d\u00e9veloppement des int\u00e9r\u00eats \u00e9conomiques, sociaux et moraux de tous les propri\u00e9taires de bois\u00e9s priv\u00e9s situ\u00e9s sur le pourtour &hellip; <\/p>\n<p class=\"link-more\"><a href=\"https:\/\/www.foretprivee.ca\/gaspesie\/a-proposabout-us\/mission-mission\/\" class=\"more-link\">Lire la suite<\/a><\/p>\n","protected":false},"author":13,"featured_media":0,"parent":96,"menu_order":0,"comment_status":"closed","ping_status":"closed","template":"","meta":{"_acf_changed":false,"footnotes":""},"class_list":["post-1720","page","type-page","status-publish","hentry"],"acf":[],"yoast_head":"<!-- This site is optimized with the Yoast SEO plugin v27.4 - https:\/\/yoast.com\/product\/yoast-seo-wordpress\/ -->\n<title>Mission (Mission) - Syndicat des producteurs de bois de la Gasp\u00e9sie<\/title>\n<meta name=\"robots\" content=\"index, follow, max-snippet:-1, max-image-preview:large, max-video-preview:-1\" \/>\n<link rel=\"canonical\" href=\"https:\/\/www.foretprivee.ca\/gaspesie\/a-proposabout-us\/mission-mission\/\" \/>\n<meta property=\"og:locale\" content=\"fr_CA\" \/>\n<meta property=\"og:type\" content=\"article\" \/>\n<meta property=\"og:title\" content=\"Mission (Mission) - Syndicat des producteurs de bois de la Gasp\u00e9sie\" \/>\n<meta property=\"og:description\" content=\"Le Syndicat des producteurs de bois de la Gasp\u00e9sie est un organisme \u00e0 but non-lucratif cr\u00e9\u00e9 le 9 septembre 1957, sous l&rsquo;\u00e9gide de la\u00a0Loi sur les syndicats professionnels. Il a pour objet l&rsquo;\u00e9tude, la d\u00e9fense et le d\u00e9veloppement des int\u00e9r\u00eats \u00e9conomiques, sociaux et moraux de tous les propri\u00e9taires de bois\u00e9s priv\u00e9s situ\u00e9s sur le pourtour &hellip; Lire la suite\" \/>\n<meta property=\"og:url\" content=\"https:\/\/www.foretprivee.ca\/gaspesie\/a-proposabout-us\/mission-mission\/\" \/>\n<meta property=\"og:site_name\" content=\"Syndicat des producteurs de bois de la Gasp\u00e9sie\" \/>\n<meta property=\"article:modified_time\" content=\"2023-10-10T18:38:18+00:00\" \/>\n<meta name=\"twitter:card\" content=\"summary_large_image\" \/>\n<meta name=\"twitter:label1\" content=\"Estimation du temps de lecture\" \/>\n\t<meta name=\"twitter:data1\" content=\"2 minutes\" \/>\n<script type=\"application\/ld+json\" class=\"yoast-schema-graph\">{\"@context\":\"https:\\\/\\\/schema.org\",\"@graph\":[{\"@type\":\"WebPage\",\"@id\":\"https:\\\/\\\/www.foretprivee.ca\\\/gaspesie\\\/a-proposabout-us\\\/mission-mission\\\/\",\"url\":\"https:\\\/\\\/www.foretprivee.ca\\\/gaspesie\\\/a-proposabout-us\\\/mission-mission\\\/\",\"name\":\"Mission (Mission) - Syndicat des producteurs de bois de la Gasp\u00e9sie\",\"isPartOf\":{\"@id\":\"https:\\\/\\\/www.foretprivee.ca\\\/gaspesie\\\/#website\"},\"datePublished\":\"2018-12-13T20:09:47+00:00\",\"dateModified\":\"2023-10-10T18:38:18+00:00\",\"breadcrumb\":{\"@id\":\"https:\\\/\\\/www.foretprivee.ca\\\/gaspesie\\\/a-proposabout-us\\\/mission-mission\\\/#breadcrumb\"},\"inLanguage\":\"fr-CA\",\"potentialAction\":[{\"@type\":\"ReadAction\",\"target\":[\"https:\\\/\\\/www.foretprivee.ca\\\/gaspesie\\\/a-proposabout-us\\\/mission-mission\\\/\"]}]},{\"@type\":\"BreadcrumbList\",\"@id\":\"https:\\\/\\\/www.foretprivee.ca\\\/gaspesie\\\/a-proposabout-us\\\/mission-mission\\\/#breadcrumb\",\"itemListElement\":[{\"@type\":\"ListItem\",\"position\":1,\"name\":\"Accueil\",\"item\":\"https:\\\/\\\/www.foretprivee.ca\\\/gaspesie\\\/\"},{\"@type\":\"ListItem\",\"position\":2,\"name\":\"\u00c0 propos(About us)\",\"item\":\"https:\\\/\\\/www.foretprivee.ca\\\/gaspesie\\\/a-proposabout-us\\\/\"},{\"@type\":\"ListItem\",\"position\":3,\"name\":\"Mission (Mission)\"}]},{\"@type\":\"WebSite\",\"@id\":\"https:\\\/\\\/www.foretprivee.ca\\\/gaspesie\\\/#website\",\"url\":\"https:\\\/\\\/www.foretprivee.ca\\\/gaspesie\\\/\",\"name\":\"Syndicat des producteurs de bois de la Gasp\u00e9sie\",\"description\":\"Un site utilisant Forets Priv\u00e9es\",\"potentialAction\":[{\"@type\":\"SearchAction\",\"target\":{\"@type\":\"EntryPoint\",\"urlTemplate\":\"https:\\\/\\\/www.foretprivee.ca\\\/gaspesie\\\/?s={search_term_string}\"},\"query-input\":{\"@type\":\"PropertyValueSpecification\",\"valueRequired\":true,\"valueName\":\"search_term_string\"}}],\"inLanguage\":\"fr-CA\"}]}<\/script>\n<!-- \/ Yoast SEO plugin. -->","yoast_head_json":{"title":"Mission (Mission) - Syndicat des producteurs de bois de la Gasp\u00e9sie","robots":{"index":"index","follow":"follow","max-snippet":"max-snippet:-1","max-image-preview":"max-image-preview:large","max-video-preview":"max-video-preview:-1"},"canonical":"https:\/\/www.foretprivee.ca\/gaspesie\/a-proposabout-us\/mission-mission\/","og_locale":"fr_CA","og_type":"article","og_title":"Mission (Mission) - Syndicat des producteurs de bois de la Gasp\u00e9sie","og_description":"Le Syndicat des producteurs de bois de la Gasp\u00e9sie est un organisme \u00e0 but non-lucratif cr\u00e9\u00e9 le 9 septembre 1957, sous l&rsquo;\u00e9gide de la\u00a0Loi sur les syndicats professionnels. Il a pour objet l&rsquo;\u00e9tude, la d\u00e9fense et le d\u00e9veloppement des int\u00e9r\u00eats \u00e9conomiques, sociaux et moraux de tous les propri\u00e9taires de bois\u00e9s priv\u00e9s situ\u00e9s sur le pourtour &hellip; Lire la suite","og_url":"https:\/\/www.foretprivee.ca\/gaspesie\/a-proposabout-us\/mission-mission\/","og_site_name":"Syndicat des producteurs de bois de la Gasp\u00e9sie","article_modified_time":"2023-10-10T18:38:18+00:00","twitter_card":"summary_large_image","twitter_misc":{"Estimation du temps de lecture":"2 minutes"},"schema":{"@context":"https:\/\/schema.org","@graph":[{"@type":"WebPage","@id":"https:\/\/www.foretprivee.ca\/gaspesie\/a-proposabout-us\/mission-mission\/","url":"https:\/\/www.foretprivee.ca\/gaspesie\/a-proposabout-us\/mission-mission\/","name":"Mission (Mission) - Syndicat des producteurs de bois de la Gasp\u00e9sie","isPartOf":{"@id":"https:\/\/www.foretprivee.ca\/gaspesie\/#website"},"datePublished":"2018-12-13T20:09:47+00:00","dateModified":"2023-10-10T18:38:18+00:00","breadcrumb":{"@id":"https:\/\/www.foretprivee.ca\/gaspesie\/a-proposabout-us\/mission-mission\/#breadcrumb"},"inLanguage":"fr-CA","potentialAction":[{"@type":"ReadAction","target":["https:\/\/www.foretprivee.ca\/gaspesie\/a-proposabout-us\/mission-mission\/"]}]},{"@type":"BreadcrumbList","@id":"https:\/\/www.foretprivee.ca\/gaspesie\/a-proposabout-us\/mission-mission\/#breadcrumb","itemListElement":[{"@type":"ListItem","position":1,"name":"Accueil","item":"https:\/\/www.foretprivee.ca\/gaspesie\/"},{"@type":"ListItem","position":2,"name":"\u00c0 propos(About us)","item":"https:\/\/www.foretprivee.ca\/gaspesie\/a-proposabout-us\/"},{"@type":"ListItem","position":3,"name":"Mission (Mission)"}]},{"@type":"WebSite","@id":"https:\/\/www.foretprivee.ca\/gaspesie\/#website","url":"https:\/\/www.foretprivee.ca\/gaspesie\/","name":"Syndicat des producteurs de bois de la Gasp\u00e9sie","description":"Un site utilisant Forets Priv\u00e9es","potentialAction":[{"@type":"SearchAction","target":{"@type":"EntryPoint","urlTemplate":"https:\/\/www.foretprivee.ca\/gaspesie\/?s={search_term_string}"},"query-input":{"@type":"PropertyValueSpecification","valueRequired":true,"valueName":"search_term_string"}}],"inLanguage":"fr-CA"}]}},"_links":{"self":[{"href":"https:\/\/www.foretprivee.ca\/gaspesie\/wp-json\/wp\/v2\/pages\/1720","targetHints":{"allow":["GET"]}}],"collection":[{"href":"https:\/\/www.foretprivee.ca\/gaspesie\/wp-json\/wp\/v2\/pages"}],"about":[{"href":"https:\/\/www.foretprivee.ca\/gaspesie\/wp-json\/wp\/v2\/types\/page"}],"author":[{"embeddable":true,"href":"https:\/\/www.foretprivee.ca\/gaspesie\/wp-json\/wp\/v2\/users\/13"}],"replies":[{"embeddable":true,"href":"https:\/\/www.foretprivee.ca\/gaspesie\/wp-json\/wp\/v2\/comments?post=1720"}],"version-history":[{"count":0,"href":"https:\/\/www.foretprivee.ca\/gaspesie\/wp-json\/wp\/v2\/pages\/1720\/revisions"}],"up":[{"embeddable":true,"href":"https:\/\/www.foretprivee.ca\/gaspesie\/wp-json\/wp\/v2\/pages\/96"}],"wp:attachment":[{"href":"https:\/\/www.foretprivee.ca\/gaspesie\/wp-json\/wp\/v2\/media?parent=1720"}],"curies":[{"name":"wp","href":"https:\/\/api.w.org\/{rel}","templated":true}]}}