{"id":36,"date":"2018-12-13T20:06:02","date_gmt":"2018-12-13T20:06:02","guid":{"rendered":"https:\/\/www.foretprivee.ca\/mauricie\/?page_id=36"},"modified":"2023-10-18T21:50:37","modified_gmt":"2023-10-18T19:50:37","slug":"amenagement-forestier-forest-development","status":"publish","type":"page","link":"https:\/\/www.foretprivee.ca\/gaspesie\/mes-services-my-services\/amenagement-forestier-forest-development\/","title":{"rendered":"Am\u00e9nagement forestier (Forest Development)"},"content":{"rendered":"\t\t<div data-elementor-type=\"wp-post\" data-elementor-id=\"36\" class=\"elementor elementor-36\" data-elementor-post-type=\"page\">\n\t\t\t\t\t\t<section class=\"elementor-section elementor-top-section elementor-element elementor-element-689b444 elementor-section-boxed elementor-section-height-default elementor-section-height-default\" data-id=\"689b444\" data-element_type=\"section\" data-e-type=\"section\">\n\t\t\t\t\t\t<div class=\"elementor-container elementor-column-gap-default\">\n\t\t\t\t\t<div class=\"elementor-column elementor-col-66 elementor-top-column elementor-element elementor-element-87c6a55\" data-id=\"87c6a55\" data-element_type=\"column\" data-e-type=\"column\">\n\t\t\t<div class=\"elementor-widget-wrap elementor-element-populated\">\n\t\t\t\t\t\t<div class=\"elementor-element elementor-element-4ce76d0 elementor-widget elementor-widget-text-editor\" data-id=\"4ce76d0\" data-element_type=\"widget\" data-e-type=\"widget\" data-widget_type=\"text-editor.default\">\n\t\t\t\t<div class=\"elementor-widget-container\">\n\t\t\t\t\t\t\t\t\t<p style=\"text-align: justify;\">Le <a href=\"http:\/\/mffp.gouv.qc.ca\/forets\/privees\/privees-programmes-valeur.jsp\">programme de mise en valeur de la for\u00eat priv\u00e9e<\/a> est g\u00e9r\u00e9, en Gasp\u00e9sie, par l&rsquo;agence r\u00e9gionale de mise en valeur des for\u00eats priv\u00e9es (<a href=\"http:\/\/www.afogim.com\/\">AFOG\u00ceM<\/a>), qui est un organisme \u00e0 but non lucratif. \u00c0 l&rsquo;aide de cette aide financi\u00e8re, l&rsquo;agence a pour objet, dans une perspective d&rsquo;am\u00e9nagement durable, d&rsquo;orienter et de d\u00e9velopper la mise en valeur des for\u00eats priv\u00e9es. Le territoire de l&rsquo;Agence est celui de la r\u00e9gion administrative 11, soit les MRC suivantes: Haute-Gasp\u00e9sie, C\u00f4te-de-Gasp\u00e9, \u00celes-de-la-Madeleine, Rocher-Perc\u00e9, Bonaventure et Avignon. Le Programme d&rsquo;aide \u00e0 la mise en valeur des for\u00eats priv\u00e9es permet de d\u00e9frayer une partie du co\u00fbt de r\u00e9alisation des travaux sylvicoles et d&rsquo;\u00e9laborer des plans d&rsquo;am\u00e9nagement forestier. Il repose sur les principes de l&rsquo;accessibilit\u00e9 \u00e9gale \u00e0 tous les producteurs forestiers, du libre choix du conseiller forestier et d&rsquo;une participation financi\u00e8re du producteur forestier.<\/p>\t\t\t\t\t\t\t\t<\/div>\n\t\t\t\t<\/div>\n\t\t\t\t\t<\/div>\n\t\t<\/div>\n\t\t\t\t<div class=\"elementor-column elementor-col-33 elementor-top-column elementor-element elementor-element-749e37e\" data-id=\"749e37e\" data-element_type=\"column\" data-e-type=\"column\">\n\t\t\t<div class=\"elementor-widget-wrap elementor-element-populated\">\n\t\t\t\t\t\t<div class=\"elementor-element elementor-element-2136b4f elementor-widget elementor-widget-complements-sidebar\" data-id=\"2136b4f\" data-element_type=\"widget\" data-e-type=\"widget\" data-widget_type=\"complements-sidebar.default\">\n\t\t\t\t<div class=\"elementor-widget-container\">\n\t\t\t\t\t\n\n\n\t\t <div class=\"sidebar\">\n\t\t\t<div class=\"complements-sidebar inner-sidebar\">\n\t\t\t\t<div class=\"header\" style=\"  \">\n\t\t\t\t\t<h3>Compl\u00e9ments<\/h3>\n\t\t\t\t<\/div>\n\t\t\t\t<div class=\"competence-content sidebar-content\">\n\t\t\t\t\t<ul>\n\t\t\t\t\t\t\t\t\t\t\t\t\t<li><a href=\"https:\/\/mathieu-pichlarocque-qpsm.squarespace.com\/s\/Taux-2021-2022xlsx.pdf\"  target=\"_blank\"> Taux pour les traitements sylvicoles<\/a><\/li>\n\t\t\t\t\t\t\t\t\t\t\t\t\t<li><a href=\"https:\/\/www.quebec.ca\/agriculture-environnement-et-ressources-naturelles\/forets\/proprietaires-forets-privees\"  target=\"_blank\"> Propri\u00e9taires de for\u00eats priv\u00e9es<\/a><\/li>\n\t\t\t\t\t\t\t\t\t\t\t<\/ul>\n\t\t\t\t<\/div>\n\t\t\t<\/div>\n\t\t<\/div>\n\t\t\t\t\t\t<\/div>\n\t\t\t\t<\/div>\n\t\t\t\t\t<\/div>\n\t\t<\/div>\n\t\t\t\t\t<\/div>\n\t\t<\/section>\n\t\t\t\t<section class=\"elementor-section elementor-top-section elementor-element elementor-element-1390413f elementor-section-boxed elementor-section-height-default elementor-section-height-default\" data-id=\"1390413f\" data-element_type=\"section\" data-e-type=\"section\">\n\t\t\t\t\t\t<div class=\"elementor-container elementor-column-gap-default\">\n\t\t\t\t\t<div class=\"elementor-column elementor-col-100 elementor-top-column elementor-element elementor-element-5381c234\" data-id=\"5381c234\" data-element_type=\"column\" data-e-type=\"column\">\n\t\t\t<div class=\"elementor-widget-wrap elementor-element-populated\">\n\t\t\t\t\t\t<div class=\"elementor-element elementor-element-785442e3 elementor-widget elementor-widget-outils\" data-id=\"785442e3\" data-element_type=\"widget\" data-e-type=\"widget\" data-widget_type=\"outils.default\">\n\t\t\t\t<div class=\"elementor-widget-container\">\n\t\t\t\t\t\t\t<div class=\"penega-outils-container\">\n\t\t\t\t\t\t\t<h2>Outils<\/h2>\n\t\t\t\t\t\t<div class=\"boutons\">\n\t\t\t\t\t\t\t\t\t<a  class=\"btn-color second-color full\" href=\"http:\/\/www.prixbois.ca\/#Recherche\">\n\t\t\t\t\t\t<img decoding=\"async\" src=\"http:\/\/www.foretprivee.ca\/mauricie\/wp-content\/uploads\/sites\/3\/2019\/01\/icone-calculator.png\"\/>\n\t\t\t\t\t\t<span>Conna\u00eetre le prix du bois<\/span>\n\t\t\t\t\t\t<svg viewBox=\"0 0 41.303 28.299\">\n\t\t\t\t\t\t  <defs>\n\t\t\t\t\t\t    <style>\n\t\t\t\t\t\t      .outils-1, .outils-2, .outils-4, .outils-7 {\n\t\t\t\t\t\t        fill: none;\n\t\t\t\t\t\t      }\n\n\t\t\t\t\t\t      .outils-2 {\n\t\t\t\t\t\t        clip-rule: evenodd;\n\t\t\t\t\t\t      }\n\n\t\t\t\t\t\t      .outils-3 {\n\t\t\t\t\t\t        clip-path: url(#clip-path);\n\t\t\t\t\t\t      }\n\n\t\t\t\t\t\t      .outils-4, .outils-7 {\n\t\t\t\t\t\t        stroke: #ffffff;\n\t\t\t\t\t\t      }\n\n\t\t\t\t\t\t      .outils-4 {\n\t\t\t\t\t\t        stroke-linecap: square;\n\t\t\t\t\t\t        stroke-width: 2px;\n\t\t\t\t\t\t      }\n\n\t\t\t\t\t\t      .outils-5 {\n\t\t\t\t\t\t        clip-path: url(#clip-path-2);\n\t\t\t\t\t\t      }\n\n\t\t\t\t\t\t      .outils-6 {\n\t\t\t\t\t\t        clip-path: url(#clip-path-3);\n\t\t\t\t\t\t      }\n\n\t\t\t\t\t\t      .outils-7 {\n\t\t\t\t\t\t        stroke-width: 4px;\n\t\t\t\t\t\t      }\n\t\t\t\t\t\t    <\/style>\n\t\t\t\t\t\t    <clipPath id=\"clip-path\">\n\t\t\t\t\t\t      <path id=\"Trac\u00e9_73\" data-name=\"Trac\u00e9 73\" class=\"outils-1\" d=\"M0,12.3H41.3V-16H0Z\" transform=\"translate(0 16)\"\/>\n\t\t\t\t\t\t    <\/clipPath>\n\t\t\t\t\t\t    <clipPath id=\"clip-path-2\">\n\t\t\t\t\t\t      <path id=\"Trac\u00e9_76\" data-name=\"Trac\u00e9 76\" class=\"outils-2\" d=\"M27.728-15.136,38.267-4.6,27.728,5.942\" transform=\"translate(-27.728 15.136)\"\/>\n\t\t\t\t\t\t    <\/clipPath>\n\t\t\t\t\t\t    <clipPath id=\"clip-path-3\">\n\t\t\t\t\t\t      <path id=\"Trac\u00e9_75\" data-name=\"Trac\u00e9 75\" class=\"outils-1\" d=\"M0,6.782H48.245V-16H0Z\" transform=\"translate(0 16)\"\/>\n\t\t\t\t\t\t    <\/clipPath>\n\t\t\t\t\t\t  <\/defs>\n\t\t\t\t\t\t  <g id=\"Symbole_7_7\" data-name=\"Symbole 7 \u2013 7\" transform=\"translate(-621 -3612)\">\n\t\t\t\t\t\t    <g id=\"Groupe_90\" data-name=\"Groupe 90\" class=\"outils-3\" transform=\"translate(621 3612)\">\n\t\t\t\t\t\t      <g id=\"Groupe_89\" data-name=\"Groupe 89\" transform=\"translate(2.29 14.149)\">\n\t\t\t\t\t\t        <path id=\"Trac\u00e9_72\" data-name=\"Trac\u00e9 72\" class=\"outils-4\" d=\"M1,1.5H36.057\" transform=\"translate(-0.996 -1.5)\"\/>\n\t\t\t\t\t\t      <\/g>\n\t\t\t\t\t\t    <\/g>\n\t\t\t\t\t\t    <g id=\"Groupe_93\" data-name=\"Groupe 93\" class=\"outils-5\" transform=\"translate(650.992 3616.033)\">\n\t\t\t\t\t\t      <g id=\"Groupe_92\" data-name=\"Groupe 92\" class=\"outils-6\" transform=\"translate(-37.159 -1.158)\">\n\t\t\t\t\t\t        <g id=\"Groupe_91\" data-name=\"Groupe 91\" transform=\"translate(37.159 1.158) rotate(45)\">\n\t\t\t\t\t\t          <path id=\"Trac\u00e9_74\" data-name=\"Trac\u00e9 74\" class=\"outils-7\" d=\"M0,0H14.9V14.9\" transform=\"translate(0 0)\"\/>\n\t\t\t\t\t\t        <\/g>\n\t\t\t\t\t\t      <\/g>\n\t\t\t\t\t\t    <\/g>\n\t\t\t\t\t\t  <\/g>\n\t\t\t\t\t\t<\/svg>\n\t\t\t\t\t<\/a>\n\t\t\t\t\t\t\t\t\t<a target=\"_blank\" class=\"btn-color second-color full\" href=\"https:\/\/www.foretprivee.ca\/bibliotheque\/outils\/nos-facteurs-de-conversion-et-mesures\/\">\n\t\t\t\t\t\t<img decoding=\"async\" src=\"http:\/\/www.foretprivee.ca\/mauricie\/wp-content\/uploads\/sites\/3\/2019\/01\/icone_mesures.png\"\/>\n\t\t\t\t\t\t<span>Nos facteurs de conversion et mesures<\/span>\n\t\t\t\t\t\t<svg viewBox=\"0 0 41.303 28.299\">\n\t\t\t\t\t\t  <defs>\n\t\t\t\t\t\t    <style>\n\t\t\t\t\t\t      .outils-1, .outils-2, .outils-4, .outils-7 {\n\t\t\t\t\t\t        fill: none;\n\t\t\t\t\t\t      }\n\n\t\t\t\t\t\t      .outils-2 {\n\t\t\t\t\t\t        clip-rule: evenodd;\n\t\t\t\t\t\t      }\n\n\t\t\t\t\t\t      .outils-3 {\n\t\t\t\t\t\t        clip-path: url(#clip-path);\n\t\t\t\t\t\t      }\n\n\t\t\t\t\t\t      .outils-4, .outils-7 {\n\t\t\t\t\t\t        stroke: #ffffff;\n\t\t\t\t\t\t      }\n\n\t\t\t\t\t\t      .outils-4 {\n\t\t\t\t\t\t        stroke-linecap: square;\n\t\t\t\t\t\t        stroke-width: 2px;\n\t\t\t\t\t\t      }\n\n\t\t\t\t\t\t      .outils-5 {\n\t\t\t\t\t\t        clip-path: url(#clip-path-2);\n\t\t\t\t\t\t      }\n\n\t\t\t\t\t\t      .outils-6 {\n\t\t\t\t\t\t        clip-path: url(#clip-path-3);\n\t\t\t\t\t\t      }\n\n\t\t\t\t\t\t      .outils-7 {\n\t\t\t\t\t\t        stroke-width: 4px;\n\t\t\t\t\t\t      }\n\t\t\t\t\t\t    <\/style>\n\t\t\t\t\t\t    <clipPath id=\"clip-path\">\n\t\t\t\t\t\t      <path id=\"Trac\u00e9_73\" data-name=\"Trac\u00e9 73\" class=\"outils-1\" d=\"M0,12.3H41.3V-16H0Z\" transform=\"translate(0 16)\"\/>\n\t\t\t\t\t\t    <\/clipPath>\n\t\t\t\t\t\t    <clipPath id=\"clip-path-2\">\n\t\t\t\t\t\t      <path id=\"Trac\u00e9_76\" data-name=\"Trac\u00e9 76\" class=\"outils-2\" d=\"M27.728-15.136,38.267-4.6,27.728,5.942\" transform=\"translate(-27.728 15.136)\"\/>\n\t\t\t\t\t\t    <\/clipPath>\n\t\t\t\t\t\t    <clipPath id=\"clip-path-3\">\n\t\t\t\t\t\t      <path id=\"Trac\u00e9_75\" data-name=\"Trac\u00e9 75\" class=\"outils-1\" d=\"M0,6.782H48.245V-16H0Z\" transform=\"translate(0 16)\"\/>\n\t\t\t\t\t\t    <\/clipPath>\n\t\t\t\t\t\t  <\/defs>\n\t\t\t\t\t\t  <g id=\"Symbole_7_7\" data-name=\"Symbole 7 \u2013 7\" transform=\"translate(-621 -3612)\">\n\t\t\t\t\t\t    <g id=\"Groupe_90\" data-name=\"Groupe 90\" class=\"outils-3\" transform=\"translate(621 3612)\">\n\t\t\t\t\t\t      <g id=\"Groupe_89\" data-name=\"Groupe 89\" transform=\"translate(2.29 14.149)\">\n\t\t\t\t\t\t        <path id=\"Trac\u00e9_72\" data-name=\"Trac\u00e9 72\" class=\"outils-4\" d=\"M1,1.5H36.057\" transform=\"translate(-0.996 -1.5)\"\/>\n\t\t\t\t\t\t      <\/g>\n\t\t\t\t\t\t    <\/g>\n\t\t\t\t\t\t    <g id=\"Groupe_93\" data-name=\"Groupe 93\" class=\"outils-5\" transform=\"translate(650.992 3616.033)\">\n\t\t\t\t\t\t      <g id=\"Groupe_92\" data-name=\"Groupe 92\" class=\"outils-6\" transform=\"translate(-37.159 -1.158)\">\n\t\t\t\t\t\t        <g id=\"Groupe_91\" data-name=\"Groupe 91\" transform=\"translate(37.159 1.158) rotate(45)\">\n\t\t\t\t\t\t          <path id=\"Trac\u00e9_74\" data-name=\"Trac\u00e9 74\" class=\"outils-7\" d=\"M0,0H14.9V14.9\" transform=\"translate(0 0)\"\/>\n\t\t\t\t\t\t        <\/g>\n\t\t\t\t\t\t      <\/g>\n\t\t\t\t\t\t    <\/g>\n\t\t\t\t\t\t  <\/g>\n\t\t\t\t\t\t<\/svg>\n\t\t\t\t\t<\/a>\n\t\t\t\t\t\t\t<\/div>\n\t\t\t\t\t<\/div>\n\t\t\t\t\t\t<\/div>\n\t\t\t\t<\/div>\n\t\t\t\t\t<\/div>\n\t\t<\/div>\n\t\t\t\t\t<\/div>\n\t\t<\/section>\n\t\t\t\t<\/div>\n\t\t","protected":false},"excerpt":{"rendered":"<p>Le programme de mise en valeur de la for\u00eat priv\u00e9e est g\u00e9r\u00e9, en Gasp\u00e9sie, par l&rsquo;agence r\u00e9gionale de mise en valeur des for\u00eats priv\u00e9es (AFOG\u00ceM), qui est un organisme \u00e0 but non lucratif. \u00c0 l&rsquo;aide de cette aide financi\u00e8re, l&rsquo;agence a pour objet, dans une perspective d&rsquo;am\u00e9nagement durable, d&rsquo;orienter et de d\u00e9velopper la mise en &hellip; <\/p>\n<p class=\"link-more\"><a href=\"https:\/\/www.foretprivee.ca\/gaspesie\/mes-services-my-services\/amenagement-forestier-forest-development\/\" class=\"more-link\">Lire la suite<\/a><\/p>\n","protected":false},"author":13,"featured_media":0,"parent":24,"menu_order":0,"comment_status":"closed","ping_status":"closed","template":"","meta":{"_acf_changed":false,"footnotes":""},"class_list":["post-36","page","type-page","status-publish","hentry"],"acf":[],"yoast_head":"<!-- This site is optimized with the Yoast SEO plugin v27.4 - https:\/\/yoast.com\/product\/yoast-seo-wordpress\/ -->\n<title>Am\u00e9nagement forestier (Forest Development) - Syndicat des producteurs de bois de la Gasp\u00e9sie<\/title>\n<meta name=\"robots\" content=\"index, follow, max-snippet:-1, max-image-preview:large, max-video-preview:-1\" \/>\n<link rel=\"canonical\" href=\"https:\/\/www.foretprivee.ca\/gaspesie\/mes-services-my-services\/amenagement-forestier-forest-development\/\" \/>\n<meta property=\"og:locale\" content=\"fr_CA\" \/>\n<meta property=\"og:type\" content=\"article\" \/>\n<meta property=\"og:title\" content=\"Am\u00e9nagement forestier (Forest Development) - Syndicat des producteurs de bois de la Gasp\u00e9sie\" \/>\n<meta property=\"og:description\" content=\"Le programme de mise en valeur de la for\u00eat priv\u00e9e est g\u00e9r\u00e9, en Gasp\u00e9sie, par l&rsquo;agence r\u00e9gionale de mise en valeur des for\u00eats priv\u00e9es (AFOG\u00ceM), qui est un organisme \u00e0 but non lucratif. \u00c0 l&rsquo;aide de cette aide financi\u00e8re, l&rsquo;agence a pour objet, dans une perspective d&rsquo;am\u00e9nagement durable, d&rsquo;orienter et de d\u00e9velopper la mise en &hellip; Lire la suite\" \/>\n<meta property=\"og:url\" content=\"https:\/\/www.foretprivee.ca\/gaspesie\/mes-services-my-services\/amenagement-forestier-forest-development\/\" \/>\n<meta property=\"og:site_name\" content=\"Syndicat des producteurs de bois de la Gasp\u00e9sie\" \/>\n<meta property=\"article:modified_time\" content=\"2023-10-18T19:50:37+00:00\" \/>\n<meta property=\"og:image\" content=\"http:\/\/www.foretprivee.ca\/mauricie\/wp-content\/uploads\/sites\/3\/2019\/01\/icone-calculator.png\" \/>\n<meta name=\"twitter:card\" content=\"summary_large_image\" \/>\n<meta name=\"twitter:label1\" content=\"Estimation du temps de lecture\" \/>\n\t<meta name=\"twitter:data1\" content=\"2 minutes\" \/>\n<script type=\"application\/ld+json\" class=\"yoast-schema-graph\">{\"@context\":\"https:\\\/\\\/schema.org\",\"@graph\":[{\"@type\":\"WebPage\",\"@id\":\"https:\\\/\\\/www.foretprivee.ca\\\/gaspesie\\\/mes-services-my-services\\\/amenagement-forestier-forest-development\\\/\",\"url\":\"https:\\\/\\\/www.foretprivee.ca\\\/gaspesie\\\/mes-services-my-services\\\/amenagement-forestier-forest-development\\\/\",\"name\":\"Am\u00e9nagement forestier (Forest Development) - Syndicat des producteurs de bois de la Gasp\u00e9sie\",\"isPartOf\":{\"@id\":\"https:\\\/\\\/www.foretprivee.ca\\\/gaspesie\\\/#website\"},\"primaryImageOfPage\":{\"@id\":\"https:\\\/\\\/www.foretprivee.ca\\\/gaspesie\\\/mes-services-my-services\\\/amenagement-forestier-forest-development\\\/#primaryimage\"},\"image\":{\"@id\":\"https:\\\/\\\/www.foretprivee.ca\\\/gaspesie\\\/mes-services-my-services\\\/amenagement-forestier-forest-development\\\/#primaryimage\"},\"thumbnailUrl\":\"http:\\\/\\\/www.foretprivee.ca\\\/mauricie\\\/wp-content\\\/uploads\\\/sites\\\/3\\\/2019\\\/01\\\/icone-calculator.png\",\"datePublished\":\"2018-12-13T20:06:02+00:00\",\"dateModified\":\"2023-10-18T19:50:37+00:00\",\"breadcrumb\":{\"@id\":\"https:\\\/\\\/www.foretprivee.ca\\\/gaspesie\\\/mes-services-my-services\\\/amenagement-forestier-forest-development\\\/#breadcrumb\"},\"inLanguage\":\"fr-CA\",\"potentialAction\":[{\"@type\":\"ReadAction\",\"target\":[\"https:\\\/\\\/www.foretprivee.ca\\\/gaspesie\\\/mes-services-my-services\\\/amenagement-forestier-forest-development\\\/\"]}]},{\"@type\":\"ImageObject\",\"inLanguage\":\"fr-CA\",\"@id\":\"https:\\\/\\\/www.foretprivee.ca\\\/gaspesie\\\/mes-services-my-services\\\/amenagement-forestier-forest-development\\\/#primaryimage\",\"url\":\"http:\\\/\\\/www.foretprivee.ca\\\/mauricie\\\/wp-content\\\/uploads\\\/sites\\\/3\\\/2019\\\/01\\\/icone-calculator.png\",\"contentUrl\":\"http:\\\/\\\/www.foretprivee.ca\\\/mauricie\\\/wp-content\\\/uploads\\\/sites\\\/3\\\/2019\\\/01\\\/icone-calculator.png\"},{\"@type\":\"BreadcrumbList\",\"@id\":\"https:\\\/\\\/www.foretprivee.ca\\\/gaspesie\\\/mes-services-my-services\\\/amenagement-forestier-forest-development\\\/#breadcrumb\",\"itemListElement\":[{\"@type\":\"ListItem\",\"position\":1,\"name\":\"Accueil\",\"item\":\"https:\\\/\\\/www.foretprivee.ca\\\/gaspesie\\\/\"},{\"@type\":\"ListItem\",\"position\":2,\"name\":\"Mes services (My Services)\",\"item\":\"https:\\\/\\\/www.foretprivee.ca\\\/gaspesie\\\/mes-services-my-services\\\/\"},{\"@type\":\"ListItem\",\"position\":3,\"name\":\"Am\u00e9nagement forestier (Forest Development)\"}]},{\"@type\":\"WebSite\",\"@id\":\"https:\\\/\\\/www.foretprivee.ca\\\/gaspesie\\\/#website\",\"url\":\"https:\\\/\\\/www.foretprivee.ca\\\/gaspesie\\\/\",\"name\":\"Syndicat des producteurs de bois de la Gasp\u00e9sie\",\"description\":\"Un site utilisant Forets Priv\u00e9es\",\"potentialAction\":[{\"@type\":\"SearchAction\",\"target\":{\"@type\":\"EntryPoint\",\"urlTemplate\":\"https:\\\/\\\/www.foretprivee.ca\\\/gaspesie\\\/?s={search_term_string}\"},\"query-input\":{\"@type\":\"PropertyValueSpecification\",\"valueRequired\":true,\"valueName\":\"search_term_string\"}}],\"inLanguage\":\"fr-CA\"}]}<\/script>\n<!-- \/ Yoast SEO plugin. -->","yoast_head_json":{"title":"Am\u00e9nagement forestier (Forest Development) - Syndicat des producteurs de bois de la Gasp\u00e9sie","robots":{"index":"index","follow":"follow","max-snippet":"max-snippet:-1","max-image-preview":"max-image-preview:large","max-video-preview":"max-video-preview:-1"},"canonical":"https:\/\/www.foretprivee.ca\/gaspesie\/mes-services-my-services\/amenagement-forestier-forest-development\/","og_locale":"fr_CA","og_type":"article","og_title":"Am\u00e9nagement forestier (Forest Development) - Syndicat des producteurs de bois de la Gasp\u00e9sie","og_description":"Le programme de mise en valeur de la for\u00eat priv\u00e9e est g\u00e9r\u00e9, en Gasp\u00e9sie, par l&rsquo;agence r\u00e9gionale de mise en valeur des for\u00eats priv\u00e9es (AFOG\u00ceM), qui est un organisme \u00e0 but non lucratif. \u00c0 l&rsquo;aide de cette aide financi\u00e8re, l&rsquo;agence a pour objet, dans une perspective d&rsquo;am\u00e9nagement durable, d&rsquo;orienter et de d\u00e9velopper la mise en &hellip; Lire la suite","og_url":"https:\/\/www.foretprivee.ca\/gaspesie\/mes-services-my-services\/amenagement-forestier-forest-development\/","og_site_name":"Syndicat des producteurs de bois de la Gasp\u00e9sie","article_modified_time":"2023-10-18T19:50:37+00:00","og_image":[{"url":"http:\/\/www.foretprivee.ca\/mauricie\/wp-content\/uploads\/sites\/3\/2019\/01\/icone-calculator.png","type":"","width":"","height":""}],"twitter_card":"summary_large_image","twitter_misc":{"Estimation du temps de lecture":"2 minutes"},"schema":{"@context":"https:\/\/schema.org","@graph":[{"@type":"WebPage","@id":"https:\/\/www.foretprivee.ca\/gaspesie\/mes-services-my-services\/amenagement-forestier-forest-development\/","url":"https:\/\/www.foretprivee.ca\/gaspesie\/mes-services-my-services\/amenagement-forestier-forest-development\/","name":"Am\u00e9nagement forestier (Forest Development) - Syndicat des producteurs de bois de la Gasp\u00e9sie","isPartOf":{"@id":"https:\/\/www.foretprivee.ca\/gaspesie\/#website"},"primaryImageOfPage":{"@id":"https:\/\/www.foretprivee.ca\/gaspesie\/mes-services-my-services\/amenagement-forestier-forest-development\/#primaryimage"},"image":{"@id":"https:\/\/www.foretprivee.ca\/gaspesie\/mes-services-my-services\/amenagement-forestier-forest-development\/#primaryimage"},"thumbnailUrl":"http:\/\/www.foretprivee.ca\/mauricie\/wp-content\/uploads\/sites\/3\/2019\/01\/icone-calculator.png","datePublished":"2018-12-13T20:06:02+00:00","dateModified":"2023-10-18T19:50:37+00:00","breadcrumb":{"@id":"https:\/\/www.foretprivee.ca\/gaspesie\/mes-services-my-services\/amenagement-forestier-forest-development\/#breadcrumb"},"inLanguage":"fr-CA","potentialAction":[{"@type":"ReadAction","target":["https:\/\/www.foretprivee.ca\/gaspesie\/mes-services-my-services\/amenagement-forestier-forest-development\/"]}]},{"@type":"ImageObject","inLanguage":"fr-CA","@id":"https:\/\/www.foretprivee.ca\/gaspesie\/mes-services-my-services\/amenagement-forestier-forest-development\/#primaryimage","url":"http:\/\/www.foretprivee.ca\/mauricie\/wp-content\/uploads\/sites\/3\/2019\/01\/icone-calculator.png","contentUrl":"http:\/\/www.foretprivee.ca\/mauricie\/wp-content\/uploads\/sites\/3\/2019\/01\/icone-calculator.png"},{"@type":"BreadcrumbList","@id":"https:\/\/www.foretprivee.ca\/gaspesie\/mes-services-my-services\/amenagement-forestier-forest-development\/#breadcrumb","itemListElement":[{"@type":"ListItem","position":1,"name":"Accueil","item":"https:\/\/www.foretprivee.ca\/gaspesie\/"},{"@type":"ListItem","position":2,"name":"Mes services (My Services)","item":"https:\/\/www.foretprivee.ca\/gaspesie\/mes-services-my-services\/"},{"@type":"ListItem","position":3,"name":"Am\u00e9nagement forestier (Forest Development)"}]},{"@type":"WebSite","@id":"https:\/\/www.foretprivee.ca\/gaspesie\/#website","url":"https:\/\/www.foretprivee.ca\/gaspesie\/","name":"Syndicat des producteurs de bois de la Gasp\u00e9sie","description":"Un site utilisant Forets Priv\u00e9es","potentialAction":[{"@type":"SearchAction","target":{"@type":"EntryPoint","urlTemplate":"https:\/\/www.foretprivee.ca\/gaspesie\/?s={search_term_string}"},"query-input":{"@type":"PropertyValueSpecification","valueRequired":true,"valueName":"search_term_string"}}],"inLanguage":"fr-CA"}]}},"_links":{"self":[{"href":"https:\/\/www.foretprivee.ca\/gaspesie\/wp-json\/wp\/v2\/pages\/36","targetHints":{"allow":["GET"]}}],"collection":[{"href":"https:\/\/www.foretprivee.ca\/gaspesie\/wp-json\/wp\/v2\/pages"}],"about":[{"href":"https:\/\/www.foretprivee.ca\/gaspesie\/wp-json\/wp\/v2\/types\/page"}],"author":[{"embeddable":true,"href":"https:\/\/www.foretprivee.ca\/gaspesie\/wp-json\/wp\/v2\/users\/13"}],"replies":[{"embeddable":true,"href":"https:\/\/www.foretprivee.ca\/gaspesie\/wp-json\/wp\/v2\/comments?post=36"}],"version-history":[{"count":0,"href":"https:\/\/www.foretprivee.ca\/gaspesie\/wp-json\/wp\/v2\/pages\/36\/revisions"}],"up":[{"embeddable":true,"href":"https:\/\/www.foretprivee.ca\/gaspesie\/wp-json\/wp\/v2\/pages\/24"}],"wp:attachment":[{"href":"https:\/\/www.foretprivee.ca\/gaspesie\/wp-json\/wp\/v2\/media?parent=36"}],"curies":[{"name":"wp","href":"https:\/\/api.w.org\/{rel}","templated":true}]}}