{"id":5,"date":"2018-12-13T20:09:22","date_gmt":"2018-12-13T20:09:22","guid":{"rendered":"https:\/\/www.foretprivee.ca\/centreduquebec\/?page_id=5"},"modified":"2023-10-10T22:19:01","modified_gmt":"2023-10-10T20:19:01","slug":"mon-syndicat-my-syndicate","status":"publish","type":"page","link":"https:\/\/www.foretprivee.ca\/gaspesie\/mon-syndicat-my-syndicate\/","title":{"rendered":"Mon syndicat (My Syndicate)"},"content":{"rendered":"\t\t<div data-elementor-type=\"wp-post\" data-elementor-id=\"5\" class=\"elementor elementor-5\" data-elementor-post-type=\"page\">\n\t\t\t\t\t\t<section class=\"elementor-section elementor-top-section elementor-element elementor-element-4419b20 elementor-section-boxed elementor-section-height-default elementor-section-height-default\" data-id=\"4419b20\" data-element_type=\"section\" data-e-type=\"section\">\n\t\t\t\t\t\t<div class=\"elementor-container elementor-column-gap-default\">\n\t\t\t\t\t<div class=\"elementor-column elementor-col-100 elementor-top-column elementor-element elementor-element-341f24d\" data-id=\"341f24d\" data-element_type=\"column\" data-e-type=\"column\">\n\t\t\t<div class=\"elementor-widget-wrap elementor-element-populated\">\n\t\t\t\t\t\t<div class=\"elementor-element elementor-element-b576d5b elementor-widget elementor-widget-sub-menu\" data-id=\"b576d5b\" data-element_type=\"widget\" data-e-type=\"widget\" data-widget_type=\"sub-menu.default\">\n\t\t\t\t<div class=\"elementor-widget-container\">\n\t\t\t\t\t\n\t\t<div class=\"penega-sub-menu\">\n\n\t\t\t<ul>\n\t\t\t\t\t\t\t\t\t\t<!-- Dropdown -->\n\t\t\t\t\t\t\t\t\t\t\t\t\t\t\t<a href=\"https:\/\/www.foretprivee.ca\/gaspesie\/mon-syndicat-my-syndicate\/conseil-dadministration-board-of-directors\/\" >\n\t\t\t\t\t\t\t<li class=\"nth-child-0\">\n\t\t\t\t\t\t\t\tConseil d'administration (Board of directors)<br\/>\n\t\t\t\t\t\t\t\t+\n\t\t\t\t\t\t\t<\/li>\n\t\t\t\t\t\t\t\t\t\t\t\t\t<\/a>\n\t\t\t\t\t\t\t\t\t\t\t<a href=\"https:\/\/www.foretprivee.ca\/gaspesie\/mon-syndicat-my-syndicate\/notre-equipe-our-team\/\" >\n\t\t\t\t\t\t\t<li class=\"nth-child-1\">\n\t\t\t\t\t\t\t\tNotre \u00e9quipe (Our Team)<br\/>\n\t\t\t\t\t\t\t\t+\n\t\t\t\t\t\t\t<\/li>\n\t\t\t\t\t\t\t\t\t\t\t\t\t<\/a>\n\t\t\t\t\t\t\t\t\t\t\t<a href=\"https:\/\/www.foretprivee.ca\/gaspesie\/nous-joindre-contact-us\/\" >\n\t\t\t\t\t\t\t<li class=\"nth-child-2\">\n\t\t\t\t\t\t\t\tNous joindre (Contact us)<br\/>\n\t\t\t\t\t\t\t\t+\n\t\t\t\t\t\t\t<\/li>\n\t\t\t\t\t\t\t\t\t\t\t\t\t<\/a>\n\t\t\t\t\t\t\t\t\t\t\t<a href=\"https:\/\/www.foretprivee.ca\/gaspesie\/mon-syndicat-my-syndicate\/reglementation-regulation\/\" >\n\t\t\t\t\t\t\t<li class=\"nth-child-3\">\n\t\t\t\t\t\t\t\tR\u00e9glementation (Regulation)<br\/>\n\t\t\t\t\t\t\t\t+\n\t\t\t\t\t\t\t<\/li>\n\t\t\t\t\t\t\t\t\t\t\t\t\t<\/a>\n\t\t\t\t\t\t\t\t\t\t\t\t\t\t\t<\/ul>\n\t\t<\/div>\n\t\t\t\t\t\t<\/div>\n\t\t\t\t<\/div>\n\t\t\t\t\t<\/div>\n\t\t<\/div>\n\t\t\t\t\t<\/div>\n\t\t<\/section>\n\t\t\t\t<\/div>\n\t\t","protected":false},"excerpt":{"rendered":"<p>Conseil d&rsquo;administration (Board of directors) + Notre \u00e9quipe (Our Team) + Nous joindre (Contact us) + R\u00e9glementation (Regulation) +<\/p>\n","protected":false},"author":13,"featured_media":718,"parent":0,"menu_order":0,"comment_status":"closed","ping_status":"closed","template":"","meta":{"_acf_changed":false,"footnotes":""},"class_list":["post-5","page","type-page","status-publish","has-post-thumbnail","hentry"],"acf":[],"yoast_head":"<!-- This site is optimized with the Yoast SEO plugin v27.4 - https:\/\/yoast.com\/product\/yoast-seo-wordpress\/ -->\n<title>Mon syndicat (My Syndicate) - Syndicat des producteurs de bois de la Gasp\u00e9sie<\/title>\n<meta name=\"robots\" content=\"index, follow, max-snippet:-1, max-image-preview:large, max-video-preview:-1\" \/>\n<link rel=\"canonical\" href=\"https:\/\/www.foretprivee.ca\/gaspesie\/mon-syndicat-my-syndicate\/\" \/>\n<meta property=\"og:locale\" content=\"fr_CA\" \/>\n<meta property=\"og:type\" content=\"article\" \/>\n<meta property=\"og:title\" content=\"Mon syndicat (My Syndicate) - Syndicat des producteurs de bois de la Gasp\u00e9sie\" \/>\n<meta property=\"og:description\" content=\"Conseil d&rsquo;administration (Board of directors) + Notre \u00e9quipe (Our Team) + Nous joindre (Contact us) + R\u00e9glementation (Regulation) +\" \/>\n<meta property=\"og:url\" content=\"https:\/\/www.foretprivee.ca\/gaspesie\/mon-syndicat-my-syndicate\/\" \/>\n<meta property=\"og:site_name\" content=\"Syndicat des producteurs de bois de la Gasp\u00e9sie\" \/>\n<meta property=\"article:modified_time\" content=\"2023-10-10T20:19:01+00:00\" \/>\n<meta property=\"og:image\" content=\"https:\/\/www.foretprivee.ca\/gaspesie\/wp-content\/uploads\/sites\/7\/2019\/01\/mon-syndicat-900x640-1.jpg\" \/>\n\t<meta property=\"og:image:width\" content=\"901\" \/>\n\t<meta property=\"og:image:height\" content=\"641\" \/>\n\t<meta property=\"og:image:type\" content=\"image\/jpeg\" \/>\n<meta name=\"twitter:card\" content=\"summary_large_image\" \/>\n<meta name=\"twitter:label1\" content=\"Estimation du temps de lecture\" \/>\n\t<meta name=\"twitter:data1\" content=\"1 minute\" \/>\n<script type=\"application\/ld+json\" class=\"yoast-schema-graph\">{\"@context\":\"https:\\\/\\\/schema.org\",\"@graph\":[{\"@type\":\"WebPage\",\"@id\":\"https:\\\/\\\/www.foretprivee.ca\\\/gaspesie\\\/mon-syndicat-my-syndicate\\\/\",\"url\":\"https:\\\/\\\/www.foretprivee.ca\\\/gaspesie\\\/mon-syndicat-my-syndicate\\\/\",\"name\":\"Mon syndicat (My Syndicate) - Syndicat des producteurs de bois de la Gasp\u00e9sie\",\"isPartOf\":{\"@id\":\"https:\\\/\\\/www.foretprivee.ca\\\/gaspesie\\\/#website\"},\"primaryImageOfPage\":{\"@id\":\"https:\\\/\\\/www.foretprivee.ca\\\/gaspesie\\\/mon-syndicat-my-syndicate\\\/#primaryimage\"},\"image\":{\"@id\":\"https:\\\/\\\/www.foretprivee.ca\\\/gaspesie\\\/mon-syndicat-my-syndicate\\\/#primaryimage\"},\"thumbnailUrl\":\"https:\\\/\\\/www.foretprivee.ca\\\/gaspesie\\\/wp-content\\\/uploads\\\/sites\\\/7\\\/2019\\\/01\\\/mon-syndicat-900x640-1.jpg\",\"datePublished\":\"2018-12-13T20:09:22+00:00\",\"dateModified\":\"2023-10-10T20:19:01+00:00\",\"breadcrumb\":{\"@id\":\"https:\\\/\\\/www.foretprivee.ca\\\/gaspesie\\\/mon-syndicat-my-syndicate\\\/#breadcrumb\"},\"inLanguage\":\"fr-CA\",\"potentialAction\":[{\"@type\":\"ReadAction\",\"target\":[\"https:\\\/\\\/www.foretprivee.ca\\\/gaspesie\\\/mon-syndicat-my-syndicate\\\/\"]}]},{\"@type\":\"ImageObject\",\"inLanguage\":\"fr-CA\",\"@id\":\"https:\\\/\\\/www.foretprivee.ca\\\/gaspesie\\\/mon-syndicat-my-syndicate\\\/#primaryimage\",\"url\":\"https:\\\/\\\/www.foretprivee.ca\\\/gaspesie\\\/wp-content\\\/uploads\\\/sites\\\/7\\\/2019\\\/01\\\/mon-syndicat-900x640-1.jpg\",\"contentUrl\":\"https:\\\/\\\/www.foretprivee.ca\\\/gaspesie\\\/wp-content\\\/uploads\\\/sites\\\/7\\\/2019\\\/01\\\/mon-syndicat-900x640-1.jpg\",\"width\":901,\"height\":641},{\"@type\":\"BreadcrumbList\",\"@id\":\"https:\\\/\\\/www.foretprivee.ca\\\/gaspesie\\\/mon-syndicat-my-syndicate\\\/#breadcrumb\",\"itemListElement\":[{\"@type\":\"ListItem\",\"position\":1,\"name\":\"Accueil\",\"item\":\"https:\\\/\\\/www.foretprivee.ca\\\/gaspesie\\\/\"},{\"@type\":\"ListItem\",\"position\":2,\"name\":\"Mon syndicat (My Syndicate)\"}]},{\"@type\":\"WebSite\",\"@id\":\"https:\\\/\\\/www.foretprivee.ca\\\/gaspesie\\\/#website\",\"url\":\"https:\\\/\\\/www.foretprivee.ca\\\/gaspesie\\\/\",\"name\":\"Syndicat des producteurs de bois de la Gasp\u00e9sie\",\"description\":\"Un site utilisant Forets Priv\u00e9es\",\"potentialAction\":[{\"@type\":\"SearchAction\",\"target\":{\"@type\":\"EntryPoint\",\"urlTemplate\":\"https:\\\/\\\/www.foretprivee.ca\\\/gaspesie\\\/?s={search_term_string}\"},\"query-input\":{\"@type\":\"PropertyValueSpecification\",\"valueRequired\":true,\"valueName\":\"search_term_string\"}}],\"inLanguage\":\"fr-CA\"}]}<\/script>\n<!-- \/ Yoast SEO plugin. -->","yoast_head_json":{"title":"Mon syndicat (My Syndicate) - Syndicat des producteurs de bois de la Gasp\u00e9sie","robots":{"index":"index","follow":"follow","max-snippet":"max-snippet:-1","max-image-preview":"max-image-preview:large","max-video-preview":"max-video-preview:-1"},"canonical":"https:\/\/www.foretprivee.ca\/gaspesie\/mon-syndicat-my-syndicate\/","og_locale":"fr_CA","og_type":"article","og_title":"Mon syndicat (My Syndicate) - Syndicat des producteurs de bois de la Gasp\u00e9sie","og_description":"Conseil d&rsquo;administration (Board of directors) + Notre \u00e9quipe (Our Team) + Nous joindre (Contact us) + R\u00e9glementation (Regulation) +","og_url":"https:\/\/www.foretprivee.ca\/gaspesie\/mon-syndicat-my-syndicate\/","og_site_name":"Syndicat des producteurs de bois de la Gasp\u00e9sie","article_modified_time":"2023-10-10T20:19:01+00:00","og_image":[{"width":901,"height":641,"url":"https:\/\/www.foretprivee.ca\/gaspesie\/wp-content\/uploads\/sites\/7\/2019\/01\/mon-syndicat-900x640-1.jpg","type":"image\/jpeg"}],"twitter_card":"summary_large_image","twitter_misc":{"Estimation du temps de lecture":"1 minute"},"schema":{"@context":"https:\/\/schema.org","@graph":[{"@type":"WebPage","@id":"https:\/\/www.foretprivee.ca\/gaspesie\/mon-syndicat-my-syndicate\/","url":"https:\/\/www.foretprivee.ca\/gaspesie\/mon-syndicat-my-syndicate\/","name":"Mon syndicat (My Syndicate) - Syndicat des producteurs de bois de la Gasp\u00e9sie","isPartOf":{"@id":"https:\/\/www.foretprivee.ca\/gaspesie\/#website"},"primaryImageOfPage":{"@id":"https:\/\/www.foretprivee.ca\/gaspesie\/mon-syndicat-my-syndicate\/#primaryimage"},"image":{"@id":"https:\/\/www.foretprivee.ca\/gaspesie\/mon-syndicat-my-syndicate\/#primaryimage"},"thumbnailUrl":"https:\/\/www.foretprivee.ca\/gaspesie\/wp-content\/uploads\/sites\/7\/2019\/01\/mon-syndicat-900x640-1.jpg","datePublished":"2018-12-13T20:09:22+00:00","dateModified":"2023-10-10T20:19:01+00:00","breadcrumb":{"@id":"https:\/\/www.foretprivee.ca\/gaspesie\/mon-syndicat-my-syndicate\/#breadcrumb"},"inLanguage":"fr-CA","potentialAction":[{"@type":"ReadAction","target":["https:\/\/www.foretprivee.ca\/gaspesie\/mon-syndicat-my-syndicate\/"]}]},{"@type":"ImageObject","inLanguage":"fr-CA","@id":"https:\/\/www.foretprivee.ca\/gaspesie\/mon-syndicat-my-syndicate\/#primaryimage","url":"https:\/\/www.foretprivee.ca\/gaspesie\/wp-content\/uploads\/sites\/7\/2019\/01\/mon-syndicat-900x640-1.jpg","contentUrl":"https:\/\/www.foretprivee.ca\/gaspesie\/wp-content\/uploads\/sites\/7\/2019\/01\/mon-syndicat-900x640-1.jpg","width":901,"height":641},{"@type":"BreadcrumbList","@id":"https:\/\/www.foretprivee.ca\/gaspesie\/mon-syndicat-my-syndicate\/#breadcrumb","itemListElement":[{"@type":"ListItem","position":1,"name":"Accueil","item":"https:\/\/www.foretprivee.ca\/gaspesie\/"},{"@type":"ListItem","position":2,"name":"Mon syndicat (My Syndicate)"}]},{"@type":"WebSite","@id":"https:\/\/www.foretprivee.ca\/gaspesie\/#website","url":"https:\/\/www.foretprivee.ca\/gaspesie\/","name":"Syndicat des producteurs de bois de la Gasp\u00e9sie","description":"Un site utilisant Forets Priv\u00e9es","potentialAction":[{"@type":"SearchAction","target":{"@type":"EntryPoint","urlTemplate":"https:\/\/www.foretprivee.ca\/gaspesie\/?s={search_term_string}"},"query-input":{"@type":"PropertyValueSpecification","valueRequired":true,"valueName":"search_term_string"}}],"inLanguage":"fr-CA"}]}},"_links":{"self":[{"href":"https:\/\/www.foretprivee.ca\/gaspesie\/wp-json\/wp\/v2\/pages\/5","targetHints":{"allow":["GET"]}}],"collection":[{"href":"https:\/\/www.foretprivee.ca\/gaspesie\/wp-json\/wp\/v2\/pages"}],"about":[{"href":"https:\/\/www.foretprivee.ca\/gaspesie\/wp-json\/wp\/v2\/types\/page"}],"author":[{"embeddable":true,"href":"https:\/\/www.foretprivee.ca\/gaspesie\/wp-json\/wp\/v2\/users\/13"}],"replies":[{"embeddable":true,"href":"https:\/\/www.foretprivee.ca\/gaspesie\/wp-json\/wp\/v2\/comments?post=5"}],"version-history":[{"count":0,"href":"https:\/\/www.foretprivee.ca\/gaspesie\/wp-json\/wp\/v2\/pages\/5\/revisions"}],"wp:featuredmedia":[{"embeddable":true,"href":"https:\/\/www.foretprivee.ca\/gaspesie\/wp-json\/wp\/v2\/media\/718"}],"wp:attachment":[{"href":"https:\/\/www.foretprivee.ca\/gaspesie\/wp-json\/wp\/v2\/media?parent=5"}],"curies":[{"name":"wp","href":"https:\/\/api.w.org\/{rel}","templated":true}]}}