{"id":707,"date":"2019-01-14T21:32:33","date_gmt":"2019-01-14T21:32:33","guid":{"rendered":"https:\/\/www.foretprivee.ca\/centreduquebec\/?page_id=707"},"modified":"2023-10-10T17:09:41","modified_gmt":"2023-10-10T15:09:41","slug":"jaccede-a-la-federation","status":"publish","type":"page","link":"https:\/\/www.foretprivee.ca\/gaspesie\/jaccede-a-la-federation\/","title":{"rendered":"J&rsquo;acc\u00e8de \u00e0 la F\u00e9d\u00e9ration (I access the Federation)"},"content":{"rendered":"\t\t<div data-elementor-type=\"wp-post\" data-elementor-id=\"707\" class=\"elementor elementor-707 elementor-bc-flex-widget\" data-elementor-post-type=\"page\">\n\t\t\t\t\t\t<section class=\"elementor-section elementor-top-section elementor-element elementor-element-c01d2fe elementor-section-boxed elementor-section-height-default elementor-section-height-default\" data-id=\"c01d2fe\" data-element_type=\"section\" data-e-type=\"section\">\n\t\t\t\t\t\t<div class=\"elementor-container elementor-column-gap-default\">\n\t\t\t\t\t<div class=\"elementor-column elementor-col-100 elementor-top-column elementor-element elementor-element-7ea8dede\" data-id=\"7ea8dede\" data-element_type=\"column\" data-e-type=\"column\">\n\t\t\t<div class=\"elementor-widget-wrap elementor-element-populated\">\n\t\t\t\t\t\t<div class=\"elementor-element elementor-element-6e2dfb54 elementor-widget elementor-widget-sub-menu\" data-id=\"6e2dfb54\" data-element_type=\"widget\" data-e-type=\"widget\" data-widget_type=\"sub-menu.default\">\n\t\t\t\t<div class=\"elementor-widget-container\">\n\t\t\t\t\t\n\t\t<div class=\"penega-sub-menu\">\n\n\t\t\t<ul>\n\t\t\t\t\t\t\t\t\t\t<!-- Dropdown -->\n\t\t\t\t\t\t\t\t\t\t\t\t\t\t\t<a href=\"https:\/\/www.foretprivee.ca\/jamenage-ma-foret\/\"  target=\"_blank\">\n\t\t\t\t\t\t\t<li class=\"nth-child-0\">\n\t\t\t\t\t\t\t\tJ'am\u00e9nage ma for\u00eat<br\/>\n\t\t\t\t\t\t\t\t+\n\t\t\t\t\t\t\t<\/li>\n\t\t\t\t\t\t\t\t\t\t\t\t\t<\/a>\n\t\t\t\t\t\t\t\t\t\t\t<a href=\"https:\/\/www.foretprivee.ca\/je-protege-ma-foret\/\"  target=\"_blank\">\n\t\t\t\t\t\t\t<li class=\"nth-child-1\">\n\t\t\t\t\t\t\t\tJe prot\u00e8ger ma for\u00eat<br\/>\n\t\t\t\t\t\t\t\t+\n\t\t\t\t\t\t\t<\/li>\n\t\t\t\t\t\t\t\t\t\t\t\t\t<\/a>\n\t\t\t\t\t\t\t\t\t\t\t<a href=\"https:\/\/www.foretprivee.ca\/je-cherche-du-financement\/\"  target=\"_blank\">\n\t\t\t\t\t\t\t<li class=\"nth-child-2\">\n\t\t\t\t\t\t\t\tJe cherche du financement<br\/>\n\t\t\t\t\t\t\t\t+\n\t\t\t\t\t\t\t<\/li>\n\t\t\t\t\t\t\t\t\t\t\t\t\t<\/a>\n\t\t\t\t\t\t\t\t\t\t\t<a href=\"https:\/\/www.foretprivee.ca\/je-vends-mon-bois\/\"  target=\"_blank\">\n\t\t\t\t\t\t\t<li class=\"nth-child-3\">\n\t\t\t\t\t\t\t\tJe vends mon bois<br\/>\n\t\t\t\t\t\t\t\t+\n\t\t\t\t\t\t\t<\/li>\n\t\t\t\t\t\t\t\t\t\t\t\t\t<\/a>\n\t\t\t\t\t\t\t\t\t\t\t<a href=\"https:\/\/www.foretprivee.ca\/je-cherche-un-expert\/\"  target=\"_blank\">\n\t\t\t\t\t\t\t<li class=\"nth-child-0\">\n\t\t\t\t\t\t\t\tJe cherche un expert<br\/>\n\t\t\t\t\t\t\t\t+\n\t\t\t\t\t\t\t<\/li>\n\t\t\t\t\t\t\t\t\t\t\t\t\t<\/a>\n\t\t\t\t\t\t\t\t\t\t\t<a href=\"https:\/\/www.foretprivee.ca\/je-minforme\/\"  target=\"_blank\">\n\t\t\t\t\t\t\t<li class=\"nth-child-1\">\n\t\t\t\t\t\t\t\tJe m'informe<br\/>\n\t\t\t\t\t\t\t\t+\n\t\t\t\t\t\t\t<\/li>\n\t\t\t\t\t\t\t\t\t\t\t\t\t<\/a>\n\t\t\t\t\t\t\t\t\t\t\t\t\t\t\t<\/ul>\n\t\t<\/div>\n\t\t\t\t\t\t<\/div>\n\t\t\t\t<\/div>\n\t\t\t\t\t<\/div>\n\t\t<\/div>\n\t\t\t\t\t<\/div>\n\t\t<\/section>\n\t\t\t\t<\/div>\n\t\t","protected":false},"excerpt":{"rendered":"<p>&nbsp; J&rsquo;am\u00e9nage ma for\u00eat + &nbsp; &nbsp; &nbsp; Je prot\u00e8ger ma for\u00eat + &nbsp; &nbsp; &nbsp; Je cherche du financement + &nbsp; &nbsp; &nbsp; Je vends mon bois + &nbsp; &nbsp; &nbsp; Je cherche un expert + &nbsp; &nbsp; &nbsp; Je m&rsquo;informe + &nbsp; &nbsp;<\/p>\n","protected":false},"author":13,"featured_media":717,"parent":0,"menu_order":0,"comment_status":"closed","ping_status":"closed","template":"","meta":{"_acf_changed":false,"footnotes":""},"class_list":["post-707","page","type-page","status-publish","has-post-thumbnail","hentry"],"acf":[],"yoast_head":"<!-- This site is optimized with the Yoast SEO plugin v27.4 - https:\/\/yoast.com\/product\/yoast-seo-wordpress\/ -->\n<title>J&#039;acc\u00e8de \u00e0 la F\u00e9d\u00e9ration (I access the Federation) - Syndicat des producteurs de bois de la Gasp\u00e9sie<\/title>\n<meta name=\"robots\" content=\"index, follow, max-snippet:-1, max-image-preview:large, max-video-preview:-1\" \/>\n<link rel=\"canonical\" href=\"https:\/\/www.foretprivee.ca\/gaspesie\/jaccede-a-la-federation\/\" \/>\n<meta property=\"og:locale\" content=\"fr_CA\" \/>\n<meta property=\"og:type\" content=\"article\" \/>\n<meta property=\"og:title\" content=\"J&#039;acc\u00e8de \u00e0 la F\u00e9d\u00e9ration (I access the Federation) - Syndicat des producteurs de bois de la Gasp\u00e9sie\" \/>\n<meta property=\"og:description\" content=\"&nbsp; J&rsquo;am\u00e9nage ma for\u00eat + &nbsp; &nbsp; &nbsp; Je prot\u00e8ger ma for\u00eat + &nbsp; &nbsp; &nbsp; Je cherche du financement + &nbsp; &nbsp; &nbsp; Je vends mon bois + &nbsp; &nbsp; &nbsp; Je cherche un expert + &nbsp; &nbsp; &nbsp; Je m&rsquo;informe + &nbsp; &nbsp;\" \/>\n<meta property=\"og:url\" content=\"https:\/\/www.foretprivee.ca\/gaspesie\/jaccede-a-la-federation\/\" \/>\n<meta property=\"og:site_name\" content=\"Syndicat des producteurs de bois de la Gasp\u00e9sie\" \/>\n<meta property=\"article:modified_time\" content=\"2023-10-10T15:09:41+00:00\" \/>\n<meta property=\"og:image\" content=\"https:\/\/www.foretprivee.ca\/gaspesie\/wp-content\/uploads\/sites\/7\/2019\/01\/Jaccede-a-la-Fede-2-2300x600-1.jpg\" \/>\n\t<meta property=\"og:image:width\" content=\"2301\" \/>\n\t<meta property=\"og:image:height\" content=\"601\" \/>\n\t<meta property=\"og:image:type\" content=\"image\/jpeg\" \/>\n<meta name=\"twitter:card\" content=\"summary_large_image\" \/>\n<meta name=\"twitter:label1\" content=\"Estimation du temps de lecture\" \/>\n\t<meta name=\"twitter:data1\" content=\"1 minute\" \/>\n<script type=\"application\/ld+json\" class=\"yoast-schema-graph\">{\"@context\":\"https:\\\/\\\/schema.org\",\"@graph\":[{\"@type\":\"WebPage\",\"@id\":\"https:\\\/\\\/www.foretprivee.ca\\\/gaspesie\\\/jaccede-a-la-federation\\\/\",\"url\":\"https:\\\/\\\/www.foretprivee.ca\\\/gaspesie\\\/jaccede-a-la-federation\\\/\",\"name\":\"J'acc\u00e8de \u00e0 la F\u00e9d\u00e9ration (I access the Federation) - Syndicat des producteurs de bois de la Gasp\u00e9sie\",\"isPartOf\":{\"@id\":\"https:\\\/\\\/www.foretprivee.ca\\\/gaspesie\\\/#website\"},\"primaryImageOfPage\":{\"@id\":\"https:\\\/\\\/www.foretprivee.ca\\\/gaspesie\\\/jaccede-a-la-federation\\\/#primaryimage\"},\"image\":{\"@id\":\"https:\\\/\\\/www.foretprivee.ca\\\/gaspesie\\\/jaccede-a-la-federation\\\/#primaryimage\"},\"thumbnailUrl\":\"https:\\\/\\\/www.foretprivee.ca\\\/gaspesie\\\/wp-content\\\/uploads\\\/sites\\\/7\\\/2019\\\/01\\\/Jaccede-a-la-Fede-2-2300x600-1.jpg\",\"datePublished\":\"2019-01-14T21:32:33+00:00\",\"dateModified\":\"2023-10-10T15:09:41+00:00\",\"breadcrumb\":{\"@id\":\"https:\\\/\\\/www.foretprivee.ca\\\/gaspesie\\\/jaccede-a-la-federation\\\/#breadcrumb\"},\"inLanguage\":\"fr-CA\",\"potentialAction\":[{\"@type\":\"ReadAction\",\"target\":[\"https:\\\/\\\/www.foretprivee.ca\\\/gaspesie\\\/jaccede-a-la-federation\\\/\"]}]},{\"@type\":\"ImageObject\",\"inLanguage\":\"fr-CA\",\"@id\":\"https:\\\/\\\/www.foretprivee.ca\\\/gaspesie\\\/jaccede-a-la-federation\\\/#primaryimage\",\"url\":\"https:\\\/\\\/www.foretprivee.ca\\\/gaspesie\\\/wp-content\\\/uploads\\\/sites\\\/7\\\/2019\\\/01\\\/Jaccede-a-la-Fede-2-2300x600-1.jpg\",\"contentUrl\":\"https:\\\/\\\/www.foretprivee.ca\\\/gaspesie\\\/wp-content\\\/uploads\\\/sites\\\/7\\\/2019\\\/01\\\/Jaccede-a-la-Fede-2-2300x600-1.jpg\",\"width\":2301,\"height\":601},{\"@type\":\"BreadcrumbList\",\"@id\":\"https:\\\/\\\/www.foretprivee.ca\\\/gaspesie\\\/jaccede-a-la-federation\\\/#breadcrumb\",\"itemListElement\":[{\"@type\":\"ListItem\",\"position\":1,\"name\":\"Accueil\",\"item\":\"https:\\\/\\\/www.foretprivee.ca\\\/gaspesie\\\/\"},{\"@type\":\"ListItem\",\"position\":2,\"name\":\"J&rsquo;acc\u00e8de \u00e0 la F\u00e9d\u00e9ration (I access the Federation)\"}]},{\"@type\":\"WebSite\",\"@id\":\"https:\\\/\\\/www.foretprivee.ca\\\/gaspesie\\\/#website\",\"url\":\"https:\\\/\\\/www.foretprivee.ca\\\/gaspesie\\\/\",\"name\":\"Syndicat des producteurs de bois de la Gasp\u00e9sie\",\"description\":\"Un site utilisant Forets Priv\u00e9es\",\"potentialAction\":[{\"@type\":\"SearchAction\",\"target\":{\"@type\":\"EntryPoint\",\"urlTemplate\":\"https:\\\/\\\/www.foretprivee.ca\\\/gaspesie\\\/?s={search_term_string}\"},\"query-input\":{\"@type\":\"PropertyValueSpecification\",\"valueRequired\":true,\"valueName\":\"search_term_string\"}}],\"inLanguage\":\"fr-CA\"}]}<\/script>\n<!-- \/ Yoast SEO plugin. -->","yoast_head_json":{"title":"J'acc\u00e8de \u00e0 la F\u00e9d\u00e9ration (I access the Federation) - Syndicat des producteurs de bois de la Gasp\u00e9sie","robots":{"index":"index","follow":"follow","max-snippet":"max-snippet:-1","max-image-preview":"max-image-preview:large","max-video-preview":"max-video-preview:-1"},"canonical":"https:\/\/www.foretprivee.ca\/gaspesie\/jaccede-a-la-federation\/","og_locale":"fr_CA","og_type":"article","og_title":"J'acc\u00e8de \u00e0 la F\u00e9d\u00e9ration (I access the Federation) - Syndicat des producteurs de bois de la Gasp\u00e9sie","og_description":"&nbsp; J&rsquo;am\u00e9nage ma for\u00eat + &nbsp; &nbsp; &nbsp; Je prot\u00e8ger ma for\u00eat + &nbsp; &nbsp; &nbsp; Je cherche du financement + &nbsp; &nbsp; &nbsp; Je vends mon bois + &nbsp; &nbsp; &nbsp; Je cherche un expert + &nbsp; &nbsp; &nbsp; Je m&rsquo;informe + &nbsp; &nbsp;","og_url":"https:\/\/www.foretprivee.ca\/gaspesie\/jaccede-a-la-federation\/","og_site_name":"Syndicat des producteurs de bois de la Gasp\u00e9sie","article_modified_time":"2023-10-10T15:09:41+00:00","og_image":[{"width":2301,"height":601,"url":"https:\/\/www.foretprivee.ca\/gaspesie\/wp-content\/uploads\/sites\/7\/2019\/01\/Jaccede-a-la-Fede-2-2300x600-1.jpg","type":"image\/jpeg"}],"twitter_card":"summary_large_image","twitter_misc":{"Estimation du temps de lecture":"1 minute"},"schema":{"@context":"https:\/\/schema.org","@graph":[{"@type":"WebPage","@id":"https:\/\/www.foretprivee.ca\/gaspesie\/jaccede-a-la-federation\/","url":"https:\/\/www.foretprivee.ca\/gaspesie\/jaccede-a-la-federation\/","name":"J'acc\u00e8de \u00e0 la F\u00e9d\u00e9ration (I access the Federation) - Syndicat des producteurs de bois de la Gasp\u00e9sie","isPartOf":{"@id":"https:\/\/www.foretprivee.ca\/gaspesie\/#website"},"primaryImageOfPage":{"@id":"https:\/\/www.foretprivee.ca\/gaspesie\/jaccede-a-la-federation\/#primaryimage"},"image":{"@id":"https:\/\/www.foretprivee.ca\/gaspesie\/jaccede-a-la-federation\/#primaryimage"},"thumbnailUrl":"https:\/\/www.foretprivee.ca\/gaspesie\/wp-content\/uploads\/sites\/7\/2019\/01\/Jaccede-a-la-Fede-2-2300x600-1.jpg","datePublished":"2019-01-14T21:32:33+00:00","dateModified":"2023-10-10T15:09:41+00:00","breadcrumb":{"@id":"https:\/\/www.foretprivee.ca\/gaspesie\/jaccede-a-la-federation\/#breadcrumb"},"inLanguage":"fr-CA","potentialAction":[{"@type":"ReadAction","target":["https:\/\/www.foretprivee.ca\/gaspesie\/jaccede-a-la-federation\/"]}]},{"@type":"ImageObject","inLanguage":"fr-CA","@id":"https:\/\/www.foretprivee.ca\/gaspesie\/jaccede-a-la-federation\/#primaryimage","url":"https:\/\/www.foretprivee.ca\/gaspesie\/wp-content\/uploads\/sites\/7\/2019\/01\/Jaccede-a-la-Fede-2-2300x600-1.jpg","contentUrl":"https:\/\/www.foretprivee.ca\/gaspesie\/wp-content\/uploads\/sites\/7\/2019\/01\/Jaccede-a-la-Fede-2-2300x600-1.jpg","width":2301,"height":601},{"@type":"BreadcrumbList","@id":"https:\/\/www.foretprivee.ca\/gaspesie\/jaccede-a-la-federation\/#breadcrumb","itemListElement":[{"@type":"ListItem","position":1,"name":"Accueil","item":"https:\/\/www.foretprivee.ca\/gaspesie\/"},{"@type":"ListItem","position":2,"name":"J&rsquo;acc\u00e8de \u00e0 la F\u00e9d\u00e9ration (I access the Federation)"}]},{"@type":"WebSite","@id":"https:\/\/www.foretprivee.ca\/gaspesie\/#website","url":"https:\/\/www.foretprivee.ca\/gaspesie\/","name":"Syndicat des producteurs de bois de la Gasp\u00e9sie","description":"Un site utilisant Forets Priv\u00e9es","potentialAction":[{"@type":"SearchAction","target":{"@type":"EntryPoint","urlTemplate":"https:\/\/www.foretprivee.ca\/gaspesie\/?s={search_term_string}"},"query-input":{"@type":"PropertyValueSpecification","valueRequired":true,"valueName":"search_term_string"}}],"inLanguage":"fr-CA"}]}},"_links":{"self":[{"href":"https:\/\/www.foretprivee.ca\/gaspesie\/wp-json\/wp\/v2\/pages\/707","targetHints":{"allow":["GET"]}}],"collection":[{"href":"https:\/\/www.foretprivee.ca\/gaspesie\/wp-json\/wp\/v2\/pages"}],"about":[{"href":"https:\/\/www.foretprivee.ca\/gaspesie\/wp-json\/wp\/v2\/types\/page"}],"author":[{"embeddable":true,"href":"https:\/\/www.foretprivee.ca\/gaspesie\/wp-json\/wp\/v2\/users\/13"}],"replies":[{"embeddable":true,"href":"https:\/\/www.foretprivee.ca\/gaspesie\/wp-json\/wp\/v2\/comments?post=707"}],"version-history":[{"count":0,"href":"https:\/\/www.foretprivee.ca\/gaspesie\/wp-json\/wp\/v2\/pages\/707\/revisions"}],"wp:featuredmedia":[{"embeddable":true,"href":"https:\/\/www.foretprivee.ca\/gaspesie\/wp-json\/wp\/v2\/media\/717"}],"wp:attachment":[{"href":"https:\/\/www.foretprivee.ca\/gaspesie\/wp-json\/wp\/v2\/media?parent=707"}],"curies":[{"name":"wp","href":"https:\/\/api.w.org\/{rel}","templated":true}]}}