{"id":751,"date":"2019-01-17T16:15:22","date_gmt":"2019-01-17T16:15:22","guid":{"rendered":"https:\/\/www.foretprivee.ca\/centreduquebec\/?page_id=751"},"modified":"2023-10-10T20:19:50","modified_gmt":"2023-10-10T18:19:50","slug":"nouvelles","status":"publish","type":"page","link":"https:\/\/www.foretprivee.ca\/gaspesie\/mes-communications-communications\/nouvelles\/","title":{"rendered":"Nouvelles (News)"},"content":{"rendered":"\t\t<div data-elementor-type=\"wp-post\" data-elementor-id=\"751\" class=\"elementor elementor-751 elementor-bc-flex-widget\" data-elementor-post-type=\"page\">\n\t\t\t\t\t\t<section class=\"elementor-section elementor-top-section elementor-element elementor-element-9b914e6 elementor-section-boxed elementor-section-height-default elementor-section-height-default\" data-id=\"9b914e6\" data-element_type=\"section\" data-e-type=\"section\">\n\t\t\t\t\t\t<div class=\"elementor-container elementor-column-gap-default\">\n\t\t\t\t\t<div class=\"elementor-column elementor-col-100 elementor-top-column elementor-element elementor-element-182be75\" data-id=\"182be75\" data-element_type=\"column\" data-e-type=\"column\">\n\t\t\t<div class=\"elementor-widget-wrap elementor-element-populated\">\n\t\t\t\t\t\t<div class=\"elementor-element elementor-element-72c31be elementor-widget elementor-widget-archive-articles\" data-id=\"72c31be\" data-element_type=\"widget\" data-e-type=\"widget\" data-widget_type=\"archive-articles.default\">\n\t\t\t\t<div class=\"elementor-widget-container\">\n\t\t\t\t\t                    <div class=\"penega-archive-nouvelles-container\">\n                                                        <div class=\"article \">\n                        <div class=\"inner\">\n                            <a                                     href=\"https:\/\/www.foretprivee.ca\/gaspesie\/\/bonjour-tout-le-monde\">\n                                <div class=\"titre\">\n                                                                        <h2>Bonjour tout le monde\u00a0!<\/h2>\n                                    <span>2022-11-04<\/span>\n                                    <img decoding=\"async\" src=\"\/wp-content\/themes\/penega\/assets\/images\/arrow-right-black.png\"\/>\n                                <\/div>\n                            <\/a>\n                                                            <div class=\"content\">\n                                    Bienvenue sur Forets Priv\u00e9es. Vous lisez votre premier article. Modifiez-le ou supprimez-le, puis commencez \u00e0 publier&nbsp;!                                    <p class=\"link-more\">\n                                        <a                                                 href=\"https:\/\/www.foretprivee.ca\/gaspesie\/\/bonjour-tout-le-monde\" class=\"more-link\">\n                                            Lire la suite                                        <\/a>\n                                    <\/p>\n                                <\/div>\n                                                    <\/div>\n                    <\/div>\n                                            <\/div>\n            <script type=\"text\/javascript\">\n                ( function ( $ ) {\n                    $(document).ready(function () {\n                        $('a.more').on('click', function () {\n                            $('.article.not-active:lt(10)').removeClass('not-active');\n                            if ($('.article.not-active').length === 0) {\n                                $('.more-container').hide();\n                            }\n                        });\n                    });\n                } )(jQuery);\n            <\/script>\n                \t\t\t\t<\/div>\n\t\t\t\t<\/div>\n\t\t\t\t\t<\/div>\n\t\t<\/div>\n\t\t\t\t\t<\/div>\n\t\t<\/section>\n\t\t\t\t<\/div>\n\t\t","protected":false},"excerpt":{"rendered":"<p>&nbsp; \u00c9cho forestier &#8211; juin 2019 2019-06-21 \u00c9cho forestier &#8211; juin 2019 2019-06-21 Voici l\u2019\u00c9cho forestier de juin 2019. Consulter le PDF en cliquant ici. Lire la suite \u00c9tat de mise en march\u00e9 &#8211; 28 mai 2019 2019-05-29 \u00c9tat de mise en march\u00e9 &#8211; 15 avril 2019 2019-04-18 \u00c9cho forestier &#8211; avril 2019 2019-04-09 \u00c9tat &hellip; <\/p>\n<p class=\"link-more\"><a href=\"https:\/\/www.foretprivee.ca\/gaspesie\/mes-communications-communications\/nouvelles\/\" class=\"more-link\">Lire la suite<\/a><\/p>\n","protected":false},"author":13,"featured_media":0,"parent":43,"menu_order":0,"comment_status":"closed","ping_status":"closed","template":"","meta":{"_acf_changed":false,"footnotes":""},"class_list":["post-751","page","type-page","status-publish","hentry"],"acf":[],"yoast_head":"<!-- This site is optimized with the Yoast SEO plugin v27.4 - https:\/\/yoast.com\/product\/yoast-seo-wordpress\/ -->\n<title>Nouvelles (News) - Syndicat des producteurs de bois de la Gasp\u00e9sie<\/title>\n<meta name=\"robots\" content=\"index, follow, max-snippet:-1, max-image-preview:large, max-video-preview:-1\" \/>\n<link rel=\"canonical\" href=\"https:\/\/www.foretprivee.ca\/gaspesie\/mes-communications-communications\/nouvelles\/\" \/>\n<meta property=\"og:locale\" content=\"fr_CA\" \/>\n<meta property=\"og:type\" content=\"article\" \/>\n<meta property=\"og:title\" content=\"Nouvelles (News) - Syndicat des producteurs de bois de la Gasp\u00e9sie\" \/>\n<meta property=\"og:description\" content=\"&nbsp; \u00c9cho forestier &#8211; juin 2019 2019-06-21 \u00c9cho forestier &#8211; juin 2019 2019-06-21 Voici l\u2019\u00c9cho forestier de juin 2019. Consulter le PDF en cliquant ici. Lire la suite \u00c9tat de mise en march\u00e9 &#8211; 28 mai 2019 2019-05-29 \u00c9tat de mise en march\u00e9 &#8211; 15 avril 2019 2019-04-18 \u00c9cho forestier &#8211; avril 2019 2019-04-09 \u00c9tat &hellip; Lire la suite\" \/>\n<meta property=\"og:url\" content=\"https:\/\/www.foretprivee.ca\/gaspesie\/mes-communications-communications\/nouvelles\/\" \/>\n<meta property=\"og:site_name\" content=\"Syndicat des producteurs de bois de la Gasp\u00e9sie\" \/>\n<meta property=\"article:modified_time\" content=\"2023-10-10T18:19:50+00:00\" \/>\n<meta name=\"twitter:card\" content=\"summary_large_image\" \/>\n<meta name=\"twitter:label1\" content=\"Estimation du temps de lecture\" \/>\n\t<meta name=\"twitter:data1\" content=\"15 minutes\" \/>\n<script type=\"application\/ld+json\" class=\"yoast-schema-graph\">{\"@context\":\"https:\\\/\\\/schema.org\",\"@graph\":[{\"@type\":\"WebPage\",\"@id\":\"https:\\\/\\\/www.foretprivee.ca\\\/gaspesie\\\/mes-communications-communications\\\/nouvelles\\\/\",\"url\":\"https:\\\/\\\/www.foretprivee.ca\\\/gaspesie\\\/mes-communications-communications\\\/nouvelles\\\/\",\"name\":\"Nouvelles (News) - Syndicat des producteurs de bois de la Gasp\u00e9sie\",\"isPartOf\":{\"@id\":\"https:\\\/\\\/www.foretprivee.ca\\\/gaspesie\\\/#website\"},\"datePublished\":\"2019-01-17T16:15:22+00:00\",\"dateModified\":\"2023-10-10T18:19:50+00:00\",\"breadcrumb\":{\"@id\":\"https:\\\/\\\/www.foretprivee.ca\\\/gaspesie\\\/mes-communications-communications\\\/nouvelles\\\/#breadcrumb\"},\"inLanguage\":\"fr-CA\",\"potentialAction\":[{\"@type\":\"ReadAction\",\"target\":[\"https:\\\/\\\/www.foretprivee.ca\\\/gaspesie\\\/mes-communications-communications\\\/nouvelles\\\/\"]}]},{\"@type\":\"BreadcrumbList\",\"@id\":\"https:\\\/\\\/www.foretprivee.ca\\\/gaspesie\\\/mes-communications-communications\\\/nouvelles\\\/#breadcrumb\",\"itemListElement\":[{\"@type\":\"ListItem\",\"position\":1,\"name\":\"Accueil\",\"item\":\"https:\\\/\\\/www.foretprivee.ca\\\/gaspesie\\\/\"},{\"@type\":\"ListItem\",\"position\":2,\"name\":\"Mes communications (Communications)\",\"item\":\"https:\\\/\\\/www.foretprivee.ca\\\/gaspesie\\\/mes-communications-communications\\\/\"},{\"@type\":\"ListItem\",\"position\":3,\"name\":\"Nouvelles (News)\"}]},{\"@type\":\"WebSite\",\"@id\":\"https:\\\/\\\/www.foretprivee.ca\\\/gaspesie\\\/#website\",\"url\":\"https:\\\/\\\/www.foretprivee.ca\\\/gaspesie\\\/\",\"name\":\"Syndicat des producteurs de bois de la Gasp\u00e9sie\",\"description\":\"Un site utilisant Forets Priv\u00e9es\",\"potentialAction\":[{\"@type\":\"SearchAction\",\"target\":{\"@type\":\"EntryPoint\",\"urlTemplate\":\"https:\\\/\\\/www.foretprivee.ca\\\/gaspesie\\\/?s={search_term_string}\"},\"query-input\":{\"@type\":\"PropertyValueSpecification\",\"valueRequired\":true,\"valueName\":\"search_term_string\"}}],\"inLanguage\":\"fr-CA\"}]}<\/script>\n<!-- \/ Yoast SEO plugin. -->","yoast_head_json":{"title":"Nouvelles (News) - Syndicat des producteurs de bois de la Gasp\u00e9sie","robots":{"index":"index","follow":"follow","max-snippet":"max-snippet:-1","max-image-preview":"max-image-preview:large","max-video-preview":"max-video-preview:-1"},"canonical":"https:\/\/www.foretprivee.ca\/gaspesie\/mes-communications-communications\/nouvelles\/","og_locale":"fr_CA","og_type":"article","og_title":"Nouvelles (News) - Syndicat des producteurs de bois de la Gasp\u00e9sie","og_description":"&nbsp; \u00c9cho forestier &#8211; juin 2019 2019-06-21 \u00c9cho forestier &#8211; juin 2019 2019-06-21 Voici l\u2019\u00c9cho forestier de juin 2019. Consulter le PDF en cliquant ici. Lire la suite \u00c9tat de mise en march\u00e9 &#8211; 28 mai 2019 2019-05-29 \u00c9tat de mise en march\u00e9 &#8211; 15 avril 2019 2019-04-18 \u00c9cho forestier &#8211; avril 2019 2019-04-09 \u00c9tat &hellip; Lire la suite","og_url":"https:\/\/www.foretprivee.ca\/gaspesie\/mes-communications-communications\/nouvelles\/","og_site_name":"Syndicat des producteurs de bois de la Gasp\u00e9sie","article_modified_time":"2023-10-10T18:19:50+00:00","twitter_card":"summary_large_image","twitter_misc":{"Estimation du temps de lecture":"15 minutes"},"schema":{"@context":"https:\/\/schema.org","@graph":[{"@type":"WebPage","@id":"https:\/\/www.foretprivee.ca\/gaspesie\/mes-communications-communications\/nouvelles\/","url":"https:\/\/www.foretprivee.ca\/gaspesie\/mes-communications-communications\/nouvelles\/","name":"Nouvelles (News) - Syndicat des producteurs de bois de la Gasp\u00e9sie","isPartOf":{"@id":"https:\/\/www.foretprivee.ca\/gaspesie\/#website"},"datePublished":"2019-01-17T16:15:22+00:00","dateModified":"2023-10-10T18:19:50+00:00","breadcrumb":{"@id":"https:\/\/www.foretprivee.ca\/gaspesie\/mes-communications-communications\/nouvelles\/#breadcrumb"},"inLanguage":"fr-CA","potentialAction":[{"@type":"ReadAction","target":["https:\/\/www.foretprivee.ca\/gaspesie\/mes-communications-communications\/nouvelles\/"]}]},{"@type":"BreadcrumbList","@id":"https:\/\/www.foretprivee.ca\/gaspesie\/mes-communications-communications\/nouvelles\/#breadcrumb","itemListElement":[{"@type":"ListItem","position":1,"name":"Accueil","item":"https:\/\/www.foretprivee.ca\/gaspesie\/"},{"@type":"ListItem","position":2,"name":"Mes communications (Communications)","item":"https:\/\/www.foretprivee.ca\/gaspesie\/mes-communications-communications\/"},{"@type":"ListItem","position":3,"name":"Nouvelles (News)"}]},{"@type":"WebSite","@id":"https:\/\/www.foretprivee.ca\/gaspesie\/#website","url":"https:\/\/www.foretprivee.ca\/gaspesie\/","name":"Syndicat des producteurs de bois de la Gasp\u00e9sie","description":"Un site utilisant Forets Priv\u00e9es","potentialAction":[{"@type":"SearchAction","target":{"@type":"EntryPoint","urlTemplate":"https:\/\/www.foretprivee.ca\/gaspesie\/?s={search_term_string}"},"query-input":{"@type":"PropertyValueSpecification","valueRequired":true,"valueName":"search_term_string"}}],"inLanguage":"fr-CA"}]}},"_links":{"self":[{"href":"https:\/\/www.foretprivee.ca\/gaspesie\/wp-json\/wp\/v2\/pages\/751","targetHints":{"allow":["GET"]}}],"collection":[{"href":"https:\/\/www.foretprivee.ca\/gaspesie\/wp-json\/wp\/v2\/pages"}],"about":[{"href":"https:\/\/www.foretprivee.ca\/gaspesie\/wp-json\/wp\/v2\/types\/page"}],"author":[{"embeddable":true,"href":"https:\/\/www.foretprivee.ca\/gaspesie\/wp-json\/wp\/v2\/users\/13"}],"replies":[{"embeddable":true,"href":"https:\/\/www.foretprivee.ca\/gaspesie\/wp-json\/wp\/v2\/comments?post=751"}],"version-history":[{"count":0,"href":"https:\/\/www.foretprivee.ca\/gaspesie\/wp-json\/wp\/v2\/pages\/751\/revisions"}],"up":[{"embeddable":true,"href":"https:\/\/www.foretprivee.ca\/gaspesie\/wp-json\/wp\/v2\/pages\/43"}],"wp:attachment":[{"href":"https:\/\/www.foretprivee.ca\/gaspesie\/wp-json\/wp\/v2\/media?parent=751"}],"curies":[{"name":"wp","href":"https:\/\/api.w.org\/{rel}","templated":true}]}}