{"id":9,"date":"2018-12-13T20:10:07","date_gmt":"2018-12-13T20:10:07","guid":{"rendered":"https:\/\/www.foretprivee.ca\/centreduquebec\/?page_id=9"},"modified":"2023-10-10T20:35:28","modified_gmt":"2023-10-10T18:35:28","slug":"conseil-dadministration-board-of-directors","status":"publish","type":"page","link":"https:\/\/www.foretprivee.ca\/gaspesie\/mon-syndicat-my-syndicate\/conseil-dadministration-board-of-directors\/","title":{"rendered":"Conseil d&rsquo;administration(Board of directors)"},"content":{"rendered":"\t\t<div data-elementor-type=\"wp-post\" data-elementor-id=\"9\" class=\"elementor elementor-9\" data-elementor-post-type=\"page\">\n\t\t\t\t\t\t<section class=\"elementor-section elementor-top-section elementor-element elementor-element-cfc3247 elementor-section-boxed elementor-section-height-default elementor-section-height-default\" data-id=\"cfc3247\" data-element_type=\"section\" data-e-type=\"section\">\n\t\t\t\t\t\t<div class=\"elementor-container elementor-column-gap-default\">\n\t\t\t\t\t<div class=\"elementor-column elementor-col-33 elementor-top-column elementor-element elementor-element-943e157\" data-id=\"943e157\" data-element_type=\"column\" data-e-type=\"column\">\n\t\t\t<div class=\"elementor-widget-wrap elementor-element-populated\">\n\t\t\t\t\t\t<div class=\"elementor-element elementor-element-92252a8 elementor-widget elementor-widget-text-editor\" data-id=\"92252a8\" data-element_type=\"widget\" data-e-type=\"widget\" data-widget_type=\"text-editor.default\">\n\t\t\t\t<div class=\"elementor-widget-container\">\n\t\t\t\t\t\t\t\t\t<p>Pierre-Luc Arsenault<br \/><strong>Pr\u00e9sident<\/strong><\/p>\t\t\t\t\t\t\t\t<\/div>\n\t\t\t\t<\/div>\n\t\t\t\t<div class=\"elementor-element elementor-element-1e6fe7d elementor-widget-divider--view-line elementor-widget elementor-widget-divider\" data-id=\"1e6fe7d\" data-element_type=\"widget\" data-e-type=\"widget\" data-widget_type=\"divider.default\">\n\t\t\t\t<div class=\"elementor-widget-container\">\n\t\t\t\t\t\t\t<div class=\"elementor-divider\">\n\t\t\t<span class=\"elementor-divider-separator\">\n\t\t\t\t\t\t<\/span>\n\t\t<\/div>\n\t\t\t\t\t\t<\/div>\n\t\t\t\t<\/div>\n\t\t\t\t<div class=\"elementor-element elementor-element-fba1010 elementor-widget elementor-widget-text-editor\" data-id=\"fba1010\" data-element_type=\"widget\" data-e-type=\"widget\" data-widget_type=\"text-editor.default\">\n\t\t\t\t<div class=\"elementor-widget-container\">\n\t\t\t\t\t\t\t\t\t<p>Bernard B\u00e9langer<br \/><strong>2<sup>e<\/sup> vice-pr\u00e9sident<\/strong><\/p>\t\t\t\t\t\t\t\t<\/div>\n\t\t\t\t<\/div>\n\t\t\t\t<div class=\"elementor-element elementor-element-434f88c elementor-widget-divider--view-line elementor-widget elementor-widget-divider\" data-id=\"434f88c\" data-element_type=\"widget\" data-e-type=\"widget\" data-widget_type=\"divider.default\">\n\t\t\t\t<div class=\"elementor-widget-container\">\n\t\t\t\t\t\t\t<div class=\"elementor-divider\">\n\t\t\t<span class=\"elementor-divider-separator\">\n\t\t\t\t\t\t<\/span>\n\t\t<\/div>\n\t\t\t\t\t\t<\/div>\n\t\t\t\t<\/div>\n\t\t\t\t<div class=\"elementor-element elementor-element-1fae366 elementor-widget elementor-widget-text-editor\" data-id=\"1fae366\" data-element_type=\"widget\" data-e-type=\"widget\" data-widget_type=\"text-editor.default\">\n\t\t\t\t<div class=\"elementor-widget-container\">\n\t\t\t\t\t\t\t\t\t<p>Bernard Saint-Pierre<br \/><strong>Administrateur<\/strong><\/p>\t\t\t\t\t\t\t\t<\/div>\n\t\t\t\t<\/div>\n\t\t\t\t<div class=\"elementor-element elementor-element-6c843ed elementor-widget-divider--view-line elementor-widget elementor-widget-divider\" data-id=\"6c843ed\" data-element_type=\"widget\" data-e-type=\"widget\" data-widget_type=\"divider.default\">\n\t\t\t\t<div class=\"elementor-widget-container\">\n\t\t\t\t\t\t\t<div class=\"elementor-divider\">\n\t\t\t<span class=\"elementor-divider-separator\">\n\t\t\t\t\t\t<\/span>\n\t\t<\/div>\n\t\t\t\t\t\t<\/div>\n\t\t\t\t<\/div>\n\t\t\t\t<div class=\"elementor-element elementor-element-41cd93c elementor-widget elementor-widget-text-editor\" data-id=\"41cd93c\" data-element_type=\"widget\" data-e-type=\"widget\" data-widget_type=\"text-editor.default\">\n\t\t\t\t<div class=\"elementor-widget-container\">\n\t\t\t\t\t\t\t\t\t<p>R\u00e9my LeBlanc<br \/><strong>Administrateur<\/strong><\/p>\t\t\t\t\t\t\t\t<\/div>\n\t\t\t\t<\/div>\n\t\t\t\t<div class=\"elementor-element elementor-element-37aced2 elementor-widget-divider--view-line elementor-widget elementor-widget-divider\" data-id=\"37aced2\" data-element_type=\"widget\" data-e-type=\"widget\" data-widget_type=\"divider.default\">\n\t\t\t\t<div class=\"elementor-widget-container\">\n\t\t\t\t\t\t\t<div class=\"elementor-divider\">\n\t\t\t<span class=\"elementor-divider-separator\">\n\t\t\t\t\t\t<\/span>\n\t\t<\/div>\n\t\t\t\t\t\t<\/div>\n\t\t\t\t<\/div>\n\t\t\t\t\t<\/div>\n\t\t<\/div>\n\t\t\t\t<div class=\"elementor-column elementor-col-33 elementor-top-column elementor-element elementor-element-ebbbe0a\" data-id=\"ebbbe0a\" data-element_type=\"column\" data-e-type=\"column\">\n\t\t\t<div class=\"elementor-widget-wrap elementor-element-populated\">\n\t\t\t\t\t\t<div class=\"elementor-element elementor-element-660ed47 elementor-widget elementor-widget-text-editor\" data-id=\"660ed47\" data-element_type=\"widget\" data-e-type=\"widget\" data-widget_type=\"text-editor.default\">\n\t\t\t\t<div class=\"elementor-widget-container\">\n\t\t\t\t\t\t\t\t\t<p>Lowney Williamson<br \/><strong>1<sup>er<\/sup> vice-pr\u00e9sident<\/strong><\/p>\t\t\t\t\t\t\t\t<\/div>\n\t\t\t\t<\/div>\n\t\t\t\t<div class=\"elementor-element elementor-element-79e19b3 elementor-widget-divider--view-line elementor-widget elementor-widget-divider\" data-id=\"79e19b3\" data-element_type=\"widget\" data-e-type=\"widget\" data-widget_type=\"divider.default\">\n\t\t\t\t<div class=\"elementor-widget-container\">\n\t\t\t\t\t\t\t<div class=\"elementor-divider\">\n\t\t\t<span class=\"elementor-divider-separator\">\n\t\t\t\t\t\t<\/span>\n\t\t<\/div>\n\t\t\t\t\t\t<\/div>\n\t\t\t\t<\/div>\n\t\t\t\t<div class=\"elementor-element elementor-element-58c4a9b elementor-widget elementor-widget-text-editor\" data-id=\"58c4a9b\" data-element_type=\"widget\" data-e-type=\"widget\" data-widget_type=\"text-editor.default\">\n\t\t\t\t<div class=\"elementor-widget-container\">\n\t\t\t\t\t\t\t\t\t<p>Claudel Francoeur<br \/><strong>Administrateur<\/strong><\/p>\t\t\t\t\t\t\t\t<\/div>\n\t\t\t\t<\/div>\n\t\t\t\t<div class=\"elementor-element elementor-element-6a7a2ce elementor-widget-divider--view-line elementor-widget elementor-widget-divider\" data-id=\"6a7a2ce\" data-element_type=\"widget\" data-e-type=\"widget\" data-widget_type=\"divider.default\">\n\t\t\t\t<div class=\"elementor-widget-container\">\n\t\t\t\t\t\t\t<div class=\"elementor-divider\">\n\t\t\t<span class=\"elementor-divider-separator\">\n\t\t\t\t\t\t<\/span>\n\t\t<\/div>\n\t\t\t\t\t\t<\/div>\n\t\t\t\t<\/div>\n\t\t\t\t<div class=\"elementor-element elementor-element-01d878e elementor-widget elementor-widget-text-editor\" data-id=\"01d878e\" data-element_type=\"widget\" data-e-type=\"widget\" data-widget_type=\"text-editor.default\">\n\t\t\t\t<div class=\"elementor-widget-container\">\n\t\t\t\t\t\t\t\t\t<p>Jean-Luc Chouinard<br \/><strong>Administrateur<\/strong><\/p>\t\t\t\t\t\t\t\t<\/div>\n\t\t\t\t<\/div>\n\t\t\t\t<div class=\"elementor-element elementor-element-abd475d elementor-widget-divider--view-line elementor-widget elementor-widget-divider\" data-id=\"abd475d\" data-element_type=\"widget\" data-e-type=\"widget\" data-widget_type=\"divider.default\">\n\t\t\t\t<div class=\"elementor-widget-container\">\n\t\t\t\t\t\t\t<div class=\"elementor-divider\">\n\t\t\t<span class=\"elementor-divider-separator\">\n\t\t\t\t\t\t<\/span>\n\t\t<\/div>\n\t\t\t\t\t\t<\/div>\n\t\t\t\t<\/div>\n\t\t\t\t<div class=\"elementor-element elementor-element-e124e31 elementor-widget elementor-widget-text-editor\" data-id=\"e124e31\" data-element_type=\"widget\" data-e-type=\"widget\" data-widget_type=\"text-editor.default\">\n\t\t\t\t<div class=\"elementor-widget-container\">\n\t\t\t\t\t\t\t\t\t<p>Marcel Mainville<br \/><strong>Administrateur<\/strong><\/p>\t\t\t\t\t\t\t\t<\/div>\n\t\t\t\t<\/div>\n\t\t\t\t<div class=\"elementor-element elementor-element-94448ea elementor-widget-divider--view-line elementor-widget elementor-widget-divider\" data-id=\"94448ea\" data-element_type=\"widget\" data-e-type=\"widget\" data-widget_type=\"divider.default\">\n\t\t\t\t<div class=\"elementor-widget-container\">\n\t\t\t\t\t\t\t<div class=\"elementor-divider\">\n\t\t\t<span class=\"elementor-divider-separator\">\n\t\t\t\t\t\t<\/span>\n\t\t<\/div>\n\t\t\t\t\t\t<\/div>\n\t\t\t\t<\/div>\n\t\t\t\t\t<\/div>\n\t\t<\/div>\n\t\t\t\t<div class=\"elementor-column elementor-col-33 elementor-top-column elementor-element elementor-element-1fd914c\" data-id=\"1fd914c\" data-element_type=\"column\" data-e-type=\"column\">\n\t\t\t<div class=\"elementor-widget-wrap\">\n\t\t\t\t\t\t\t<\/div>\n\t\t<\/div>\n\t\t\t\t\t<\/div>\n\t\t<\/section>\n\t\t\t\t<\/div>\n\t\t","protected":false},"excerpt":{"rendered":"<p>Pierre-Luc ArsenaultPr\u00e9sident Bernard B\u00e9langer2e vice-pr\u00e9sident Bernard Saint-PierreAdministrateur R\u00e9my LeBlancAdministrateur Lowney Williamson1er vice-pr\u00e9sident Claudel FrancoeurAdministrateur Jean-Luc ChouinardAdministrateur Marcel MainvilleAdministrateur<\/p>\n","protected":false},"author":13,"featured_media":0,"parent":5,"menu_order":0,"comment_status":"closed","ping_status":"closed","template":"","meta":{"_acf_changed":false,"footnotes":""},"class_list":["post-9","page","type-page","status-publish","hentry"],"acf":[],"yoast_head":"<!-- This site is optimized with the Yoast SEO plugin v27.4 - https:\/\/yoast.com\/product\/yoast-seo-wordpress\/ -->\n<title>Conseil d&#039;administration(Board of directors) - Syndicat des producteurs de bois de la Gasp\u00e9sie<\/title>\n<meta name=\"robots\" content=\"index, follow, max-snippet:-1, max-image-preview:large, max-video-preview:-1\" \/>\n<link rel=\"canonical\" href=\"https:\/\/www.foretprivee.ca\/gaspesie\/mon-syndicat-my-syndicate\/conseil-dadministration-board-of-directors\/\" \/>\n<meta property=\"og:locale\" content=\"fr_CA\" \/>\n<meta property=\"og:type\" content=\"article\" \/>\n<meta property=\"og:title\" content=\"Conseil d&#039;administration(Board of directors) - Syndicat des producteurs de bois de la Gasp\u00e9sie\" \/>\n<meta property=\"og:description\" content=\"Pierre-Luc ArsenaultPr\u00e9sident Bernard B\u00e9langer2e vice-pr\u00e9sident Bernard Saint-PierreAdministrateur R\u00e9my LeBlancAdministrateur Lowney Williamson1er vice-pr\u00e9sident Claudel FrancoeurAdministrateur Jean-Luc ChouinardAdministrateur Marcel MainvilleAdministrateur\" \/>\n<meta property=\"og:url\" content=\"https:\/\/www.foretprivee.ca\/gaspesie\/mon-syndicat-my-syndicate\/conseil-dadministration-board-of-directors\/\" \/>\n<meta property=\"og:site_name\" content=\"Syndicat des producteurs de bois de la Gasp\u00e9sie\" \/>\n<meta property=\"article:modified_time\" content=\"2023-10-10T18:35:28+00:00\" \/>\n<meta name=\"twitter:card\" content=\"summary_large_image\" \/>\n<meta name=\"twitter:label1\" content=\"Estimation du temps de lecture\" \/>\n\t<meta name=\"twitter:data1\" content=\"1 minute\" \/>\n<script type=\"application\/ld+json\" class=\"yoast-schema-graph\">{\"@context\":\"https:\\\/\\\/schema.org\",\"@graph\":[{\"@type\":\"WebPage\",\"@id\":\"https:\\\/\\\/www.foretprivee.ca\\\/gaspesie\\\/mon-syndicat-my-syndicate\\\/conseil-dadministration-board-of-directors\\\/\",\"url\":\"https:\\\/\\\/www.foretprivee.ca\\\/gaspesie\\\/mon-syndicat-my-syndicate\\\/conseil-dadministration-board-of-directors\\\/\",\"name\":\"Conseil d'administration(Board of directors) - Syndicat des producteurs de bois de la Gasp\u00e9sie\",\"isPartOf\":{\"@id\":\"https:\\\/\\\/www.foretprivee.ca\\\/gaspesie\\\/#website\"},\"datePublished\":\"2018-12-13T20:10:07+00:00\",\"dateModified\":\"2023-10-10T18:35:28+00:00\",\"breadcrumb\":{\"@id\":\"https:\\\/\\\/www.foretprivee.ca\\\/gaspesie\\\/mon-syndicat-my-syndicate\\\/conseil-dadministration-board-of-directors\\\/#breadcrumb\"},\"inLanguage\":\"fr-CA\",\"potentialAction\":[{\"@type\":\"ReadAction\",\"target\":[\"https:\\\/\\\/www.foretprivee.ca\\\/gaspesie\\\/mon-syndicat-my-syndicate\\\/conseil-dadministration-board-of-directors\\\/\"]}]},{\"@type\":\"BreadcrumbList\",\"@id\":\"https:\\\/\\\/www.foretprivee.ca\\\/gaspesie\\\/mon-syndicat-my-syndicate\\\/conseil-dadministration-board-of-directors\\\/#breadcrumb\",\"itemListElement\":[{\"@type\":\"ListItem\",\"position\":1,\"name\":\"Accueil\",\"item\":\"https:\\\/\\\/www.foretprivee.ca\\\/gaspesie\\\/\"},{\"@type\":\"ListItem\",\"position\":2,\"name\":\"Mon syndicat (My Syndicate)\",\"item\":\"https:\\\/\\\/www.foretprivee.ca\\\/gaspesie\\\/mon-syndicat-my-syndicate\\\/\"},{\"@type\":\"ListItem\",\"position\":3,\"name\":\"Conseil d&rsquo;administration(Board of directors)\"}]},{\"@type\":\"WebSite\",\"@id\":\"https:\\\/\\\/www.foretprivee.ca\\\/gaspesie\\\/#website\",\"url\":\"https:\\\/\\\/www.foretprivee.ca\\\/gaspesie\\\/\",\"name\":\"Syndicat des producteurs de bois de la Gasp\u00e9sie\",\"description\":\"Un site utilisant Forets Priv\u00e9es\",\"potentialAction\":[{\"@type\":\"SearchAction\",\"target\":{\"@type\":\"EntryPoint\",\"urlTemplate\":\"https:\\\/\\\/www.foretprivee.ca\\\/gaspesie\\\/?s={search_term_string}\"},\"query-input\":{\"@type\":\"PropertyValueSpecification\",\"valueRequired\":true,\"valueName\":\"search_term_string\"}}],\"inLanguage\":\"fr-CA\"}]}<\/script>\n<!-- \/ Yoast SEO plugin. -->","yoast_head_json":{"title":"Conseil d'administration(Board of directors) - Syndicat des producteurs de bois de la Gasp\u00e9sie","robots":{"index":"index","follow":"follow","max-snippet":"max-snippet:-1","max-image-preview":"max-image-preview:large","max-video-preview":"max-video-preview:-1"},"canonical":"https:\/\/www.foretprivee.ca\/gaspesie\/mon-syndicat-my-syndicate\/conseil-dadministration-board-of-directors\/","og_locale":"fr_CA","og_type":"article","og_title":"Conseil d'administration(Board of directors) - Syndicat des producteurs de bois de la Gasp\u00e9sie","og_description":"Pierre-Luc ArsenaultPr\u00e9sident Bernard B\u00e9langer2e vice-pr\u00e9sident Bernard Saint-PierreAdministrateur R\u00e9my LeBlancAdministrateur Lowney Williamson1er vice-pr\u00e9sident Claudel FrancoeurAdministrateur Jean-Luc ChouinardAdministrateur Marcel MainvilleAdministrateur","og_url":"https:\/\/www.foretprivee.ca\/gaspesie\/mon-syndicat-my-syndicate\/conseil-dadministration-board-of-directors\/","og_site_name":"Syndicat des producteurs de bois de la Gasp\u00e9sie","article_modified_time":"2023-10-10T18:35:28+00:00","twitter_card":"summary_large_image","twitter_misc":{"Estimation du temps de lecture":"1 minute"},"schema":{"@context":"https:\/\/schema.org","@graph":[{"@type":"WebPage","@id":"https:\/\/www.foretprivee.ca\/gaspesie\/mon-syndicat-my-syndicate\/conseil-dadministration-board-of-directors\/","url":"https:\/\/www.foretprivee.ca\/gaspesie\/mon-syndicat-my-syndicate\/conseil-dadministration-board-of-directors\/","name":"Conseil d'administration(Board of directors) - Syndicat des producteurs de bois de la Gasp\u00e9sie","isPartOf":{"@id":"https:\/\/www.foretprivee.ca\/gaspesie\/#website"},"datePublished":"2018-12-13T20:10:07+00:00","dateModified":"2023-10-10T18:35:28+00:00","breadcrumb":{"@id":"https:\/\/www.foretprivee.ca\/gaspesie\/mon-syndicat-my-syndicate\/conseil-dadministration-board-of-directors\/#breadcrumb"},"inLanguage":"fr-CA","potentialAction":[{"@type":"ReadAction","target":["https:\/\/www.foretprivee.ca\/gaspesie\/mon-syndicat-my-syndicate\/conseil-dadministration-board-of-directors\/"]}]},{"@type":"BreadcrumbList","@id":"https:\/\/www.foretprivee.ca\/gaspesie\/mon-syndicat-my-syndicate\/conseil-dadministration-board-of-directors\/#breadcrumb","itemListElement":[{"@type":"ListItem","position":1,"name":"Accueil","item":"https:\/\/www.foretprivee.ca\/gaspesie\/"},{"@type":"ListItem","position":2,"name":"Mon syndicat (My Syndicate)","item":"https:\/\/www.foretprivee.ca\/gaspesie\/mon-syndicat-my-syndicate\/"},{"@type":"ListItem","position":3,"name":"Conseil d&rsquo;administration(Board of directors)"}]},{"@type":"WebSite","@id":"https:\/\/www.foretprivee.ca\/gaspesie\/#website","url":"https:\/\/www.foretprivee.ca\/gaspesie\/","name":"Syndicat des producteurs de bois de la Gasp\u00e9sie","description":"Un site utilisant Forets Priv\u00e9es","potentialAction":[{"@type":"SearchAction","target":{"@type":"EntryPoint","urlTemplate":"https:\/\/www.foretprivee.ca\/gaspesie\/?s={search_term_string}"},"query-input":{"@type":"PropertyValueSpecification","valueRequired":true,"valueName":"search_term_string"}}],"inLanguage":"fr-CA"}]}},"_links":{"self":[{"href":"https:\/\/www.foretprivee.ca\/gaspesie\/wp-json\/wp\/v2\/pages\/9","targetHints":{"allow":["GET"]}}],"collection":[{"href":"https:\/\/www.foretprivee.ca\/gaspesie\/wp-json\/wp\/v2\/pages"}],"about":[{"href":"https:\/\/www.foretprivee.ca\/gaspesie\/wp-json\/wp\/v2\/types\/page"}],"author":[{"embeddable":true,"href":"https:\/\/www.foretprivee.ca\/gaspesie\/wp-json\/wp\/v2\/users\/13"}],"replies":[{"embeddable":true,"href":"https:\/\/www.foretprivee.ca\/gaspesie\/wp-json\/wp\/v2\/comments?post=9"}],"version-history":[{"count":0,"href":"https:\/\/www.foretprivee.ca\/gaspesie\/wp-json\/wp\/v2\/pages\/9\/revisions"}],"up":[{"embeddable":true,"href":"https:\/\/www.foretprivee.ca\/gaspesie\/wp-json\/wp\/v2\/pages\/5"}],"wp:attachment":[{"href":"https:\/\/www.foretprivee.ca\/gaspesie\/wp-json\/wp\/v2\/media?parent=9"}],"curies":[{"name":"wp","href":"https:\/\/api.w.org\/{rel}","templated":true}]}}