{"id":92,"date":"2018-12-14T14:30:35","date_gmt":"2018-12-14T14:30:35","guid":{"rendered":"https:\/\/www.foretprivee.ca\/centreduquebec\/?page_id=92"},"modified":"2025-02-11T16:56:49","modified_gmt":"2025-02-11T15:56:49","slug":"nous-joindre-contact-us","status":"publish","type":"page","link":"https:\/\/www.foretprivee.ca\/gaspesie\/nous-joindre-contact-us\/","title":{"rendered":"Nous joindre (Contact us)"},"content":{"rendered":"\t\t<div data-elementor-type=\"wp-post\" data-elementor-id=\"92\" class=\"elementor elementor-92\" data-elementor-post-type=\"page\">\n\t\t\t\t\t\t<section class=\"elementor-section elementor-top-section elementor-element elementor-element-264f2093 elementor-section-boxed elementor-section-height-default elementor-section-height-default\" data-id=\"264f2093\" data-element_type=\"section\" data-e-type=\"section\">\n\t\t\t\t\t\t<div class=\"elementor-container elementor-column-gap-default\">\n\t\t\t\t\t<div class=\"elementor-column elementor-col-50 elementor-top-column elementor-element elementor-element-7a42ed2d\" data-id=\"7a42ed2d\" data-element_type=\"column\" data-e-type=\"column\">\n\t\t\t<div class=\"elementor-widget-wrap elementor-element-populated\">\n\t\t\t\t\t\t<div class=\"elementor-element elementor-element-33bbd221 elementor-widget elementor-widget-text-editor\" data-id=\"33bbd221\" data-element_type=\"widget\" data-e-type=\"widget\" data-widget_type=\"text-editor.default\">\n\t\t\t\t<div class=\"elementor-widget-container\">\n\t\t\t\t\t\t\t\t\t<p><strong>Syndicat de producteurs<\/strong><br \/><strong>de bois de la Gasp\u00e9sie<\/strong><br \/>172, boulevard Perron Est<br \/>New Richmond (Qu\u00e9bec) G0C 2B0<\/p><p><a href=\"https:\/\/www.google.ca\/maps\/dir\/\/172+Bd+Perron+E,+New+Richmond,+QC+G0C+2B0\/@48.1500525,-65.843777,17z\/data=!4m9!4m8!1m0!1m5!1m1!1s0x4c99b20ce26272b9:0xdb275a1aafe2ae0b!2m2!1d-65.8412021!2d48.1500489!3e0?entry=ttu\">Itin\u00e9raire<\/a><\/p><p>T\u00e9l\u00e9phone : 418 392-7724<br \/>T\u00e9l\u00e9copieur : 418 392-7531<br \/>Courriel : <a href=\"mailto:spbg@spfgaspesie.com\">spbg@spfgaspesie.com<\/a><\/p>\t\t\t\t\t\t\t\t<\/div>\n\t\t\t\t<\/div>\n\t\t\t\t\t<\/div>\n\t\t<\/div>\n\t\t\t\t<div class=\"elementor-column elementor-col-50 elementor-top-column elementor-element elementor-element-db4e076\" data-id=\"db4e076\" data-element_type=\"column\" data-e-type=\"column\">\n\t\t\t<div class=\"elementor-widget-wrap\">\n\t\t\t\t\t\t\t<\/div>\n\t\t<\/div>\n\t\t\t\t\t<\/div>\n\t\t<\/section>\n\t\t\t\t<\/div>\n\t\t","protected":false},"excerpt":{"rendered":"<p>Syndicat de producteursde bois de la Gasp\u00e9sie172, boulevard Perron EstNew Richmond (Qu\u00e9bec) G0C 2B0 Itin\u00e9raire T\u00e9l\u00e9phone : 418 392-7724T\u00e9l\u00e9copieur : 418 392-7531Courriel : spbg@spfgaspesie.com<\/p>\n","protected":false},"author":13,"featured_media":0,"parent":0,"menu_order":0,"comment_status":"closed","ping_status":"closed","template":"","meta":{"_acf_changed":false,"footnotes":""},"class_list":["post-92","page","type-page","status-publish","hentry"],"acf":[],"yoast_head":"<!-- This site is optimized with the Yoast SEO plugin v27.4 - https:\/\/yoast.com\/product\/yoast-seo-wordpress\/ -->\n<title>Nous joindre (Contact us) - Syndicat des producteurs de bois de la Gasp\u00e9sie<\/title>\n<meta name=\"robots\" content=\"index, follow, max-snippet:-1, max-image-preview:large, max-video-preview:-1\" \/>\n<link rel=\"canonical\" href=\"https:\/\/www.foretprivee.ca\/gaspesie\/nous-joindre-contact-us\/\" \/>\n<meta property=\"og:locale\" content=\"fr_CA\" \/>\n<meta property=\"og:type\" content=\"article\" \/>\n<meta property=\"og:title\" content=\"Nous joindre (Contact us) - Syndicat des producteurs de bois de la Gasp\u00e9sie\" \/>\n<meta property=\"og:description\" content=\"Syndicat de producteursde bois de la Gasp\u00e9sie172, boulevard Perron EstNew Richmond (Qu\u00e9bec) G0C 2B0 Itin\u00e9raire T\u00e9l\u00e9phone : 418 392-7724T\u00e9l\u00e9copieur : 418 392-7531Courriel : spbg@spfgaspesie.com\" \/>\n<meta property=\"og:url\" content=\"https:\/\/www.foretprivee.ca\/gaspesie\/nous-joindre-contact-us\/\" \/>\n<meta property=\"og:site_name\" content=\"Syndicat des producteurs de bois de la Gasp\u00e9sie\" \/>\n<meta property=\"article:modified_time\" content=\"2025-02-11T15:56:49+00:00\" \/>\n<meta name=\"twitter:card\" content=\"summary_large_image\" \/>\n<meta name=\"twitter:label1\" content=\"Estimation du temps de lecture\" \/>\n\t<meta name=\"twitter:data1\" content=\"1 minute\" \/>\n<script type=\"application\/ld+json\" class=\"yoast-schema-graph\">{\"@context\":\"https:\\\/\\\/schema.org\",\"@graph\":[{\"@type\":\"WebPage\",\"@id\":\"https:\\\/\\\/www.foretprivee.ca\\\/gaspesie\\\/nous-joindre-contact-us\\\/\",\"url\":\"https:\\\/\\\/www.foretprivee.ca\\\/gaspesie\\\/nous-joindre-contact-us\\\/\",\"name\":\"Nous joindre (Contact us) - Syndicat des producteurs de bois de la Gasp\u00e9sie\",\"isPartOf\":{\"@id\":\"https:\\\/\\\/www.foretprivee.ca\\\/gaspesie\\\/#website\"},\"datePublished\":\"2018-12-14T14:30:35+00:00\",\"dateModified\":\"2025-02-11T15:56:49+00:00\",\"breadcrumb\":{\"@id\":\"https:\\\/\\\/www.foretprivee.ca\\\/gaspesie\\\/nous-joindre-contact-us\\\/#breadcrumb\"},\"inLanguage\":\"fr-CA\",\"potentialAction\":[{\"@type\":\"ReadAction\",\"target\":[\"https:\\\/\\\/www.foretprivee.ca\\\/gaspesie\\\/nous-joindre-contact-us\\\/\"]}]},{\"@type\":\"BreadcrumbList\",\"@id\":\"https:\\\/\\\/www.foretprivee.ca\\\/gaspesie\\\/nous-joindre-contact-us\\\/#breadcrumb\",\"itemListElement\":[{\"@type\":\"ListItem\",\"position\":1,\"name\":\"Accueil\",\"item\":\"https:\\\/\\\/www.foretprivee.ca\\\/gaspesie\\\/\"},{\"@type\":\"ListItem\",\"position\":2,\"name\":\"Nous joindre (Contact us)\"}]},{\"@type\":\"WebSite\",\"@id\":\"https:\\\/\\\/www.foretprivee.ca\\\/gaspesie\\\/#website\",\"url\":\"https:\\\/\\\/www.foretprivee.ca\\\/gaspesie\\\/\",\"name\":\"Syndicat des producteurs de bois de la Gasp\u00e9sie\",\"description\":\"Un site utilisant Forets Priv\u00e9es\",\"potentialAction\":[{\"@type\":\"SearchAction\",\"target\":{\"@type\":\"EntryPoint\",\"urlTemplate\":\"https:\\\/\\\/www.foretprivee.ca\\\/gaspesie\\\/?s={search_term_string}\"},\"query-input\":{\"@type\":\"PropertyValueSpecification\",\"valueRequired\":true,\"valueName\":\"search_term_string\"}}],\"inLanguage\":\"fr-CA\"}]}<\/script>\n<!-- \/ Yoast SEO plugin. -->","yoast_head_json":{"title":"Nous joindre (Contact us) - Syndicat des producteurs de bois de la Gasp\u00e9sie","robots":{"index":"index","follow":"follow","max-snippet":"max-snippet:-1","max-image-preview":"max-image-preview:large","max-video-preview":"max-video-preview:-1"},"canonical":"https:\/\/www.foretprivee.ca\/gaspesie\/nous-joindre-contact-us\/","og_locale":"fr_CA","og_type":"article","og_title":"Nous joindre (Contact us) - Syndicat des producteurs de bois de la Gasp\u00e9sie","og_description":"Syndicat de producteursde bois de la Gasp\u00e9sie172, boulevard Perron EstNew Richmond (Qu\u00e9bec) G0C 2B0 Itin\u00e9raire T\u00e9l\u00e9phone : 418 392-7724T\u00e9l\u00e9copieur : 418 392-7531Courriel : spbg@spfgaspesie.com","og_url":"https:\/\/www.foretprivee.ca\/gaspesie\/nous-joindre-contact-us\/","og_site_name":"Syndicat des producteurs de bois de la Gasp\u00e9sie","article_modified_time":"2025-02-11T15:56:49+00:00","twitter_card":"summary_large_image","twitter_misc":{"Estimation du temps de lecture":"1 minute"},"schema":{"@context":"https:\/\/schema.org","@graph":[{"@type":"WebPage","@id":"https:\/\/www.foretprivee.ca\/gaspesie\/nous-joindre-contact-us\/","url":"https:\/\/www.foretprivee.ca\/gaspesie\/nous-joindre-contact-us\/","name":"Nous joindre (Contact us) - Syndicat des producteurs de bois de la Gasp\u00e9sie","isPartOf":{"@id":"https:\/\/www.foretprivee.ca\/gaspesie\/#website"},"datePublished":"2018-12-14T14:30:35+00:00","dateModified":"2025-02-11T15:56:49+00:00","breadcrumb":{"@id":"https:\/\/www.foretprivee.ca\/gaspesie\/nous-joindre-contact-us\/#breadcrumb"},"inLanguage":"fr-CA","potentialAction":[{"@type":"ReadAction","target":["https:\/\/www.foretprivee.ca\/gaspesie\/nous-joindre-contact-us\/"]}]},{"@type":"BreadcrumbList","@id":"https:\/\/www.foretprivee.ca\/gaspesie\/nous-joindre-contact-us\/#breadcrumb","itemListElement":[{"@type":"ListItem","position":1,"name":"Accueil","item":"https:\/\/www.foretprivee.ca\/gaspesie\/"},{"@type":"ListItem","position":2,"name":"Nous joindre (Contact us)"}]},{"@type":"WebSite","@id":"https:\/\/www.foretprivee.ca\/gaspesie\/#website","url":"https:\/\/www.foretprivee.ca\/gaspesie\/","name":"Syndicat des producteurs de bois de la Gasp\u00e9sie","description":"Un site utilisant Forets Priv\u00e9es","potentialAction":[{"@type":"SearchAction","target":{"@type":"EntryPoint","urlTemplate":"https:\/\/www.foretprivee.ca\/gaspesie\/?s={search_term_string}"},"query-input":{"@type":"PropertyValueSpecification","valueRequired":true,"valueName":"search_term_string"}}],"inLanguage":"fr-CA"}]}},"_links":{"self":[{"href":"https:\/\/www.foretprivee.ca\/gaspesie\/wp-json\/wp\/v2\/pages\/92","targetHints":{"allow":["GET"]}}],"collection":[{"href":"https:\/\/www.foretprivee.ca\/gaspesie\/wp-json\/wp\/v2\/pages"}],"about":[{"href":"https:\/\/www.foretprivee.ca\/gaspesie\/wp-json\/wp\/v2\/types\/page"}],"author":[{"embeddable":true,"href":"https:\/\/www.foretprivee.ca\/gaspesie\/wp-json\/wp\/v2\/users\/13"}],"replies":[{"embeddable":true,"href":"https:\/\/www.foretprivee.ca\/gaspesie\/wp-json\/wp\/v2\/comments?post=92"}],"version-history":[{"count":0,"href":"https:\/\/www.foretprivee.ca\/gaspesie\/wp-json\/wp\/v2\/pages\/92\/revisions"}],"wp:attachment":[{"href":"https:\/\/www.foretprivee.ca\/gaspesie\/wp-json\/wp\/v2\/media?parent=92"}],"curies":[{"name":"wp","href":"https:\/\/api.w.org\/{rel}","templated":true}]}}