{"id":12,"date":"2018-12-13T20:02:37","date_gmt":"2018-12-13T20:02:37","guid":{"rendered":"https:\/\/www.foretprivee.ca\/mauricie\/?page_id=12"},"modified":"2025-06-12T16:00:25","modified_gmt":"2025-06-12T16:00:25","slug":"equipe","status":"publish","type":"page","link":"https:\/\/www.foretprivee.ca\/mauricie\/mon-syndicat\/equipe\/","title":{"rendered":"\u00c9quipe"},"content":{"rendered":"\t\t<div data-elementor-type=\"wp-post\" data-elementor-id=\"12\" class=\"elementor elementor-12\" data-elementor-post-type=\"page\">\n\t\t\t\t\t\t<section class=\"elementor-section elementor-top-section elementor-element elementor-element-725bd3e elementor-section-boxed elementor-section-height-default elementor-section-height-default\" data-id=\"725bd3e\" data-element_type=\"section\" data-e-type=\"section\">\n\t\t\t\t\t\t<div class=\"elementor-container elementor-column-gap-default\">\n\t\t\t\t\t<div class=\"elementor-column elementor-col-50 elementor-top-column elementor-element elementor-element-c59275a\" data-id=\"c59275a\" data-element_type=\"column\" data-e-type=\"column\">\n\t\t\t<div class=\"elementor-widget-wrap elementor-element-populated\">\n\t\t\t\t\t\t<div class=\"elementor-element elementor-element-42cca39 elementor-widget elementor-widget-text-editor\" data-id=\"42cca39\" data-element_type=\"widget\" data-e-type=\"widget\" data-widget_type=\"text-editor.default\">\n\t\t\t\t<div class=\"elementor-widget-container\">\n\t\t\t\t\t\t\t\t\t<p><strong>T\u00e9l\u00e9phone g\u00e9n\u00e9ral<\/strong><br \/><strong>(819) 697-2922<\/strong><\/p>\t\t\t\t\t\t\t\t<\/div>\n\t\t\t\t<\/div>\n\t\t\t\t<div class=\"elementor-element elementor-element-5c858b9 elementor-widget elementor-widget-spacer\" data-id=\"5c858b9\" data-element_type=\"widget\" data-e-type=\"widget\" data-widget_type=\"spacer.default\">\n\t\t\t\t<div class=\"elementor-widget-container\">\n\t\t\t\t\t\t\t<div class=\"elementor-spacer\">\n\t\t\t<div class=\"elementor-spacer-inner\"><\/div>\n\t\t<\/div>\n\t\t\t\t\t\t<\/div>\n\t\t\t\t<\/div>\n\t\t\t\t<div class=\"elementor-element elementor-element-4e0cb8f elementor-widget elementor-widget-text-editor\" data-id=\"4e0cb8f\" data-element_type=\"widget\" data-e-type=\"widget\" data-widget_type=\"text-editor.default\">\n\t\t\t\t<div class=\"elementor-widget-container\">\n\t\t\t\t\t\t\t\t\t<h4>SERVICE DE LA MISE EN MARCH\u00c9<\/h4><p><strong>Ghislain Leblond, ing\u00e9nieur forestier<\/strong><br \/>Directeur g\u00e9n\u00e9ral<br \/>Poste 241<br \/><a href=\"mailto:gleblond@spbois.qc.ca\">gleblond@spbois.qc.ca<\/a><\/p><p><strong>Danielle Provencher, technicienne comptable<\/strong><br \/>Paiement aux producteurs et comptabilit\u00e9<br \/>Poste 242<br \/><a href=\"mailto:dprovencher@spbois.qc.ca\">dprovencher@spbois.qc.ca\u00a0<\/a><\/p><p><strong>Gabrielle Dumas Gagnon,\u00a0<\/strong><br \/>Paiement aux producteurs<br \/>Poste 226<br \/><a href=\"mailto:gdumasgagnon@spbois.qc.ca\">gdumasgagnon@spbois.qc.ca<\/a><\/p><p><strong>Martine Gignac, secr\u00e9taire de direction<\/strong><br \/>Secr\u00e9tariat<br \/>Poste 240<br \/><a href=\"mailto:mgignac@spbois.qc.ca\">mgignac@spbois.qc.ca<\/a><\/p><h4>SERVICE DE L\u2019AM\u00c9NAGEMENT<\/h4><p><strong>Patrick Lupien, ing\u00e9nieur forestier<\/strong><br \/>Ing\u00e9nieur forestier au service de l\u2019am\u00e9nagement forestier et coordonnateur de la Fili\u00e8re mycologique de la Mauricie<br \/>Poste 223<br \/><a href=\"mailto:plupien@spbois.qc.ca\">plupien@spbois.qc.ca<\/a><\/p><p><strong>Gilles Trudel, technicien forestier<\/strong><br \/>Technicien au service de l&rsquo;am\u00e9nagement forestier<br \/>Poste 230<br \/><a href=\"mailto:gtrudel@spbois.qc.ca\">gtrudel@spbois.qc.ca<\/a><\/p><p><strong>Nicolas Caouette, technicien forestier<\/strong><br \/>Technicien au service de l&rsquo;am\u00e9nagement forestier<br \/>Poste 232<br \/><a href=\"mailto:ncaouette@spbois.qc.ca\">ncaouette@spbois.qc.ca<\/a><\/p><p><strong>Fr\u00e9d\u00e9rique Gagnon-Lupien, ing\u00e9nieure foresti\u00e8re<\/strong><br \/>Ing\u00e9nieure foresti\u00e8re aux services d\u2019agroforesterie et des produits forestiers non ligneux<br \/>Poste 224<br \/><a href=\"mailto:fgagnonlupien@spbois.qc.ca\">fgagnonlupien@spbois.qc.ca<\/a><\/p><p style=\"text-align: left\"><strong>Eric Frigon, ing\u00e9nieur forestier<\/strong><br \/>Ing\u00e9nieur forestier au service de l&rsquo;am\u00e9nagement forestier<br \/>Poste 227<br \/><a href=\"mailto:efrigon@spbois.qc.ca\">efrigon@spbois.qc.ca<\/a><\/p><p><strong>J\u00e9r\u00e9mie Lapointe, technicien forestier<\/strong><br \/>Technicien au service de l&rsquo;am\u00e9nagement forestier<br \/>Poste 221<br \/><a href=\"mailto:jlapointe@spbois.qc.ca\">jlapointe@spbois.qc.ca<\/a><\/p>\t\t\t\t\t\t\t\t<\/div>\n\t\t\t\t<\/div>\n\t\t\t\t\t<\/div>\n\t\t<\/div>\n\t\t\t\t<div class=\"elementor-column elementor-col-50 elementor-top-column elementor-element elementor-element-464e50a\" data-id=\"464e50a\" data-element_type=\"column\" data-e-type=\"column\">\n\t\t\t<div class=\"elementor-widget-wrap elementor-element-populated\">\n\t\t\t\t\t\t\t<\/div>\n\t\t<\/div>\n\t\t\t\t\t<\/div>\n\t\t<\/section>\n\t\t\t\t<\/div>\n\t\t","protected":false},"excerpt":{"rendered":"<p>T\u00e9l\u00e9phone g\u00e9n\u00e9ral(819) 697-2922 SERVICE DE LA MISE EN MARCH\u00c9 Ghislain Leblond, ing\u00e9nieur forestierDirecteur g\u00e9n\u00e9ralPoste 241gleblond@spbois.qc.ca Danielle Provencher, technicienne comptablePaiement aux producteurs et comptabilit\u00e9Poste 242dprovencher@spbois.qc.ca\u00a0 Gabrielle Dumas Gagnon,\u00a0Paiement aux producteursPoste 226gdumasgagnon@spbois.qc.ca Martine Gignac, secr\u00e9taire de directionSecr\u00e9tariatPoste 240mgignac@spbois.qc.ca SERVICE DE L\u2019AM\u00c9NAGEMENT Patrick Lupien, ing\u00e9nieur forestierIng\u00e9nieur forestier au service de l\u2019am\u00e9nagement forestier et coordonnateur de la Fili\u00e8re mycologique &hellip; <\/p>\n<p class=\"link-more\"><a href=\"https:\/\/www.foretprivee.ca\/mauricie\/mon-syndicat\/equipe\/\" class=\"more-link\">Lire la suite<\/a><\/p>\n","protected":false},"author":1,"featured_media":0,"parent":4,"menu_order":0,"comment_status":"closed","ping_status":"closed","template":"","meta":{"_acf_changed":false,"footnotes":""},"class_list":["post-12","page","type-page","status-publish","hentry"],"acf":[],"_links":{"self":[{"href":"https:\/\/www.foretprivee.ca\/mauricie\/wp-json\/wp\/v2\/pages\/12","targetHints":{"allow":["GET"]}}],"collection":[{"href":"https:\/\/www.foretprivee.ca\/mauricie\/wp-json\/wp\/v2\/pages"}],"about":[{"href":"https:\/\/www.foretprivee.ca\/mauricie\/wp-json\/wp\/v2\/types\/page"}],"author":[{"embeddable":true,"href":"https:\/\/www.foretprivee.ca\/mauricie\/wp-json\/wp\/v2\/users\/1"}],"replies":[{"embeddable":true,"href":"https:\/\/www.foretprivee.ca\/mauricie\/wp-json\/wp\/v2\/comments?post=12"}],"version-history":[{"count":0,"href":"https:\/\/www.foretprivee.ca\/mauricie\/wp-json\/wp\/v2\/pages\/12\/revisions"}],"up":[{"embeddable":true,"href":"https:\/\/www.foretprivee.ca\/mauricie\/wp-json\/wp\/v2\/pages\/4"}],"wp:attachment":[{"href":"https:\/\/www.foretprivee.ca\/mauricie\/wp-json\/wp\/v2\/media?parent=12"}],"curies":[{"name":"wp","href":"https:\/\/api.w.org\/{rel}","templated":true}]}}