{"id":18,"date":"2018-12-13T20:03:33","date_gmt":"2018-12-13T20:03:33","guid":{"rendered":"https:\/\/www.foretprivee.ca\/mauricie\/?page_id=18"},"modified":"2019-02-07T18:23:52","modified_gmt":"2019-02-07T18:23:52","slug":"territoires-et-cartes","status":"publish","type":"page","link":"https:\/\/www.foretprivee.ca\/mauricie\/mon-syndicat\/territoires-et-cartes\/","title":{"rendered":"Territoires et cartes"},"content":{"rendered":"\t\t<div data-elementor-type=\"wp-post\" data-elementor-id=\"18\" class=\"elementor elementor-18 elementor-bc-flex-widget\" data-elementor-post-type=\"page\">\n\t\t\t\t\t\t<section class=\"elementor-section elementor-top-section elementor-element elementor-element-ac68b7b elementor-section-boxed elementor-section-height-default elementor-section-height-default\" data-id=\"ac68b7b\" data-element_type=\"section\" data-e-type=\"section\">\n\t\t\t\t\t\t<div class=\"elementor-container elementor-column-gap-default\">\n\t\t\t\t\t<div class=\"elementor-column elementor-col-66 elementor-top-column elementor-element elementor-element-79b1798\" data-id=\"79b1798\" data-element_type=\"column\" data-e-type=\"column\">\n\t\t\t<div class=\"elementor-widget-wrap elementor-element-populated\">\n\t\t\t\t\t\t<div class=\"elementor-element elementor-element-8458d44 elementor-widget elementor-widget-text-editor\" data-id=\"8458d44\" data-element_type=\"widget\" data-e-type=\"widget\" data-widget_type=\"text-editor.default\">\n\t\t\t\t<div class=\"elementor-widget-container\">\n\t\t\t\t\t\t\t\t\t<h4>MISE EN MARCH\u00c9<\/h4><p>Le plan conjoint du Syndicat des producteurs de bois de la Mauricie englobe les r\u00e9gions administratives de la Mauricie et de Lanaudi\u00e8re.<\/p>\t\t\t\t\t\t\t\t<\/div>\n\t\t\t\t<\/div>\n\t\t\t\t<div class=\"elementor-element elementor-element-511d5af elementor-widget elementor-widget-pdf-downloader\" data-id=\"511d5af\" data-element_type=\"widget\" data-e-type=\"widget\" data-widget_type=\"pdf-downloader.default\">\n\t\t\t\t<div class=\"elementor-widget-container\">\n\t\t\t\t\t\t\t<div class=\"penega-pdf-repeater-container\">\n\t\t\t<ul>\n\t            \t\t\t\t\t<a href=\"http:\/\/www.foretprivee.ca\/mauricie\/wp-content\/uploads\/sites\/3\/2018\/12\/Territoire_SPBM.pdf\" target=\"_blank\">\n\t                \t<li>\n                            <div class=\"pdf-text-box\">\n                                Liste des municipalit\u00e9s vis\u00e9es par notre Plan conjoint                            <\/div>\n                            <div class=\"pdf-icone-box\">\n                                <img decoding=\"async\" data-src=\"\/wp-content\/themes\/penega\/assets\/images\/icone-pdf-downloader.png\" src=\"data:image\/svg+xml;base64,PHN2ZyB3aWR0aD0iMSIgaGVpZ2h0PSIxIiB4bWxucz0iaHR0cDovL3d3dy53My5vcmcvMjAwMC9zdmciPjwvc3ZnPg==\" class=\"lazyload\">\n                            <\/div>\n                \t\t<\/li>\n\t\t\t\t\t<\/a>\n\t                \t        <\/ul>\n\t\t<\/div>\n\t\t\t\t\t\t<\/div>\n\t\t\t\t<\/div>\n\t\t\t\t<div class=\"elementor-element elementor-element-1f3d182 elementor-widget elementor-widget-image\" data-id=\"1f3d182\" data-element_type=\"widget\" data-e-type=\"widget\" data-widget_type=\"image.default\">\n\t\t\t\t<div class=\"elementor-widget-container\">\n\t\t\t\t\t\t\t\t\t\t\t\t\t\t\t\t<a href=\"http:\/\/mauricie.www.foretprivee.ca\/wp-content\/uploads\/sites\/3\/2018\/12\/SPBMCarteTerritoire.png\" data-elementor-open-lightbox=\"yes\" data-elementor-lightbox-title=\"SPBMCarteTerritoire\" data-e-action-hash=\"#elementor-action%3Aaction%3Dlightbox%26settings%3DeyJpZCI6MTE1LCJ1cmwiOiJodHRwczpcL1wvd3d3LmZvcmV0cHJpdmVlLmNhXC9tYXVyaWNpZVwvd3AtY29udGVudFwvdXBsb2Fkc1wvc2l0ZXNcLzNcLzIwMThcLzEyXC9TUEJNQ2FydGVUZXJyaXRvaXJlLmpwZyJ9\">\n\t\t\t\t\t\t\t<img fetchpriority=\"high\" decoding=\"async\" width=\"525\" height=\"680\" src=\"https:\/\/www.foretprivee.ca\/mauricie\/wp-content\/uploads\/sites\/3\/2018\/12\/SPBMCarteTerritoire-791x1024.jpg\" class=\"attachment-large size-large wp-image-115\" alt=\"\" srcset=\"https:\/\/www.foretprivee.ca\/mauricie\/wp-content\/uploads\/sites\/3\/2018\/12\/SPBMCarteTerritoire-791x1024.jpg 791w, https:\/\/www.foretprivee.ca\/mauricie\/wp-content\/uploads\/sites\/3\/2018\/12\/SPBMCarteTerritoire-232x300.jpg 232w, https:\/\/www.foretprivee.ca\/mauricie\/wp-content\/uploads\/sites\/3\/2018\/12\/SPBMCarteTerritoire-768x994.jpg 768w, https:\/\/www.foretprivee.ca\/mauricie\/wp-content\/uploads\/sites\/3\/2018\/12\/SPBMCarteTerritoire.jpg 1700w\" sizes=\"100vw\" \/>\t\t\t\t\t\t\t\t<\/a>\n\t\t\t\t\t\t\t\t\t\t\t\t\t\t\t<\/div>\n\t\t\t\t<\/div>\n\t\t\t\t<div class=\"elementor-element elementor-element-da1fe73 elementor-widget elementor-widget-spacer\" data-id=\"da1fe73\" data-element_type=\"widget\" data-e-type=\"widget\" data-widget_type=\"spacer.default\">\n\t\t\t\t<div class=\"elementor-widget-container\">\n\t\t\t\t\t\t\t<div class=\"elementor-spacer\">\n\t\t\t<div class=\"elementor-spacer-inner\"><\/div>\n\t\t<\/div>\n\t\t\t\t\t\t<\/div>\n\t\t\t\t<\/div>\n\t\t\t\t<div class=\"elementor-element elementor-element-be813ff elementor-widget elementor-widget-text-editor\" data-id=\"be813ff\" data-element_type=\"widget\" data-e-type=\"widget\" data-widget_type=\"text-editor.default\">\n\t\t\t\t<div class=\"elementor-widget-container\">\n\t\t\t\t\t\t\t\t\t<h4>SERVICE D\u2019AM\u00c9NAGEMENT FORESTIER<\/h4><p>Le Syndicat offre, en plus de la mise en march\u00e9, un service d\u2019am\u00e9nagement forestier pour tout le territoire la r\u00e9gion de la Mauricie. <a href=\"http:\/\/www.foretprivee.ca\/mauricie\/mes-services\/services-en-amenagement-forestier\/\">Trouver le nom du conseiller forestier de votre municipalit\u00e9<\/a>.<\/p><p>Pr\u00e9sentement, notre service d\u2019am\u00e9nagement ne dessert aucune municipalit\u00e9 de Lanaudi\u00e8re. <a href=\"https:\/\/www.foretprivee.ca\/je-cherche-un-expert\/\">Trouver un conseiller forestier pour cette r\u00e9gion<\/a>.<\/p>\t\t\t\t\t\t\t\t<\/div>\n\t\t\t\t<\/div>\n\t\t\t\t\t<\/div>\n\t\t<\/div>\n\t\t\t\t<div class=\"elementor-column elementor-col-33 elementor-top-column elementor-element elementor-element-0ad997b\" data-id=\"0ad997b\" data-element_type=\"column\" data-e-type=\"column\">\n\t\t\t<div class=\"elementor-widget-wrap\">\n\t\t\t\t\t\t\t<\/div>\n\t\t<\/div>\n\t\t\t\t\t<\/div>\n\t\t<\/section>\n\t\t\t\t<\/div>\n\t\t","protected":false},"excerpt":{"rendered":"<p>MISE EN MARCH\u00c9 Le plan conjoint du Syndicat des producteurs de bois de la Mauricie englobe les r\u00e9gions administratives de la Mauricie et de Lanaudi\u00e8re. Liste des municipalit\u00e9s vis\u00e9es par notre Plan conjoint SERVICE D\u2019AM\u00c9NAGEMENT FORESTIER Le Syndicat offre, en plus de la mise en march\u00e9, un service d\u2019am\u00e9nagement forestier pour tout le territoire la &hellip; <\/p>\n<p class=\"link-more\"><a href=\"https:\/\/www.foretprivee.ca\/mauricie\/mon-syndicat\/territoires-et-cartes\/\" class=\"more-link\">Lire la suite<\/a><\/p>\n","protected":false},"author":1,"featured_media":0,"parent":4,"menu_order":0,"comment_status":"closed","ping_status":"closed","template":"","meta":{"_acf_changed":false,"footnotes":""},"class_list":["post-18","page","type-page","status-publish","hentry"],"acf":[],"_links":{"self":[{"href":"https:\/\/www.foretprivee.ca\/mauricie\/wp-json\/wp\/v2\/pages\/18","targetHints":{"allow":["GET"]}}],"collection":[{"href":"https:\/\/www.foretprivee.ca\/mauricie\/wp-json\/wp\/v2\/pages"}],"about":[{"href":"https:\/\/www.foretprivee.ca\/mauricie\/wp-json\/wp\/v2\/types\/page"}],"author":[{"embeddable":true,"href":"https:\/\/www.foretprivee.ca\/mauricie\/wp-json\/wp\/v2\/users\/1"}],"replies":[{"embeddable":true,"href":"https:\/\/www.foretprivee.ca\/mauricie\/wp-json\/wp\/v2\/comments?post=18"}],"version-history":[{"count":0,"href":"https:\/\/www.foretprivee.ca\/mauricie\/wp-json\/wp\/v2\/pages\/18\/revisions"}],"up":[{"embeddable":true,"href":"https:\/\/www.foretprivee.ca\/mauricie\/wp-json\/wp\/v2\/pages\/4"}],"wp:attachment":[{"href":"https:\/\/www.foretprivee.ca\/mauricie\/wp-json\/wp\/v2\/media?parent=18"}],"curies":[{"name":"wp","href":"https:\/\/api.w.org\/{rel}","templated":true}]}}