{"id":24,"date":"2018-12-13T20:04:24","date_gmt":"2018-12-13T20:04:24","guid":{"rendered":"https:\/\/www.foretprivee.ca\/mauricie\/?page_id=24"},"modified":"2019-01-22T16:37:00","modified_gmt":"2019-01-22T16:37:00","slug":"mes-services","status":"publish","type":"page","link":"https:\/\/www.foretprivee.ca\/mauricie\/mes-services\/","title":{"rendered":"Mes services"},"content":{"rendered":"\t\t<div data-elementor-type=\"wp-post\" data-elementor-id=\"24\" class=\"elementor elementor-24 elementor-bc-flex-widget\" data-elementor-post-type=\"page\">\n\t\t\t\t\t\t<section class=\"elementor-section elementor-top-section elementor-element elementor-element-68a0191 elementor-section-boxed elementor-section-height-default elementor-section-height-default\" data-id=\"68a0191\" data-element_type=\"section\" data-e-type=\"section\">\n\t\t\t\t\t\t<div class=\"elementor-container elementor-column-gap-default\">\n\t\t\t\t\t<div class=\"elementor-column elementor-col-100 elementor-top-column elementor-element elementor-element-f882d1f\" data-id=\"f882d1f\" data-element_type=\"column\" data-e-type=\"column\">\n\t\t\t<div class=\"elementor-widget-wrap elementor-element-populated\">\n\t\t\t\t\t\t<div class=\"elementor-element elementor-element-12ed895 elementor-widget elementor-widget-sub-menu\" data-id=\"12ed895\" data-element_type=\"widget\" data-e-type=\"widget\" data-widget_type=\"sub-menu.default\">\n\t\t\t\t<div class=\"elementor-widget-container\">\n\t\t\t\t\t\n\t\t<div class=\"penega-sub-menu\">\n\n\t\t\t<ul>\n\t\t\t\t\t\t\t\t\t\t<!-- Moisac -->\n\t\t\t\t\t\t\t\t\t\t\t<a href=\"https:\/\/www.foretprivee.ca\/mauricie\/mes-services\/production-de-bois-et-demande-de-contingent\/\">\n\t\t\t\t\t\t\t<li class=\"nth-child-0\">\n\t\t\t\t\t\t\t\tProduction de bois et demande de contingent<br\/>\n\t\t\t\t\t\t\t\t+\n\t\t\t\t\t\t\t<\/li>\n\t\t\t\t\t\t\t\t\t\t\t\t\t<\/a>\n\t\t\t\t\t\t\t\t\t\t\t<a href=\"https:\/\/www.foretprivee.ca\/mauricie\/mes-services\/liste-dentrepreneurs\/\">\n\t\t\t\t\t\t\t<li class=\"nth-child-1\">\n\t\t\t\t\t\t\t\tListe d'entrepreneurs<br\/>\n\t\t\t\t\t\t\t\t+\n\t\t\t\t\t\t\t<\/li>\n\t\t\t\t\t\t\t\t\t\t\t\t\t<\/a>\n\t\t\t\t\t\t\t\t\t\t\t<a href=\"https:\/\/www.foretprivee.ca\/mauricie\/mes-services\/acheteurs-prix-offerts-et-normes-de-faconnage-des-usines\/\">\n\t\t\t\t\t\t\t<li class=\"nth-child-2\">\n\t\t\t\t\t\t\t\tAcheteurs, prix offerts et normes de fa\u00e7onnage des usines<br\/>\n\t\t\t\t\t\t\t\t+\n\t\t\t\t\t\t\t<\/li>\n\t\t\t\t\t\t\t\t\t\t\t\t\t<\/a>\n\t\t\t\t\t\t\t\t\t\t\t<a href=\"https:\/\/www.foretprivee.ca\/mauricie\/mes-services\/liste-de-transporteurs-de-bois\/\">\n\t\t\t\t\t\t\t<li class=\"nth-child-3\">\n\t\t\t\t\t\t\t\tListe de transporteurs de bois<br\/>\n\t\t\t\t\t\t\t\t+\n\t\t\t\t\t\t\t<\/li>\n\t\t\t\t\t\t\t\t\t\t\t\t\t<\/a>\n\t\t\t\t\t\t\t\t\t\t\t<a href=\"https:\/\/www.foretprivee.ca\/mauricie\/mes-services\/services-en-amenagement-forestier\/\">\n\t\t\t\t\t\t\t<li class=\"nth-child-0\">\n\t\t\t\t\t\t\t\tServices en am\u00e9nagement forestier<br\/>\n\t\t\t\t\t\t\t\t+\n\t\t\t\t\t\t\t<\/li>\n\t\t\t\t\t\t\t\t\t\t\t\t\t<\/a>\n\t\t\t\t\t\t\t\t\t\t\t<a href=\"https:\/\/www.foretprivee.ca\/mauricie\/mes-services\/services-en-agroforesterie-et-produits-forestiers-non-ligneux\/\">\n\t\t\t\t\t\t\t<li class=\"nth-child-1\">\n\t\t\t\t\t\t\t\tServices en agroforesterie et produits forestiers non ligneux<br\/>\n\t\t\t\t\t\t\t\t+\n\t\t\t\t\t\t\t<\/li>\n\t\t\t\t\t\t\t\t\t\t\t\t\t<\/a>\n\t\t\t\t\t\t\t\t\t\t\t<a href=\"https:\/\/www.foretprivee.ca\/mauricie\/mes-services\/formations-et-evenements\/\">\n\t\t\t\t\t\t\t<li class=\"nth-child-2\">\n\t\t\t\t\t\t\t\tFormations et \u00e9v\u00e9nements<br\/>\n\t\t\t\t\t\t\t\t+\n\t\t\t\t\t\t\t<\/li>\n\t\t\t\t\t\t\t\t\t\t\t\t\t<\/a>\n\t\t\t\t\t\t\t\t\t\t\t<a href=\"https:\/\/www.foretprivee.ca\/mauricie\/mes-services\/documents-et-outils\/\">\n\t\t\t\t\t\t\t<li class=\"nth-child-3\">\n\t\t\t\t\t\t\t\tDocuments et outils<br\/>\n\t\t\t\t\t\t\t\t+\n\t\t\t\t\t\t\t<\/li>\n\t\t\t\t\t\t\t\t\t\t\t\t\t<\/a>\n\t\t\t\t\t\t\t\t\t\t\t<\/ul>\n\t\t<\/div>\n\t\t\t\t\t\t<\/div>\n\t\t\t\t<\/div>\n\t\t\t\t\t<\/div>\n\t\t<\/div>\n\t\t\t\t\t<\/div>\n\t\t<\/section>\n\t\t\t\t<section class=\"elementor-section elementor-top-section elementor-element elementor-element-436ac97 elementor-section-boxed elementor-section-height-default elementor-section-height-default\" data-id=\"436ac97\" data-element_type=\"section\" data-e-type=\"section\">\n\t\t\t\t\t\t<div class=\"elementor-container elementor-column-gap-default\">\n\t\t\t\t\t<div class=\"elementor-column elementor-col-100 elementor-top-column elementor-element elementor-element-f6d2727\" data-id=\"f6d2727\" data-element_type=\"column\" data-e-type=\"column\">\n\t\t\t<div class=\"elementor-widget-wrap elementor-element-populated\">\n\t\t\t\t\t\t<div class=\"elementor-element elementor-element-e05fbac elementor-widget elementor-widget-outils\" data-id=\"e05fbac\" data-element_type=\"widget\" data-e-type=\"widget\" data-widget_type=\"outils.default\">\n\t\t\t\t<div class=\"elementor-widget-container\">\n\t\t\t\t\t\t\t<div class=\"penega-outils-container\">\n\t\t\t\t\t\t<div class=\"boutons\">\n\t\t\t\t\t\t\t<\/div>\n\t\t\t\t\t<\/div>\n\t\t\t\t\t\t<\/div>\n\t\t\t\t<\/div>\n\t\t\t\t\t<\/div>\n\t\t<\/div>\n\t\t\t\t\t<\/div>\n\t\t<\/section>\n\t\t\t\t<\/div>\n\t\t","protected":false},"excerpt":{"rendered":"<p>Production de bois et demande de contingent + Liste d&rsquo;entrepreneurs + Acheteurs, prix offerts et normes de fa\u00e7onnage des usines + Liste de transporteurs de bois + Services en am\u00e9nagement forestier + Services en agroforesterie et produits forestiers non ligneux + Formations et \u00e9v\u00e9nements + Documents et outils + Outils Conna\u00eetre le prix du bois &hellip; <\/p>\n<p class=\"link-more\"><a href=\"https:\/\/www.foretprivee.ca\/mauricie\/mes-services\/\" class=\"more-link\">Lire la suite<\/a><\/p>\n","protected":false},"author":1,"featured_media":607,"parent":0,"menu_order":0,"comment_status":"closed","ping_status":"closed","template":"","meta":{"_acf_changed":false,"footnotes":""},"class_list":["post-24","page","type-page","status-publish","has-post-thumbnail","hentry"],"acf":[],"_links":{"self":[{"href":"https:\/\/www.foretprivee.ca\/mauricie\/wp-json\/wp\/v2\/pages\/24","targetHints":{"allow":["GET"]}}],"collection":[{"href":"https:\/\/www.foretprivee.ca\/mauricie\/wp-json\/wp\/v2\/pages"}],"about":[{"href":"https:\/\/www.foretprivee.ca\/mauricie\/wp-json\/wp\/v2\/types\/page"}],"author":[{"embeddable":true,"href":"https:\/\/www.foretprivee.ca\/mauricie\/wp-json\/wp\/v2\/users\/1"}],"replies":[{"embeddable":true,"href":"https:\/\/www.foretprivee.ca\/mauricie\/wp-json\/wp\/v2\/comments?post=24"}],"version-history":[{"count":0,"href":"https:\/\/www.foretprivee.ca\/mauricie\/wp-json\/wp\/v2\/pages\/24\/revisions"}],"wp:featuredmedia":[{"embeddable":true,"href":"https:\/\/www.foretprivee.ca\/mauricie\/wp-json\/wp\/v2\/media\/607"}],"wp:attachment":[{"href":"https:\/\/www.foretprivee.ca\/mauricie\/wp-json\/wp\/v2\/media?parent=24"}],"curies":[{"name":"wp","href":"https:\/\/api.w.org\/{rel}","templated":true}]}}