{"id":32,"date":"2018-12-13T20:05:30","date_gmt":"2018-12-13T20:05:30","guid":{"rendered":"https:\/\/www.foretprivee.ca\/mauricie\/?page_id=32"},"modified":"2026-03-12T12:04:15","modified_gmt":"2026-03-12T12:04:15","slug":"acheteurs-prix-offerts-et-normes-de-faconnage-des-usines","status":"publish","type":"page","link":"https:\/\/www.foretprivee.ca\/mauricie\/mes-services\/acheteurs-prix-offerts-et-normes-de-faconnage-des-usines\/","title":{"rendered":"Acheteurs, prix offerts et normes de fa\u00e7onnage des usines"},"content":{"rendered":"\t\t<div data-elementor-type=\"wp-post\" data-elementor-id=\"32\" class=\"elementor elementor-32\" data-elementor-post-type=\"page\">\n\t\t\t\t\t\t<section class=\"elementor-section elementor-top-section elementor-element elementor-element-bae863e elementor-section-boxed elementor-section-height-default elementor-section-height-default\" data-id=\"bae863e\" data-element_type=\"section\" data-e-type=\"section\">\n\t\t\t\t\t\t<div class=\"elementor-container elementor-column-gap-default\">\n\t\t\t\t\t<div class=\"elementor-column elementor-col-66 elementor-top-column elementor-element elementor-element-f661b5c\" data-id=\"f661b5c\" data-element_type=\"column\" data-e-type=\"column\">\n\t\t\t<div class=\"elementor-widget-wrap elementor-element-populated\">\n\t\t\t\t\t\t<div class=\"elementor-element elementor-element-2e51545 elementor-widget elementor-widget-text-editor\" data-id=\"2e51545\" data-element_type=\"widget\" data-e-type=\"widget\" data-widget_type=\"text-editor.default\">\n\t\t\t\t<div class=\"elementor-widget-container\">\n\t\t\t\t\t\t\t\t\t<h4>PRIX DU BOIS ROND<\/h4><p>Pour comparer le prix du bois rond ou voir les derni\u00e8res mises \u00e0 jour, consultez :<\/p>\t\t\t\t\t\t\t\t<\/div>\n\t\t\t\t<\/div>\n\t\t\t\t<div class=\"elementor-element elementor-element-24e1a96 elementor-widget elementor-widget-image\" data-id=\"24e1a96\" data-element_type=\"widget\" data-e-type=\"widget\" data-widget_type=\"image.default\">\n\t\t\t\t<div class=\"elementor-widget-container\">\n\t\t\t\t\t\t\t\t\t\t\t\t\t\t\t\t<a href=\"http:\/\/prixbois.ca\" target=\"_blank\">\n\t\t\t\t\t\t\t<img decoding=\"async\" width=\"300\" height=\"71\" data-src=\"https:\/\/www.foretprivee.ca\/mauricie\/wp-content\/uploads\/sites\/3\/2019\/01\/LOGO-PrixBois.ca_RGB-isole-et-re\u0301duit-Web-300x71.jpg\" class=\"attachment-large size-large wp-image-164 lazyload\" alt=\"\" data-sizes=\"100vw\" src=\"data:image\/svg+xml;base64,PHN2ZyB3aWR0aD0iMSIgaGVpZ2h0PSIxIiB4bWxucz0iaHR0cDovL3d3dy53My5vcmcvMjAwMC9zdmciPjwvc3ZnPg==\" style=\"--smush-placeholder-width: 300px; --smush-placeholder-aspect-ratio: 300\/71;\" \/>\t\t\t\t\t\t\t\t<\/a>\n\t\t\t\t\t\t\t\t\t\t\t\t\t\t\t<\/div>\n\t\t\t\t<\/div>\n\t\t\t\t<div class=\"elementor-element elementor-element-efd206c elementor-widget elementor-widget-video\" data-id=\"efd206c\" data-element_type=\"widget\" data-e-type=\"widget\" data-settings=\"{&quot;youtube_url&quot;:&quot;https:\\\/\\\/youtu.be\\\/C7IWONQPAOk&quot;,&quot;video_type&quot;:&quot;youtube&quot;,&quot;controls&quot;:&quot;yes&quot;}\" data-widget_type=\"video.default\">\n\t\t\t\t<div class=\"elementor-widget-container\">\n\t\t\t\t\t\t\t<div class=\"elementor-wrapper elementor-open-inline\">\n\t\t\t<div class=\"elementor-video\"><\/div>\t\t<\/div>\n\t\t\t\t\t\t<\/div>\n\t\t\t\t<\/div>\n\t\t\t\t<div class=\"elementor-element elementor-element-8ca925d elementor-widget elementor-widget-spacer\" data-id=\"8ca925d\" data-element_type=\"widget\" data-e-type=\"widget\" data-widget_type=\"spacer.default\">\n\t\t\t\t<div class=\"elementor-widget-container\">\n\t\t\t\t\t\t\t<div class=\"elementor-spacer\">\n\t\t\t<div class=\"elementor-spacer-inner\"><\/div>\n\t\t<\/div>\n\t\t\t\t\t\t<\/div>\n\t\t\t\t<\/div>\n\t\t\t\t<div class=\"elementor-element elementor-element-9b78e5e elementor-widget elementor-widget-text-editor\" data-id=\"9b78e5e\" data-element_type=\"widget\" data-e-type=\"widget\" data-widget_type=\"text-editor.default\">\n\t\t\t\t<div class=\"elementor-widget-container\">\n\t\t\t\t\t\t\t\t\t<h4>PRIX DU BOIS CONTINGENT\u00c9<\/h4><p>Bois pour les march\u00e9s autres que ceux du sciage et du d\u00e9roulage (bois de trituration), cliquez <a href=\"https:\/\/www.foretprivee.ca\/mauricie\/wp-content\/uploads\/sites\/3\/2026\/03\/2026-03-12-prix-provisoires-2026.pdf\"><strong>ici.<\/strong><\/a><\/p><p><span style=\"font-size: 1rem\">N\u2019o<\/span><span style=\"font-size: 1rem\">ubliez pas qu\u2019avant de produire votre contingent de bois, vous devez toujours communiquer avec Martine Gignac au poste 240 ou Ghislain Leblond au poste 241.<\/span><\/p>\t\t\t\t\t\t\t\t<\/div>\n\t\t\t\t<\/div>\n\t\t\t\t<div class=\"elementor-element elementor-element-07e5600 elementor-widget elementor-widget-pdf-downloader\" data-id=\"07e5600\" data-element_type=\"widget\" data-e-type=\"widget\" data-widget_type=\"pdf-downloader.default\">\n\t\t\t\t<div class=\"elementor-widget-container\">\n\t\t\t\t\t\t\t<div class=\"penega-pdf-repeater-container\">\n\t\t\t<ul>\n\t            \t\t\t\t\t<a href=\"https:\/\/www.foretprivee.ca\/mauricie\/wp-content\/uploads\/sites\/3\/2019\/01\/UniTdeMesureSPBM.pdf\" target=\"_blank\">\n\t                \t<li>\n                            <div class=\"pdf-text-box\">\n                                Consulter la d\u00e9finition des unit\u00e9s de mesure                            <\/div>\n                            <div class=\"pdf-icone-box\">\n                                <img decoding=\"async\" data-src=\"\/wp-content\/themes\/penega\/assets\/images\/icone-pdf-downloader.png\" src=\"data:image\/svg+xml;base64,PHN2ZyB3aWR0aD0iMSIgaGVpZ2h0PSIxIiB4bWxucz0iaHR0cDovL3d3dy53My5vcmcvMjAwMC9zdmciPjwvc3ZnPg==\" class=\"lazyload\">\n                            <\/div>\n                \t\t<\/li>\n\t\t\t\t\t<\/a>\n\t                \t\t\t\t\t<a href=\"http:\/\/www.foretprivee.ca\/mauricie\/wp-content\/uploads\/sites\/3\/2019\/05\/Manuel-de-faconnage-peuplier-Arbec.pdf\" target=\"_blank\">\n\t                \t<li>\n                            <div class=\"pdf-text-box\">\n                                Normes de fa\u00e7onnage Arbec                            <\/div>\n                            <div class=\"pdf-icone-box\">\n                                <img decoding=\"async\" data-src=\"\/wp-content\/themes\/penega\/assets\/images\/icone-pdf-downloader.png\" src=\"data:image\/svg+xml;base64,PHN2ZyB3aWR0aD0iMSIgaGVpZ2h0PSIxIiB4bWxucz0iaHR0cDovL3d3dy53My5vcmcvMjAwMC9zdmciPjwvc3ZnPg==\" class=\"lazyload\">\n                            <\/div>\n                \t\t<\/li>\n\t\t\t\t\t<\/a>\n\t                \t        <\/ul>\n\t\t<\/div>\n\t\t\t\t\t\t<\/div>\n\t\t\t\t<\/div>\n\t\t\t\t<div class=\"elementor-element elementor-element-a94da8a elementor-widget-divider--view-line elementor-widget elementor-widget-divider\" data-id=\"a94da8a\" data-element_type=\"widget\" data-e-type=\"widget\" data-widget_type=\"divider.default\">\n\t\t\t\t<div class=\"elementor-widget-container\">\n\t\t\t\t\t\t\t<div class=\"elementor-divider\">\n\t\t\t<span class=\"elementor-divider-separator\">\n\t\t\t\t\t\t<\/span>\n\t\t<\/div>\n\t\t\t\t\t\t<\/div>\n\t\t\t\t<\/div>\n\t\t\t\t<div class=\"elementor-element elementor-element-2d011ef elementor-widget elementor-widget-text-editor\" data-id=\"2d011ef\" data-element_type=\"widget\" data-e-type=\"widget\" data-widget_type=\"text-editor.default\">\n\t\t\t\t<div class=\"elementor-widget-container\">\n\t\t\t\t\t\t\t\t\t<p>* : Le volume en corde est calcul\u00e9 \u00e0 partir de voyages \u00e9chantillons qui sont mesur\u00e9s et pes\u00e9s pour \u00e9tablir un facteur masse-volume.<\/p>\t\t\t\t\t\t\t\t<\/div>\n\t\t\t\t<\/div>\n\t\t\t\t<div class=\"elementor-element elementor-element-92d6e02 elementor-widget-divider--view-line elementor-widget elementor-widget-divider\" data-id=\"92d6e02\" data-element_type=\"widget\" data-e-type=\"widget\" data-widget_type=\"divider.default\">\n\t\t\t\t<div class=\"elementor-widget-container\">\n\t\t\t\t\t\t\t<div class=\"elementor-divider\">\n\t\t\t<span class=\"elementor-divider-separator\">\n\t\t\t\t\t\t<\/span>\n\t\t<\/div>\n\t\t\t\t\t\t<\/div>\n\t\t\t\t<\/div>\n\t\t\t\t\t<\/div>\n\t\t<\/div>\n\t\t\t\t<div class=\"elementor-column elementor-col-33 elementor-top-column elementor-element elementor-element-bbcaacb\" data-id=\"bbcaacb\" data-element_type=\"column\" data-e-type=\"column\">\n\t\t\t<div class=\"elementor-widget-wrap\">\n\t\t\t\t\t\t\t<\/div>\n\t\t<\/div>\n\t\t\t\t\t<\/div>\n\t\t<\/section>\n\t\t\t\t<\/div>\n\t\t","protected":false},"excerpt":{"rendered":"<p>PRIX DU BOIS ROND Pour comparer le prix du bois rond ou voir les derni\u00e8res mises \u00e0 jour, consultez : PRIX DU BOIS CONTINGENT\u00c9 Bois pour les march\u00e9s autres que ceux du sciage et du d\u00e9roulage (bois de trituration), cliquez ici. N\u2019oubliez pas qu\u2019avant de produire votre contingent de bois, vous devez toujours communiquer avec &hellip; <\/p>\n<p class=\"link-more\"><a href=\"https:\/\/www.foretprivee.ca\/mauricie\/mes-services\/acheteurs-prix-offerts-et-normes-de-faconnage-des-usines\/\" class=\"more-link\">Lire la suite<\/a><\/p>\n","protected":false},"author":1,"featured_media":0,"parent":24,"menu_order":0,"comment_status":"closed","ping_status":"closed","template":"","meta":{"_acf_changed":false,"footnotes":""},"class_list":["post-32","page","type-page","status-publish","hentry"],"acf":[],"_links":{"self":[{"href":"https:\/\/www.foretprivee.ca\/mauricie\/wp-json\/wp\/v2\/pages\/32","targetHints":{"allow":["GET"]}}],"collection":[{"href":"https:\/\/www.foretprivee.ca\/mauricie\/wp-json\/wp\/v2\/pages"}],"about":[{"href":"https:\/\/www.foretprivee.ca\/mauricie\/wp-json\/wp\/v2\/types\/page"}],"author":[{"embeddable":true,"href":"https:\/\/www.foretprivee.ca\/mauricie\/wp-json\/wp\/v2\/users\/1"}],"replies":[{"embeddable":true,"href":"https:\/\/www.foretprivee.ca\/mauricie\/wp-json\/wp\/v2\/comments?post=32"}],"version-history":[{"count":0,"href":"https:\/\/www.foretprivee.ca\/mauricie\/wp-json\/wp\/v2\/pages\/32\/revisions"}],"up":[{"embeddable":true,"href":"https:\/\/www.foretprivee.ca\/mauricie\/wp-json\/wp\/v2\/pages\/24"}],"wp:attachment":[{"href":"https:\/\/www.foretprivee.ca\/mauricie\/wp-json\/wp\/v2\/media?parent=32"}],"curies":[{"name":"wp","href":"https:\/\/api.w.org\/{rel}","templated":true}]}}