{"id":34,"date":"2018-12-13T20:05:48","date_gmt":"2018-12-13T20:05:48","guid":{"rendered":"https:\/\/www.foretprivee.ca\/mauricie\/?page_id=34"},"modified":"2025-08-18T19:20:14","modified_gmt":"2025-08-18T19:20:14","slug":"liste-de-transporteurs-de-bois","status":"publish","type":"page","link":"https:\/\/www.foretprivee.ca\/mauricie\/mes-services\/liste-de-transporteurs-de-bois\/","title":{"rendered":"Liste de transporteurs de bois"},"content":{"rendered":"\t\t<div data-elementor-type=\"wp-post\" data-elementor-id=\"34\" class=\"elementor elementor-34\" data-elementor-post-type=\"page\">\n\t\t\t\t\t\t<section class=\"elementor-section elementor-top-section elementor-element elementor-element-70df542 elementor-section-boxed elementor-section-height-default elementor-section-height-default\" data-id=\"70df542\" data-element_type=\"section\" data-e-type=\"section\">\n\t\t\t\t\t\t<div class=\"elementor-container elementor-column-gap-default\">\n\t\t\t\t\t<div class=\"elementor-column elementor-col-66 elementor-top-column elementor-element elementor-element-ece2145\" data-id=\"ece2145\" data-element_type=\"column\" data-e-type=\"column\">\n\t\t\t<div class=\"elementor-widget-wrap elementor-element-populated\">\n\t\t\t\t\t\t<div class=\"elementor-element elementor-element-1c16a3c elementor-widget elementor-widget-text-editor\" data-id=\"1c16a3c\" data-element_type=\"widget\" data-e-type=\"widget\" data-widget_type=\"text-editor.default\">\n\t\t\t\t<div class=\"elementor-widget-container\">\n\t\t\t\t\t\t\t\t\t<h4>MEMBRE DE L\u2019ASSOCIATION<\/h4>\t\t\t\t\t\t\t\t<\/div>\n\t\t\t\t<\/div>\n\t\t\t\t\t<\/div>\n\t\t<\/div>\n\t\t\t\t<div class=\"elementor-column elementor-col-33 elementor-top-column elementor-element elementor-element-8bc3210\" data-id=\"8bc3210\" data-element_type=\"column\" data-e-type=\"column\">\n\t\t\t<div class=\"elementor-widget-wrap\">\n\t\t\t\t\t\t\t<\/div>\n\t\t<\/div>\n\t\t\t\t\t<\/div>\n\t\t<\/section>\n\t\t\t\t<section class=\"elementor-section elementor-top-section elementor-element elementor-element-aa7dd89 elementor-section-boxed elementor-section-height-default elementor-section-height-default\" data-id=\"aa7dd89\" data-element_type=\"section\" data-e-type=\"section\">\n\t\t\t\t\t\t<div class=\"elementor-container elementor-column-gap-default\">\n\t\t\t\t\t<div class=\"elementor-column elementor-col-33 elementor-top-column elementor-element elementor-element-e7f9d99\" data-id=\"e7f9d99\" data-element_type=\"column\" data-e-type=\"column\">\n\t\t\t<div class=\"elementor-widget-wrap elementor-element-populated\">\n\t\t\t\t\t\t<div class=\"elementor-element elementor-element-bc758be elementor-widget elementor-widget-text-editor\" data-id=\"bc758be\" data-element_type=\"widget\" data-e-type=\"widget\" data-widget_type=\"text-editor.default\">\n\t\t\t\t<div class=\"elementor-widget-container\">\n\t\t\t\t\t\t\t\t\t<p><strong>OP\u00c9RATIONS FORESTI\u00c8RES DENMAR INC.<\/strong><br \/><strong>Marius Veillette<br \/><\/strong>4274, avenue Tour du Lac<br \/>Shawinigan (Qu\u00e9bec)\u00a0 G0X 1L0<\/p><p>T\u00e9l\u00e9phone : 819 538-5192<br \/>Cellulaire : 819 531-1816<br \/>Courriel :\u00a0<a href=\"mailto:mariusdenmar@live.fr\">mariusdenmar@live.fr<\/a><\/p><p>\u00a0<\/p>\t\t\t\t\t\t\t\t<\/div>\n\t\t\t\t<\/div>\n\t\t\t\t\t<\/div>\n\t\t<\/div>\n\t\t\t\t<div class=\"elementor-column elementor-col-33 elementor-top-column elementor-element elementor-element-42b3282\" data-id=\"42b3282\" data-element_type=\"column\" data-e-type=\"column\">\n\t\t\t<div class=\"elementor-widget-wrap elementor-element-populated\">\n\t\t\t\t\t\t<div class=\"elementor-element elementor-element-40d610f elementor-widget elementor-widget-text-editor\" data-id=\"40d610f\" data-element_type=\"widget\" data-e-type=\"widget\" data-widget_type=\"text-editor.default\">\n\t\t\t\t<div class=\"elementor-widget-container\">\n\t\t\t\t\t\t\t\t\t<p><strong>RAYMOND LEFEBVRE ET FILS LT\u00c9E<\/strong><br \/><strong>Jocelyn Lefebvre<\/strong><br \/>300, Route 159<br \/>Saint-S\u00e9verin (Qu\u00e9bec)\u00a0 G0X 2B0<\/p><p>T\u00e9l\u00e9phone : 418 365-6130<br \/>Courriel :\u00a0<a href=\"https:\/\/www.foretprivee.ca\/mauricie\/mes-services\/liste-de-transporteurs-de-bois\/maude@raymondlefebvre.com\">maude@raymondlefebvre.com<\/a><\/p><p>\u00a0<\/p><p>\u00a0<\/p>\t\t\t\t\t\t\t\t<\/div>\n\t\t\t\t<\/div>\n\t\t\t\t\t<\/div>\n\t\t<\/div>\n\t\t\t\t<div class=\"elementor-column elementor-col-33 elementor-top-column elementor-element elementor-element-fdb7511\" data-id=\"fdb7511\" data-element_type=\"column\" data-e-type=\"column\">\n\t\t\t<div class=\"elementor-widget-wrap elementor-element-populated\">\n\t\t\t\t\t\t\t<\/div>\n\t\t<\/div>\n\t\t\t\t\t<\/div>\n\t\t<\/section>\n\t\t\t\t<section class=\"elementor-section elementor-top-section elementor-element elementor-element-814569e elementor-section-boxed elementor-section-height-default elementor-section-height-default\" data-id=\"814569e\" data-element_type=\"section\" data-e-type=\"section\">\n\t\t\t\t\t\t<div class=\"elementor-container elementor-column-gap-default\">\n\t\t\t\t\t<div class=\"elementor-column elementor-col-66 elementor-top-column elementor-element elementor-element-1649b2c\" data-id=\"1649b2c\" data-element_type=\"column\" data-e-type=\"column\">\n\t\t\t<div class=\"elementor-widget-wrap elementor-element-populated\">\n\t\t\t\t\t\t<div class=\"elementor-element elementor-element-fe37232 elementor-widget elementor-widget-text-editor\" data-id=\"fe37232\" data-element_type=\"widget\" data-e-type=\"widget\" data-widget_type=\"text-editor.default\">\n\t\t\t\t<div class=\"elementor-widget-container\">\n\t\t\t\t\t\t\t\t\t<h4>TRANSPORTEURS AUTRES<\/h4><p>Pour avoir la liste des transporteurs de votre r\u00e9gion, cliquez <a href=\"https:\/\/www.foretprivee.ca\/mauricie\/wp-content\/uploads\/sites\/3\/2025\/08\/2025-08-18-liste-transporteur-internet.pdf\"><strong>ici.<\/strong><\/a><\/p>\t\t\t\t\t\t\t\t<\/div>\n\t\t\t\t<\/div>\n\t\t\t\t\t<\/div>\n\t\t<\/div>\n\t\t\t\t<div class=\"elementor-column elementor-col-33 elementor-top-column elementor-element elementor-element-667340c\" data-id=\"667340c\" data-element_type=\"column\" data-e-type=\"column\">\n\t\t\t<div class=\"elementor-widget-wrap\">\n\t\t\t\t\t\t\t<\/div>\n\t\t<\/div>\n\t\t\t\t\t<\/div>\n\t\t<\/section>\n\t\t\t\t<\/div>\n\t\t","protected":false},"excerpt":{"rendered":"<p>MEMBRE DE L\u2019ASSOCIATION OP\u00c9RATIONS FORESTI\u00c8RES DENMAR INC.Marius Veillette4274, avenue Tour du LacShawinigan (Qu\u00e9bec)\u00a0 G0X 1L0 T\u00e9l\u00e9phone : 819 538-5192Cellulaire : 819 531-1816Courriel :\u00a0mariusdenmar@live.fr \u00a0 RAYMOND LEFEBVRE ET FILS LT\u00c9EJocelyn Lefebvre300, Route 159Saint-S\u00e9verin (Qu\u00e9bec)\u00a0 G0X 2B0 T\u00e9l\u00e9phone : 418 365-6130Courriel :\u00a0maude@raymondlefebvre.com \u00a0 \u00a0 TRANSPORTEURS AUTRES Pour avoir la liste des transporteurs de votre r\u00e9gion, cliquez ici.<\/p>\n","protected":false},"author":1,"featured_media":0,"parent":24,"menu_order":0,"comment_status":"closed","ping_status":"closed","template":"","meta":{"_acf_changed":false,"footnotes":""},"class_list":["post-34","page","type-page","status-publish","hentry"],"acf":[],"_links":{"self":[{"href":"https:\/\/www.foretprivee.ca\/mauricie\/wp-json\/wp\/v2\/pages\/34","targetHints":{"allow":["GET"]}}],"collection":[{"href":"https:\/\/www.foretprivee.ca\/mauricie\/wp-json\/wp\/v2\/pages"}],"about":[{"href":"https:\/\/www.foretprivee.ca\/mauricie\/wp-json\/wp\/v2\/types\/page"}],"author":[{"embeddable":true,"href":"https:\/\/www.foretprivee.ca\/mauricie\/wp-json\/wp\/v2\/users\/1"}],"replies":[{"embeddable":true,"href":"https:\/\/www.foretprivee.ca\/mauricie\/wp-json\/wp\/v2\/comments?post=34"}],"version-history":[{"count":0,"href":"https:\/\/www.foretprivee.ca\/mauricie\/wp-json\/wp\/v2\/pages\/34\/revisions"}],"up":[{"embeddable":true,"href":"https:\/\/www.foretprivee.ca\/mauricie\/wp-json\/wp\/v2\/pages\/24"}],"wp:attachment":[{"href":"https:\/\/www.foretprivee.ca\/mauricie\/wp-json\/wp\/v2\/media?parent=34"}],"curies":[{"name":"wp","href":"https:\/\/api.w.org\/{rel}","templated":true}]}}