{"id":36,"date":"2018-12-13T20:06:02","date_gmt":"2018-12-13T20:06:02","guid":{"rendered":"https:\/\/www.foretprivee.ca\/mauricie\/?page_id=36"},"modified":"2025-06-12T16:06:43","modified_gmt":"2025-06-12T16:06:43","slug":"services-en-amenagement-forestier","status":"publish","type":"page","link":"https:\/\/www.foretprivee.ca\/mauricie\/mes-services\/services-en-amenagement-forestier\/","title":{"rendered":"Services en am\u00e9nagement forestier"},"content":{"rendered":"\t\t<div data-elementor-type=\"wp-post\" data-elementor-id=\"36\" class=\"elementor elementor-36\" data-elementor-post-type=\"page\">\n\t\t\t\t\t\t<section class=\"elementor-section elementor-top-section elementor-element elementor-element-5407b1e elementor-section-boxed elementor-section-height-default elementor-section-height-default\" data-id=\"5407b1e\" data-element_type=\"section\" data-e-type=\"section\">\n\t\t\t\t\t\t<div class=\"elementor-container elementor-column-gap-default\">\n\t\t\t\t\t<div class=\"elementor-column elementor-col-66 elementor-top-column elementor-element elementor-element-5174e31\" data-id=\"5174e31\" data-element_type=\"column\" data-e-type=\"column\">\n\t\t\t<div class=\"elementor-widget-wrap elementor-element-populated\">\n\t\t\t\t\t\t<div class=\"elementor-element elementor-element-3ec4593 elementor-widget elementor-widget-text-editor\" data-id=\"3ec4593\" data-element_type=\"widget\" data-e-type=\"widget\" data-widget_type=\"text-editor.default\">\n\t\t\t\t<div class=\"elementor-widget-container\">\n\t\t\t\t\t\t\t\t\t<p>Prenez note que notre service d\u2019am\u00e9nagement forestier dessert seulement la r\u00e9gion de la Mauricie.\u00a0<a href=\"https:\/\/www.foretprivee.ca\/je-cherche-un-expert\/\">Trouver un conseiller forestier pour la r\u00e9gion de Lanaudi\u00e8re<\/a>.<\/p>\t\t\t\t\t\t\t\t<\/div>\n\t\t\t\t<\/div>\n\t\t\t\t<div class=\"elementor-element elementor-element-5c4e826 elementor-widget-divider--view-line elementor-widget elementor-widget-divider\" data-id=\"5c4e826\" data-element_type=\"widget\" data-e-type=\"widget\" data-widget_type=\"divider.default\">\n\t\t\t\t<div class=\"elementor-widget-container\">\n\t\t\t\t\t\t\t<div class=\"elementor-divider\">\n\t\t\t<span class=\"elementor-divider-separator\">\n\t\t\t\t\t\t<\/span>\n\t\t<\/div>\n\t\t\t\t\t\t<\/div>\n\t\t\t\t<\/div>\n\t\t\t\t<div class=\"elementor-element elementor-element-db2e057 elementor-widget elementor-widget-text-editor\" data-id=\"db2e057\" data-element_type=\"widget\" data-e-type=\"widget\" data-widget_type=\"text-editor.default\">\n\t\t\t\t<div class=\"elementor-widget-container\">\n\t\t\t\t\t\t\t\t\t<h4>PROGRAMME D\u2019AIDE \u00c0 LA MISE EN VALEUR<\/h4><p>Le programme d\u2019aide \u00e0 la mise en valeur des for\u00eats priv\u00e9es du Minist\u00e8re des Ressources naturelles consiste \u00e0 offrir une aide financi\u00e8re et technique aux producteurs forestiers pour la r\u00e9alisation d\u2019activit\u00e9s foresti\u00e8res dans les for\u00eats priv\u00e9es. Ces activit\u00e9s ont pour but de prot\u00e9ger et de mettre en valeur toute superficie \u00e0 vocation foresti\u00e8re enregistr\u00e9e, conform\u00e9ment \u00e0 l\u2019article 120 de la Loi sur les for\u00eats.<\/p><p>Pour \u00eatre admissible au programme d\u2019aide financi\u00e8re, le producteur doit \u00eatre reconnu producteur forestier en vertu de l\u2019article 130 de la Loi sur l\u2019am\u00e9nagement durable du territoire forestier. Pour ce faire, le producteur doit poss\u00e9der une superficie \u00e0 vocation foresti\u00e8re d\u2019au moins 4 hectares (10 acres ou 12 arpents carr\u00e9s), doter d\u2019un plan d\u2019am\u00e9nagement forestier reconnu certifi\u00e9 conforme aux r\u00e8glements de l\u2019agence r\u00e9gionale de mise en valeur des for\u00eats priv\u00e9es par un ing\u00e9nieur forestier.<\/p><p>Par la suite, le producteur doit faire une demande d\u2019enregistrement, accompagn\u00e9e des documents n\u00e9cessaires et du paiement des frais exigibles, aupr\u00e8s d\u2019un bureau d\u2019enregistrement mandat\u00e9 par le Minist\u00e8re des Ressources naturelles.<\/p><p>Visionnez la vid\u00e9o explicative de comment devenir producteur forestier (Minist\u00e8re).<\/p>\t\t\t\t\t\t\t\t<\/div>\n\t\t\t\t<\/div>\n\t\t\t\t<div class=\"elementor-element elementor-element-d2c712a elementor-widget elementor-widget-video\" data-id=\"d2c712a\" data-element_type=\"widget\" data-e-type=\"widget\" data-settings=\"{&quot;youtube_url&quot;:&quot;https:\\\/\\\/www.youtube.com\\\/watch?v=6Pd4MUgcVKY&quot;,&quot;video_type&quot;:&quot;youtube&quot;,&quot;controls&quot;:&quot;yes&quot;}\" data-widget_type=\"video.default\">\n\t\t\t\t<div class=\"elementor-widget-container\">\n\t\t\t\t\t\t\t<div class=\"elementor-wrapper elementor-open-inline\">\n\t\t\t<div class=\"elementor-video\"><\/div>\t\t<\/div>\n\t\t\t\t\t\t<\/div>\n\t\t\t\t<\/div>\n\t\t\t\t<div class=\"elementor-element elementor-element-379f47d elementor-widget elementor-widget-spacer\" data-id=\"379f47d\" data-element_type=\"widget\" data-e-type=\"widget\" data-widget_type=\"spacer.default\">\n\t\t\t\t<div class=\"elementor-widget-container\">\n\t\t\t\t\t\t\t<div class=\"elementor-spacer\">\n\t\t\t<div class=\"elementor-spacer-inner\"><\/div>\n\t\t<\/div>\n\t\t\t\t\t\t<\/div>\n\t\t\t\t<\/div>\n\t\t\t\t<div class=\"elementor-element elementor-element-c6798df elementor-widget elementor-widget-text-editor\" data-id=\"c6798df\" data-element_type=\"widget\" data-e-type=\"widget\" data-widget_type=\"text-editor.default\">\n\t\t\t\t<div class=\"elementor-widget-container\">\n\t\t\t\t\t\t\t\t\t<h4>SERVICE PROFESSIONNEL CONSEIL<\/h4><p>Les services offerts pour la r\u00e9gion de la Mauricie sont les suivants:<\/p><p><strong>Confection d\u2019un plan d\u2019am\u00e9nagement forestier<\/strong><br \/>Ce qui inclut les \u00e9l\u00e9ments suivants:<\/p><ul><li><strong>L\u2019identification du propri\u00e9taire et de son repr\u00e9sentant autoris\u00e9;<\/strong><\/li><li><strong>L\u2019identification de la propri\u00e9t\u00e9, de la superficie totale et de la superficie \u00e0 vocation foresti\u00e8re;<\/strong><\/li><li><strong>D\u00e9claration du propri\u00e9taire et de son repr\u00e9sentant autoris\u00e9;<\/strong><\/li><li><strong>La cartographie de la propri\u00e9t\u00e9;<\/strong><\/li><li><strong>La description de la propri\u00e9t\u00e9 (groupe d\u2019essence, localisation des cours d\u2019eau permanents et classe d\u2019\u00e2ge et hauteur;<\/strong><\/li><li><strong>Description sommaire des travaux d\u2019am\u00e9nagement forestier en cours et effectu\u00e9s;<\/strong><\/li><li><strong>Les potentiels ou description g\u00e9n\u00e9rale des travaux de mise en valeur;<\/strong><\/li><li><strong>Les objectifs du propri\u00e9taire sur une p\u00e9riode de 10 ans;<\/strong><\/li><li><strong>Identification des \u00e9l\u00e9ments de biodiversit\u00e9 \u00e0 pr\u00e9server et identifi\u00e9 au Plan de protection et de mise en valeur (PPMV);<\/strong><\/li><li><strong>La signature du propri\u00e9taire qui reconnait avoir pris connaissance du contenu de son plan d\u2019am\u00e9nagement forestier;<\/strong><\/li><li><strong>La signature de l\u2019ing\u00e9nieur forestier qui reconnait avoir fait un plan d\u2019am\u00e9nagement forestier pour la propri\u00e9t\u00e9, dont la p\u00e9riode de validit\u00e9 est mentionn\u00e9e. L\u2019ing\u00e9nieur forestier doit aussi certifier que le plan d\u2019am\u00e9nagement forestier est conforme au pr\u00e9sent r\u00e8glement. Il doit inscrire ses coordonn\u00e9es ainsi que son num\u00e9ro de permis de l\u2019Ordre des ing\u00e9nieurs forestiers du Qu\u00e9bec.<\/strong>\u00a0 \u00a0 \u00a0 \u00a0 \u00a0 \u00a0 \u00a0 \u00a0 \u00a0 \u00a0 \u00a0 \u00a0\u00a0<\/li><\/ul><p><strong>Remboursement de taxes fonci\u00e8res<\/strong><br \/>Le SPBM offre la possibilit\u00e9 de faire \u00e9valuer les travaux d\u2019am\u00e9nagement forestier ayant \u00e9t\u00e9 r\u00e9alis\u00e9s ou non dans le cadre du programme de mise en valeur des for\u00eats priv\u00e9es de la Mauricie. Seuls les producteurs de bois reconnus (enregistr\u00e9s) peuvent soumettre la valeur de ces travaux dans le cadre du remboursement des taxes fonci\u00e8res. Un rapport de l\u2019ing\u00e9nieur forestier vient confirmer le tout et est obligatoire pour acc\u00e9der \u00e0 ce remboursement. Pour l\u2019obtenir, vous devez communiquer avec le Syndicat.<\/p><p><strong>Conseil en am\u00e9nagement forestier<\/strong><br \/>Le SPBM offre les services de conseils pour la r\u00e9alisation de travaux forestiers. Pour un propri\u00e9taire d\u00e9sireux d\u2019entreprendre des travaux sans toutefois vouloir b\u00e9n\u00e9ficier des avantages du programme de mise en valeur des for\u00eats priv\u00e9es, cette proposition devient int\u00e9ressante. Le service peut inclure, selon le d\u00e9sir du propri\u00e9taire, l\u2019encadrement technique et le suivi des travaux.<\/p><p><strong>Traverse de cours d\u2019eau<\/strong><br \/>Le SPBM offre les services de calcul de d\u00e9bit et de la production des plans et devis pour les traverses de cours d\u2019eau. Lorsque vous voulez construire une traverse de cours d\u2019eau, il est tr\u00e8s important de pr\u00e9voir les bonnes dimensions permettant la libre circulation de l\u2019eau en tout temps. M\u00eame si l\u2019on pense que le cours d\u2019eau n\u2019a pas un d\u00e9bit important, on peut \u00eatre surpris lors de la fonte des neiges et lors de pluies en for\u00eat. Il existe plusieurs liens entre les pr\u00e9cipitations, la capacit\u00e9 de r\u00e9tention d\u2019eau du terrain, l\u2019endroit o\u00f9 vous vous situez sur le cours d\u2019eau, la topographie du terrain, etc. En consid\u00e9rant ces \u00e9l\u00e9ments dans l\u2019\u00e9tude du bassin versant desservant le cours d\u2019eau que vous souhaitez traverser, c\u2019est \u00e0 ce moment que les dimensions du ponceau respecteront le d\u00e9bit. Plusieurs exemples de bris de traverses ont fait les nouvelles ces derni\u00e8res ann\u00e9es, alors si vous \u00eates d\u00e9sireux de traverser un cours d\u2019eau de fa\u00e7on la moins dommageable pour l\u2019environnement et que votre traverse demeure en bonne \u00e9tat durant plusieurs ann\u00e9es, informez-vous aupr\u00e8s de nous.<\/p><p><strong>Confection de plan d\u2019\u00e9rabli\u00e8re\u00a0<\/strong><br \/>Le SPBM offre les services de conseils pour la confection de plan d\u2019\u00e9rabli\u00e8re.\u00a0 Le plan inclut, entre autres, la situation de l\u2019\u00e9rabli\u00e8re et des infrastructures, le d\u00e9compte des entailles actuelles et le potentiel de d\u00e9veloppement de l\u2019\u00e9rabli\u00e8re.\u00a0<\/p>\t\t\t\t\t\t\t\t<\/div>\n\t\t\t\t<\/div>\n\t\t\t\t<div class=\"elementor-element elementor-element-1899b33 elementor-widget elementor-widget-text-editor\" data-id=\"1899b33\" data-element_type=\"widget\" data-e-type=\"widget\" data-widget_type=\"text-editor.default\">\n\t\t\t\t<div class=\"elementor-widget-container\">\n\t\t\t\t\t\t\t\t\t<p>Pour de plus amples informations sur nos services, n&rsquo;h\u00e9sitez pas \u00e0 communiquer avec les personnes suivantes:<\/p><p>Nicolas Caouette :\u00a0<br \/>819 697-2922, poste 232<br \/><a href=\"mailto:caouette@spbois.qc.ca\">ncaouette@spbois.qc.ca<\/a><\/p><p>\u00c9ric Frigon, ing. f. : <br \/>819 697-2922, poste 227<br \/><a href=\"mailto:efrigon@spbois.qc.ca\">efrigon@spbois.qc.ca<\/a>\u00a0<\/p><p>J\u00e9r\u00e9mie Lapointe :\u00a0<br \/>819 697-2922, poste 221<br \/><a href=\"mailto:jlapointe@spbois.qc.ca\">jlapointe@spbois.qc.ca<\/a><\/p><p>Gilles Trudel :\u00a0<br \/>819 697-2922, poste 230<br \/><a href=\"mailto:gtrudel@spbois.qc.ca\">gtrudel@spbois.qc.ca<\/a><\/p>\t\t\t\t\t\t\t\t<\/div>\n\t\t\t\t<\/div>\n\t\t\t\t\t<\/div>\n\t\t<\/div>\n\t\t\t\t<div class=\"elementor-column elementor-col-33 elementor-top-column elementor-element elementor-element-f370d89\" data-id=\"f370d89\" data-element_type=\"column\" data-e-type=\"column\">\n\t\t\t<div class=\"elementor-widget-wrap\">\n\t\t\t\t\t\t\t<\/div>\n\t\t<\/div>\n\t\t\t\t\t<\/div>\n\t\t<\/section>\n\t\t\t\t<section class=\"elementor-section elementor-top-section elementor-element elementor-element-1390413f elementor-section-boxed elementor-section-height-default elementor-section-height-default\" data-id=\"1390413f\" data-element_type=\"section\" data-e-type=\"section\">\n\t\t\t\t\t\t<div class=\"elementor-container elementor-column-gap-default\">\n\t\t\t\t\t<div class=\"elementor-column elementor-col-100 elementor-top-column elementor-element elementor-element-5381c234\" data-id=\"5381c234\" data-element_type=\"column\" data-e-type=\"column\">\n\t\t\t<div class=\"elementor-widget-wrap elementor-element-populated\">\n\t\t\t\t\t\t<div class=\"elementor-element elementor-element-785442e3 elementor-widget elementor-widget-outils\" data-id=\"785442e3\" data-element_type=\"widget\" data-e-type=\"widget\" data-widget_type=\"outils.default\">\n\t\t\t\t<div class=\"elementor-widget-container\">\n\t\t\t\t\t\t\t<div class=\"penega-outils-container\">\n\t\t\t\t\t\t\t<h2>Outils<\/h2>\n\t\t\t\t\t\t<div class=\"boutons\">\n\t\t\t\t\t\t\t\t\t<a  class=\"btn-color second-color full\" href=\"http:\/\/www.prixbois.ca\/#Recherche\">\n\t\t\t\t\t\t<img decoding=\"async\" data-src=\"http:\/\/www.foretprivee.ca\/mauricie\/wp-content\/uploads\/sites\/3\/2019\/01\/icone-calculator.png\" src=\"data:image\/svg+xml;base64,PHN2ZyB3aWR0aD0iMSIgaGVpZ2h0PSIxIiB4bWxucz0iaHR0cDovL3d3dy53My5vcmcvMjAwMC9zdmciPjwvc3ZnPg==\" class=\"lazyload\" \/>\n\t\t\t\t\t\t<span>Conna\u00eetre le prix du bois<\/span>\n\t\t\t\t\t\t<svg viewBox=\"0 0 41.303 28.299\">\n\t\t\t\t\t\t  <defs>\n\t\t\t\t\t\t    <style>\n\t\t\t\t\t\t      .outils-1, .outils-2, .outils-4, .outils-7 {\n\t\t\t\t\t\t        fill: none;\n\t\t\t\t\t\t      }\n\n\t\t\t\t\t\t      .outils-2 {\n\t\t\t\t\t\t        clip-rule: evenodd;\n\t\t\t\t\t\t      }\n\n\t\t\t\t\t\t      .outils-3 {\n\t\t\t\t\t\t        clip-path: url(#clip-path);\n\t\t\t\t\t\t      }\n\n\t\t\t\t\t\t      .outils-4, .outils-7 {\n\t\t\t\t\t\t        stroke: #ffffff;\n\t\t\t\t\t\t      }\n\n\t\t\t\t\t\t      .outils-4 {\n\t\t\t\t\t\t        stroke-linecap: square;\n\t\t\t\t\t\t        stroke-width: 2px;\n\t\t\t\t\t\t      }\n\n\t\t\t\t\t\t      .outils-5 {\n\t\t\t\t\t\t        clip-path: url(#clip-path-2);\n\t\t\t\t\t\t      }\n\n\t\t\t\t\t\t      .outils-6 {\n\t\t\t\t\t\t        clip-path: url(#clip-path-3);\n\t\t\t\t\t\t      }\n\n\t\t\t\t\t\t      .outils-7 {\n\t\t\t\t\t\t        stroke-width: 4px;\n\t\t\t\t\t\t      }\n\t\t\t\t\t\t    <\/style>\n\t\t\t\t\t\t    <clipPath id=\"clip-path\">\n\t\t\t\t\t\t      <path id=\"Trac\u00e9_73\" data-name=\"Trac\u00e9 73\" class=\"outils-1\" d=\"M0,12.3H41.3V-16H0Z\" transform=\"translate(0 16)\"\/>\n\t\t\t\t\t\t    <\/clipPath>\n\t\t\t\t\t\t    <clipPath id=\"clip-path-2\">\n\t\t\t\t\t\t      <path id=\"Trac\u00e9_76\" data-name=\"Trac\u00e9 76\" class=\"outils-2\" d=\"M27.728-15.136,38.267-4.6,27.728,5.942\" transform=\"translate(-27.728 15.136)\"\/>\n\t\t\t\t\t\t    <\/clipPath>\n\t\t\t\t\t\t    <clipPath id=\"clip-path-3\">\n\t\t\t\t\t\t      <path id=\"Trac\u00e9_75\" data-name=\"Trac\u00e9 75\" class=\"outils-1\" d=\"M0,6.782H48.245V-16H0Z\" transform=\"translate(0 16)\"\/>\n\t\t\t\t\t\t    <\/clipPath>\n\t\t\t\t\t\t  <\/defs>\n\t\t\t\t\t\t  <g id=\"Symbole_7_7\" data-name=\"Symbole 7 \u2013 7\" transform=\"translate(-621 -3612)\">\n\t\t\t\t\t\t    <g id=\"Groupe_90\" data-name=\"Groupe 90\" class=\"outils-3\" transform=\"translate(621 3612)\">\n\t\t\t\t\t\t      <g id=\"Groupe_89\" data-name=\"Groupe 89\" transform=\"translate(2.29 14.149)\">\n\t\t\t\t\t\t        <path id=\"Trac\u00e9_72\" data-name=\"Trac\u00e9 72\" class=\"outils-4\" d=\"M1,1.5H36.057\" transform=\"translate(-0.996 -1.5)\"\/>\n\t\t\t\t\t\t      <\/g>\n\t\t\t\t\t\t    <\/g>\n\t\t\t\t\t\t    <g id=\"Groupe_93\" data-name=\"Groupe 93\" class=\"outils-5\" transform=\"translate(650.992 3616.033)\">\n\t\t\t\t\t\t      <g id=\"Groupe_92\" data-name=\"Groupe 92\" class=\"outils-6\" transform=\"translate(-37.159 -1.158)\">\n\t\t\t\t\t\t        <g id=\"Groupe_91\" data-name=\"Groupe 91\" transform=\"translate(37.159 1.158) rotate(45)\">\n\t\t\t\t\t\t          <path id=\"Trac\u00e9_74\" data-name=\"Trac\u00e9 74\" class=\"outils-7\" d=\"M0,0H14.9V14.9\" transform=\"translate(0 0)\"\/>\n\t\t\t\t\t\t        <\/g>\n\t\t\t\t\t\t      <\/g>\n\t\t\t\t\t\t    <\/g>\n\t\t\t\t\t\t  <\/g>\n\t\t\t\t\t\t<\/svg>\n\t\t\t\t\t<\/a>\n\t\t\t\t\t\t\t\t\t<a target=\"_blank\" class=\"btn-color second-color full\" href=\"https:\/\/www.foretprivee.ca\/bibliotheque\/outils\/nos-facteurs-de-conversion-et-mesures\/\">\n\t\t\t\t\t\t<img decoding=\"async\" data-src=\"http:\/\/www.foretprivee.ca\/mauricie\/wp-content\/uploads\/sites\/3\/2019\/01\/icone_mesures.png\" src=\"data:image\/svg+xml;base64,PHN2ZyB3aWR0aD0iMSIgaGVpZ2h0PSIxIiB4bWxucz0iaHR0cDovL3d3dy53My5vcmcvMjAwMC9zdmciPjwvc3ZnPg==\" class=\"lazyload\" \/>\n\t\t\t\t\t\t<span>Nos facteurs de conversion et mesures<\/span>\n\t\t\t\t\t\t<svg viewBox=\"0 0 41.303 28.299\">\n\t\t\t\t\t\t  <defs>\n\t\t\t\t\t\t    <style>\n\t\t\t\t\t\t      .outils-1, .outils-2, .outils-4, .outils-7 {\n\t\t\t\t\t\t        fill: none;\n\t\t\t\t\t\t      }\n\n\t\t\t\t\t\t      .outils-2 {\n\t\t\t\t\t\t        clip-rule: evenodd;\n\t\t\t\t\t\t      }\n\n\t\t\t\t\t\t      .outils-3 {\n\t\t\t\t\t\t        clip-path: url(#clip-path);\n\t\t\t\t\t\t      }\n\n\t\t\t\t\t\t      .outils-4, .outils-7 {\n\t\t\t\t\t\t        stroke: #ffffff;\n\t\t\t\t\t\t      }\n\n\t\t\t\t\t\t      .outils-4 {\n\t\t\t\t\t\t        stroke-linecap: square;\n\t\t\t\t\t\t        stroke-width: 2px;\n\t\t\t\t\t\t      }\n\n\t\t\t\t\t\t      .outils-5 {\n\t\t\t\t\t\t        clip-path: url(#clip-path-2);\n\t\t\t\t\t\t      }\n\n\t\t\t\t\t\t      .outils-6 {\n\t\t\t\t\t\t        clip-path: url(#clip-path-3);\n\t\t\t\t\t\t      }\n\n\t\t\t\t\t\t      .outils-7 {\n\t\t\t\t\t\t        stroke-width: 4px;\n\t\t\t\t\t\t      }\n\t\t\t\t\t\t    <\/style>\n\t\t\t\t\t\t    <clipPath id=\"clip-path\">\n\t\t\t\t\t\t      <path id=\"Trac\u00e9_73\" data-name=\"Trac\u00e9 73\" class=\"outils-1\" d=\"M0,12.3H41.3V-16H0Z\" transform=\"translate(0 16)\"\/>\n\t\t\t\t\t\t    <\/clipPath>\n\t\t\t\t\t\t    <clipPath id=\"clip-path-2\">\n\t\t\t\t\t\t      <path id=\"Trac\u00e9_76\" data-name=\"Trac\u00e9 76\" class=\"outils-2\" d=\"M27.728-15.136,38.267-4.6,27.728,5.942\" transform=\"translate(-27.728 15.136)\"\/>\n\t\t\t\t\t\t    <\/clipPath>\n\t\t\t\t\t\t    <clipPath id=\"clip-path-3\">\n\t\t\t\t\t\t      <path id=\"Trac\u00e9_75\" data-name=\"Trac\u00e9 75\" class=\"outils-1\" d=\"M0,6.782H48.245V-16H0Z\" transform=\"translate(0 16)\"\/>\n\t\t\t\t\t\t    <\/clipPath>\n\t\t\t\t\t\t  <\/defs>\n\t\t\t\t\t\t  <g id=\"Symbole_7_7\" data-name=\"Symbole 7 \u2013 7\" transform=\"translate(-621 -3612)\">\n\t\t\t\t\t\t    <g id=\"Groupe_90\" data-name=\"Groupe 90\" class=\"outils-3\" transform=\"translate(621 3612)\">\n\t\t\t\t\t\t      <g id=\"Groupe_89\" data-name=\"Groupe 89\" transform=\"translate(2.29 14.149)\">\n\t\t\t\t\t\t        <path id=\"Trac\u00e9_72\" data-name=\"Trac\u00e9 72\" class=\"outils-4\" d=\"M1,1.5H36.057\" transform=\"translate(-0.996 -1.5)\"\/>\n\t\t\t\t\t\t      <\/g>\n\t\t\t\t\t\t    <\/g>\n\t\t\t\t\t\t    <g id=\"Groupe_93\" data-name=\"Groupe 93\" class=\"outils-5\" transform=\"translate(650.992 3616.033)\">\n\t\t\t\t\t\t      <g id=\"Groupe_92\" data-name=\"Groupe 92\" class=\"outils-6\" transform=\"translate(-37.159 -1.158)\">\n\t\t\t\t\t\t        <g id=\"Groupe_91\" data-name=\"Groupe 91\" transform=\"translate(37.159 1.158) rotate(45)\">\n\t\t\t\t\t\t          <path id=\"Trac\u00e9_74\" data-name=\"Trac\u00e9 74\" class=\"outils-7\" d=\"M0,0H14.9V14.9\" transform=\"translate(0 0)\"\/>\n\t\t\t\t\t\t        <\/g>\n\t\t\t\t\t\t      <\/g>\n\t\t\t\t\t\t    <\/g>\n\t\t\t\t\t\t  <\/g>\n\t\t\t\t\t\t<\/svg>\n\t\t\t\t\t<\/a>\n\t\t\t\t\t\t\t<\/div>\n\t\t\t\t\t<\/div>\n\t\t\t\t\t\t<\/div>\n\t\t\t\t<\/div>\n\t\t\t\t\t<\/div>\n\t\t<\/div>\n\t\t\t\t\t<\/div>\n\t\t<\/section>\n\t\t\t\t<\/div>\n\t\t","protected":false},"excerpt":{"rendered":"<p>Prenez note que notre service d\u2019am\u00e9nagement forestier dessert seulement la r\u00e9gion de la Mauricie.\u00a0Trouver un conseiller forestier pour la r\u00e9gion de Lanaudi\u00e8re. PROGRAMME D\u2019AIDE \u00c0 LA MISE EN VALEUR Le programme d\u2019aide \u00e0 la mise en valeur des for\u00eats priv\u00e9es du Minist\u00e8re des Ressources naturelles consiste \u00e0 offrir une aide financi\u00e8re et technique aux producteurs &hellip; <\/p>\n<p class=\"link-more\"><a href=\"https:\/\/www.foretprivee.ca\/mauricie\/mes-services\/services-en-amenagement-forestier\/\" class=\"more-link\">Lire la suite<\/a><\/p>\n","protected":false},"author":1,"featured_media":609,"parent":24,"menu_order":0,"comment_status":"closed","ping_status":"closed","template":"","meta":{"_acf_changed":false,"footnotes":""},"class_list":["post-36","page","type-page","status-publish","has-post-thumbnail","hentry"],"acf":[],"_links":{"self":[{"href":"https:\/\/www.foretprivee.ca\/mauricie\/wp-json\/wp\/v2\/pages\/36","targetHints":{"allow":["GET"]}}],"collection":[{"href":"https:\/\/www.foretprivee.ca\/mauricie\/wp-json\/wp\/v2\/pages"}],"about":[{"href":"https:\/\/www.foretprivee.ca\/mauricie\/wp-json\/wp\/v2\/types\/page"}],"author":[{"embeddable":true,"href":"https:\/\/www.foretprivee.ca\/mauricie\/wp-json\/wp\/v2\/users\/1"}],"replies":[{"embeddable":true,"href":"https:\/\/www.foretprivee.ca\/mauricie\/wp-json\/wp\/v2\/comments?post=36"}],"version-history":[{"count":0,"href":"https:\/\/www.foretprivee.ca\/mauricie\/wp-json\/wp\/v2\/pages\/36\/revisions"}],"up":[{"embeddable":true,"href":"https:\/\/www.foretprivee.ca\/mauricie\/wp-json\/wp\/v2\/pages\/24"}],"wp:featuredmedia":[{"embeddable":true,"href":"https:\/\/www.foretprivee.ca\/mauricie\/wp-json\/wp\/v2\/media\/609"}],"wp:attachment":[{"href":"https:\/\/www.foretprivee.ca\/mauricie\/wp-json\/wp\/v2\/media?parent=36"}],"curies":[{"name":"wp","href":"https:\/\/api.w.org\/{rel}","templated":true}]}}