{"id":4,"date":"2018-12-13T20:01:10","date_gmt":"2018-12-13T20:01:10","guid":{"rendered":"https:\/\/www.foretprivee.ca\/mauricie\/?page_id=4"},"modified":"2019-01-14T17:06:32","modified_gmt":"2019-01-14T17:06:32","slug":"mon-syndicat","status":"publish","type":"page","link":"https:\/\/www.foretprivee.ca\/mauricie\/mon-syndicat\/","title":{"rendered":"Mon syndicat"},"content":{"rendered":"\t\t<div data-elementor-type=\"wp-post\" data-elementor-id=\"4\" class=\"elementor elementor-4 elementor-bc-flex-widget\" data-elementor-post-type=\"page\">\n\t\t\t\t\t\t<section class=\"elementor-section elementor-top-section elementor-element elementor-element-57d6a70 elementor-section-boxed elementor-section-height-default elementor-section-height-default\" data-id=\"57d6a70\" data-element_type=\"section\" data-e-type=\"section\">\n\t\t\t\t\t\t<div class=\"elementor-container elementor-column-gap-default\">\n\t\t\t\t\t<div class=\"elementor-column elementor-col-100 elementor-top-column elementor-element elementor-element-942a0a7\" data-id=\"942a0a7\" data-element_type=\"column\" data-e-type=\"column\">\n\t\t\t<div class=\"elementor-widget-wrap elementor-element-populated\">\n\t\t\t\t\t\t<div class=\"elementor-element elementor-element-37cf4da elementor-widget elementor-widget-sub-menu\" data-id=\"37cf4da\" data-element_type=\"widget\" data-e-type=\"widget\" data-widget_type=\"sub-menu.default\">\n\t\t\t\t<div class=\"elementor-widget-container\">\n\t\t\t\t\t\n\t\t<div class=\"penega-sub-menu\">\n\n\t\t\t<ul>\n\t\t\t\t\t\t\t\t\t\t<!-- Moisac -->\n\t\t\t\t\t\t\t\t\t\t\t<a href=\"https:\/\/www.foretprivee.ca\/mauricie\/mon-syndicat\/mission-et-mandats\/\">\n\t\t\t\t\t\t\t<li class=\"nth-child-0\">\n\t\t\t\t\t\t\t\tMission et mandats<br\/>\n\t\t\t\t\t\t\t\t+\n\t\t\t\t\t\t\t<\/li>\n\t\t\t\t\t\t\t\t\t\t\t\t\t<\/a>\n\t\t\t\t\t\t\t\t\t\t\t<a href=\"https:\/\/www.foretprivee.ca\/mauricie\/mon-syndicat\/conseil-dadministration\/\">\n\t\t\t\t\t\t\t<li class=\"nth-child-1\">\n\t\t\t\t\t\t\t\tConseil d'administration<br\/>\n\t\t\t\t\t\t\t\t+\n\t\t\t\t\t\t\t<\/li>\n\t\t\t\t\t\t\t\t\t\t\t\t\t<\/a>\n\t\t\t\t\t\t\t\t\t\t\t<a href=\"https:\/\/www.foretprivee.ca\/mauricie\/mon-syndicat\/organigramme\/\">\n\t\t\t\t\t\t\t<li class=\"nth-child-2\">\n\t\t\t\t\t\t\t\tOrganigramme<br\/>\n\t\t\t\t\t\t\t\t+\n\t\t\t\t\t\t\t<\/li>\n\t\t\t\t\t\t\t\t\t\t\t\t\t<\/a>\n\t\t\t\t\t\t\t\t\t\t\t<a href=\"https:\/\/www.foretprivee.ca\/mauricie\/mon-syndicat\/equipe\/\">\n\t\t\t\t\t\t\t<li class=\"nth-child-3\">\n\t\t\t\t\t\t\t\t\u00c9quipe<br\/>\n\t\t\t\t\t\t\t\t+\n\t\t\t\t\t\t\t<\/li>\n\t\t\t\t\t\t\t\t\t\t\t\t\t<\/a>\n\t\t\t\t\t\t\t\t\t\t\t<a href=\"https:\/\/www.foretprivee.ca\/mauricie\/mon-syndicat\/assemblees-et-reunions\/\">\n\t\t\t\t\t\t\t<li class=\"nth-child-0\">\n\t\t\t\t\t\t\t\tAssembl\u00e9es et r\u00e9unions<br\/>\n\t\t\t\t\t\t\t\t+\n\t\t\t\t\t\t\t<\/li>\n\t\t\t\t\t\t\t\t\t\t\t\t\t<\/a>\n\t\t\t\t\t\t\t\t\t\t\t<a href=\"https:\/\/www.foretprivee.ca\/mauricie\/mon-syndicat\/rapports-dactivite\/\">\n\t\t\t\t\t\t\t<li class=\"nth-child-1\">\n\t\t\t\t\t\t\t\tRapports d'activit\u00e9<br\/>\n\t\t\t\t\t\t\t\t+\n\t\t\t\t\t\t\t<\/li>\n\t\t\t\t\t\t\t\t\t\t\t\t\t<\/a>\n\t\t\t\t\t\t\t\t\t\t\t<a href=\"https:\/\/www.foretprivee.ca\/mauricie\/mon-syndicat\/territoires-et-cartes\/\">\n\t\t\t\t\t\t\t<li class=\"nth-child-2\">\n\t\t\t\t\t\t\t\tTerritoires et cartes<br\/>\n\t\t\t\t\t\t\t\t+\n\t\t\t\t\t\t\t<\/li>\n\t\t\t\t\t\t\t\t\t\t\t\t\t<\/a>\n\t\t\t\t\t\t\t\t\t\t\t<a href=\"https:\/\/www.foretprivee.ca\/mauricie\/mon-syndicat\/reglementation\/\">\n\t\t\t\t\t\t\t<li class=\"nth-child-3\">\n\t\t\t\t\t\t\t\tR\u00e9glementation<br\/>\n\t\t\t\t\t\t\t\t+\n\t\t\t\t\t\t\t<\/li>\n\t\t\t\t\t\t\t\t\t\t\t\t\t<\/a>\n\t\t\t\t\t\t\t\t\t\t\t<a href=\"https:\/\/www.foretprivee.ca\/mauricie\/mon-syndicat\/devenir-membre\/\">\n\t\t\t\t\t\t\t<li class=\"nth-child-0\">\n\t\t\t\t\t\t\t\tDevenir membre<br\/>\n\t\t\t\t\t\t\t\t+\n\t\t\t\t\t\t\t<\/li>\n\t\t\t\t\t\t\t\t\t\t\t\t\t<\/a>\n\t\t\t\t\t\t\t\t\t\t\t<\/ul>\n\t\t<\/div>\n\t\t\t\t\t\t<\/div>\n\t\t\t\t<\/div>\n\t\t\t\t\t<\/div>\n\t\t<\/div>\n\t\t\t\t\t<\/div>\n\t\t<\/section>\n\t\t\t\t<\/div>\n\t\t","protected":false},"excerpt":{"rendered":"<p>&nbsp; Mission et mandats + &nbsp; &nbsp; &nbsp; Conseil d&rsquo;administration + &nbsp; &nbsp; &nbsp; Organigramme + &nbsp; &nbsp; &nbsp; \u00c9quipe + &nbsp; &nbsp; &nbsp; Assembl\u00e9es et r\u00e9unions + &nbsp; &nbsp; &nbsp; Rapports d&rsquo;activit\u00e9 + &nbsp; &nbsp; &nbsp; Territoires et cartes + &nbsp; &nbsp; &nbsp; R\u00e9glementation + &nbsp; &nbsp; &nbsp; Devenir membre + &nbsp; &nbsp; &nbsp; &hellip; <\/p>\n<p class=\"link-more\"><a href=\"https:\/\/www.foretprivee.ca\/mauricie\/mon-syndicat\/\" class=\"more-link\">Lire la suite<\/a><\/p>\n","protected":false},"author":1,"featured_media":608,"parent":0,"menu_order":0,"comment_status":"closed","ping_status":"closed","template":"","meta":{"_acf_changed":false,"footnotes":""},"class_list":["post-4","page","type-page","status-publish","has-post-thumbnail","hentry"],"acf":[],"_links":{"self":[{"href":"https:\/\/www.foretprivee.ca\/mauricie\/wp-json\/wp\/v2\/pages\/4","targetHints":{"allow":["GET"]}}],"collection":[{"href":"https:\/\/www.foretprivee.ca\/mauricie\/wp-json\/wp\/v2\/pages"}],"about":[{"href":"https:\/\/www.foretprivee.ca\/mauricie\/wp-json\/wp\/v2\/types\/page"}],"author":[{"embeddable":true,"href":"https:\/\/www.foretprivee.ca\/mauricie\/wp-json\/wp\/v2\/users\/1"}],"replies":[{"embeddable":true,"href":"https:\/\/www.foretprivee.ca\/mauricie\/wp-json\/wp\/v2\/comments?post=4"}],"version-history":[{"count":0,"href":"https:\/\/www.foretprivee.ca\/mauricie\/wp-json\/wp\/v2\/pages\/4\/revisions"}],"wp:featuredmedia":[{"embeddable":true,"href":"https:\/\/www.foretprivee.ca\/mauricie\/wp-json\/wp\/v2\/media\/608"}],"wp:attachment":[{"href":"https:\/\/www.foretprivee.ca\/mauricie\/wp-json\/wp\/v2\/media?parent=4"}],"curies":[{"name":"wp","href":"https:\/\/api.w.org\/{rel}","templated":true}]}}