{"id":48,"date":"2018-12-13T20:07:44","date_gmt":"2018-12-13T20:07:44","guid":{"rendered":"https:\/\/www.foretprivee.ca\/mauricie\/?page_id=48"},"modified":"2019-01-02T21:20:16","modified_gmt":"2019-01-02T21:20:16","slug":"liens-utiles","status":"publish","type":"page","link":"https:\/\/www.foretprivee.ca\/mauricie\/mes-communications\/liens-utiles\/","title":{"rendered":"Liens utiles"},"content":{"rendered":"\t\t<div data-elementor-type=\"wp-post\" data-elementor-id=\"48\" class=\"elementor elementor-48 elementor-bc-flex-widget\" data-elementor-post-type=\"page\">\n\t\t\t\t\t\t<section class=\"elementor-section elementor-top-section elementor-element elementor-element-2123767c elementor-section-boxed elementor-section-height-default elementor-section-height-default\" data-id=\"2123767c\" data-element_type=\"section\" data-e-type=\"section\">\n\t\t\t\t\t\t<div class=\"elementor-container elementor-column-gap-default\">\n\t\t\t\t\t<div class=\"elementor-column elementor-col-100 elementor-top-column elementor-element elementor-element-fbf2fb\" data-id=\"fbf2fb\" data-element_type=\"column\" data-e-type=\"column\">\n\t\t\t<div class=\"elementor-widget-wrap elementor-element-populated\">\n\t\t\t\t\t\t<div class=\"elementor-element elementor-element-442f9522 elementor-widget elementor-widget-text-editor\" data-id=\"442f9522\" data-element_type=\"widget\" data-e-type=\"widget\" data-widget_type=\"text-editor.default\">\n\t\t\t\t<div class=\"elementor-widget-container\">\n\t\t\t\t\t\t\t\t\t<h4><span style=\"color: #000000;\">F\u00e9d\u00e9ration des producteurs forestiers du Qu\u00e9bec<\/span><\/h4><ul><li><a href=\"https:\/\/www.foretprivee.ca\/jaccede-a-ma-region\/\" target=\"_blank\" rel=\"noopener\">Syndicat, Office, Alliance et Association des producteurs de bois pour chacune des r\u00e9gions du Qu\u00e9bec<\/a><\/li><\/ul><p>\u00a0<\/p><h4><span style=\"color: #000000;\">AC\u00c9RICULTURE<\/span><\/h4><ul><li><a href=\"http:\/\/www.siropderable.ca\/accueil.aspx\" target=\"_blank\" rel=\"noopener\">F\u00e9d\u00e9ration des producteurs ac\u00e9ricoles du Qu\u00e9bec<\/a><\/li><li><a href=\"http:\/\/www.festivaldelerable.com\/\" target=\"_blank\" rel=\"noopener\">Festival de l\u2019\u00c9rable de Plessisville<\/a><\/li><li><a href=\"http:\/\/jaimelerable.ca\/\" target=\"_blank\" rel=\"noopener\">J\u2019aime l\u2019\u00e9rable<\/a><\/li><li><a href=\"http:\/\/www.laroutedelerable.ca\/\" target=\"_blank\" rel=\"noopener\">La Route de l\u2019\u00e9rable<\/a><\/li><li><a href=\"http:\/\/siropcool.ca\/\" target=\"_blank\" rel=\"noopener\">Siropcool<\/a><\/li><\/ul><p>\u00a0<\/p><h4><span style=\"color: #000000;\">AGROFORESTERIE<\/span><\/h4><ul><li><a href=\"http:\/\/www.agrireseau.qc.ca\/\" target=\"_blank\" rel=\"noopener\">Agri-R\u00e9seau<\/a><\/li><li><a href=\"http:\/\/www.agriconseils.qc.ca\/\" target=\"_blank\" rel=\"noopener\">R\u00e9seau Agriconseils<\/a><\/li><li><a href=\"http:\/\/www.agroof.net\/\" target=\"_blank\" rel=\"noopener\">AGROOF<\/a><\/li><li><a href=\"http:\/\/www.craaq.qc.ca\/\" target=\"_blank\" rel=\"noopener\">CRAAQ (Centre de r\u00e9f\u00e9rence en agriculture et agroalimentaire du Qu\u00e9bec)<\/a><\/li><\/ul><p>\u00a0<\/p><h4><span style=\"color: #000000;\">ASSOCIATIONS ET ORGANISMES DIVERS<\/span><\/h4><ul><li><a href=\"http:\/\/www.afplanaudiere.org\/\" target=\"_blank\" rel=\"noopener\">Agence r\u00e9gionale de mise en valeur des for\u00eats priv\u00e9es de Lanaudi\u00e8re<\/a><\/li><li><a href=\"http:\/\/agence-mauricie.qc.ca\/\" target=\"_blank\" rel=\"noopener\">Agence r\u00e9gionale de mise en valeur des for\u00eats priv\u00e9es Mauricienne<\/a><\/li><li><a href=\"http:\/\/www.aflanaudiere.org\/\" target=\"_blank\" rel=\"noopener\">Association foresti\u00e8re de Lanaudi\u00e8re<\/a><\/li><li><a href=\"http:\/\/afvsm.qc.ca\/\" target=\"_blank\" rel=\"noopener\">Association foresti\u00e8re de la Vall\u00e9e du Saint-Maurice<\/a><\/li><li><a href=\"http:\/\/www.biopterre.com\/\" target=\"_blank\" rel=\"noopener\">Biopterre \u2013 Centre de d\u00e9veloppement des bioproduits<\/a><\/li><li><a href=\"http:\/\/cwc.ca\/\" target=\"_blank\" rel=\"noopener\">Conseil canadien des bois<\/a><\/li><li><a href=\"http:\/\/www.fedecp.qc.ca\/\" target=\"_blank\" rel=\"noopener\">F\u00e9d\u00e9ration qu\u00e9becoise des chasseurs et p\u00eacheurs<\/a><\/li><li><a href=\"http:\/\/www.scienceenjeu.com\/forestia\/\" target=\"_blank\" rel=\"noopener\">FORESTIA (jeu de simulation foresti\u00e8re)<\/a><\/li><li><a href=\"http:\/\/www.partenariat.qc.ca\/\" target=\"_blank\" rel=\"noopener\">FPInnovations<\/a><\/li><li><a href=\"http:\/\/www.oifq.com\/\" target=\"_blank\" rel=\"noopener\">Ordre des ing\u00e9nieurs forestiers du Qu\u00e9bec<\/a><\/li><li><a href=\"http:\/\/www.rlq.uqam.ca\/\" target=\"_blank\" rel=\"noopener\">R\u00e9seau ligniculture Qu\u00e9bec<\/a><\/li><li><a href=\"http:\/\/www.sopfeu.qc.ca\/fr\/accueil\" target=\"_blank\" rel=\"noopener\">Soci\u00e9t\u00e9 de protection des for\u00eats contre le feu (SOPFEU)<\/a><\/li><li><a href=\"http:\/\/www.upa.qc.ca\/\" target=\"_blank\" rel=\"noopener\">Union des producteurs agricoles du Qu\u00e9bec<\/a><\/li><li><a href=\"http:\/\/mauricie.upa.qc.ca\/\" target=\"_blank\" rel=\"noopener\">Union des producteurs agricoles de la Mauricie<\/a><\/li><li><a href=\"http:\/\/www.lanaudiere.upa.qc.ca\/\" target=\"_blank\" rel=\"noopener\">Union des producteurs agricoles de Lanaudi\u00e8re<\/a><\/li><li><a href=\"http:\/\/www.lotavendre.com\/\" target=\"_blank\" rel=\"noopener\">Vente de lots et terrains<\/a><\/li><\/ul><h4>\u00a0<\/h4><h4><span style=\"color: #000000;\">MINIST\u00c8RES ET AUTRES ORGANISATIONS GOUVERNEMENTAUX<\/span><\/h4><ul><li><a href=\"https:\/\/bmmb.gouv.qc.ca\/\" target=\"_blank\" rel=\"noopener\">Bureau de la mise en march\u00e9 des bois<\/a><\/li><li><a href=\"http:\/\/forestierenchef.gouv.qc.ca\/\" target=\"_blank\" rel=\"noopener\">Bureau du forestier en chef<\/a><\/li><li><a href=\"http:\/\/www.cptaq.gouv.qc.ca\/\" target=\"_blank\" rel=\"noopener\">Commission de protection du territoire agricole du Qu\u00e9bec<\/a><\/li><li><a href=\"https:\/\/www.fcc-fac.ca\/fr.html\" target=\"_blank\" rel=\"noopener\">Financement agricole Canada<\/a><\/li><li><a href=\"http:\/\/www.fadq.qc.ca\/accueil\/accueil.html\" target=\"_blank\" rel=\"noopener\">La financi\u00e8re agricole du Qu\u00e9bec<\/a><\/li><li><a href=\"http:\/\/www.fondationdelafaune.qc.ca\/\" target=\"_blank\" rel=\"noopener\">Fondation de la faune du Qu\u00e9bec<\/a><ul><li><a href=\"http:\/\/www.fondationdelafaune.qc.ca\/initiatives\/guides_pratiques\" target=\"_blank\" rel=\"noopener\">Guide pratique \u2013 Initiative faunique<\/a><\/li><\/ul><\/li><li><a href=\"http:\/\/www.mrn.gouv.qc.ca\/accueil.jsp\" target=\"_blank\" rel=\"noopener\">Minist\u00e8re de l\u2019\u00c9nergie et des Ressources naturelles<\/a><\/li><li><a href=\"http:\/\/www.mrn.gouv.qc.ca\/foncier\/cadastre\/\" target=\"_blank\" rel=\"noopener\">R\u00e9forme cadastrale<\/a><\/li><li><a href=\"http:\/\/www.mrn.gouv.qc.ca\/forets\/\" target=\"_blank\" rel=\"noopener\">Minist\u00e8re des For\u00eats, de la Faune et des Parcs<\/a><ul><li><a href=\"http:\/\/www.mrn.gouv.qc.ca\/forets\/privees\/\" target=\"_blank\" rel=\"noopener\">La for\u00eat priv\u00e9e<\/a><\/li><li><a href=\"http:\/\/www.mrn.gouv.qc.ca\/forets\/privees\/privees-programmes-remboursement.jsp\" target=\"_blank\" rel=\"noopener\">Remboursement de taxes fonci\u00e8res<\/a><\/li><li><a href=\"http:\/\/www.mffp.gouv.qc.ca\/publications\/forets\/entreprises\/Prix.pdf\" target=\"_blank\" rel=\"noopener\">Prix des produits forestiers<\/a><\/li><\/ul><\/li><li><a href=\"http:\/\/www.mddep.gouv.qc.ca\/\" target=\"_blank\" rel=\"noopener\">Minist\u00e8re du D\u00e9veloppement durable, de l\u2019Environnement et de la Lutte contre les changements climatiques<\/a><\/li><li><a href=\"http:\/\/pleinderessources.gouv.qc.ca\/\" target=\"_blank\" rel=\"noopener\">Plein de ressource (portail \u00e9ducatif)<\/a><\/li><li><a href=\"http:\/\/www.publicationsduquebec.gouv.qc.ca\/store.cfm?&amp;ckey=US&amp;lang=fre\" target=\"_blank\" rel=\"noopener\">Publications du Qu\u00e9bec<\/a><\/li><li><a href=\"http:\/\/www.rmaaq.gouv.qc.ca\/\" target=\"_blank\" rel=\"noopener\">R\u00e9gie des march\u00e9s agricoles et alimentaires du Qu\u00e9bec<\/a><\/li><li><a href=\"http:\/\/www.nrcan.gc.ca\/\" target=\"_blank\" rel=\"noopener\">Ressources naturelles Canada<\/a><\/li><li><a href=\"http:\/\/www.cra-arc.gc.ca\/menu-fra.html\" target=\"_blank\" rel=\"noopener\">Revenu Canada<\/a><\/li><li><a href=\"http:\/\/www.revenuquebec.ca\/fr\/default.aspx\" target=\"_blank\" rel=\"noopener\">Revenu Qu\u00e9bec<\/a><\/li><\/ul><h4>\u00a0<\/h4><h4><span style=\"color: #000000;\">PRODUITS FORESTIER NON LIGNEUX (PFNL)<\/span><\/h4><ul><li><a href=\"http:\/\/www.aliksir.com\/\" target=\"_blank\" rel=\"noopener\">Aliksir<\/a><\/li><li><a href=\"http:\/\/www.amyco.ca\/\" target=\"_blank\" rel=\"noopener\">Amyco champignons sauvages<\/a><\/li><li><a href=\"http:\/\/www.acpfnl.ca\/\" target=\"_blank\" rel=\"noopener\">Association pour la commercialisation des produits forestiers non ligneux<\/a><\/li><li><a href=\"http:\/\/www.culturinnov.qc.ca\/\" target=\"_blank\" rel=\"noopener\">Cultur\u2019Innov<\/a><\/li><li><a href=\"http:\/\/cheznousenhaut.ca\/boutique\/fr\" target=\"_blank\" rel=\"noopener\">Chez nous en haut (D\u2019Origina)<\/a><\/li><li><a href=\"http:\/\/www.finesseboisee.ca\/\" target=\"_blank\" rel=\"noopener\">Finesse Bois\u00e9e<\/a><\/li><li><a href=\"http:\/\/gourmetsauvage.ca\/\" target=\"_blank\" rel=\"noopener\">Gourmet Sauvage<\/a><\/li><li><a href=\"http:\/\/jardinssauvages.com\/\" target=\"_blank\" rel=\"noopener\">Les Jardins Sauvages<\/a><\/li><li><a href=\"http:\/\/www.abcpsp.com\/morilles\/morilles1.html\" target=\"_blank\" rel=\"noopener\">Morilles au Qu\u00e9bec<\/a><\/li><li><a href=\"http:\/\/www.mycoboutique.com\/fr\/\" target=\"_blank\" rel=\"noopener\">MycoBoutique<\/a><\/li><li><a href=\"http:\/\/www.mycoquebec.org\/bienvenue.php\" target=\"_blank\" rel=\"noopener\">Mycoquebec.org<\/a><\/li><li><a href=\"http:\/\/www.pranasens.com\/\" target=\"_blank\" rel=\"noopener\">Pranasens<\/a><\/li><li><a href=\"http:\/\/ntfpnetwork.ca\/fr\/node\/71\" target=\"_blank\" rel=\"noopener\">R\u00e9seau Canadien des PFNL<\/a><\/li><li><a href=\"http:\/\/www.saveursauvages.ch\/\" target=\"_blank\" rel=\"noopener\">SaveurSauvages<\/a><\/li><li><a href=\"http:\/\/www.versforet.com\/\" target=\"_blank\" rel=\"noopener\">VersFor\u00eat<\/a><\/li><\/ul>\t\t\t\t\t\t\t\t<\/div>\n\t\t\t\t<\/div>\n\t\t\t\t\t<\/div>\n\t\t<\/div>\n\t\t\t\t\t<\/div>\n\t\t<\/section>\n\t\t\t\t<\/div>\n\t\t","protected":false},"excerpt":{"rendered":"<p>F\u00e9d\u00e9ration des producteurs forestiers du Qu\u00e9bec Syndicat, Office, Alliance et Association des producteurs de bois pour chacune des r\u00e9gions du Qu\u00e9bec \u00a0 AC\u00c9RICULTURE F\u00e9d\u00e9ration des producteurs ac\u00e9ricoles du Qu\u00e9bec Festival de l\u2019\u00c9rable de Plessisville J\u2019aime l\u2019\u00e9rable La Route de l\u2019\u00e9rable Siropcool \u00a0 AGROFORESTERIE Agri-R\u00e9seau R\u00e9seau Agriconseils AGROOF CRAAQ (Centre de r\u00e9f\u00e9rence en agriculture et agroalimentaire &hellip; <\/p>\n<p class=\"link-more\"><a href=\"https:\/\/www.foretprivee.ca\/mauricie\/mes-communications\/liens-utiles\/\" class=\"more-link\">Lire la suite<\/a><\/p>\n","protected":false},"author":1,"featured_media":0,"parent":44,"menu_order":0,"comment_status":"closed","ping_status":"closed","template":"","meta":{"_acf_changed":false,"footnotes":""},"class_list":["post-48","page","type-page","status-publish","hentry"],"acf":[],"_links":{"self":[{"href":"https:\/\/www.foretprivee.ca\/mauricie\/wp-json\/wp\/v2\/pages\/48","targetHints":{"allow":["GET"]}}],"collection":[{"href":"https:\/\/www.foretprivee.ca\/mauricie\/wp-json\/wp\/v2\/pages"}],"about":[{"href":"https:\/\/www.foretprivee.ca\/mauricie\/wp-json\/wp\/v2\/types\/page"}],"author":[{"embeddable":true,"href":"https:\/\/www.foretprivee.ca\/mauricie\/wp-json\/wp\/v2\/users\/1"}],"replies":[{"embeddable":true,"href":"https:\/\/www.foretprivee.ca\/mauricie\/wp-json\/wp\/v2\/comments?post=48"}],"version-history":[{"count":0,"href":"https:\/\/www.foretprivee.ca\/mauricie\/wp-json\/wp\/v2\/pages\/48\/revisions"}],"up":[{"embeddable":true,"href":"https:\/\/www.foretprivee.ca\/mauricie\/wp-json\/wp\/v2\/pages\/44"}],"wp:attachment":[{"href":"https:\/\/www.foretprivee.ca\/mauricie\/wp-json\/wp\/v2\/media?parent=48"}],"curies":[{"name":"wp","href":"https:\/\/api.w.org\/{rel}","templated":true}]}}