{"id":6,"date":"2018-12-13T20:01:26","date_gmt":"2018-12-13T20:01:26","guid":{"rendered":"https:\/\/www.foretprivee.ca\/mauricie\/?page_id=6"},"modified":"2019-01-14T13:57:38","modified_gmt":"2019-01-14T13:57:38","slug":"mission-et-mandats","status":"publish","type":"page","link":"https:\/\/www.foretprivee.ca\/mauricie\/mon-syndicat\/mission-et-mandats\/","title":{"rendered":"Mission et mandats"},"content":{"rendered":"\t\t<div data-elementor-type=\"wp-post\" data-elementor-id=\"6\" class=\"elementor elementor-6 elementor-bc-flex-widget\" data-elementor-post-type=\"page\">\n\t\t\t\t\t\t<section class=\"elementor-section elementor-top-section elementor-element elementor-element-cb7874c elementor-section-boxed elementor-section-height-default elementor-section-height-default\" data-id=\"cb7874c\" data-element_type=\"section\" data-e-type=\"section\">\n\t\t\t\t\t\t<div class=\"elementor-container elementor-column-gap-default\">\n\t\t\t\t\t<div class=\"elementor-column elementor-col-66 elementor-top-column elementor-element elementor-element-e7fc6fb\" data-id=\"e7fc6fb\" data-element_type=\"column\" data-e-type=\"column\">\n\t\t\t<div class=\"elementor-widget-wrap elementor-element-populated\">\n\t\t\t\t\t\t<div class=\"elementor-element elementor-element-98cce03 elementor-widget elementor-widget-text-editor\" data-id=\"98cce03\" data-element_type=\"widget\" data-e-type=\"widget\" data-widget_type=\"text-editor.default\">\n\t\t\t\t<div class=\"elementor-widget-container\">\n\t\t\t\t\t\t\t\t\t<h4>Un peu d&rsquo;histoire<\/h4><p>Au d\u00e9but des ann\u00e9es 60, les producteurs, pour vendre leur bois, devaient transiger eux-m\u00eames avec les acheteurs. Ceux-ci payaient, selon leur bon vouloir, les prix et les volumes de bois qu\u2019ils d\u00e9terminaient eux-m\u00eames. Pour augmenter leur rapport de force avec ces grandes entreprises, les producteurs d\u00e9cid\u00e8rent de se regrouper.<\/p><p>C\u2019est ainsi que le Syndicat des producteurs de bois de la Mauricie fut cr\u00e9\u00e9 en 1967. Afin d\u2019avoir des conditions sup\u00e9rieures de mise en march\u00e9 de leurs produits, les producteurs d\u00e9cid\u00e8rent d\u2019adopter, en 1970, le Plan conjoint des producteurs de bois de la Mauricie. Le Syndicat a re\u00e7u d\u00e8s lors, l\u2019administration de ce plan. Par la suite, les producteurs se vot\u00e8rent plusieurs r\u00e8glements afin d\u2019am\u00e9liorer leurs conditions de mise en march\u00e9 du bois et leurs conditions de travail en for\u00eat.<\/p><h4>Notre mission<\/h4><p>Le Syndicat est un organisme \u00e0 but non lucratif dont la mission est de promouvoir et de sauvegarder les int\u00e9r\u00eats \u00e9conomiques, sociaux et moraux de ses membres et particuli\u00e8rement de grouper tous les producteurs de bois de son territoire en une association au moyen de laquelle, ils pourront:<\/p><ul><li>\u00c9tudier les probl\u00e8mes relatifs \u00e0 la production, la vente et la mise en march\u00e9 du bois;<\/li><li>Repr\u00e9senter les producteurs aupr\u00e8s des acheteurs de bois et des pouvoirs publics;<\/li><li>Renseigner les producteurs sur les questions de production et de vente de bois;<\/li><li>Favoriser la mise sur pied de toutes autres organisations susceptibles d\u2019aider ses membres;<\/li><li>Surveiller et inspirer toute l\u00e9gislation int\u00e9ressant ses membres;<\/li><li>Administrer un Plan conjoint de producteurs de bois et agir comme office de producteurs, agent de n\u00e9gociations ou agent de ventes en conformit\u00e9 avec la Loi sur la mise en march\u00e9 des produits agricoles, alimentaires et de la p\u00eache;<\/li><li>Vulgariser aupr\u00e8s de ses membres, les principes de la science foresti\u00e8re et les techniques de production foresti\u00e8re;<br \/>D\u00e9velopper tout programme, plan ou activit\u00e9 de mise en march\u00e9 et de mise en valeur de la for\u00eat priv\u00e9e.<\/li><\/ul>\t\t\t\t\t\t\t\t<\/div>\n\t\t\t\t<\/div>\n\t\t\t\t\t<\/div>\n\t\t<\/div>\n\t\t\t\t<div class=\"elementor-column elementor-col-33 elementor-top-column elementor-element elementor-element-4cf87c6\" data-id=\"4cf87c6\" data-element_type=\"column\" data-e-type=\"column\">\n\t\t\t<div class=\"elementor-widget-wrap\">\n\t\t\t\t\t\t\t<\/div>\n\t\t<\/div>\n\t\t\t\t\t<\/div>\n\t\t<\/section>\n\t\t\t\t<\/div>\n\t\t","protected":false},"excerpt":{"rendered":"<p>Un peu d&rsquo;histoire Au d\u00e9but des ann\u00e9es 60, les producteurs, pour vendre leur bois, devaient transiger eux-m\u00eames avec les acheteurs. Ceux-ci payaient, selon leur bon vouloir, les prix et les volumes de bois qu\u2019ils d\u00e9terminaient eux-m\u00eames. Pour augmenter leur rapport de force avec ces grandes entreprises, les producteurs d\u00e9cid\u00e8rent de se regrouper. C\u2019est ainsi que &hellip; <\/p>\n<p class=\"link-more\"><a href=\"https:\/\/www.foretprivee.ca\/mauricie\/mon-syndicat\/mission-et-mandats\/\" class=\"more-link\">Lire la suite<\/a><\/p>\n","protected":false},"author":1,"featured_media":0,"parent":4,"menu_order":0,"comment_status":"closed","ping_status":"closed","template":"","meta":{"_acf_changed":false,"footnotes":""},"class_list":["post-6","page","type-page","status-publish","hentry"],"acf":[],"_links":{"self":[{"href":"https:\/\/www.foretprivee.ca\/mauricie\/wp-json\/wp\/v2\/pages\/6","targetHints":{"allow":["GET"]}}],"collection":[{"href":"https:\/\/www.foretprivee.ca\/mauricie\/wp-json\/wp\/v2\/pages"}],"about":[{"href":"https:\/\/www.foretprivee.ca\/mauricie\/wp-json\/wp\/v2\/types\/page"}],"author":[{"embeddable":true,"href":"https:\/\/www.foretprivee.ca\/mauricie\/wp-json\/wp\/v2\/users\/1"}],"replies":[{"embeddable":true,"href":"https:\/\/www.foretprivee.ca\/mauricie\/wp-json\/wp\/v2\/comments?post=6"}],"version-history":[{"count":0,"href":"https:\/\/www.foretprivee.ca\/mauricie\/wp-json\/wp\/v2\/pages\/6\/revisions"}],"up":[{"embeddable":true,"href":"https:\/\/www.foretprivee.ca\/mauricie\/wp-json\/wp\/v2\/pages\/4"}],"wp:attachment":[{"href":"https:\/\/www.foretprivee.ca\/mauricie\/wp-json\/wp\/v2\/media?parent=6"}],"curies":[{"name":"wp","href":"https:\/\/api.w.org\/{rel}","templated":true}]}}