{"id":677,"date":"2019-01-17T17:33:21","date_gmt":"2019-01-17T17:33:21","guid":{"rendered":"https:\/\/www.foretprivee.ca\/mauricie\/?page_id=677"},"modified":"2019-01-21T17:09:54","modified_gmt":"2019-01-21T17:09:54","slug":"calendrier-des-activites","status":"publish","type":"page","link":"https:\/\/www.foretprivee.ca\/mauricie\/mes-communications\/calendrier-des-activites\/","title":{"rendered":"Calendrier des activit\u00e9s"},"content":{"rendered":"\t\t<div data-elementor-type=\"wp-post\" data-elementor-id=\"677\" class=\"elementor elementor-677 elementor-bc-flex-widget\" data-elementor-post-type=\"page\">\n\t\t\t\t\t\t<section class=\"elementor-section elementor-top-section elementor-element elementor-element-ab4fa44 elementor-section-boxed elementor-section-height-default elementor-section-height-default\" data-id=\"ab4fa44\" data-element_type=\"section\" data-e-type=\"section\">\n\t\t\t\t\t\t<div class=\"elementor-container elementor-column-gap-default\">\n\t\t\t\t\t<div class=\"elementor-column elementor-col-100 elementor-top-column elementor-element elementor-element-68c4a16\" data-id=\"68c4a16\" data-element_type=\"column\" data-e-type=\"column\">\n\t\t\t<div class=\"elementor-widget-wrap elementor-element-populated\">\n\t\t\t\t\t\t<div class=\"elementor-element elementor-element-aa6306e elementor-widget elementor-widget-calendar\" data-id=\"aa6306e\" data-element_type=\"widget\" data-e-type=\"widget\" data-widget_type=\"calendar.default\">\n\t\t\t\t<div class=\"elementor-widget-container\">\n\t\t\t\t\t<div class=\"png-calendar\" data-post=\"0\" data-shortcode_attrs='{\"month\":\"04\",\"year\":\"2026\",\"sidebar-position\":\"right\",\"listing-page\":\"\",\"event-types\":\"\",\"blog\":null}'>\n    <style>\n        \/* Split color in r,g and b to use with opacity  *\/\n        \n        .png-calendar .sk-cube-grid .sk-cube {\n            background-color: #c9e8dc !important;\n        }\n        .png-calendar .calendar .week .day:nth-child(7n),\n        .png-calendar .calendar .week .day:nth-child(7n + 1) {\n            border: 1px solid  rgba(255, 255, 255, 0.4) !important;\n            background-color: rgba(255, 255, 255, 0.4) !important;\n        }\n        .png-calendar .calendar .week .day:nth-child(7n).inactive,\n        .png-calendar .calendar .week .day:nth-child(7n + 1).inactive {\n            border: 1px solid  rgba(255, 255, 255, 0.2) !important;\n            background-color: rgba(255, 255, 255, 0.2) !important;\n        }\n        .png-calendar .calendar .week .day.header {\n            background-color:  !important;\n            color: #075e22 !important;\n        }\n\n        .png-calendar .calendar .week .day {\n            background-color: #ffffff !important;\n            border: 1px solid #ffffff !important;\n            color: #000000 !important;\n        }\n        .png-calendar .calendar .week .day.current-day {\n            background-color: #c9e8dc !important;\n        }\n        .png-calendar .calendar .week .day:hover {\n            background-color: #c9e8dc !important;\n        }\n        .png-calendar .calendar .day .inner-day .calendar-event {\n            background-color: #000000;\n        }\n        .png-calendar .calendar .day:hover .inner-day .calendar-event {\n            background-color: #075e22;\n        }\n    <\/style>\n\n    <div class=\"png-calendar d-flex flex-column flex-lg-row justify-content-between sidebar-right\">\n        <div class=\"col-60\">\n    <div class=\"container calendar-container\">\n        <div class=\"inner-calendar\" style=\"background-color: #ffffff\">\n            <div class=\"post-header d-flex flex-lg-row flex-column align-items-center justify-content-center\">\n        \n<div class=\"date nav custom-arrows\">\n    <div class=\"back nav-button\">\n        <a data-month=\"03\" data-year=\"2026\">\n                            <img decoding=\"async\" data-src=\"https:\/\/www.foretprivee.ca\/mauricie\/wp-content\/uploads\/sites\/3\/2019\/01\/arrow-1.png\" alt=\"\" src=\"data:image\/svg+xml;base64,PHN2ZyB3aWR0aD0iMSIgaGVpZ2h0PSIxIiB4bWxucz0iaHR0cDovL3d3dy53My5vcmcvMjAwMC9zdmciPjwvc3ZnPg==\" class=\"lazyload\" style=\"--smush-placeholder-width: 42px; --smush-placeholder-aspect-ratio: 42\/29;\">\n                    <\/a>\n    <\/div>\n    avril 2026    <div class=\"next nav-button\">\n        <a data-month=\"05\" data-year=\"2026\">\n\n                            <img decoding=\"async\" data-src=\"https:\/\/www.foretprivee.ca\/mauricie\/wp-content\/uploads\/sites\/3\/2019\/01\/arrow-1.png\" alt=\"\" src=\"data:image\/svg+xml;base64,PHN2ZyB3aWR0aD0iMSIgaGVpZ2h0PSIxIiB4bWxucz0iaHR0cDovL3d3dy53My5vcmcvMjAwMC9zdmciPjwvc3ZnPg==\" class=\"lazyload\" style=\"--smush-placeholder-width: 42px; --smush-placeholder-aspect-ratio: 42\/29;\">\n                    <\/a>\n    <\/div>\n<\/div>\n<\/div>\n            <div class='calendar'>\n                <div class='d-flex week justify-content-between'>\n            <div class='header day letter-header'>\n            <span class=\"single-letter\">\n                D            <\/span>\n            <span class=\"full-word\">\n                Dimanche            <\/span>\n        <\/div>\n            <div class='header day letter-header'>\n            <span class=\"single-letter\">\n                L            <\/span>\n            <span class=\"full-word\">\n                Lundi            <\/span>\n        <\/div>\n            <div class='header day letter-header'>\n            <span class=\"single-letter\">\n                M            <\/span>\n            <span class=\"full-word\">\n                Mardi            <\/span>\n        <\/div>\n            <div class='header day letter-header'>\n            <span class=\"single-letter\">\n                M            <\/span>\n            <span class=\"full-word\">\n                Mercredi            <\/span>\n        <\/div>\n            <div class='header day letter-header'>\n            <span class=\"single-letter\">\n                J            <\/span>\n            <span class=\"full-word\">\n                Jeudi            <\/span>\n        <\/div>\n            <div class='header day letter-header'>\n            <span class=\"single-letter\">\n                V            <\/span>\n            <span class=\"full-word\">\n                Vendredi            <\/span>\n        <\/div>\n            <div class='header day letter-header'>\n            <span class=\"single-letter\">\n                S            <\/span>\n            <span class=\"full-word\">\n                Samedi            <\/span>\n        <\/div>\n    <\/div>\n                    <div class='d-flex week justify-content-between'>\n                    <div class='day inactive'>\n    <div class='inner-day'>\n        <a class=\"button dark\" data-toggle=\"modal\" data-target=\"#1774742400\">\n            <span>29<\/span>\n        <\/a>\n                <\/div>\n<\/div>\n                    <div class='day inactive'>\n    <div class='inner-day'>\n        <a class=\"button dark\" data-toggle=\"modal\" data-target=\"#1774828800\">\n            <span>30<\/span>\n        <\/a>\n                <\/div>\n<\/div>\n                    <div class='day inactive'>\n    <div class='inner-day'>\n        <a class=\"button dark\" data-toggle=\"modal\" data-target=\"#1774915200\">\n            <span>31<\/span>\n        <\/a>\n                <\/div>\n<\/div>\n                    <div class='day '>\n    <div class='inner-day'>\n        <a class=\"button dark\" data-toggle=\"modal\" data-target=\"#1775001600\">\n            <span>1<\/span>\n        <\/a>\n                <\/div>\n<\/div>\n                    <div class='day '>\n    <div class='inner-day'>\n        <a class=\"button dark\" data-toggle=\"modal\" data-target=\"#1775088000\">\n            <span>2<\/span>\n        <\/a>\n                <\/div>\n<\/div>\n                    <div class='day '>\n    <div class='inner-day'>\n        <a class=\"button dark\" data-toggle=\"modal\" data-target=\"#1775174400\">\n            <span>3<\/span>\n        <\/a>\n                <\/div>\n<\/div>\n                    <div class='day '>\n    <div class='inner-day'>\n        <a class=\"button dark\" data-toggle=\"modal\" data-target=\"#1775260800\">\n            <span>4<\/span>\n        <\/a>\n                <\/div>\n<\/div>\n            <\/div>\n    <div class='d-flex week justify-content-between'>\n                    <div class='day '>\n    <div class='inner-day'>\n        <a class=\"button dark\" data-toggle=\"modal\" data-target=\"#1775347200\">\n            <span>5<\/span>\n        <\/a>\n                <\/div>\n<\/div>\n                    <div class='day '>\n    <div class='inner-day'>\n        <a class=\"button dark\" data-toggle=\"modal\" data-target=\"#1775433600\">\n            <span>6<\/span>\n        <\/a>\n                <\/div>\n<\/div>\n                    <div class='day '>\n    <div class='inner-day'>\n        <a class=\"button dark\" data-toggle=\"modal\" data-target=\"#1775520000\">\n            <span>7<\/span>\n        <\/a>\n                <\/div>\n<\/div>\n                    <div class='day '>\n    <div class='inner-day'>\n        <a class=\"button dark\" data-toggle=\"modal\" data-target=\"#1775606400\">\n            <span>8<\/span>\n        <\/a>\n                <\/div>\n<\/div>\n                    <div class='day '>\n    <div class='inner-day'>\n        <a class=\"button dark\" data-toggle=\"modal\" data-target=\"#1775692800\">\n            <span>9<\/span>\n        <\/a>\n                <\/div>\n<\/div>\n                    <div class='day '>\n    <div class='inner-day'>\n        <a class=\"button dark\" data-toggle=\"modal\" data-target=\"#1775779200\">\n            <span>10<\/span>\n        <\/a>\n                <\/div>\n<\/div>\n                    <div class='day '>\n    <div class='inner-day'>\n        <a class=\"button dark\" data-toggle=\"modal\" data-target=\"#1775865600\">\n            <span>11<\/span>\n        <\/a>\n                <\/div>\n<\/div>\n            <\/div>\n    <div class='d-flex week justify-content-between'>\n                    <div class='day '>\n    <div class='inner-day'>\n        <a class=\"button dark\" data-toggle=\"modal\" data-target=\"#1775952000\">\n            <span>12<\/span>\n        <\/a>\n                <\/div>\n<\/div>\n                    <div class='day '>\n    <div class='inner-day'>\n        <a class=\"button dark\" data-toggle=\"modal\" data-target=\"#1776038400\">\n            <span>13<\/span>\n        <\/a>\n                <\/div>\n<\/div>\n                    <div class='day '>\n    <div class='inner-day'>\n        <a class=\"button dark\" data-toggle=\"modal\" data-target=\"#1776124800\">\n            <span>14<\/span>\n        <\/a>\n                <\/div>\n<\/div>\n                    <div class='day '>\n    <div class='inner-day'>\n        <a class=\"button dark\" data-toggle=\"modal\" data-target=\"#1776211200\">\n            <span>15<\/span>\n        <\/a>\n                <\/div>\n<\/div>\n                    <div class='day '>\n    <div class='inner-day'>\n        <a class=\"button dark\" data-toggle=\"modal\" data-target=\"#1776297600\">\n            <span>16<\/span>\n        <\/a>\n                <\/div>\n<\/div>\n                    <div class='day '>\n    <div class='inner-day'>\n        <a class=\"button dark\" data-toggle=\"modal\" data-target=\"#1776384000\">\n            <span>17<\/span>\n        <\/a>\n                <\/div>\n<\/div>\n                    <div class='day '>\n    <div class='inner-day'>\n        <a class=\"button dark\" data-toggle=\"modal\" data-target=\"#1776470400\">\n            <span>18<\/span>\n        <\/a>\n                <\/div>\n<\/div>\n            <\/div>\n    <div class='d-flex week justify-content-between'>\n                    <div class='day current-day'>\n    <div class='inner-day'>\n        <a class=\"button dark\" data-toggle=\"modal\" data-target=\"#1776556800\">\n            <span>19<\/span>\n        <\/a>\n                <\/div>\n<\/div>\n                    <div class='day '>\n    <div class='inner-day'>\n        <a class=\"button dark\" data-toggle=\"modal\" data-target=\"#1776643200\">\n            <span>20<\/span>\n        <\/a>\n                <\/div>\n<\/div>\n                    <div class='day '>\n    <div class='inner-day'>\n        <a class=\"button dark\" data-toggle=\"modal\" data-target=\"#1776729600\">\n            <span>21<\/span>\n        <\/a>\n                <\/div>\n<\/div>\n                    <div class='day '>\n    <div class='inner-day'>\n        <a class=\"button dark\" data-toggle=\"modal\" data-target=\"#1776816000\">\n            <span>22<\/span>\n        <\/a>\n                <\/div>\n<\/div>\n                    <div class='day '>\n    <div class='inner-day'>\n        <a class=\"button dark\" data-toggle=\"modal\" data-target=\"#1776902400\">\n            <span>23<\/span>\n        <\/a>\n                <\/div>\n<\/div>\n                    <div class='day '>\n    <div class='inner-day'>\n        <a class=\"button dark\" data-toggle=\"modal\" data-target=\"#1776988800\">\n            <span>24<\/span>\n        <\/a>\n                <\/div>\n<\/div>\n                    <div class='day '>\n    <div class='inner-day'>\n        <a class=\"button dark\" data-toggle=\"modal\" data-target=\"#1777075200\">\n            <span>25<\/span>\n        <\/a>\n                <\/div>\n<\/div>\n            <\/div>\n    <div class='d-flex week justify-content-between'>\n                    <div class='day '>\n    <div class='inner-day'>\n        <a class=\"button dark\" data-toggle=\"modal\" data-target=\"#1777161600\">\n            <span>26<\/span>\n        <\/a>\n                <\/div>\n<\/div>\n                    <div class='day '>\n    <div class='inner-day'>\n        <a class=\"button dark\" data-toggle=\"modal\" data-target=\"#1777248000\">\n            <span>27<\/span>\n        <\/a>\n                <\/div>\n<\/div>\n                    <div class='day '>\n    <div class='inner-day'>\n        <a class=\"button dark\" data-toggle=\"modal\" data-target=\"#1777334400\">\n            <span>28<\/span>\n        <\/a>\n                <\/div>\n<\/div>\n                    <div class='day '>\n    <div class='inner-day'>\n        <a class=\"button dark\" data-toggle=\"modal\" data-target=\"#1777420800\">\n            <span>29<\/span>\n        <\/a>\n                                <ul>\n                                    <li class=\"dot\">\n                        <a class=\"button dark\" data-toggle=\"modal\" data-target=\"#1777420800\" data-index=\"0\">\n                            <span style=\"background-color: #a2ecff; color: #a2ecff\"                                class=\"calendar-event dot assemblees\">\n                                                                    <span class=\"dot\">Assembl\u00e9e g\u00e9n\u00e9rale annuelle \u2013 Mauricie<\/span>\n                                                            <\/span>\n                        <\/a>\n                    <\/li>\n                            <\/ul>\n                <\/div>\n<\/div>\n                    <div class='day '>\n    <div class='inner-day'>\n        <a class=\"button dark\" data-toggle=\"modal\" data-target=\"#1777507200\">\n            <span>30<\/span>\n        <\/a>\n                <\/div>\n<\/div>\n                    <div class='day inactive'>\n    <div class='inner-day'>\n        <a class=\"button dark\" data-toggle=\"modal\" data-target=\"#1777593600\">\n            <span>1<\/span>\n        <\/a>\n                <\/div>\n<\/div>\n                    <div class='day inactive'>\n    <div class='inner-day'>\n        <a class=\"button dark\" data-toggle=\"modal\" data-target=\"#1777680000\">\n            <span>2<\/span>\n        <\/a>\n                <\/div>\n<\/div>\n            <\/div>\n            <\/div>\n        <\/div>\n            <div class=\"calendar-footer d-flex flex-lg-row flex-column align-items-center flex-start\">\n        <div class=\"legend\">\n            <div class=\"legend-item\">\n            <span class=\"legend-color\" style=\"background-color: #a2ecff\"><\/span>\n            Assembl\u00e9es        <\/div>\n            <div class=\"legend-item\">\n            <span class=\"legend-color\" style=\"background-color: #ffb174\"><\/span>\n            \u00c9v\u00e9nements        <\/div>\n            <div class=\"legend-item\">\n            <span class=\"legend-color\" style=\"background-color: #c9e8dc\"><\/span>\n            Formations        <\/div>\n    <\/div>\n    <\/div>\n    <\/div>\n<\/div>\n                                                                                                                                                                                                                                                                                                                                                                                                                            <div class=\"modal fade event-modal\" id=\"1777420800\" tabindex=\"-1\" role=\"dialog\" aria-labelledby=\"day-1777420800\" aria-hidden=\"true\">\n                <div class=\"modal-dialog modal-dialog-centered\" role=\"document\">\n                    <div class=\"modal-content flex-column flex-lg-row\">\n                        <span class=\"close\" data-dismiss=\"modal\">\n                            <span class=\"line line-1\"><\/span>\n                            <span class=\"line line-2\"><\/span>\n                        <\/span>\n                        <div class=\"modal-events-slider\">\n                                                                                                                            <div class=\"an-event\">\n                                    <div class=\"d-flex flex-column flex-lg-row\">\n                                                                                <div class=\"content col-lg\">\n                                            <h3 class=\"date-time\">Le 29 avril \u00e0 12 h 30<\/h3>\n                                                                                            <h2>Assembl\u00e9e g\u00e9n\u00e9rale annuelle \u2013 Mauricie<\/h2>\n                                                                                        <div class=\"location\">4, Boulevard Sainte-Anne \u00e0 Yamachiche.<\/div>\n                                                                                                                                                                                                                            \n                                            <p>Les assembl\u00e9es g\u00e9n\u00e9rales annuelles du Syndicat des producteurs de bois de la Mauricie aura lieu le<strong> 29 avril 2026<\/strong> \u00e0 l\u2019h\u00f4tel \u2013 restaurant \u00ab La Porte de la Mauricie \u00bb situ\u00e9 au 4, Boulevard Sainte-Anne \u00e0 Yamachiche dans la salle Lac St-Pierre.<\/p>\n<p>L\u2019inscription d\u00e9butera \u00e0 12 h 30. L\u2019assembl\u00e9e g\u00e9n\u00e9rale annuelle du Plan conjoint commencera \u00e0 13 h.<\/p>\n<p>L\u2019assembl\u00e9e g\u00e9n\u00e9rale annuelle des membres aura lieu tout de suite apr\u00e8s.<\/p>\n                                        <\/div>\n                                        <div class=\"event-count\">\n                                            1 \/ 1                                        <\/div>\n                                    <\/div>\n                                <\/div>\n                                                    <\/div>\n                    <\/div>\n                <\/div>\n            <\/div>\n                                                        <div class=\"sidebar calendar-sidebar col-40\">\n    <div class=\"d-lg-none sidebar-toggle\">\n        <div class=\"toggle-button\">\n            <i class=\"chevron-right\"><\/i>\n            Liste des \u00e9v\u00e9nements        <\/div>\n    <\/div>\n    <div class=\"calendar-inner-sidebar\">\n                    <h3 class=\"underline\">Liste des \u00e9v\u00e9nements<\/h3>\n            <div class=\"current-date\">avril 2026<\/div>\n            <div class=\"events\">\n                                                                                                                                                                                                                                                                                                                                                                                                                                                                                                                                                                                                                                                                                                                                                                                                                                                                                                                                                                                                                                                                                                                                                                                                                                                                                                                                                                                                                                                                                                                                                                                                                                                                                                                                                                                                                                                                                                                                                                                                                                                                                                                                                                                                                                                <div class=\"event assemblees\">\n                                                    <div class=\"date-time\">\n                                                        <div class=\"legend-item\">\n                                                                                                                        <span class=\"legend-color\" style=\"background-color: #a2ecff \"><\/span>\n                                                        <\/div>\n                                                        Le 29 avril \u00e0 12 h 30                                                    <\/div>\n                                                                                                            <span>Assembl\u00e9e g\u00e9n\u00e9rale annuelle \u2013 Mauricie<\/span>\n                                                                                                                                                            <div class=\"location\">\n                                                        <a href=\"https:\/\/www.google.ca\/maps\/place\/4%2C+Boulevard+Sainte-Anne+%C3%A0+Yamachiche.\" target=\"_blank\" title=\"Voir sur Google Maps\">\n                                                            4, Boulevard Sainte-Anne \u00e0 Yamachiche.                                                        <\/a>\n                                                    <\/div>\n                                                    <div class=\"link\">\n                                                        <a class=\"button dark\" data-toggle=\"modal\" data-target=\"#1777420800\" data-index=\"0\">Voir l'\u00e9v\u00e9nement<\/a>\n                                                    <\/div>\n                                                <\/div>\n                                                                                                                                                                                                                                                                                                                                                                                                                                                                        <\/div>\n                        <\/div>\n<\/div>\n    <\/div>\n    \n<\/div>\n\n<script type=\"text\/javascript\">\n    var apiUrl = \"https:\/\/www.foretprivee.ca\/mauricie\";\n<\/script>\n\t\t\t\t<\/div>\n\t\t\t\t<\/div>\n\t\t\t\t\t<\/div>\n\t\t<\/div>\n\t\t\t\t\t<\/div>\n\t\t<\/section>\n\t\t\t\t<\/div>\n\t\t","protected":false},"excerpt":{"rendered":"<p>\/* Split color in r,g and b to use with opacity *\/ .png-calendar .sk-cube-grid .sk-cube { background-color: #c9e8dc !important; } .png-calendar .calendar .week .day:nth-child(7n), .png-calendar .calendar .week .day:nth-child(7n + 1) { border: 1px solid rgba(255, 255, 255, 0.4) !important; background-color: rgba(255, 255, 255, 0.4) !important; } .png-calendar .calendar .week .day:nth-child(7n).inactive, .png-calendar .calendar .week .day:nth-child(7n + &hellip; <\/p>\n<p class=\"link-more\"><a href=\"https:\/\/www.foretprivee.ca\/mauricie\/mes-communications\/calendrier-des-activites\/\" class=\"more-link\">Lire la suite<\/a><\/p>\n","protected":false},"author":4,"featured_media":0,"parent":44,"menu_order":0,"comment_status":"closed","ping_status":"closed","template":"","meta":{"_acf_changed":false,"footnotes":""},"class_list":["post-677","page","type-page","status-publish","hentry"],"acf":[],"_links":{"self":[{"href":"https:\/\/www.foretprivee.ca\/mauricie\/wp-json\/wp\/v2\/pages\/677","targetHints":{"allow":["GET"]}}],"collection":[{"href":"https:\/\/www.foretprivee.ca\/mauricie\/wp-json\/wp\/v2\/pages"}],"about":[{"href":"https:\/\/www.foretprivee.ca\/mauricie\/wp-json\/wp\/v2\/types\/page"}],"author":[{"embeddable":true,"href":"https:\/\/www.foretprivee.ca\/mauricie\/wp-json\/wp\/v2\/users\/4"}],"replies":[{"embeddable":true,"href":"https:\/\/www.foretprivee.ca\/mauricie\/wp-json\/wp\/v2\/comments?post=677"}],"version-history":[{"count":0,"href":"https:\/\/www.foretprivee.ca\/mauricie\/wp-json\/wp\/v2\/pages\/677\/revisions"}],"up":[{"embeddable":true,"href":"https:\/\/www.foretprivee.ca\/mauricie\/wp-json\/wp\/v2\/pages\/44"}],"wp:attachment":[{"href":"https:\/\/www.foretprivee.ca\/mauricie\/wp-json\/wp\/v2\/media?parent=677"}],"curies":[{"name":"wp","href":"https:\/\/api.w.org\/{rel}","templated":true}]}}