{"id":695,"date":"2019-01-21T16:57:24","date_gmt":"2019-01-21T16:57:24","guid":{"rendered":"https:\/\/www.foretprivee.ca\/mauricie\/?page_id=695"},"modified":"2026-04-01T12:46:14","modified_gmt":"2026-04-01T12:46:14","slug":"politique-de-confidentialite","status":"publish","type":"page","link":"https:\/\/www.foretprivee.ca\/mauricie\/politique-de-confidentialite\/","title":{"rendered":"Politique de confidentialit\u00e9"},"content":{"rendered":"\t\t<div data-elementor-type=\"wp-post\" data-elementor-id=\"695\" class=\"elementor elementor-695\" data-elementor-post-type=\"page\">\n\t\t\t\t\t\t<section class=\"elementor-section elementor-top-section elementor-element elementor-element-de94e07 elementor-section-boxed elementor-section-height-default elementor-section-height-default\" data-id=\"de94e07\" data-element_type=\"section\" data-e-type=\"section\">\n\t\t\t\t\t\t<div class=\"elementor-container elementor-column-gap-default\">\n\t\t\t\t\t<div class=\"elementor-column elementor-col-100 elementor-top-column elementor-element elementor-element-e979e42\" data-id=\"e979e42\" data-element_type=\"column\" data-e-type=\"column\">\n\t\t\t<div class=\"elementor-widget-wrap elementor-element-populated\">\n\t\t\t\t\t\t<div class=\"elementor-element elementor-element-a0475b2 elementor-widget elementor-widget-text-editor\" data-id=\"a0475b2\" data-element_type=\"widget\" data-e-type=\"widget\" data-widget_type=\"text-editor.default\">\n\t\t\t\t<div class=\"elementor-widget-container\">\n\t\t\t\t\t\t\t\t\t<p>Merci de visiter notre site et de prendre connaissance de notre politique de confidentialit\u00e9. <a href=\"https:\/\/www.foretprivee.ca\/mauricie\"><strong>Foretprivee.ca\/mauricie\u00a0<\/strong><\/a>d\u00e9tenu par la F\u00e9d\u00e9ration des producteurs forestiers du Qu\u00e9bec prend toutes les pr\u00e9cautions n\u00e9cessaires pour assurer la confidentialit\u00e9 des renseignements personnels et agit en conformit\u00e9 avec la <strong>Loi sur l\u2019acc\u00e8s aux documents des organismes publics et sur la protection des renseignements personnels<\/strong>.<\/p><p><strong>Concernant les renseignements personnels que vous nous communiquez<br \/><a href=\"https:\/\/www.foretprivee.ca\/mauricie\">Foretprivee.ca\/mauricie<\/a>\u00a0<\/strong>d\u00e9tenu par la F\u00e9d\u00e9ration des producteurs forestiers du Qu\u00e9bec recueille des renseignements personnels volontairement fournis par des individus. <strong><a href=\"https:\/\/www.foretprivee.ca\/mauricie\">Foretprivee.ca\/mauricie<\/a>\u00a0<\/strong>peut vous demander de lui fournir votre nom et certains renseignements personnels lorsque vous faites une commande de mat\u00e9riel, r\u00e9pondez \u00e0 un sondage ou placez des commentaires sur nos sites web.<\/p><p>Les renseignements que vous fournirez serviront essentiellement aux fins suivantes, autres celles express\u00e9ment d\u00e9sign\u00e9es lors de votre inscription :<\/p><ul><li>aider la F\u00e9d\u00e9ration des producteurs forestiers du Qu\u00e9bec \u00e0 faire le suivi de votre commande;<\/li><li>aider la F\u00e9d\u00e9ration des producteurs forestiers du Qu\u00e9bec \u00e0 assurer la pertinence de son site Web en adaptant le contenu aux besoins des utilisateurs;<\/li><li>aider la F\u00e9d\u00e9ration des producteurs forestiers du Qu\u00e9bec \u00e0 vous informer de tout fait ou \u00e9v\u00e9nement important susceptible de vous int\u00e9resser.<\/li><\/ul><p>La F\u00e9d\u00e9ration des producteurs forestiers du Qu\u00e9bec ne divulguera pas les renseignements personnels ainsi recueillis \u00e0 une tierce partie. Par contre, il est possible que la F\u00e9d\u00e9ration des producteurs forestiers du Qu\u00e9bec utilise ces renseignements \u00e0 des fins de recherches ou de statistiques. Dans ces circonstances, la transmission de telles recherches ou statistiques ne divulguerait pas votre identit\u00e9 ni vos renseignements personnels.<\/p><p><strong><a href=\"https:\/\/www.foretprivee.ca\/mauricie\">Foretprivee.ca\/mauricie<\/a><a href=\"https:\/\/www.foretprivee.ca\/centreduquebec\/\">\u00a0<\/a><\/strong>d\u00e9tenu par la F\u00e9d\u00e9ration des producteurs forestiers du Qu\u00e9bec g\u00e8re toutes leurs campagnes de courriel. Nous ne transmettons aucun renseignement personnel \u00e0 de tierces parties \u00e0 de telles fins. Selon la loi, vous pouvez choisir de vous d\u00e9sinscrire des services requ\u00e9rant votre inscription en tout temps en communiquant avec la F\u00e9d\u00e9ration des producteurs forestiers du Qu\u00e9bec par courriel \u00e0 l\u2019adresse suivante : <a href=\"mailto:bois@upa.qc.ca\">bois@upa.qc.ca<\/a><\/p><p>En r\u00e9ponse \u00e0 cette exigence de la Loi, la F\u00e9d\u00e9ration des producteurs forestiers du Qu\u00e9bec vous informe que, si vous d\u00e9cidez de remplir et de nous transmettre un formulaire \u00e9lectronique \u00e0 partir de notre site web ou que vous nous faites parvenir des renseignements par courriel, nous n\u2019utiliserons que l\u2019information n\u00e9cessaire pour r\u00e9pondre \u00e0 votre message et y donner suite. Les messages \u00e9lectroniques sont soumis aux m\u00eames mesures de confidentialit\u00e9 que le courrier postal.<\/p><p>L\u2019information personnelle transmise n\u2019est pas communiqu\u00e9e \u00e0 aucun autre organisme.<\/p><p><strong>Cookies<\/strong><br \/>Certaines pages de notre site Web peuvent requ\u00e9rir l\u2019envoi de t\u00e9moins (cookies). Le t\u00e9moin consiste en un fichier install\u00e9 sur le disque dur de votre ordinateur et contient des informations am\u00e9liorant la communication entre notre serveur et votre fureteur. Soyez assur\u00e9s qu\u2019aucun renseignement personnel n\u2019est conserv\u00e9 dans les t\u00e9moins.<\/p><p>Vous devez savoir que d\u00e8s que vous acc\u00e9dez \u00e0\u00a0<strong><a href=\"https:\/\/www.foretprivee.ca\/mauricie\">Foretprivee.ca\/mauricie<\/a><\/strong>,\u00a0automatiquement, et sans que vous ayez \u00e0 intervenir, un \u00e9change d\u2019information s\u2019effectue entre votre ordinateur et notre serveur. Cette information ne vous identifie pas personnellement. L\u2019information \u00e9chang\u00e9e est la suivante :<\/p><ul><li>Le nom de domaine (exemple : fournisseur123.qc.ca ou universiteXYZ.ca) ainsi que votre num\u00e9ro IP (exemple : 123.45.67.890). Votre num\u00e9ro IP peut changer \u00e0 chaque connexion de votre ordinateur; c\u2019est ce qu\u2019on appelle un IP dynamique.<\/li><li>Le type de navigateur que vous utilisez et le syst\u00e8me d\u2019exploitation.<\/li><li>La date et l\u2019heure \u00e0 laquelle vous acc\u00e9dez \u00e0 notre site.<\/li><li>Les diff\u00e9rentes pages que vous consultez et la dur\u00e9e de ces consultations.<\/li><li>L\u2019adresse du site qui vous a r\u00e9f\u00e9r\u00e9 au\u00a0 site <strong><a href=\"https:\/\/www.foretprivee.ca\/mauricie\">Foretprivee.ca\/mauricie.<\/a><\/strong><\/li><\/ul><p>Ces renseignements ne sont utilis\u00e9s qu\u2019\u00e0 des fins techniques et statistiques et en aucune circonstance, nous ne les utiliserons pour dresser des listes d\u2019utilisatrices ou d\u2019utilisateurs. Vous pouvez refuser ou d\u00e9sactiver les t\u00e9moins. Pour ce faire, consultez les options de configuration de votre navigateur. Dans ce cas, certaines fonctions de notre site Web ne seront plus disponibles.<\/p><p><strong>Autres sites<\/strong><br \/>Il arrive que dans notre site Web, nous vous proposions de consulter d\u2019autres sites. Nous ne sommes pas responsables des contenus de ceux-ci. Cependant, nous nous effor\u00e7ons de ne mettre \u00e0 votre disposition que des sites appropri\u00e9s et qui ont un lien avec les secteurs de la foresterie, de l\u2019agriculture et de l\u2019environnement. Ces sites web poss\u00e8dent leur propre politique de confidentialit\u00e9.<\/p><p><strong>Personnes mineures<\/strong><br \/>Si vous avez moins de 18 ans, veuillez obtenir la permission d\u2019un parent ou de votre tuteur avant de nous transmettre des renseignements personnels. Nous invitons les parents \u00e0 exercer la vigilance et la supervision n\u00e9cessaires pour que leur enfant ne fournisse pas de renseignements personnels sans \u00eatre assur\u00e9 de l\u2019identit\u00e9 de leur interlocuteur.<\/p><p><strong>Politique<\/strong><br \/>Pour voir la politique, cliquez <a href=\"https:\/\/www.foretprivee.ca\/mauricie\/wp-content\/uploads\/sites\/3\/2026\/04\/25-10-03-Politique-de-confidentialite-site-web.pdf\">ici.<\/a><\/p>\t\t\t\t\t\t\t\t<\/div>\n\t\t\t\t<\/div>\n\t\t\t\t\t<\/div>\n\t\t<\/div>\n\t\t\t\t\t<\/div>\n\t\t<\/section>\n\t\t\t\t<\/div>\n\t\t","protected":false},"excerpt":{"rendered":"<p>Merci de visiter notre site et de prendre connaissance de notre politique de confidentialit\u00e9. Foretprivee.ca\/mauricie\u00a0d\u00e9tenu par la F\u00e9d\u00e9ration des producteurs forestiers du Qu\u00e9bec prend toutes les pr\u00e9cautions n\u00e9cessaires pour assurer la confidentialit\u00e9 des renseignements personnels et agit en conformit\u00e9 avec la Loi sur l\u2019acc\u00e8s aux documents des organismes publics et sur la protection des renseignements &hellip; <\/p>\n<p class=\"link-more\"><a href=\"https:\/\/www.foretprivee.ca\/mauricie\/politique-de-confidentialite\/\" class=\"more-link\">Lire la suite<\/a><\/p>\n","protected":false},"author":4,"featured_media":0,"parent":0,"menu_order":0,"comment_status":"closed","ping_status":"closed","template":"","meta":{"_acf_changed":false,"footnotes":""},"class_list":["post-695","page","type-page","status-publish","hentry"],"acf":[],"_links":{"self":[{"href":"https:\/\/www.foretprivee.ca\/mauricie\/wp-json\/wp\/v2\/pages\/695","targetHints":{"allow":["GET"]}}],"collection":[{"href":"https:\/\/www.foretprivee.ca\/mauricie\/wp-json\/wp\/v2\/pages"}],"about":[{"href":"https:\/\/www.foretprivee.ca\/mauricie\/wp-json\/wp\/v2\/types\/page"}],"author":[{"embeddable":true,"href":"https:\/\/www.foretprivee.ca\/mauricie\/wp-json\/wp\/v2\/users\/4"}],"replies":[{"embeddable":true,"href":"https:\/\/www.foretprivee.ca\/mauricie\/wp-json\/wp\/v2\/comments?post=695"}],"version-history":[{"count":0,"href":"https:\/\/www.foretprivee.ca\/mauricie\/wp-json\/wp\/v2\/pages\/695\/revisions"}],"wp:attachment":[{"href":"https:\/\/www.foretprivee.ca\/mauricie\/wp-json\/wp\/v2\/media?parent=695"}],"curies":[{"name":"wp","href":"https:\/\/api.w.org\/{rel}","templated":true}]}}