{"id":8,"date":"2018-12-13T20:01:49","date_gmt":"2018-12-13T20:01:49","guid":{"rendered":"https:\/\/www.foretprivee.ca\/mauricie\/?page_id=8"},"modified":"2026-02-17T15:47:10","modified_gmt":"2026-02-17T15:47:10","slug":"conseil-dadministration","status":"publish","type":"page","link":"https:\/\/www.foretprivee.ca\/mauricie\/mon-syndicat\/conseil-dadministration\/","title":{"rendered":"Conseil d&rsquo;administration"},"content":{"rendered":"\t\t<div data-elementor-type=\"wp-post\" data-elementor-id=\"8\" class=\"elementor elementor-8\" data-elementor-post-type=\"page\">\n\t\t\t\t\t\t<section class=\"elementor-section elementor-top-section elementor-element elementor-element-b580cf0 elementor-section-boxed elementor-section-height-default elementor-section-height-default\" data-id=\"b580cf0\" data-element_type=\"section\" data-e-type=\"section\">\n\t\t\t\t\t\t<div class=\"elementor-container elementor-column-gap-default\">\n\t\t\t\t\t<div class=\"elementor-column elementor-col-66 elementor-top-column elementor-element elementor-element-b384aba\" data-id=\"b384aba\" data-element_type=\"column\" data-e-type=\"column\">\n\t\t\t<div class=\"elementor-widget-wrap elementor-element-populated\">\n\t\t\t\t\t\t<div class=\"elementor-element elementor-element-f719e98 elementor-widget elementor-widget-text-editor\" data-id=\"f719e98\" data-element_type=\"widget\" data-e-type=\"widget\" data-widget_type=\"text-editor.default\">\n\t\t\t\t<div class=\"elementor-widget-container\">\n\t\t\t\t\t\t\t\t\t<p>Un administrateur a la responsabilit\u00e9 de g\u00e9rer, de d\u00e9cider et d\u2019orienter les d\u00e9cisions que son Syndicat doit prendre. Il doit d\u2019abord \u00eatre disponible, particuli\u00e8rement le jour, afin d\u2019\u00eatre pr\u00e9sent aux diff\u00e9rents comit\u00e9s mis sur pied par le Syndicat. Il doit aussi \u00eatre un producteur de bois et avoir un minimum de connaissances dans ce domaine, c\u2019est-\u00e0-dire qu\u2019il doit \u00eatre capable de prendre position, de repr\u00e9senter et de d\u00e9fendre les int\u00e9r\u00eats de tous les producteurs de bois de la r\u00e9gion de la Mauricie. Il devra prendre entre autres des d\u00e9cisions sur l\u2019\u00e9mission des contingents ainsi que sur les n\u00e9gociations des contrats avec les industriels.<\/p><p>Lors d\u2019\u00e9lection, seuls les producteurs membres du Syndicat ont le droit de proposer et de seconder la mise en candidature d\u2019un producteur pour si\u00e9ger au sein du conseil d\u2019administration du Syndicat. De plus, seuls les membres ont le droit de voter lors de cette assembl\u00e9e et seulement eux ont le droit d\u2019occuper un poste d\u2019administrateur.<\/p><p>Les administrateurs \u00e9lus doivent \u00eatre capables de repr\u00e9senter et de d\u00e9fendre ad\u00e9quatement les int\u00e9r\u00eats de nos membres pour les prochaines ann\u00e9es.<\/p><h4>Administrateurs<\/h4>\t\t\t\t\t\t\t\t<\/div>\n\t\t\t\t<\/div>\n\t\t\t\t\t<\/div>\n\t\t<\/div>\n\t\t\t\t<div class=\"elementor-column elementor-col-33 elementor-top-column elementor-element elementor-element-87ee74f\" data-id=\"87ee74f\" data-element_type=\"column\" data-e-type=\"column\">\n\t\t\t<div class=\"elementor-widget-wrap\">\n\t\t\t\t\t\t\t<\/div>\n\t\t<\/div>\n\t\t\t\t\t<\/div>\n\t\t<\/section>\n\t\t\t\t<section class=\"elementor-section elementor-top-section elementor-element elementor-element-e879028 elementor-section-boxed elementor-section-height-default elementor-section-height-default\" data-id=\"e879028\" data-element_type=\"section\" data-e-type=\"section\">\n\t\t\t\t\t\t<div class=\"elementor-container elementor-column-gap-default\">\n\t\t\t\t\t<div class=\"elementor-column elementor-col-33 elementor-top-column elementor-element elementor-element-bff445f\" data-id=\"bff445f\" data-element_type=\"column\" data-e-type=\"column\">\n\t\t\t<div class=\"elementor-widget-wrap elementor-element-populated\">\n\t\t\t\t\t\t<div class=\"elementor-element elementor-element-98174c9 elementor-widget elementor-widget-text-editor\" data-id=\"98174c9\" data-element_type=\"widget\" data-e-type=\"widget\" data-widget_type=\"text-editor.default\">\n\t\t\t\t<div class=\"elementor-widget-container\">\n\t\t\t\t\t\t\t\t\t<p><strong>Jean-Luc Fafard<br \/>Pr\u00e9sident<br \/><\/strong>Repr\u00e9sentant du secteur 1 *<br \/>Fin du mandat en 2026 <strong><a href=\"mailto:jlfafardingfor@hotmail.com\">jlfafardingfor@hotmail.com<\/a><\/strong><\/p>\t\t\t\t\t\t\t\t<\/div>\n\t\t\t\t<\/div>\n\t\t\t\t<div class=\"elementor-element elementor-element-2faf6d3 elementor-widget-divider--view-line elementor-widget elementor-widget-divider\" data-id=\"2faf6d3\" data-element_type=\"widget\" data-e-type=\"widget\" data-widget_type=\"divider.default\">\n\t\t\t\t<div class=\"elementor-widget-container\">\n\t\t\t\t\t\t\t<div class=\"elementor-divider\">\n\t\t\t<span class=\"elementor-divider-separator\">\n\t\t\t\t\t\t<\/span>\n\t\t<\/div>\n\t\t\t\t\t\t<\/div>\n\t\t\t\t<\/div>\n\t\t\t\t<div class=\"elementor-element elementor-element-bc79f65 elementor-widget elementor-widget-text-editor\" data-id=\"bc79f65\" data-element_type=\"widget\" data-e-type=\"widget\" data-widget_type=\"text-editor.default\">\n\t\t\t\t<div class=\"elementor-widget-container\">\n\t\t\t\t\t\t\t\t\t<p><strong>Guillaume Goyette<\/strong><br \/><strong>3e membre de l\u2019ex\u00e9cutif<\/strong><br \/>Repr\u00e9sentant du secteur 3 *<br \/>Fin de mandat en 2028<\/p>\t\t\t\t\t\t\t\t<\/div>\n\t\t\t\t<\/div>\n\t\t\t\t<div class=\"elementor-element elementor-element-2ba571d elementor-widget-divider--view-line elementor-widget elementor-widget-divider\" data-id=\"2ba571d\" data-element_type=\"widget\" data-e-type=\"widget\" data-widget_type=\"divider.default\">\n\t\t\t\t<div class=\"elementor-widget-container\">\n\t\t\t\t\t\t\t<div class=\"elementor-divider\">\n\t\t\t<span class=\"elementor-divider-separator\">\n\t\t\t\t\t\t<\/span>\n\t\t<\/div>\n\t\t\t\t\t\t<\/div>\n\t\t\t\t<\/div>\n\t\t\t\t<div class=\"elementor-element elementor-element-991a4fb elementor-widget elementor-widget-text-editor\" data-id=\"991a4fb\" data-element_type=\"widget\" data-e-type=\"widget\" data-widget_type=\"text-editor.default\">\n\t\t\t\t<div class=\"elementor-widget-container\">\n\t\t\t\t\t\t\t\t\t<p><strong>Poste Vacant<\/strong><br \/>Repr\u00e9sentant du secteur 2 *<br \/>Fin de mandat en 2027<\/p>\t\t\t\t\t\t\t\t<\/div>\n\t\t\t\t<\/div>\n\t\t\t\t<div class=\"elementor-element elementor-element-f8ab8d8 elementor-widget-divider--view-line elementor-widget elementor-widget-divider\" data-id=\"f8ab8d8\" data-element_type=\"widget\" data-e-type=\"widget\" data-widget_type=\"divider.default\">\n\t\t\t\t<div class=\"elementor-widget-container\">\n\t\t\t\t\t\t\t<div class=\"elementor-divider\">\n\t\t\t<span class=\"elementor-divider-separator\">\n\t\t\t\t\t\t<\/span>\n\t\t<\/div>\n\t\t\t\t\t\t<\/div>\n\t\t\t\t<\/div>\n\t\t\t\t<div class=\"elementor-element elementor-element-60b6ef5 elementor-widget elementor-widget-text-editor\" data-id=\"60b6ef5\" data-element_type=\"widget\" data-e-type=\"widget\" data-widget_type=\"text-editor.default\">\n\t\t\t\t<div class=\"elementor-widget-container\">\n\t\t\t\t\t\t\t\t\t<p><strong>Andr\u00e9 Saulnier<\/strong><br \/><strong>Administrateur<\/strong><br \/>Repr\u00e9sentant du secteur 3 *<br \/>Fin de mandat en 2026\u00a0 \u00a0 \u00a0\u00a0 <a style=\"font-family: 'Open Sans', Helvetica, Arial, sans-serif;font-size: 1.6rem;font-weight: 400;background-color: #ffffff\" href=\"mailto:monicsaulnier@yahoo.ca\">andre_saulnier@outlook.com<\/a><\/p><p>\u00a0<\/p>\t\t\t\t\t\t\t\t<\/div>\n\t\t\t\t<\/div>\n\t\t\t\t<div class=\"elementor-element elementor-element-0688a42 elementor-widget-divider--view-line elementor-widget elementor-widget-divider\" data-id=\"0688a42\" data-element_type=\"widget\" data-e-type=\"widget\" data-widget_type=\"divider.default\">\n\t\t\t\t<div class=\"elementor-widget-container\">\n\t\t\t\t\t\t\t<div class=\"elementor-divider\">\n\t\t\t<span class=\"elementor-divider-separator\">\n\t\t\t\t\t\t<\/span>\n\t\t<\/div>\n\t\t\t\t\t\t<\/div>\n\t\t\t\t<\/div>\n\t\t\t\t\t<\/div>\n\t\t<\/div>\n\t\t\t\t<div class=\"elementor-column elementor-col-33 elementor-top-column elementor-element elementor-element-90c883b\" data-id=\"90c883b\" data-element_type=\"column\" data-e-type=\"column\">\n\t\t\t<div class=\"elementor-widget-wrap elementor-element-populated\">\n\t\t\t\t\t\t<div class=\"elementor-element elementor-element-0fcbacf elementor-widget elementor-widget-text-editor\" data-id=\"0fcbacf\" data-element_type=\"widget\" data-e-type=\"widget\" data-widget_type=\"text-editor.default\">\n\t\t\t\t<div class=\"elementor-widget-container\">\n\t\t\t\t\t\t\t\t\t<p><strong>Jean-Denis Toupin<\/strong><br \/><strong>Vice-pr\u00e9sident<br \/><\/strong>Repr\u00e9sentant du secteur 2 *<br \/>Fin du mandat en 2028 <a href=\"mailto:toupinjeandenis@gmail.com\">toupinjeandenis@gmail.com<\/a><\/p>\t\t\t\t\t\t\t\t<\/div>\n\t\t\t\t<\/div>\n\t\t\t\t<div class=\"elementor-element elementor-element-20b92f6 elementor-widget-divider--view-line elementor-widget elementor-widget-divider\" data-id=\"20b92f6\" data-element_type=\"widget\" data-e-type=\"widget\" data-widget_type=\"divider.default\">\n\t\t\t\t<div class=\"elementor-widget-container\">\n\t\t\t\t\t\t\t<div class=\"elementor-divider\">\n\t\t\t<span class=\"elementor-divider-separator\">\n\t\t\t\t\t\t<\/span>\n\t\t<\/div>\n\t\t\t\t\t\t<\/div>\n\t\t\t\t<\/div>\n\t\t\t\t<div class=\"elementor-element elementor-element-5fb9acb elementor-widget elementor-widget-text-editor\" data-id=\"5fb9acb\" data-element_type=\"widget\" data-e-type=\"widget\" data-widget_type=\"text-editor.default\">\n\t\t\t\t<div class=\"elementor-widget-container\">\n\t\t\t\t\t\t\t\t\t<p><strong>Fran\u00e7ois Douville<\/strong><br \/><strong>Administrateur<\/strong><br \/>Repr\u00e9sentant du secteur 1 *<br \/>Fin de mandat en 2028<br \/><a href=\"mailto:francoisdouville@hotmail.com\">francoisdouville@hotmail.com<\/a><\/p>\t\t\t\t\t\t\t\t<\/div>\n\t\t\t\t<\/div>\n\t\t\t\t<div class=\"elementor-element elementor-element-1269434 elementor-widget-divider--view-line elementor-widget elementor-widget-divider\" data-id=\"1269434\" data-element_type=\"widget\" data-e-type=\"widget\" data-widget_type=\"divider.default\">\n\t\t\t\t<div class=\"elementor-widget-container\">\n\t\t\t\t\t\t\t<div class=\"elementor-divider\">\n\t\t\t<span class=\"elementor-divider-separator\">\n\t\t\t\t\t\t<\/span>\n\t\t<\/div>\n\t\t\t\t\t\t<\/div>\n\t\t\t\t<\/div>\n\t\t\t\t<div class=\"elementor-element elementor-element-7396d66 elementor-widget elementor-widget-text-editor\" data-id=\"7396d66\" data-element_type=\"widget\" data-e-type=\"widget\" data-widget_type=\"text-editor.default\">\n\t\t\t\t<div class=\"elementor-widget-container\">\n\t\t\t\t\t\t\t\t\t<p><strong>Laurier Mongrain<br \/>Administrateur<br \/><\/strong>Repr\u00e9sentant du secteur 1 *<br \/>Fin de mandat en 2027<strong><br \/><a href=\"mailto:laurmon22@hotmail.com\">laurmon22@hotmail.com<\/a><\/strong><\/p>\t\t\t\t\t\t\t\t<\/div>\n\t\t\t\t<\/div>\n\t\t\t\t<div class=\"elementor-element elementor-element-b94ceaa elementor-widget-divider--view-line elementor-widget elementor-widget-divider\" data-id=\"b94ceaa\" data-element_type=\"widget\" data-e-type=\"widget\" data-widget_type=\"divider.default\">\n\t\t\t\t<div class=\"elementor-widget-container\">\n\t\t\t\t\t\t\t<div class=\"elementor-divider\">\n\t\t\t<span class=\"elementor-divider-separator\">\n\t\t\t\t\t\t<\/span>\n\t\t<\/div>\n\t\t\t\t\t\t<\/div>\n\t\t\t\t<\/div>\n\t\t\t\t<div class=\"elementor-element elementor-element-0c1356d elementor-widget-divider--view-line elementor-widget elementor-widget-divider\" data-id=\"0c1356d\" data-element_type=\"widget\" data-e-type=\"widget\" data-widget_type=\"divider.default\">\n\t\t\t\t<div class=\"elementor-widget-container\">\n\t\t\t\t\t\t\t<div class=\"elementor-divider\">\n\t\t\t<span class=\"elementor-divider-separator\">\n\t\t\t\t\t\t<\/span>\n\t\t<\/div>\n\t\t\t\t\t\t<\/div>\n\t\t\t\t<\/div>\n\t\t\t\t\t<\/div>\n\t\t<\/div>\n\t\t\t\t<div class=\"elementor-column elementor-col-33 elementor-top-column elementor-element elementor-element-38e5742\" data-id=\"38e5742\" data-element_type=\"column\" data-e-type=\"column\">\n\t\t\t<div class=\"elementor-widget-wrap\">\n\t\t\t\t\t\t\t<\/div>\n\t\t<\/div>\n\t\t\t\t\t<\/div>\n\t\t<\/section>\n\t\t\t\t<section class=\"elementor-section elementor-top-section elementor-element elementor-element-1971094 elementor-section-boxed elementor-section-height-default elementor-section-height-default\" data-id=\"1971094\" data-element_type=\"section\" data-e-type=\"section\">\n\t\t\t\t\t\t<div class=\"elementor-container elementor-column-gap-default\">\n\t\t\t\t\t<div class=\"elementor-column elementor-col-50 elementor-top-column elementor-element elementor-element-d44a1f3\" data-id=\"d44a1f3\" data-element_type=\"column\" data-e-type=\"column\">\n\t\t\t<div class=\"elementor-widget-wrap elementor-element-populated\">\n\t\t\t\t\t\t<div class=\"elementor-element elementor-element-5eac336 elementor-widget elementor-widget-text-editor\" data-id=\"5eac336\" data-element_type=\"widget\" data-e-type=\"widget\" data-widget_type=\"text-editor.default\">\n\t\t\t\t<div class=\"elementor-widget-container\">\n\t\t\t\t\t\t\t\t\t<p><span style=\"font-size: 10pt\"><strong>* Secteur 1 :<\/strong> La Tuque, La Bostonnais, Lac-\u00c9douard<b>,<\/b><\/span><span style=\"font-size: 10pt\"> la MRC des Chenaux et la MRC de M\u00e9kinac (excluant Hervey-Jonction,Lac-aux-Sables et Notre-Dame-de-Montauban)<\/span><br \/><span style=\"font-size: 10pt\"><strong>* Secteur 2 :<\/strong> MRC de Maskinong\u00e9, Trois-Rivi\u00e8res et Shawinigan<\/span><br \/><span style=\"font-size: 10pt\"><strong>* Secteur 3 :<\/strong> MRC d\u2019Autray, la MRC de Joliette, la MRC de l\u2019Assomption, la MRC de Matawini, la MRC de Montcalm et la MRC des Moulins<\/span><\/p>\t\t\t\t\t\t\t\t<\/div>\n\t\t\t\t<\/div>\n\t\t\t\t\t<\/div>\n\t\t<\/div>\n\t\t\t\t<div class=\"elementor-column elementor-col-50 elementor-top-column elementor-element elementor-element-173dbc6\" data-id=\"173dbc6\" data-element_type=\"column\" data-e-type=\"column\">\n\t\t\t<div class=\"elementor-widget-wrap\">\n\t\t\t\t\t\t\t<\/div>\n\t\t<\/div>\n\t\t\t\t\t<\/div>\n\t\t<\/section>\n\t\t\t\t<\/div>\n\t\t","protected":false},"excerpt":{"rendered":"<p>Un administrateur a la responsabilit\u00e9 de g\u00e9rer, de d\u00e9cider et d\u2019orienter les d\u00e9cisions que son Syndicat doit prendre. Il doit d\u2019abord \u00eatre disponible, particuli\u00e8rement le jour, afin d\u2019\u00eatre pr\u00e9sent aux diff\u00e9rents comit\u00e9s mis sur pied par le Syndicat. Il doit aussi \u00eatre un producteur de bois et avoir un minimum de connaissances dans ce domaine, &hellip; <\/p>\n<p class=\"link-more\"><a href=\"https:\/\/www.foretprivee.ca\/mauricie\/mon-syndicat\/conseil-dadministration\/\" class=\"more-link\">Lire la suite<\/a><\/p>\n","protected":false},"author":1,"featured_media":0,"parent":4,"menu_order":0,"comment_status":"closed","ping_status":"closed","template":"","meta":{"_acf_changed":false,"footnotes":""},"class_list":["post-8","page","type-page","status-publish","hentry"],"acf":[],"_links":{"self":[{"href":"https:\/\/www.foretprivee.ca\/mauricie\/wp-json\/wp\/v2\/pages\/8","targetHints":{"allow":["GET"]}}],"collection":[{"href":"https:\/\/www.foretprivee.ca\/mauricie\/wp-json\/wp\/v2\/pages"}],"about":[{"href":"https:\/\/www.foretprivee.ca\/mauricie\/wp-json\/wp\/v2\/types\/page"}],"author":[{"embeddable":true,"href":"https:\/\/www.foretprivee.ca\/mauricie\/wp-json\/wp\/v2\/users\/1"}],"replies":[{"embeddable":true,"href":"https:\/\/www.foretprivee.ca\/mauricie\/wp-json\/wp\/v2\/comments?post=8"}],"version-history":[{"count":0,"href":"https:\/\/www.foretprivee.ca\/mauricie\/wp-json\/wp\/v2\/pages\/8\/revisions"}],"up":[{"embeddable":true,"href":"https:\/\/www.foretprivee.ca\/mauricie\/wp-json\/wp\/v2\/pages\/4"}],"wp:attachment":[{"href":"https:\/\/www.foretprivee.ca\/mauricie\/wp-json\/wp\/v2\/media?parent=8"}],"curies":[{"name":"wp","href":"https:\/\/api.w.org\/{rel}","templated":true}]}}