{"id":21,"date":"2018-12-13T19:41:49","date_gmt":"2018-12-13T19:41:49","guid":{"rendered":"https:\/\/pontiac.www.foretprivee.ca\/?page_id=21"},"modified":"2019-01-22T19:53:32","modified_gmt":"2019-01-22T19:53:32","slug":"mon-office-my-marketing-board","status":"publish","type":"page","link":"https:\/\/www.foretprivee.ca\/pontiac\/mon-office-my-marketing-board\/","title":{"rendered":"Mon office(My Marketing Board)"},"content":{"rendered":"\t\t<div data-elementor-type=\"wp-post\" data-elementor-id=\"21\" class=\"elementor elementor-21 elementor-bc-flex-widget\" data-elementor-post-type=\"page\">\n\t\t\t\t\t\t<section class=\"elementor-section elementor-top-section elementor-element elementor-element-737fc16 elementor-section-boxed elementor-section-height-default elementor-section-height-default\" data-id=\"737fc16\" data-element_type=\"section\" data-e-type=\"section\">\n\t\t\t\t\t\t<div class=\"elementor-container elementor-column-gap-default\">\n\t\t\t\t\t<div class=\"elementor-column elementor-col-100 elementor-top-column elementor-element elementor-element-71d1930\" data-id=\"71d1930\" data-element_type=\"column\" data-e-type=\"column\">\n\t\t\t<div class=\"elementor-widget-wrap elementor-element-populated\">\n\t\t\t\t\t\t<div class=\"elementor-element elementor-element-b2bbc76 elementor-widget elementor-widget-sub-menu\" data-id=\"b2bbc76\" data-element_type=\"widget\" data-e-type=\"widget\" data-widget_type=\"sub-menu.default\">\n\t\t\t\t<div class=\"elementor-widget-container\">\n\t\t\t\t\t\n\t\t<div class=\"penega-sub-menu\">\n\n\t\t\t<ul>\n\t\t\t\t\t\t\t\t\t\t<!-- Moisac -->\n\t\t\t\t\t\t\t\t\t\t\t<a href=\"https:\/\/www.foretprivee.ca\/pontiac\/mon-office-my-marketing-board\/mission-et-mandat-mission-and-mandate\/\">\n\t\t\t\t\t\t\t<li class=\"nth-child-0\">\n\t\t\t\t\t\t\t\t<strong>Mission et mandats<\/strong><br\/>Mission and mandates<br\/>\n\t\t\t\t\t\t\t\t+\n\t\t\t\t\t\t\t<\/li>\n\t\t\t\t\t\t\t\t\t\t\t\t\t<\/a>\n\t\t\t\t\t\t\t\t\t\t\t<a href=\"https:\/\/www.foretprivee.ca\/pontiac\/mon-office-my-marketing-board\/equipe-team\/\">\n\t\t\t\t\t\t\t<li class=\"nth-child-1\">\n\t\t\t\t\t\t\t\t<strong>\u00c9quipe<\/strong><br\/>Team<br\/>\n\t\t\t\t\t\t\t\t+\n\t\t\t\t\t\t\t<\/li>\n\t\t\t\t\t\t\t\t\t\t\t\t\t<\/a>\n\t\t\t\t\t\t\t\t\t\t\t<a href=\"https:\/\/www.foretprivee.ca\/pontiac\/mon-office-my-marketing-board\/rapports-dactivite-annual-reports\/\">\n\t\t\t\t\t\t\t<li class=\"nth-child-2\">\n\t\t\t\t\t\t\t\t<strong>Rapports d'activit\u00e9<\/strong><br\/>Annual Reports<br\/>\n\t\t\t\t\t\t\t\t+\n\t\t\t\t\t\t\t<\/li>\n\t\t\t\t\t\t\t\t\t\t\t\t\t<\/a>\n\t\t\t\t\t\t\t\t\t\t\t<a href=\"https:\/\/www.foretprivee.ca\/pontiac\/mon-office-my-marketing-board\/territoires-et-cartes\/\">\n\t\t\t\t\t\t\t<li class=\"nth-child-3\">\n\t\t\t\t\t\t\t\t<strong>Territoires et cartes<\/strong><br\/>Territories and maps<br\/>\n\t\t\t\t\t\t\t\t+\n\t\t\t\t\t\t\t<\/li>\n\t\t\t\t\t\t\t\t\t\t\t\t\t<\/a>\n\t\t\t\t\t\t\t\t\t\t\t<a href=\"https:\/\/www.foretprivee.ca\/pontiac\/mon-office-my-marketing-board\/reglementation-regulation\/\">\n\t\t\t\t\t\t\t<li class=\"nth-child-0\">\n\t\t\t\t\t\t\t\t<strong>R\u00e9glementation<\/strong><br\/>Regulation<br\/>\n\t\t\t\t\t\t\t\t+\n\t\t\t\t\t\t\t<\/li>\n\t\t\t\t\t\t\t\t\t\t\t\t\t<\/a>\n\t\t\t\t\t\t\t\t\t\t\t<a href=\"https:\/\/www.foretprivee.ca\/pontiac\/mon-office-my-marketing-board\/devenir-membre-become-a-member\/\">\n\t\t\t\t\t\t\t<li class=\"nth-child-1\">\n\t\t\t\t\t\t\t\t<strong>Devenir membre<\/strong><br\/>Become a member<br\/>\n\t\t\t\t\t\t\t\t+\n\t\t\t\t\t\t\t<\/li>\n\t\t\t\t\t\t\t\t\t\t\t\t\t<\/a>\n\t\t\t\t\t\t\t\t\t\t\t<a href=\"https:\/\/www.foretprivee.ca\/pontiac\/mon-office-my-marketing-board\/assemblees-et-reunionsmeetings\/\">\n\t\t\t\t\t\t\t<li class=\"nth-child-2\">\n\t\t\t\t\t\t\t\t<strong>Assembl\u00e9es et r\u00e9unions<\/strong><br\/>Meetings<br\/>\n\t\t\t\t\t\t\t\t+\n\t\t\t\t\t\t\t<\/li>\n\t\t\t\t\t\t\t\t\t\t\t\t\t<\/a>\n\t\t\t\t\t\t\t\t\t\t\t<\/ul>\n\t\t<\/div>\n\t\t\t\t\t\t<\/div>\n\t\t\t\t<\/div>\n\t\t\t\t\t<\/div>\n\t\t<\/div>\n\t\t\t\t\t<\/div>\n\t\t<\/section>\n\t\t\t\t<\/div>\n\t\t","protected":false},"excerpt":{"rendered":"<p>&nbsp; Mission et mandat Mission and mandate + &nbsp; &nbsp; &nbsp; Conseil d&rsquo;administration Administrators + &nbsp; &nbsp; &nbsp; \u00c9quipe Team + &nbsp; &nbsp; &nbsp; Assembl\u00e9es et r\u00e9unions Meetings + &nbsp; &nbsp; &nbsp; Rapports d&rsquo;activit\u00e9 Annual Reports + &nbsp; &nbsp; &nbsp; Territoires et cartes Territories and maps + &nbsp; &nbsp; &nbsp; R\u00e9glementation Regulation + &nbsp; &nbsp; &hellip; <\/p>\n<p class=\"link-more\"><a href=\"https:\/\/www.foretprivee.ca\/pontiac\/mon-office-my-marketing-board\/\" class=\"more-link\">Lire la suite<\/a><\/p>\n","protected":false},"author":1,"featured_media":344,"parent":0,"menu_order":0,"comment_status":"closed","ping_status":"closed","template":"","meta":{"_acf_changed":false,"footnotes":""},"class_list":["post-21","page","type-page","status-publish","has-post-thumbnail","hentry"],"acf":[],"_links":{"self":[{"href":"https:\/\/www.foretprivee.ca\/pontiac\/wp-json\/wp\/v2\/pages\/21","targetHints":{"allow":["GET"]}}],"collection":[{"href":"https:\/\/www.foretprivee.ca\/pontiac\/wp-json\/wp\/v2\/pages"}],"about":[{"href":"https:\/\/www.foretprivee.ca\/pontiac\/wp-json\/wp\/v2\/types\/page"}],"author":[{"embeddable":true,"href":"https:\/\/www.foretprivee.ca\/pontiac\/wp-json\/wp\/v2\/users\/1"}],"replies":[{"embeddable":true,"href":"https:\/\/www.foretprivee.ca\/pontiac\/wp-json\/wp\/v2\/comments?post=21"}],"version-history":[{"count":0,"href":"https:\/\/www.foretprivee.ca\/pontiac\/wp-json\/wp\/v2\/pages\/21\/revisions"}],"wp:featuredmedia":[{"embeddable":true,"href":"https:\/\/www.foretprivee.ca\/pontiac\/wp-json\/wp\/v2\/media\/344"}],"wp:attachment":[{"href":"https:\/\/www.foretprivee.ca\/pontiac\/wp-json\/wp\/v2\/media?parent=21"}],"curies":[{"name":"wp","href":"https:\/\/api.w.org\/{rel}","templated":true}]}}