{"id":23,"date":"2018-12-13T19:42:37","date_gmt":"2018-12-13T19:42:37","guid":{"rendered":"https:\/\/pontiac.www.foretprivee.ca\/?page_id=23"},"modified":"2025-02-25T17:59:33","modified_gmt":"2025-02-25T17:59:33","slug":"mission-et-mandat-mission-and-mandate","status":"publish","type":"page","link":"https:\/\/www.foretprivee.ca\/pontiac\/mon-office-my-marketing-board\/mission-et-mandat-mission-and-mandate\/","title":{"rendered":"Mission et mandats(Mission and mandates)"},"content":{"rendered":"\t\t<div data-elementor-type=\"wp-post\" data-elementor-id=\"23\" class=\"elementor elementor-23\" data-elementor-post-type=\"page\">\n\t\t\t\t\t\t<section class=\"elementor-section elementor-top-section elementor-element elementor-element-3943f95 elementor-section-boxed elementor-section-height-default elementor-section-height-default\" data-id=\"3943f95\" data-element_type=\"section\" data-e-type=\"section\">\n\t\t\t\t\t\t<div class=\"elementor-container elementor-column-gap-default\">\n\t\t\t\t\t<div class=\"elementor-column elementor-col-66 elementor-top-column elementor-element elementor-element-747f4e7\" data-id=\"747f4e7\" data-element_type=\"column\" data-e-type=\"column\">\n\t\t\t<div class=\"elementor-widget-wrap elementor-element-populated\">\n\t\t\t\t\t\t<div class=\"elementor-element elementor-element-5dca790 elementor-widget elementor-widget-text-editor\" data-id=\"5dca790\" data-element_type=\"widget\" data-e-type=\"widget\" data-widget_type=\"text-editor.default\">\n\t\t\t\t<div class=\"elementor-widget-container\">\n\t\t\t\t\t\t\t\t\t<p><span style=\"font-size: 1.6rem\">L\u2019Office des producteurs de bois de Pontiac (OPBP) est une organisation non gouvernementale \u00e0 but non lucratif qui repr\u00e9sente 3650 propri\u00e9taires de bois\u00e9s priv\u00e9s du Pontiac. Fond\u00e9 en 1960 pour et par les propri\u00e9taires priv\u00e9s impliqu\u00e9s dans la mise en march\u00e9 du bois.<\/span><\/p><p>L&rsquo;Office est d\u00e9di\u00e9 \u00e0 soutenir et \u00e0 repr\u00e9senter les propri\u00e9taires de bois priv\u00e9s de la r\u00e9gion de Pontiac, \u00e0 promouvoir des pratiques foresti\u00e8res durables et \u00e0 garantir des conditions de march\u00e9 \u00e9quitables et rentables pour le bois.<\/p><p data-start=\"310\" data-end=\"870\">Dans le cadre du Plan conjoint, les producteurs de bois ont acc\u00e8s \u00e0 tous les pouvoirs accord\u00e9s par les lois du Qu\u00e9bec concernant la commercialisation des produits agricoles, alimentaires et des p\u00eaches, leur permettant d&rsquo;organiser la mise en march\u00e9 ordonn\u00e9e du bois provenant des terres priv\u00e9es.<\/p><p data-start=\"872\" data-end=\"909\">Plus pr\u00e9cis\u00e9ment, le conseil vise \u00e0 :<\/p><ul data-start=\"911\" data-end=\"1525\" data-is-only-node=\"\" data-is-last-node=\"\"><li data-start=\"911\" data-end=\"1015\"><b>Consolider et soutenir<\/b> les propri\u00e9taires forestiers priv\u00e9s dans la r\u00e9gion du Plan conjoint de Pontiac.<\/li><li data-start=\"1016\" data-end=\"1091\"><b>Aborder les d\u00e9fis<\/b> li\u00e9s \u00e0 la production et \u00e0 la commercialisation du bois.<\/li><li data-start=\"1092\" data-end=\"1248\"><b>N\u00e9gocier des conditions de commercialisation favorables<\/b> pour les producteurs, en assurant une tarification \u00e9quitable et l&rsquo;acc\u00e8s \u00e0 des march\u00e9s plus larges.<\/li><li data-start=\"1249\" data-end=\"1378\"><b>Promouvoir des pratiques foresti\u00e8res durables<\/b> et informer les producteurs des tendances du secteur et des meilleures pratiques.<\/li><li data-start=\"1379\" data-end=\"1525\" data-is-last-node=\"\"><b>Plaider pour les int\u00e9r\u00eats<\/b> des producteurs de bois de Pontiac aupr\u00e8s des acheteurs, des entit\u00e9s gouvernementales et des autres parties prenantes.<\/li><\/ul>\t\t\t\t\t\t\t\t<\/div>\n\t\t\t\t<\/div>\n\t\t\t\t<div class=\"elementor-element elementor-element-0793ecc elementor-widget-divider--view-line elementor-widget elementor-widget-divider\" data-id=\"0793ecc\" data-element_type=\"widget\" data-e-type=\"widget\" data-widget_type=\"divider.default\">\n\t\t\t\t<div class=\"elementor-widget-container\">\n\t\t\t\t\t\t\t<div class=\"elementor-divider\">\n\t\t\t<span class=\"elementor-divider-separator\">\n\t\t\t\t\t\t<\/span>\n\t\t<\/div>\n\t\t\t\t\t\t<\/div>\n\t\t\t\t<\/div>\n\t\t\t\t<div class=\"elementor-element elementor-element-9491219 elementor-widget__width-initial elementor-widget elementor-widget-text-editor\" data-id=\"9491219\" data-element_type=\"widget\" data-e-type=\"widget\" data-widget_type=\"text-editor.default\">\n\t\t\t\t<div class=\"elementor-widget-container\">\n\t\t\t\t\t\t\t\t\t<p><span style=\"font-size: 16px;font-style: normal\">Pontiac forest producer&rsquo;s Board (OPBP) is a non-profit non-governmental organization which represents 3650 private woodlot owners of Pontiac. Founded in 1960 by and for the private owners involved in the marketing of wood.<br \/><br \/><\/span>The Board is dedicated to supporting and representing private woodlot owners in the Pontiac region, promoting sustainable forestry practices, and ensuring fair and profitable market conditions for timber.<\/p><p><span style=\"font-size: 16px;font-style: normal\">Under the Joint Plan, lumber producers have access to all the powers granted by Quebec&rsquo;s laws on the marketing of agricultural products, food and fisheries, enabling them to organize the the orderly marketing of timber from private lands.<\/span><\/p><p>Specifically, the board aims to:\u00a0<\/p><ul><li data-start=\"1135\" data-end=\"1224\"><strong data-start=\"1137\" data-end=\"1164\">Consolidate and support<\/strong> private forest owners within the Pontiac Joint Plan region.<\/li><li data-start=\"1225\" data-end=\"1291\"><strong data-start=\"1227\" data-end=\"1249\">Address challenges<\/strong> related to wood production and marketing.<\/li><li data-start=\"1292\" data-end=\"1406\"><strong data-start=\"1294\" data-end=\"1338\">Negotiate favorable marketing conditions<\/strong> for producers, ensuring fair pricing and access to broader markets.<\/li><li data-start=\"1407\" data-end=\"1511\"><strong data-start=\"1409\" data-end=\"1451\">Promote sustainable forestry practices<\/strong> and inform producers of industry trends and best practices.<\/li><li data-start=\"1512\" data-end=\"1628\"><strong data-start=\"1514\" data-end=\"1544\">Advocate for the interests<\/strong> of Pontiac wood producers with buyers, government entities, and other stakeholders.\u00a0<\/li><\/ul>\t\t\t\t\t\t\t\t<\/div>\n\t\t\t\t<\/div>\n\t\t\t\t\t<\/div>\n\t\t<\/div>\n\t\t\t\t<div class=\"elementor-column elementor-col-33 elementor-top-column elementor-element elementor-element-e2712e5\" data-id=\"e2712e5\" data-element_type=\"column\" data-e-type=\"column\">\n\t\t\t<div class=\"elementor-widget-wrap\">\n\t\t\t\t\t\t\t<\/div>\n\t\t<\/div>\n\t\t\t\t\t<\/div>\n\t\t<\/section>\n\t\t\t\t<section class=\"elementor-section elementor-top-section elementor-element elementor-element-5956ef7 elementor-section-boxed elementor-section-height-default elementor-section-height-default\" data-id=\"5956ef7\" data-element_type=\"section\" data-e-type=\"section\">\n\t\t\t\t\t\t<div class=\"elementor-container elementor-column-gap-default\">\n\t\t\t\t\t<div class=\"elementor-column elementor-col-100 elementor-top-column elementor-element elementor-element-3dcf26b\" data-id=\"3dcf26b\" data-element_type=\"column\" data-e-type=\"column\">\n\t\t\t<div class=\"elementor-widget-wrap\">\n\t\t\t\t\t\t\t<\/div>\n\t\t<\/div>\n\t\t\t\t\t<\/div>\n\t\t<\/section>\n\t\t\t\t<\/div>\n\t\t","protected":false},"excerpt":{"rendered":"<p>L\u2019Office des producteurs de bois de Pontiac (OPBP) est une organisation non gouvernementale \u00e0 but non lucratif qui repr\u00e9sente 3650 propri\u00e9taires de bois\u00e9s priv\u00e9s du Pontiac. Fond\u00e9 en 1960 pour et par les propri\u00e9taires priv\u00e9s impliqu\u00e9s dans la mise en march\u00e9 du bois. L&rsquo;Office est d\u00e9di\u00e9 \u00e0 soutenir et \u00e0 repr\u00e9senter les propri\u00e9taires de bois &hellip; <\/p>\n<p class=\"link-more\"><a href=\"https:\/\/www.foretprivee.ca\/pontiac\/mon-office-my-marketing-board\/mission-et-mandat-mission-and-mandate\/\" class=\"more-link\">Lire la suite<\/a><\/p>\n","protected":false},"author":1,"featured_media":0,"parent":21,"menu_order":0,"comment_status":"closed","ping_status":"closed","template":"","meta":{"_acf_changed":false,"footnotes":""},"class_list":["post-23","page","type-page","status-publish","hentry"],"acf":[],"_links":{"self":[{"href":"https:\/\/www.foretprivee.ca\/pontiac\/wp-json\/wp\/v2\/pages\/23","targetHints":{"allow":["GET"]}}],"collection":[{"href":"https:\/\/www.foretprivee.ca\/pontiac\/wp-json\/wp\/v2\/pages"}],"about":[{"href":"https:\/\/www.foretprivee.ca\/pontiac\/wp-json\/wp\/v2\/types\/page"}],"author":[{"embeddable":true,"href":"https:\/\/www.foretprivee.ca\/pontiac\/wp-json\/wp\/v2\/users\/1"}],"replies":[{"embeddable":true,"href":"https:\/\/www.foretprivee.ca\/pontiac\/wp-json\/wp\/v2\/comments?post=23"}],"version-history":[{"count":0,"href":"https:\/\/www.foretprivee.ca\/pontiac\/wp-json\/wp\/v2\/pages\/23\/revisions"}],"up":[{"embeddable":true,"href":"https:\/\/www.foretprivee.ca\/pontiac\/wp-json\/wp\/v2\/pages\/21"}],"wp:attachment":[{"href":"https:\/\/www.foretprivee.ca\/pontiac\/wp-json\/wp\/v2\/media?parent=23"}],"curies":[{"name":"wp","href":"https:\/\/api.w.org\/{rel}","templated":true}]}}