{"id":37,"date":"2018-12-13T19:47:05","date_gmt":"2018-12-13T19:47:05","guid":{"rendered":"https:\/\/pontiac.www.foretprivee.ca\/?page_id=37"},"modified":"2019-01-22T19:54:11","modified_gmt":"2019-01-22T19:54:11","slug":"devenir-membre-become-a-member","status":"publish","type":"page","link":"https:\/\/www.foretprivee.ca\/pontiac\/mon-office-my-marketing-board\/devenir-membre-become-a-member\/","title":{"rendered":"Devenir membre(Become a member)"},"content":{"rendered":"\t\t<div data-elementor-type=\"wp-post\" data-elementor-id=\"37\" class=\"elementor elementor-37 elementor-bc-flex-widget\" data-elementor-post-type=\"page\">\n\t\t\t\t\t\t<section class=\"elementor-section elementor-top-section elementor-element elementor-element-2fc6639 elementor-section-boxed elementor-section-height-default elementor-section-height-default\" data-id=\"2fc6639\" data-element_type=\"section\" data-e-type=\"section\">\n\t\t\t\t\t\t<div class=\"elementor-container elementor-column-gap-default\">\n\t\t\t\t\t<div class=\"elementor-column elementor-col-66 elementor-top-column elementor-element elementor-element-1679424\" data-id=\"1679424\" data-element_type=\"column\" data-e-type=\"column\">\n\t\t\t<div class=\"elementor-widget-wrap elementor-element-populated\">\n\t\t\t\t\t\t<div class=\"elementor-element elementor-element-040f07b elementor-widget elementor-widget-text-editor\" data-id=\"040f07b\" data-element_type=\"widget\" data-e-type=\"widget\" data-widget_type=\"text-editor.default\">\n\t\t\t\t<div class=\"elementor-widget-container\">\n\t\t\t\t\t\t\t\t\t<p>Pour vous inscrire \u00e0 l\u2019Office des producteurs de bois de Pontiac, vous devez simplement compl\u00e9ter votre <a href=\"https:\/\/www.foretprivee.ca\/pontiac\/mes-services-my-services\/production-de-bois-demande-de-contingent-wood-production-and-market-share-request\/\">demande de contingent<\/a> annuellement en y joignant votre compte de taxes le plus r\u00e9cent. S\u2019il y a plus d\u2019un nom sur le compte de taxes, vous devrez fournir une procuration ou c\u00e9dez votre droit de coupe de bois \u00e0 un repr\u00e9sentant.<\/p>\t\t\t\t\t\t\t\t<\/div>\n\t\t\t\t<\/div>\n\t\t\t\t<div class=\"elementor-element elementor-element-13ec387 elementor-widget-divider--view-line elementor-widget elementor-widget-divider\" data-id=\"13ec387\" data-element_type=\"widget\" data-e-type=\"widget\" data-widget_type=\"divider.default\">\n\t\t\t\t<div class=\"elementor-widget-container\">\n\t\t\t\t\t\t\t<div class=\"elementor-divider\">\n\t\t\t<span class=\"elementor-divider-separator\">\n\t\t\t\t\t\t<\/span>\n\t\t<\/div>\n\t\t\t\t\t\t<\/div>\n\t\t\t\t<\/div>\n\t\t\t\t<div class=\"elementor-element elementor-element-cd3623b elementor-widget elementor-widget-text-editor\" data-id=\"cd3623b\" data-element_type=\"widget\" data-e-type=\"widget\" data-widget_type=\"text-editor.default\">\n\t\t\t\t<div class=\"elementor-widget-container\">\n\t\t\t\t\t\t\t\t\t<p>To register at the Pontiac Forest Products Producers Board, you complete a <a href=\"https:\/\/www.foretprivee.ca\/pontiac\/mes-services-my-services\/production-de-bois-demande-de-contingent-wood-production-and-market-share-request\/\">market share form<\/a> annually and attach your most recent municipal tax bill. If there is more than one name on the tax bill\u00a0: you will need all signatures or if you prefer in one name, you can complete a cutting right form.<\/p>\t\t\t\t\t\t\t\t<\/div>\n\t\t\t\t<\/div>\n\t\t\t\t\t<\/div>\n\t\t<\/div>\n\t\t\t\t<div class=\"elementor-column elementor-col-33 elementor-top-column elementor-element elementor-element-f2f49e5\" data-id=\"f2f49e5\" data-element_type=\"column\" data-e-type=\"column\">\n\t\t\t<div class=\"elementor-widget-wrap\">\n\t\t\t\t\t\t\t<\/div>\n\t\t<\/div>\n\t\t\t\t\t<\/div>\n\t\t<\/section>\n\t\t\t\t<\/div>\n\t\t","protected":false},"excerpt":{"rendered":"<p>Pour vous inscrire \u00e0 l\u2019Office des producteurs de bois de Pontiac, vous devez simplement compl\u00e9ter votre demande de contingent annuellement en y joignant votre compte de taxes le plus r\u00e9cent. S\u2019il y a plus d\u2019un nom sur le compte de taxes, vous devrez fournir une procuration ou c\u00e9dez votre droit de coupe de bois \u00e0 &hellip; <\/p>\n<p class=\"link-more\"><a href=\"https:\/\/www.foretprivee.ca\/pontiac\/mon-office-my-marketing-board\/devenir-membre-become-a-member\/\" class=\"more-link\">Lire la suite<\/a><\/p>\n","protected":false},"author":1,"featured_media":0,"parent":21,"menu_order":0,"comment_status":"closed","ping_status":"closed","template":"","meta":{"_acf_changed":false,"footnotes":""},"class_list":["post-37","page","type-page","status-publish","hentry"],"acf":[],"_links":{"self":[{"href":"https:\/\/www.foretprivee.ca\/pontiac\/wp-json\/wp\/v2\/pages\/37","targetHints":{"allow":["GET"]}}],"collection":[{"href":"https:\/\/www.foretprivee.ca\/pontiac\/wp-json\/wp\/v2\/pages"}],"about":[{"href":"https:\/\/www.foretprivee.ca\/pontiac\/wp-json\/wp\/v2\/types\/page"}],"author":[{"embeddable":true,"href":"https:\/\/www.foretprivee.ca\/pontiac\/wp-json\/wp\/v2\/users\/1"}],"replies":[{"embeddable":true,"href":"https:\/\/www.foretprivee.ca\/pontiac\/wp-json\/wp\/v2\/comments?post=37"}],"version-history":[{"count":0,"href":"https:\/\/www.foretprivee.ca\/pontiac\/wp-json\/wp\/v2\/pages\/37\/revisions"}],"up":[{"embeddable":true,"href":"https:\/\/www.foretprivee.ca\/pontiac\/wp-json\/wp\/v2\/pages\/21"}],"wp:attachment":[{"href":"https:\/\/www.foretprivee.ca\/pontiac\/wp-json\/wp\/v2\/media?parent=37"}],"curies":[{"name":"wp","href":"https:\/\/api.w.org\/{rel}","templated":true}]}}