{"id":393,"date":"2019-01-16T17:58:46","date_gmt":"2019-01-16T17:58:46","guid":{"rendered":"https:\/\/www.foretprivee.ca\/pontiac\/?page_id=393"},"modified":"2026-02-06T13:39:03","modified_gmt":"2026-02-06T13:39:03","slug":"nouvellesnews","status":"publish","type":"page","link":"https:\/\/www.foretprivee.ca\/pontiac\/mes-communications-my-communications\/nouvellesnews\/","title":{"rendered":"Nouvelles(News)"},"content":{"rendered":"\t\t<div data-elementor-type=\"wp-post\" data-elementor-id=\"393\" class=\"elementor elementor-393\" data-elementor-post-type=\"page\">\n\t\t\t\t\t\t<section class=\"elementor-section elementor-top-section elementor-element elementor-element-4a75ce1 elementor-section-boxed elementor-section-height-default elementor-section-height-default\" data-id=\"4a75ce1\" data-element_type=\"section\" data-e-type=\"section\">\n\t\t\t\t\t\t<div class=\"elementor-container elementor-column-gap-default\">\n\t\t\t\t\t<div class=\"elementor-column elementor-col-100 elementor-top-column elementor-element elementor-element-a5d1eac\" data-id=\"a5d1eac\" data-element_type=\"column\" data-e-type=\"column\">\n\t\t\t<div class=\"elementor-widget-wrap elementor-element-populated\">\n\t\t\t\t\t\t<div class=\"elementor-element elementor-element-d191ded elementor-widget elementor-widget-archive-articles\" data-id=\"d191ded\" data-element_type=\"widget\" data-e-type=\"widget\" data-widget_type=\"archive-articles.default\">\n\t\t\t\t<div class=\"elementor-widget-container\">\n\t\t\t\t\t                    <div class=\"penega-archive-nouvelles-container\">\n                                                        <div class=\"article \">\n                        <div class=\"inner\">\n                            <a                                     href=\"https:\/\/www.foretprivee.ca\/pontiac\/nouvelles\/3680\">\n                                <div class=\"titre\">\n                                                                            <label>Nouvelles<\/label>\n                                                                        <h2>Avis de s\u00e9ance publique<\/h2>\n                                    <span>2026-02-06<\/span>\n                                    <img decoding=\"async\" data-src=\"\/wp-content\/themes\/penega\/assets\/images\/arrow-right-black.png\" src=\"data:image\/svg+xml;base64,PHN2ZyB3aWR0aD0iMSIgaGVpZ2h0PSIxIiB4bWxucz0iaHR0cDovL3d3dy53My5vcmcvMjAwMC9zdmciPjwvc3ZnPg==\" class=\"lazyload\" \/>\n                                <\/div>\n                            <\/a>\n                                                            <div class=\"content\">\n                                    AVIS PUBLIC &#8211; 25 mars 2026 R\u00e9gie des march\u00e9s agricoles et alimentaires du Qu\u00e9bec Objet : \u00c9valuation p\u00e9riodique des interventions de l\u2019Office des producteurs de bois du comt\u00e9 de Pontiac dans la mise en march\u00e9 du produit vis\u00e9 par le Plan conjoint des producteurs de bois de Pontiac pour la p\u00e9riode 2021-2025 N\/R\u00e9f. : 037-20-03&hellip;                                    <p class=\"link-more\">\n                                        <a                                                 href=\"https:\/\/www.foretprivee.ca\/pontiac\/nouvelles\/3680\" class=\"more-link\">\n                                            Lire la suite                                        <\/a>\n                                    <\/p>\n                                <\/div>\n                                                    <\/div>\n                    <\/div>\n                                                        <div class=\"article \">\n                        <div class=\"inner\">\n                            <a                                     href=\"https:\/\/www.foretprivee.ca\/pontiac\/nouvelles\/demande-de-contingent-request-for-market-shares-2026\">\n                                <div class=\"titre\">\n                                                                            <label>Nouvelles<\/label>\n                                                                        <h2>Demande de contingent\/ Request for market shares 2026<\/h2>\n                                    <span>2026-02-06<\/span>\n                                    <img decoding=\"async\" data-src=\"\/wp-content\/themes\/penega\/assets\/images\/arrow-right-black.png\" src=\"data:image\/svg+xml;base64,PHN2ZyB3aWR0aD0iMSIgaGVpZ2h0PSIxIiB4bWxucz0iaHR0cDovL3d3dy53My5vcmcvMjAwMC9zdmciPjwvc3ZnPg==\" class=\"lazyload\" \/>\n                                <\/div>\n                            <\/a>\n                                                    <\/div>\n                    <\/div>\n                                                        <div class=\"article \">\n                        <div class=\"inner\">\n                            <a                                     href=\"https:\/\/www.foretprivee.ca\/pontiac\/nouvelles\/newsletter-winter-2025\">\n                                <div class=\"titre\">\n                                                                            <label>Nouvelles<\/label>\n                                                                        <h2>Newsletter winter 2025<\/h2>\n                                    <span>2026-02-05<\/span>\n                                    <img decoding=\"async\" data-src=\"\/wp-content\/themes\/penega\/assets\/images\/arrow-right-black.png\" src=\"data:image\/svg+xml;base64,PHN2ZyB3aWR0aD0iMSIgaGVpZ2h0PSIxIiB4bWxucz0iaHR0cDovL3d3dy53My5vcmcvMjAwMC9zdmciPjwvc3ZnPg==\" class=\"lazyload\" \/>\n                                <\/div>\n                            <\/a>\n                                                    <\/div>\n                    <\/div>\n                                                        <div class=\"article \">\n                        <div class=\"inner\">\n                            <a                                     href=\"https:\/\/www.foretprivee.ca\/pontiac\/nouvelles\/infolettre-hiver-2026\">\n                                <div class=\"titre\">\n                                                                            <label>Nouvelles<\/label>\n                                                                        <h2>Infolettre hiver 2025<\/h2>\n                                    <span>2026-02-05<\/span>\n                                    <img decoding=\"async\" data-src=\"\/wp-content\/themes\/penega\/assets\/images\/arrow-right-black.png\" src=\"data:image\/svg+xml;base64,PHN2ZyB3aWR0aD0iMSIgaGVpZ2h0PSIxIiB4bWxucz0iaHR0cDovL3d3dy53My5vcmcvMjAwMC9zdmciPjwvc3ZnPg==\" class=\"lazyload\" \/>\n                                <\/div>\n                            <\/a>\n                                                    <\/div>\n                    <\/div>\n                                                        <div class=\"article \">\n                        <div class=\"inner\">\n                            <a                                     href=\"https:\/\/www.foretprivee.ca\/pontiac\/nouvelles\/general-annual-meeting-of-the-pontiac-forest-products-producers-board-april-15th-2026\">\n                                <div class=\"titre\">\n                                                                            <label>Nouvelles<\/label>\n                                                                        <h2>Annual General Meeting of the Pontiac Forest Products Producers Board April 15, 2026<\/h2>\n                                    <span>2025-03-04<\/span>\n                                    <img decoding=\"async\" data-src=\"\/wp-content\/themes\/penega\/assets\/images\/arrow-right-black.png\" src=\"data:image\/svg+xml;base64,PHN2ZyB3aWR0aD0iMSIgaGVpZ2h0PSIxIiB4bWxucz0iaHR0cDovL3d3dy53My5vcmcvMjAwMC9zdmciPjwvc3ZnPg==\" class=\"lazyload\" \/>\n                                <\/div>\n                            <\/a>\n                                                    <\/div>\n                    <\/div>\n                                            <\/div>\n            <script type=\"text\/javascript\">\n                ( function ( $ ) {\n                    $(document).ready(function () {\n                        $('a.more').on('click', function () {\n                            $('.article.not-active:lt(10)').removeClass('not-active');\n                            if ($('.article.not-active').length === 0) {\n                                $('.more-container').hide();\n                            }\n                        });\n                    });\n                } )(jQuery);\n            <\/script>\n                \t\t\t\t<\/div>\n\t\t\t\t<\/div>\n\t\t\t\t\t<\/div>\n\t\t<\/div>\n\t\t\t\t\t<\/div>\n\t\t<\/section>\n\t\t\t\t<\/div>\n\t\t","protected":false},"excerpt":{"rendered":"<p>Nouvelles Newsletter winter 2025 2026-02-05 Nouvelles Newsletter winter 2025 2026-02-05 Dear producers, First of all we acknowledge the shakiness in the market and thank you for the respect you have given to the marketing board on issues that are beyond our control. We invite you to read the entire PDF for a full report on &hellip; <\/p>\n<p class=\"link-more\"><a href=\"https:\/\/www.foretprivee.ca\/pontiac\/mes-communications-my-communications\/nouvellesnews\/\" class=\"more-link\">Lire la suite<\/a><\/p>\n","protected":false},"author":4,"featured_media":0,"parent":55,"menu_order":0,"comment_status":"closed","ping_status":"closed","template":"","meta":{"_acf_changed":false,"footnotes":""},"class_list":["post-393","page","type-page","status-publish","hentry"],"acf":[],"_links":{"self":[{"href":"https:\/\/www.foretprivee.ca\/pontiac\/wp-json\/wp\/v2\/pages\/393","targetHints":{"allow":["GET"]}}],"collection":[{"href":"https:\/\/www.foretprivee.ca\/pontiac\/wp-json\/wp\/v2\/pages"}],"about":[{"href":"https:\/\/www.foretprivee.ca\/pontiac\/wp-json\/wp\/v2\/types\/page"}],"author":[{"embeddable":true,"href":"https:\/\/www.foretprivee.ca\/pontiac\/wp-json\/wp\/v2\/users\/4"}],"replies":[{"embeddable":true,"href":"https:\/\/www.foretprivee.ca\/pontiac\/wp-json\/wp\/v2\/comments?post=393"}],"version-history":[{"count":0,"href":"https:\/\/www.foretprivee.ca\/pontiac\/wp-json\/wp\/v2\/pages\/393\/revisions"}],"up":[{"embeddable":true,"href":"https:\/\/www.foretprivee.ca\/pontiac\/wp-json\/wp\/v2\/pages\/55"}],"wp:attachment":[{"href":"https:\/\/www.foretprivee.ca\/pontiac\/wp-json\/wp\/v2\/media?parent=393"}],"curies":[{"name":"wp","href":"https:\/\/api.w.org\/{rel}","templated":true}]}}