{"id":45,"date":"2018-12-13T19:48:09","date_gmt":"2018-12-13T19:48:09","guid":{"rendered":"https:\/\/pontiac.www.foretprivee.ca\/?page_id=45"},"modified":"2026-02-25T20:26:16","modified_gmt":"2026-02-25T20:26:16","slug":"acheteurs-prix-offerts-et-normes-de-faconnage-des-usines-buyers-wood-prices-and-specifications","status":"publish","type":"page","link":"https:\/\/www.foretprivee.ca\/pontiac\/mes-services-my-services\/acheteurs-prix-offerts-et-normes-de-faconnage-des-usines-buyers-wood-prices-and-specifications\/","title":{"rendered":"Acheteurs, prix offerts et normes de fa\u00e7onnage des usines(Buyers, wood prices and specifications)"},"content":{"rendered":"\t\t<div data-elementor-type=\"wp-post\" data-elementor-id=\"45\" class=\"elementor elementor-45\" data-elementor-post-type=\"page\">\n\t\t\t\t\t\t<section class=\"elementor-section elementor-top-section elementor-element elementor-element-8c30a66 elementor-section-boxed elementor-section-height-default elementor-section-height-default\" data-id=\"8c30a66\" data-element_type=\"section\" data-e-type=\"section\">\n\t\t\t\t\t\t<div class=\"elementor-container elementor-column-gap-default\">\n\t\t\t\t\t<div class=\"elementor-column elementor-col-66 elementor-top-column elementor-element elementor-element-8d12da3\" data-id=\"8d12da3\" data-element_type=\"column\" data-e-type=\"column\">\n\t\t\t<div class=\"elementor-widget-wrap elementor-element-populated\">\n\t\t\t\t\t\t<div class=\"elementor-element elementor-element-5d3421c elementor-widget elementor-widget-text-editor\" data-id=\"5d3421c\" data-element_type=\"widget\" data-e-type=\"widget\" data-widget_type=\"text-editor.default\">\n\t\t\t\t<div class=\"elementor-widget-container\">\n\t\t\t\t\t\t\t\t\t<p>Consultez la liste de prix des acheteurs de bois des diff\u00e9rentes usines de la r\u00e9gion.<\/p>\t\t\t\t\t\t\t\t<\/div>\n\t\t\t\t<\/div>\n\t\t\t\t\t<\/div>\n\t\t<\/div>\n\t\t\t\t<div class=\"elementor-column elementor-col-33 elementor-top-column elementor-element elementor-element-3710c82\" data-id=\"3710c82\" data-element_type=\"column\" data-e-type=\"column\">\n\t\t\t<div class=\"elementor-widget-wrap\">\n\t\t\t\t\t\t\t<\/div>\n\t\t<\/div>\n\t\t\t\t\t<\/div>\n\t\t<\/section>\n\t\t\t\t<section class=\"elementor-section elementor-top-section elementor-element elementor-element-ba9a987 elementor-section-boxed elementor-section-height-default elementor-section-height-default\" data-id=\"ba9a987\" data-element_type=\"section\" data-e-type=\"section\">\n\t\t\t\t\t\t<div class=\"elementor-container elementor-column-gap-default\">\n\t\t\t\t\t<div class=\"elementor-column elementor-col-33 elementor-top-column elementor-element elementor-element-1f8ae2e\" data-id=\"1f8ae2e\" data-element_type=\"column\" data-e-type=\"column\">\n\t\t\t<div class=\"elementor-widget-wrap elementor-element-populated\">\n\t\t\t\t\t\t<div class=\"elementor-element elementor-element-2e9c863 elementor-widget elementor-widget-pdf-downloader\" data-id=\"2e9c863\" data-element_type=\"widget\" data-e-type=\"widget\" data-widget_type=\"pdf-downloader.default\">\n\t\t\t\t<div class=\"elementor-widget-container\">\n\t\t\t\t\t\t\t<div class=\"penega-pdf-repeater-container\">\n\t\t\t<ul>\n\t            \t\t\t\t\t<a href=\"https:\/\/www.foretprivee.ca\/pontiac\/wp-content\/uploads\/sites\/2\/2026\/02\/FRENCH_LISTEDEPRIX25fevLauzon.pdf\" target=\"_blank\">\n\t                \t<li>\n                            <div class=\"pdf-text-box\">\n                                25 f\u00e9vrier 2026 Liste de Prix Lauzon                            <\/div>\n                            <div class=\"pdf-icone-box\">\n                                <img decoding=\"async\" data-src=\"\/wp-content\/themes\/penega\/assets\/images\/icone-pdf-downloader.png\" src=\"data:image\/svg+xml;base64,PHN2ZyB3aWR0aD0iMSIgaGVpZ2h0PSIxIiB4bWxucz0iaHR0cDovL3d3dy53My5vcmcvMjAwMC9zdmciPjwvc3ZnPg==\" class=\"lazyload\">\n                            <\/div>\n                \t\t<\/li>\n\t\t\t\t\t<\/a>\n\t                \t        <\/ul>\n\t\t<\/div>\n\t\t\t\t\t\t<\/div>\n\t\t\t\t<\/div>\n\t\t\t\t\t<\/div>\n\t\t<\/div>\n\t\t\t\t<div class=\"elementor-column elementor-col-33 elementor-top-column elementor-element elementor-element-82e1cd5\" data-id=\"82e1cd5\" data-element_type=\"column\" data-e-type=\"column\">\n\t\t\t<div class=\"elementor-widget-wrap elementor-element-populated\">\n\t\t\t\t\t\t<div class=\"elementor-element elementor-element-6219f5a elementor-widget elementor-widget-pdf-downloader\" data-id=\"6219f5a\" data-element_type=\"widget\" data-e-type=\"widget\" data-widget_type=\"pdf-downloader.default\">\n\t\t\t\t<div class=\"elementor-widget-container\">\n\t\t\t\t\t\t\t<div class=\"penega-pdf-repeater-container\">\n\t\t\t<ul>\n\t            \t\t\t\t\t<a href=\"https:\/\/www.foretprivee.ca\/pontiac\/wp-content\/uploads\/sites\/2\/2026\/02\/ENGLISH-PRICELISTFeb25Lauzon.pdf\" target=\"_blank\">\n\t                \t<li>\n                            <div class=\"pdf-text-box\">\n                                February 25, 2026 Price list Lauzon                            <\/div>\n                            <div class=\"pdf-icone-box\">\n                                <img decoding=\"async\" data-src=\"\/wp-content\/themes\/penega\/assets\/images\/icone-pdf-downloader.png\" src=\"data:image\/svg+xml;base64,PHN2ZyB3aWR0aD0iMSIgaGVpZ2h0PSIxIiB4bWxucz0iaHR0cDovL3d3dy53My5vcmcvMjAwMC9zdmciPjwvc3ZnPg==\" class=\"lazyload\">\n                            <\/div>\n                \t\t<\/li>\n\t\t\t\t\t<\/a>\n\t                \t        <\/ul>\n\t\t<\/div>\n\t\t\t\t\t\t<\/div>\n\t\t\t\t<\/div>\n\t\t\t\t\t<\/div>\n\t\t<\/div>\n\t\t\t\t<div class=\"elementor-column elementor-col-33 elementor-top-column elementor-element elementor-element-060aa33\" data-id=\"060aa33\" data-element_type=\"column\" data-e-type=\"column\">\n\t\t\t<div class=\"elementor-widget-wrap\">\n\t\t\t\t\t\t\t<\/div>\n\t\t<\/div>\n\t\t\t\t\t<\/div>\n\t\t<\/section>\n\t\t\t\t<section class=\"elementor-section elementor-top-section elementor-element elementor-element-5a806f80 elementor-section-boxed elementor-section-height-default elementor-section-height-default\" data-id=\"5a806f80\" data-element_type=\"section\" data-e-type=\"section\">\n\t\t\t\t\t\t<div class=\"elementor-container elementor-column-gap-default\">\n\t\t\t\t\t<div class=\"elementor-column elementor-col-100 elementor-top-column elementor-element elementor-element-26552224\" data-id=\"26552224\" data-element_type=\"column\" data-e-type=\"column\">\n\t\t\t<div class=\"elementor-widget-wrap elementor-element-populated\">\n\t\t\t\t\t\t<div class=\"elementor-element elementor-element-6e1ebb10 elementor-widget elementor-widget-outils\" data-id=\"6e1ebb10\" data-element_type=\"widget\" data-e-type=\"widget\" data-widget_type=\"outils.default\">\n\t\t\t\t<div class=\"elementor-widget-container\">\n\t\t\t\t\t\t\t<div class=\"penega-outils-container\">\n\t\t\t\t\t\t\t<h2>Outils<\/h2>\n\t\t\t\t\t\t<div class=\"boutons\">\n\t\t\t\t\t\t\t\t\t<a target=\"_blank\" class=\"btn-color second-color full\" href=\"http:\/\/www.prixbois.ca\/#Recherche\">\n\t\t\t\t\t\t<img decoding=\"async\" data-src=\"https:\/\/www.foretprivee.ca\/pontiac\/wp-content\/uploads\/sites\/2\/2019\/01\/icone-calculator.png\" src=\"data:image\/svg+xml;base64,PHN2ZyB3aWR0aD0iMSIgaGVpZ2h0PSIxIiB4bWxucz0iaHR0cDovL3d3dy53My5vcmcvMjAwMC9zdmciPjwvc3ZnPg==\" class=\"lazyload\" style=\"--smush-placeholder-width: 187px; --smush-placeholder-aspect-ratio: 187\/225;\" \/>\n\t\t\t\t\t\t<span>Conna\u00eetre le prix du bois<\/span>\n\t\t\t\t\t\t<svg viewBox=\"0 0 41.303 28.299\">\n\t\t\t\t\t\t  <defs>\n\t\t\t\t\t\t    <style>\n\t\t\t\t\t\t      .outils-1, .outils-2, .outils-4, .outils-7 {\n\t\t\t\t\t\t        fill: none;\n\t\t\t\t\t\t      }\n\n\t\t\t\t\t\t      .outils-2 {\n\t\t\t\t\t\t        clip-rule: evenodd;\n\t\t\t\t\t\t      }\n\n\t\t\t\t\t\t      .outils-3 {\n\t\t\t\t\t\t        clip-path: url(#clip-path);\n\t\t\t\t\t\t      }\n\n\t\t\t\t\t\t      .outils-4, .outils-7 {\n\t\t\t\t\t\t        stroke: #ffffff;\n\t\t\t\t\t\t      }\n\n\t\t\t\t\t\t      .outils-4 {\n\t\t\t\t\t\t        stroke-linecap: square;\n\t\t\t\t\t\t        stroke-width: 2px;\n\t\t\t\t\t\t      }\n\n\t\t\t\t\t\t      .outils-5 {\n\t\t\t\t\t\t        clip-path: url(#clip-path-2);\n\t\t\t\t\t\t      }\n\n\t\t\t\t\t\t      .outils-6 {\n\t\t\t\t\t\t        clip-path: url(#clip-path-3);\n\t\t\t\t\t\t      }\n\n\t\t\t\t\t\t      .outils-7 {\n\t\t\t\t\t\t        stroke-width: 4px;\n\t\t\t\t\t\t      }\n\t\t\t\t\t\t    <\/style>\n\t\t\t\t\t\t    <clipPath id=\"clip-path\">\n\t\t\t\t\t\t      <path id=\"Trac\u00e9_73\" data-name=\"Trac\u00e9 73\" class=\"outils-1\" d=\"M0,12.3H41.3V-16H0Z\" transform=\"translate(0 16)\"\/>\n\t\t\t\t\t\t    <\/clipPath>\n\t\t\t\t\t\t    <clipPath id=\"clip-path-2\">\n\t\t\t\t\t\t      <path id=\"Trac\u00e9_76\" data-name=\"Trac\u00e9 76\" class=\"outils-2\" d=\"M27.728-15.136,38.267-4.6,27.728,5.942\" transform=\"translate(-27.728 15.136)\"\/>\n\t\t\t\t\t\t    <\/clipPath>\n\t\t\t\t\t\t    <clipPath id=\"clip-path-3\">\n\t\t\t\t\t\t      <path id=\"Trac\u00e9_75\" data-name=\"Trac\u00e9 75\" class=\"outils-1\" d=\"M0,6.782H48.245V-16H0Z\" transform=\"translate(0 16)\"\/>\n\t\t\t\t\t\t    <\/clipPath>\n\t\t\t\t\t\t  <\/defs>\n\t\t\t\t\t\t  <g id=\"Symbole_7_7\" data-name=\"Symbole 7 \u2013 7\" transform=\"translate(-621 -3612)\">\n\t\t\t\t\t\t    <g id=\"Groupe_90\" data-name=\"Groupe 90\" class=\"outils-3\" transform=\"translate(621 3612)\">\n\t\t\t\t\t\t      <g id=\"Groupe_89\" data-name=\"Groupe 89\" transform=\"translate(2.29 14.149)\">\n\t\t\t\t\t\t        <path id=\"Trac\u00e9_72\" data-name=\"Trac\u00e9 72\" class=\"outils-4\" d=\"M1,1.5H36.057\" transform=\"translate(-0.996 -1.5)\"\/>\n\t\t\t\t\t\t      <\/g>\n\t\t\t\t\t\t    <\/g>\n\t\t\t\t\t\t    <g id=\"Groupe_93\" data-name=\"Groupe 93\" class=\"outils-5\" transform=\"translate(650.992 3616.033)\">\n\t\t\t\t\t\t      <g id=\"Groupe_92\" data-name=\"Groupe 92\" class=\"outils-6\" transform=\"translate(-37.159 -1.158)\">\n\t\t\t\t\t\t        <g id=\"Groupe_91\" data-name=\"Groupe 91\" transform=\"translate(37.159 1.158) rotate(45)\">\n\t\t\t\t\t\t          <path id=\"Trac\u00e9_74\" data-name=\"Trac\u00e9 74\" class=\"outils-7\" d=\"M0,0H14.9V14.9\" transform=\"translate(0 0)\"\/>\n\t\t\t\t\t\t        <\/g>\n\t\t\t\t\t\t      <\/g>\n\t\t\t\t\t\t    <\/g>\n\t\t\t\t\t\t  <\/g>\n\t\t\t\t\t\t<\/svg>\n\t\t\t\t\t<\/a>\n\t\t\t\t\t\t\t\t\t<a target=\"_blank\" class=\"btn-color second-color full\" href=\"https:\/\/www.foretprivee.ca\/bibliotheque\/outils\/nos-facteurs-de-conversion-et-mesures\/\">\n\t\t\t\t\t\t<img decoding=\"async\" data-src=\"https:\/\/www.foretprivee.ca\/pontiac\/wp-content\/uploads\/sites\/2\/2019\/01\/icone_mesures.png\" src=\"data:image\/svg+xml;base64,PHN2ZyB3aWR0aD0iMSIgaGVpZ2h0PSIxIiB4bWxucz0iaHR0cDovL3d3dy53My5vcmcvMjAwMC9zdmciPjwvc3ZnPg==\" class=\"lazyload\" style=\"--smush-placeholder-width: 163px; --smush-placeholder-aspect-ratio: 163\/346;\" \/>\n\t\t\t\t\t\t<span>Nos facteurs de conversion et mesures<\/span>\n\t\t\t\t\t\t<svg viewBox=\"0 0 41.303 28.299\">\n\t\t\t\t\t\t  <defs>\n\t\t\t\t\t\t    <style>\n\t\t\t\t\t\t      .outils-1, .outils-2, .outils-4, .outils-7 {\n\t\t\t\t\t\t        fill: none;\n\t\t\t\t\t\t      }\n\n\t\t\t\t\t\t      .outils-2 {\n\t\t\t\t\t\t        clip-rule: evenodd;\n\t\t\t\t\t\t      }\n\n\t\t\t\t\t\t      .outils-3 {\n\t\t\t\t\t\t        clip-path: url(#clip-path);\n\t\t\t\t\t\t      }\n\n\t\t\t\t\t\t      .outils-4, .outils-7 {\n\t\t\t\t\t\t        stroke: #ffffff;\n\t\t\t\t\t\t      }\n\n\t\t\t\t\t\t      .outils-4 {\n\t\t\t\t\t\t        stroke-linecap: square;\n\t\t\t\t\t\t        stroke-width: 2px;\n\t\t\t\t\t\t      }\n\n\t\t\t\t\t\t      .outils-5 {\n\t\t\t\t\t\t        clip-path: url(#clip-path-2);\n\t\t\t\t\t\t      }\n\n\t\t\t\t\t\t      .outils-6 {\n\t\t\t\t\t\t        clip-path: url(#clip-path-3);\n\t\t\t\t\t\t      }\n\n\t\t\t\t\t\t      .outils-7 {\n\t\t\t\t\t\t        stroke-width: 4px;\n\t\t\t\t\t\t      }\n\t\t\t\t\t\t    <\/style>\n\t\t\t\t\t\t    <clipPath id=\"clip-path\">\n\t\t\t\t\t\t      <path id=\"Trac\u00e9_73\" data-name=\"Trac\u00e9 73\" class=\"outils-1\" d=\"M0,12.3H41.3V-16H0Z\" transform=\"translate(0 16)\"\/>\n\t\t\t\t\t\t    <\/clipPath>\n\t\t\t\t\t\t    <clipPath id=\"clip-path-2\">\n\t\t\t\t\t\t      <path id=\"Trac\u00e9_76\" data-name=\"Trac\u00e9 76\" class=\"outils-2\" d=\"M27.728-15.136,38.267-4.6,27.728,5.942\" transform=\"translate(-27.728 15.136)\"\/>\n\t\t\t\t\t\t    <\/clipPath>\n\t\t\t\t\t\t    <clipPath id=\"clip-path-3\">\n\t\t\t\t\t\t      <path id=\"Trac\u00e9_75\" data-name=\"Trac\u00e9 75\" class=\"outils-1\" d=\"M0,6.782H48.245V-16H0Z\" transform=\"translate(0 16)\"\/>\n\t\t\t\t\t\t    <\/clipPath>\n\t\t\t\t\t\t  <\/defs>\n\t\t\t\t\t\t  <g id=\"Symbole_7_7\" data-name=\"Symbole 7 \u2013 7\" transform=\"translate(-621 -3612)\">\n\t\t\t\t\t\t    <g id=\"Groupe_90\" data-name=\"Groupe 90\" class=\"outils-3\" transform=\"translate(621 3612)\">\n\t\t\t\t\t\t      <g id=\"Groupe_89\" data-name=\"Groupe 89\" transform=\"translate(2.29 14.149)\">\n\t\t\t\t\t\t        <path id=\"Trac\u00e9_72\" data-name=\"Trac\u00e9 72\" class=\"outils-4\" d=\"M1,1.5H36.057\" transform=\"translate(-0.996 -1.5)\"\/>\n\t\t\t\t\t\t      <\/g>\n\t\t\t\t\t\t    <\/g>\n\t\t\t\t\t\t    <g id=\"Groupe_93\" data-name=\"Groupe 93\" class=\"outils-5\" transform=\"translate(650.992 3616.033)\">\n\t\t\t\t\t\t      <g id=\"Groupe_92\" data-name=\"Groupe 92\" class=\"outils-6\" transform=\"translate(-37.159 -1.158)\">\n\t\t\t\t\t\t        <g id=\"Groupe_91\" data-name=\"Groupe 91\" transform=\"translate(37.159 1.158) rotate(45)\">\n\t\t\t\t\t\t          <path id=\"Trac\u00e9_74\" data-name=\"Trac\u00e9 74\" class=\"outils-7\" d=\"M0,0H14.9V14.9\" transform=\"translate(0 0)\"\/>\n\t\t\t\t\t\t        <\/g>\n\t\t\t\t\t\t      <\/g>\n\t\t\t\t\t\t    <\/g>\n\t\t\t\t\t\t  <\/g>\n\t\t\t\t\t\t<\/svg>\n\t\t\t\t\t<\/a>\n\t\t\t\t\t\t\t<\/div>\n\t\t\t\t\t<\/div>\n\t\t\t\t\t\t<\/div>\n\t\t\t\t<\/div>\n\t\t\t\t\t<\/div>\n\t\t<\/div>\n\t\t\t\t\t<\/div>\n\t\t<\/section>\n\t\t\t\t<\/div>\n\t\t","protected":false},"excerpt":{"rendered":"<p>Consultez la liste de prix des acheteurs de bois des diff\u00e9rentes usines de la r\u00e9gion. 25 f\u00e9vrier 2026 Liste de Prix Lauzon February 25, 2026 Price list Lauzon Outils Conna\u00eetre le prix du bois .outils-1, .outils-2, .outils-4, .outils-7 { fill: none; } .outils-2 { clip-rule: evenodd; } .outils-3 { clip-path: url(#clip-path); } .outils-4, .outils-7 { &hellip; <\/p>\n<p class=\"link-more\"><a href=\"https:\/\/www.foretprivee.ca\/pontiac\/mes-services-my-services\/acheteurs-prix-offerts-et-normes-de-faconnage-des-usines-buyers-wood-prices-and-specifications\/\" class=\"more-link\">Lire la suite<\/a><\/p>\n","protected":false},"author":1,"featured_media":346,"parent":39,"menu_order":0,"comment_status":"closed","ping_status":"closed","template":"","meta":{"_acf_changed":false,"footnotes":""},"class_list":["post-45","page","type-page","status-publish","has-post-thumbnail","hentry"],"acf":[],"_links":{"self":[{"href":"https:\/\/www.foretprivee.ca\/pontiac\/wp-json\/wp\/v2\/pages\/45","targetHints":{"allow":["GET"]}}],"collection":[{"href":"https:\/\/www.foretprivee.ca\/pontiac\/wp-json\/wp\/v2\/pages"}],"about":[{"href":"https:\/\/www.foretprivee.ca\/pontiac\/wp-json\/wp\/v2\/types\/page"}],"author":[{"embeddable":true,"href":"https:\/\/www.foretprivee.ca\/pontiac\/wp-json\/wp\/v2\/users\/1"}],"replies":[{"embeddable":true,"href":"https:\/\/www.foretprivee.ca\/pontiac\/wp-json\/wp\/v2\/comments?post=45"}],"version-history":[{"count":0,"href":"https:\/\/www.foretprivee.ca\/pontiac\/wp-json\/wp\/v2\/pages\/45\/revisions"}],"up":[{"embeddable":true,"href":"https:\/\/www.foretprivee.ca\/pontiac\/wp-json\/wp\/v2\/pages\/39"}],"wp:featuredmedia":[{"embeddable":true,"href":"https:\/\/www.foretprivee.ca\/pontiac\/wp-json\/wp\/v2\/media\/346"}],"wp:attachment":[{"href":"https:\/\/www.foretprivee.ca\/pontiac\/wp-json\/wp\/v2\/media?parent=45"}],"curies":[{"name":"wp","href":"https:\/\/api.w.org\/{rel}","templated":true}]}}