{"id":57,"date":"2018-12-13T19:49:57","date_gmt":"2018-12-13T19:49:57","guid":{"rendered":"https:\/\/pontiac.www.foretprivee.ca\/?page_id=57"},"modified":"2019-01-22T19:50:50","modified_gmt":"2019-01-22T19:50:50","slug":"liens-utiles-useful-links","status":"publish","type":"page","link":"https:\/\/www.foretprivee.ca\/pontiac\/mes-communications-my-communications\/liens-utiles-useful-links\/","title":{"rendered":"Liens utiles(Useful links)"},"content":{"rendered":"\t\t<div data-elementor-type=\"wp-post\" data-elementor-id=\"57\" class=\"elementor elementor-57 elementor-bc-flex-widget\" data-elementor-post-type=\"page\">\n\t\t\t\t\t\t<section class=\"elementor-section elementor-top-section elementor-element elementor-element-2b49cad elementor-section-boxed elementor-section-height-default elementor-section-height-default\" data-id=\"2b49cad\" data-element_type=\"section\" data-e-type=\"section\">\n\t\t\t\t\t\t<div class=\"elementor-container elementor-column-gap-default\">\n\t\t\t\t\t<div class=\"elementor-column elementor-col-66 elementor-top-column elementor-element elementor-element-194097f\" data-id=\"194097f\" data-element_type=\"column\" data-e-type=\"column\">\n\t\t\t<div class=\"elementor-widget-wrap elementor-element-populated\">\n\t\t\t\t\t\t<div class=\"elementor-element elementor-element-c00a9d6 elementor-widget elementor-widget-text-editor\" data-id=\"c00a9d6\" data-element_type=\"widget\" data-e-type=\"widget\" data-widget_type=\"text-editor.default\">\n\t\t\t\t<div class=\"elementor-widget-container\">\n\t\t\t\t\t\t\t\t\t<ul><li><a href=\"https:\/\/www.foretprivee.ca\/\" target=\"_blank\" rel=\"noopener\">F\u00e9d\u00e9ration des producteurs forestiers du Qu\u00e9bec<\/a><\/li><li><a href=\"http:\/\/www.spbat.qc.ca\/\" target=\"_blank\" rel=\"noopener\">Syndicat des producteurs de bois d\u2019Abitibi-T\u00e9miscamingue<\/a><\/li><li><a href=\"http:\/\/www.spfbsl.com\/\" target=\"_blank\" rel=\"noopener\">Syndicat des producteurs forestiers du Bas-Saint-Laurent<\/a><\/li><li><a href=\"http:\/\/www.apbb.qc.ca\/\" target=\"_blank\" rel=\"noopener\">Association des propri\u00e9taires de bois\u00e9s de la Beauce<\/a><\/li><li><a href=\"http:\/\/www.spbcq.ca\/fr\/accueil_1.html\" target=\"_blank\" rel=\"noopener\">Syndicat des producteur de bois du Centre-du-Qu\u00e9bec<\/a><\/li><li><a href=\"http:\/\/spbcs.ca\/\" target=\"_blank\" rel=\"noopener\">Syndicat des producteurs de bois de la C\u00f4te-du-Sud<\/a><\/li><li><a href=\"http:\/\/www.spbestrie.qc.ca\/\" target=\"_blank\" rel=\"noopener\">Syndicat des Producteurs forestiers du Sud du Qu\u00e9bec<\/a><\/li><li><a href=\"http:\/\/www.spfgaspesie.com\/\" target=\"_blank\" rel=\"noopener\">Syndicat des producteurs de bois de la Gasp\u00e9sie<\/a><\/li><li><a href=\"http:\/\/www.opbg.ca\/\" target=\"_blank\" rel=\"noopener\">Office des producteurs de bois de la Gatineau<\/a><\/li><li><a href=\"http:\/\/www.spfl.net\/\" target=\"_blank\" rel=\"noopener\">Alliance des propri\u00e9taires forestiers des Laurentides et de l\u2019Outaouais<\/a><\/li><li><a href=\"http:\/\/spbois.qc.ca\/fr\/accueil_1.html\" target=\"_blank\" rel=\"noopener\">Syndicat des producteurs de bois de la Mauricie<\/a><\/li><li><a href=\"http:\/\/www.opbp.org\/\" target=\"_blank\" rel=\"noopener\">Office des producteurs de bois du Pontiac<\/a><\/li><li><a href=\"https:\/\/spbsaglac.qc.ca\/\" target=\"_blank\" rel=\"noopener\">Syndicat des producteurs de bois du Saguenay-Lac-Saint-Jean<\/a><\/li><li><a href=\"http:\/\/www.spbestrie.qc.ca\/\" target=\"_blank\" rel=\"noopener\">Syndicat des Producteurs forestiers du Sud du Qu\u00e9bec<\/a><\/li><li><a href=\"https:\/\/www.upa.qc.ca\/fr\/\" target=\"_blank\" rel=\"noopener\">Union des producteurs agricoles du Qu\u00e9bec<\/a><\/li><li><a href=\"http:\/\/afpo.ca\/\" target=\"_blank\" rel=\"noopener\">Agence des for\u00eats priv\u00e9es de l\u2019Outaouais<\/a><\/li><li><a href=\"http:\/\/www.cifq.qc.ca\/\" target=\"_blank\" rel=\"noopener\">Conseil de l\u2019industrie foresti\u00e8re du Qu\u00e9bec<\/a><\/li><li><a href=\"http:\/\/www.resam.org\/\" target=\"_blank\" rel=\"noopener\">Regroupement des soci\u00e9t\u00e9 d\u2019am\u00e9nagement du Qu\u00e9bec<\/a><\/li><li><a href=\"http:\/\/www.fondationdelafaune.qc.ca\/\" target=\"_blank\" rel=\"noopener\">Fondation de la faune du Qu\u00e9bec<\/a><\/li><li><a href=\"http:\/\/www.rmaaq.gouv.qc.ca\/\" target=\"_blank\" rel=\"noopener\">R\u00e9gie des march\u00e9s agricoles et alimentaires du Qu\u00e9bec<\/a><\/li><li><a href=\"https:\/\/mern.gouv.qc.ca\/\" target=\"_blank\" rel=\"noopener\">Minist\u00e8re de l\u2019\u00c9nergie et des Ressources naturelles du Qu\u00e9bec<\/a><\/li><li><a href=\"https:\/\/www.nrcan.gc.ca\/\" target=\"_blank\" rel=\"noopener\">Minist\u00e8re des Ressources naturelles du Canada<\/a><\/li><\/ul>\t\t\t\t\t\t\t\t<\/div>\n\t\t\t\t<\/div>\n\t\t\t\t\t<\/div>\n\t\t<\/div>\n\t\t\t\t<div class=\"elementor-column elementor-col-33 elementor-top-column elementor-element elementor-element-58d9cd7\" data-id=\"58d9cd7\" data-element_type=\"column\" data-e-type=\"column\">\n\t\t\t<div class=\"elementor-widget-wrap\">\n\t\t\t\t\t\t\t<\/div>\n\t\t<\/div>\n\t\t\t\t\t<\/div>\n\t\t<\/section>\n\t\t\t\t<\/div>\n\t\t","protected":false},"excerpt":{"rendered":"<p>F\u00e9d\u00e9ration des producteurs forestiers du Qu\u00e9bec Syndicat des producteurs de bois d\u2019Abitibi-T\u00e9miscamingue Syndicat des producteurs forestiers du Bas-Saint-Laurent Association des propri\u00e9taires de bois\u00e9s de la Beauce Syndicat des producteur de bois du Centre-du-Qu\u00e9bec Syndicat des producteurs de bois de la C\u00f4te-du-Sud Syndicat des Producteurs forestiers du Sud du Qu\u00e9bec Syndicat des producteurs de bois de &hellip; <\/p>\n<p class=\"link-more\"><a href=\"https:\/\/www.foretprivee.ca\/pontiac\/mes-communications-my-communications\/liens-utiles-useful-links\/\" class=\"more-link\">Lire la suite<\/a><\/p>\n","protected":false},"author":1,"featured_media":0,"parent":55,"menu_order":0,"comment_status":"closed","ping_status":"closed","template":"","meta":{"_acf_changed":false,"footnotes":""},"class_list":["post-57","page","type-page","status-publish","hentry"],"acf":[],"_links":{"self":[{"href":"https:\/\/www.foretprivee.ca\/pontiac\/wp-json\/wp\/v2\/pages\/57","targetHints":{"allow":["GET"]}}],"collection":[{"href":"https:\/\/www.foretprivee.ca\/pontiac\/wp-json\/wp\/v2\/pages"}],"about":[{"href":"https:\/\/www.foretprivee.ca\/pontiac\/wp-json\/wp\/v2\/types\/page"}],"author":[{"embeddable":true,"href":"https:\/\/www.foretprivee.ca\/pontiac\/wp-json\/wp\/v2\/users\/1"}],"replies":[{"embeddable":true,"href":"https:\/\/www.foretprivee.ca\/pontiac\/wp-json\/wp\/v2\/comments?post=57"}],"version-history":[{"count":0,"href":"https:\/\/www.foretprivee.ca\/pontiac\/wp-json\/wp\/v2\/pages\/57\/revisions"}],"up":[{"embeddable":true,"href":"https:\/\/www.foretprivee.ca\/pontiac\/wp-json\/wp\/v2\/pages\/55"}],"wp:attachment":[{"href":"https:\/\/www.foretprivee.ca\/pontiac\/wp-json\/wp\/v2\/media?parent=57"}],"curies":[{"name":"wp","href":"https:\/\/api.w.org\/{rel}","templated":true}]}}