{"id":12,"date":"2018-12-13T20:18:57","date_gmt":"2018-12-13T20:18:57","guid":{"rendered":"https:\/\/www.foretprivee.ca\/regiondequebec\/?page_id=12"},"modified":"2026-02-09T15:35:34","modified_gmt":"2026-02-09T15:35:34","slug":"equipe","status":"publish","type":"page","link":"https:\/\/www.foretprivee.ca\/regiondequebec\/mon-syndicat\/equipe\/","title":{"rendered":"\u00c9quipe"},"content":{"rendered":"\t\t<div data-elementor-type=\"wp-post\" data-elementor-id=\"12\" class=\"elementor elementor-12\" data-elementor-post-type=\"page\">\n\t\t\t\t\t\t<section class=\"elementor-section elementor-top-section elementor-element elementor-element-55f2a88 elementor-section-boxed elementor-section-height-default elementor-section-height-default\" data-id=\"55f2a88\" data-element_type=\"section\" data-e-type=\"section\">\n\t\t\t\t\t\t<div class=\"elementor-container elementor-column-gap-default\">\n\t\t\t\t\t<div class=\"elementor-column elementor-col-66 elementor-top-column elementor-element elementor-element-7e38936\" data-id=\"7e38936\" data-element_type=\"column\" data-e-type=\"column\">\n\t\t\t<div class=\"elementor-widget-wrap elementor-element-populated\">\n\t\t\t\t\t\t<div class=\"elementor-element elementor-element-3070e21 elementor-widget elementor-widget-text-editor\" data-id=\"3070e21\" data-element_type=\"widget\" data-e-type=\"widget\" data-widget_type=\"text-editor.default\">\n\t\t\t\t<div class=\"elementor-widget-container\">\n\t\t\t\t\t\t\t\t\t<p><strong>T\u00e9l\u00e9phone g\u00e9n\u00e9ral <\/strong><br \/><strong>418 686-3522<\/strong><\/p><p><a href=\"mailto:spfrq@spfrq.qc.ca\">spfrq@spfrq.qc.ca<\/a><\/p>\t\t\t\t\t\t\t\t<\/div>\n\t\t\t\t<\/div>\n\t\t\t\t\t<\/div>\n\t\t<\/div>\n\t\t\t\t<div class=\"elementor-column elementor-col-33 elementor-top-column elementor-element elementor-element-6ead7ff\" data-id=\"6ead7ff\" data-element_type=\"column\" data-e-type=\"column\">\n\t\t\t<div class=\"elementor-widget-wrap\">\n\t\t\t\t\t\t\t<\/div>\n\t\t<\/div>\n\t\t\t\t\t<\/div>\n\t\t<\/section>\n\t\t\t\t<section class=\"elementor-section elementor-top-section elementor-element elementor-element-e79bbab elementor-section-boxed elementor-section-height-default elementor-section-height-default\" data-id=\"e79bbab\" data-element_type=\"section\" data-e-type=\"section\">\n\t\t\t\t\t\t<div class=\"elementor-container elementor-column-gap-default\">\n\t\t\t\t\t<div class=\"elementor-column elementor-col-25 elementor-top-column elementor-element elementor-element-420edd1\" data-id=\"420edd1\" data-element_type=\"column\" data-e-type=\"column\">\n\t\t\t<div class=\"elementor-widget-wrap elementor-element-populated\">\n\t\t\t\t\t\t<div class=\"elementor-element elementor-element-d4c5e0c elementor-widget elementor-widget-image\" data-id=\"d4c5e0c\" data-element_type=\"widget\" data-e-type=\"widget\" data-widget_type=\"image.default\">\n\t\t\t\t<div class=\"elementor-widget-container\">\n\t\t\t\t\t\t\t\t\t\t\t\t\t\t\t<img decoding=\"async\" data-src=\"https:\/\/www.foretprivee.ca\/regiondequebec\/wp-content\/uploads\/sites\/4\/elementor\/thumbs\/Vincent-Levesque-2023-scaled-q99mcpzg2oz2fxwq3mxlvhsigi74tfwte7jzx83s8o.jpg\" title=\"Vincent Levesque 2023\" alt=\"Vincent Levesque 2023\" src=\"data:image\/svg+xml;base64,PHN2ZyB3aWR0aD0iMSIgaGVpZ2h0PSIxIiB4bWxucz0iaHR0cDovL3d3dy53My5vcmcvMjAwMC9zdmciPjwvc3ZnPg==\" class=\"lazyload\" style=\"--smush-placeholder-width: 200px; --smush-placeholder-aspect-ratio: 200\/300;\" \/>\t\t\t\t\t\t\t\t\t\t\t\t\t\t\t<\/div>\n\t\t\t\t<\/div>\n\t\t\t\t<div class=\"elementor-element elementor-element-de4a05d elementor-widget elementor-widget-text-editor\" data-id=\"de4a05d\" data-element_type=\"widget\" data-e-type=\"widget\" data-widget_type=\"text-editor.default\">\n\t\t\t\t<div class=\"elementor-widget-container\">\n\t\t\t\t\t\t\t\t\t<p><strong>Vincent L\u00e9vesque,<\/strong><br \/><strong>ing\u00e9nieur forestier<\/strong><\/p><p>Directeur g\u00e9n\u00e9ral <br \/>Poste 109<br \/><a href=\"mailto:vlevesque@spfrq.qc.ca\">vlevesque@spfrq.qc.ca<\/a><\/p>\t\t\t\t\t\t\t\t<\/div>\n\t\t\t\t<\/div>\n\t\t\t\t\t<\/div>\n\t\t<\/div>\n\t\t\t\t<div class=\"elementor-column elementor-col-25 elementor-top-column elementor-element elementor-element-eaa865e\" data-id=\"eaa865e\" data-element_type=\"column\" data-e-type=\"column\">\n\t\t\t<div class=\"elementor-widget-wrap elementor-element-populated\">\n\t\t\t\t\t\t<div class=\"elementor-element elementor-element-3b2531b elementor-widget elementor-widget-text-editor\" data-id=\"3b2531b\" data-element_type=\"widget\" data-e-type=\"widget\" data-widget_type=\"text-editor.default\">\n\t\t\t\t<div class=\"elementor-widget-container\">\n\t\t\t\t\t\t\t\t\t<p><strong><img fetchpriority=\"high\" decoding=\"async\" class=\"alignnone wp-image-3628 size-medium\" src=\"https:\/\/www.foretprivee.ca\/regiondequebec\/wp-content\/uploads\/sites\/4\/2023\/07\/Martin-Belanger-2023-1-200x300.jpg\" alt=\"\" width=\"200\" height=\"300\" srcset=\"https:\/\/www.foretprivee.ca\/regiondequebec\/wp-content\/uploads\/sites\/4\/2023\/07\/Martin-Belanger-2023-1-200x300.jpg 200w, https:\/\/www.foretprivee.ca\/regiondequebec\/wp-content\/uploads\/sites\/4\/2023\/07\/Martin-Belanger-2023-1-683x1024.jpg 683w, https:\/\/www.foretprivee.ca\/regiondequebec\/wp-content\/uploads\/sites\/4\/2023\/07\/Martin-Belanger-2023-1-768x1152.jpg 768w, https:\/\/www.foretprivee.ca\/regiondequebec\/wp-content\/uploads\/sites\/4\/2023\/07\/Martin-Belanger-2023-1-1024x1536.jpg 1024w, https:\/\/www.foretprivee.ca\/regiondequebec\/wp-content\/uploads\/sites\/4\/2023\/07\/Martin-Belanger-2023-1-1365x2048.jpg 1365w, https:\/\/www.foretprivee.ca\/regiondequebec\/wp-content\/uploads\/sites\/4\/2023\/07\/Martin-Belanger-2023-1-scaled.jpg 1707w\" sizes=\"(max-width: 200px) 100vw, 200px\" \/><\/strong><\/p><p><strong>Martin B\u00e9langer,<\/strong><br \/><strong>ing\u00e9nieur forestier<\/strong><\/p><p>Directeur adjoint \u00e0 la mise en march\u00e9<br \/>Poste 107<br \/><a href=\"mailto:mbelanger@spfrq.qc.ca\">mbelanger@spfrq.qc.ca<\/a><\/p>\t\t\t\t\t\t\t\t<\/div>\n\t\t\t\t<\/div>\n\t\t\t\t\t<\/div>\n\t\t<\/div>\n\t\t\t\t<div class=\"elementor-column elementor-col-25 elementor-top-column elementor-element elementor-element-ac22b61\" data-id=\"ac22b61\" data-element_type=\"column\" data-e-type=\"column\">\n\t\t\t<div class=\"elementor-widget-wrap elementor-element-populated\">\n\t\t\t\t\t\t<div class=\"elementor-element elementor-element-eb282f7 elementor-widget elementor-widget-image\" data-id=\"eb282f7\" data-element_type=\"widget\" data-e-type=\"widget\" data-widget_type=\"image.default\">\n\t\t\t\t<div class=\"elementor-widget-container\">\n\t\t\t\t\t\t\t\t\t\t\t\t\t\t\t<img decoding=\"async\" width=\"200\" height=\"300\" data-src=\"https:\/\/www.foretprivee.ca\/regiondequebec\/wp-content\/uploads\/sites\/4\/2019\/01\/Caroline-Houde-2016-min-200x300-200x300.jpg\" class=\"attachment-medium size-medium wp-image-159 lazyload\" alt=\"\" data-sizes=\"(max-width: 767px) 89vw, (max-width: 1000px) 54vw, (max-width: 1071px) 543px, 580px\" src=\"data:image\/svg+xml;base64,PHN2ZyB3aWR0aD0iMSIgaGVpZ2h0PSIxIiB4bWxucz0iaHR0cDovL3d3dy53My5vcmcvMjAwMC9zdmciPjwvc3ZnPg==\" style=\"--smush-placeholder-width: 200px; --smush-placeholder-aspect-ratio: 200\/300;\" \/>\t\t\t\t\t\t\t\t\t\t\t\t\t\t\t<\/div>\n\t\t\t\t<\/div>\n\t\t\t\t<div class=\"elementor-element elementor-element-47625a0 elementor-widget elementor-widget-text-editor\" data-id=\"47625a0\" data-element_type=\"widget\" data-e-type=\"widget\" data-widget_type=\"text-editor.default\">\n\t\t\t\t<div class=\"elementor-widget-container\">\n\t\t\t\t\t\t\t\t\t<p><strong>Caroline Houde,<\/strong><br \/><strong>ing\u00e9nieure forestier<\/strong><\/p><p>Directrice adjointe \u00e0 la foresterie<br \/>Poste 108<br \/><a href=\"mailto:choude@spfrq.qc.ca\">choude@spfrq.qc.ca<\/a><\/p>\t\t\t\t\t\t\t\t<\/div>\n\t\t\t\t<\/div>\n\t\t\t\t\t<\/div>\n\t\t<\/div>\n\t\t\t\t<div class=\"elementor-column elementor-col-25 elementor-top-column elementor-element elementor-element-97250c7\" data-id=\"97250c7\" data-element_type=\"column\" data-e-type=\"column\">\n\t\t\t<div class=\"elementor-widget-wrap elementor-element-populated\">\n\t\t\t\t\t\t<div class=\"elementor-element elementor-element-1809795 elementor-widget elementor-widget-image\" data-id=\"1809795\" data-element_type=\"widget\" data-e-type=\"widget\" data-widget_type=\"image.default\">\n\t\t\t\t<div class=\"elementor-widget-container\">\n\t\t\t\t\t\t\t\t\t\t\t\t\t\t\t<img decoding=\"async\" width=\"200\" height=\"300\" data-src=\"https:\/\/www.foretprivee.ca\/regiondequebec\/wp-content\/uploads\/sites\/4\/2024\/07\/Shuyan-Meng-2024-200x300.jpg\" class=\"attachment-medium size-medium wp-image-4389 lazyload\" alt=\"\" data-srcset=\"https:\/\/www.foretprivee.ca\/regiondequebec\/wp-content\/uploads\/sites\/4\/2024\/07\/Shuyan-Meng-2024-200x300.jpg 200w, https:\/\/www.foretprivee.ca\/regiondequebec\/wp-content\/uploads\/sites\/4\/2024\/07\/Shuyan-Meng-2024-682x1024.jpg 682w, https:\/\/www.foretprivee.ca\/regiondequebec\/wp-content\/uploads\/sites\/4\/2024\/07\/Shuyan-Meng-2024-768x1153.jpg 768w, https:\/\/www.foretprivee.ca\/regiondequebec\/wp-content\/uploads\/sites\/4\/2024\/07\/Shuyan-Meng-2024-1023x1536.jpg 1023w, https:\/\/www.foretprivee.ca\/regiondequebec\/wp-content\/uploads\/sites\/4\/2024\/07\/Shuyan-Meng-2024-1364x2048.jpg 1364w, https:\/\/www.foretprivee.ca\/regiondequebec\/wp-content\/uploads\/sites\/4\/2024\/07\/Shuyan-Meng-2024-scaled.jpg 1705w\" data-sizes=\"(max-width: 767px) 89vw, (max-width: 1000px) 54vw, (max-width: 1071px) 543px, 580px\" src=\"data:image\/svg+xml;base64,PHN2ZyB3aWR0aD0iMSIgaGVpZ2h0PSIxIiB4bWxucz0iaHR0cDovL3d3dy53My5vcmcvMjAwMC9zdmciPjwvc3ZnPg==\" style=\"--smush-placeholder-width: 200px; --smush-placeholder-aspect-ratio: 200\/300;\" \/>\t\t\t\t\t\t\t\t\t\t\t\t\t\t\t<\/div>\n\t\t\t\t<\/div>\n\t\t\t\t<div class=\"elementor-element elementor-element-8350441 elementor-widget elementor-widget-text-editor\" data-id=\"8350441\" data-element_type=\"widget\" data-e-type=\"widget\" data-widget_type=\"text-editor.default\">\n\t\t\t\t<div class=\"elementor-widget-container\">\n\t\t\t\t\t\t\t\t\t<p><strong style=\"font-style: normal;font-size: 16px;font-family: 'Open Sans', Helvetica, Arial, sans-serif\">Shuyan Meng,<\/strong><br \/><strong style=\"font-style: normal;font-size: 16px;font-family: 'Open Sans', Helvetica, Arial, sans-serif\">technicienne comptable<\/strong><\/p><p>Contr\u00f4leur financier<br \/><span style=\"font-size: 16px;font-style: normal\">Poste 106<\/span><br \/><a style=\"background-color: #ffffff;font-style: normal;font-weight: 400;font-size: 16px;font-family: 'Open Sans', Helvetica, Arial, sans-serif\" href=\"mailto:smeng@spfrq.qc.ca\">smeng@spfrq.qc.ca<\/a><\/p>\t\t\t\t\t\t\t\t<\/div>\n\t\t\t\t<\/div>\n\t\t\t\t\t<\/div>\n\t\t<\/div>\n\t\t\t\t\t<\/div>\n\t\t<\/section>\n\t\t\t\t<section class=\"elementor-section elementor-top-section elementor-element elementor-element-99b38fc elementor-section-boxed elementor-section-height-default elementor-section-height-default\" data-id=\"99b38fc\" data-element_type=\"section\" data-e-type=\"section\">\n\t\t\t\t\t\t<div class=\"elementor-container elementor-column-gap-default\">\n\t\t\t\t\t<div class=\"elementor-column elementor-col-20 elementor-top-column elementor-element elementor-element-6bde58a\" data-id=\"6bde58a\" data-element_type=\"column\" data-e-type=\"column\">\n\t\t\t<div class=\"elementor-widget-wrap elementor-element-populated\">\n\t\t\t\t\t\t<div class=\"elementor-element elementor-element-78127b6 elementor-widget elementor-widget-image\" data-id=\"78127b6\" data-element_type=\"widget\" data-e-type=\"widget\" data-widget_type=\"image.default\">\n\t\t\t\t<div class=\"elementor-widget-container\">\n\t\t\t\t\t\t\t\t\t\t\t\t\t\t\t<img decoding=\"async\" width=\"200\" height=\"300\" data-src=\"https:\/\/www.foretprivee.ca\/regiondequebec\/wp-content\/uploads\/sites\/4\/2023\/07\/Katia-Fevry-2023-200x300.jpg\" class=\"attachment-medium size-medium wp-image-3626 lazyload\" alt=\"\" data-srcset=\"https:\/\/www.foretprivee.ca\/regiondequebec\/wp-content\/uploads\/sites\/4\/2023\/07\/Katia-Fevry-2023-200x300.jpg 200w, https:\/\/www.foretprivee.ca\/regiondequebec\/wp-content\/uploads\/sites\/4\/2023\/07\/Katia-Fevry-2023-683x1024.jpg 683w, https:\/\/www.foretprivee.ca\/regiondequebec\/wp-content\/uploads\/sites\/4\/2023\/07\/Katia-Fevry-2023-768x1152.jpg 768w, https:\/\/www.foretprivee.ca\/regiondequebec\/wp-content\/uploads\/sites\/4\/2023\/07\/Katia-Fevry-2023-1024x1536.jpg 1024w, https:\/\/www.foretprivee.ca\/regiondequebec\/wp-content\/uploads\/sites\/4\/2023\/07\/Katia-Fevry-2023-1365x2048.jpg 1365w, https:\/\/www.foretprivee.ca\/regiondequebec\/wp-content\/uploads\/sites\/4\/2023\/07\/Katia-Fevry-2023-scaled.jpg 1707w\" data-sizes=\"(max-width: 767px) 89vw, (max-width: 1000px) 54vw, (max-width: 1071px) 543px, 580px\" src=\"data:image\/svg+xml;base64,PHN2ZyB3aWR0aD0iMSIgaGVpZ2h0PSIxIiB4bWxucz0iaHR0cDovL3d3dy53My5vcmcvMjAwMC9zdmciPjwvc3ZnPg==\" style=\"--smush-placeholder-width: 200px; --smush-placeholder-aspect-ratio: 200\/300;\" \/>\t\t\t\t\t\t\t\t\t\t\t\t\t\t\t<\/div>\n\t\t\t\t<\/div>\n\t\t\t\t<div class=\"elementor-element elementor-element-ec548bf elementor-widget elementor-widget-text-editor\" data-id=\"ec548bf\" data-element_type=\"widget\" data-e-type=\"widget\" data-widget_type=\"text-editor.default\">\n\t\t\t\t<div class=\"elementor-widget-container\">\n\t\t\t\t\t\t\t\t\t<p><strong style=\"font-style: normal;font-size: 16px;font-family: 'Open Sans', Helvetica, Arial, sans-serif\">Katia Fevry,<\/strong><\/p><p><span style=\"font-size: 16px;font-style: normal\">Secr\u00e9tariat<\/span><br \/><span style=\"font-size: 16px;font-style: normal\">Poste 101<\/span><br \/><a style=\"background-color: #ffffff;font-style: normal;font-weight: 400;font-size: 16px;font-family: 'Open Sans', Helvetica, Arial, sans-serif\" href=\"mailto:kfevry@spfrq.qc.ca\">kfevry@spfrq.qc.ca<\/a><\/p>\t\t\t\t\t\t\t\t<\/div>\n\t\t\t\t<\/div>\n\t\t\t\t\t<\/div>\n\t\t<\/div>\n\t\t\t\t<div class=\"elementor-column elementor-col-20 elementor-top-column elementor-element elementor-element-9d14df8\" data-id=\"9d14df8\" data-element_type=\"column\" data-e-type=\"column\">\n\t\t\t<div class=\"elementor-widget-wrap elementor-element-populated\">\n\t\t\t\t\t\t<div class=\"elementor-element elementor-element-3a32fe2 elementor-widget elementor-widget-image\" data-id=\"3a32fe2\" data-element_type=\"widget\" data-e-type=\"widget\" data-widget_type=\"image.default\">\n\t\t\t\t<div class=\"elementor-widget-container\">\n\t\t\t\t\t\t\t\t\t\t\t\t\t\t\t<img decoding=\"async\" width=\"288\" height=\"300\" data-src=\"https:\/\/www.foretprivee.ca\/regiondequebec\/wp-content\/uploads\/sites\/4\/2025\/12\/Avatar-femme-288x300.png\" class=\"attachment-medium size-medium wp-image-6428 lazyload\" alt=\"\" data-srcset=\"https:\/\/www.foretprivee.ca\/regiondequebec\/wp-content\/uploads\/sites\/4\/2025\/12\/Avatar-femme-288x300.png 288w, https:\/\/www.foretprivee.ca\/regiondequebec\/wp-content\/uploads\/sites\/4\/2025\/12\/Avatar-femme-768x801.png 768w, https:\/\/www.foretprivee.ca\/regiondequebec\/wp-content\/uploads\/sites\/4\/2025\/12\/Avatar-femme.png 899w\" data-sizes=\"(max-width: 767px) 89vw, (max-width: 1000px) 54vw, (max-width: 1071px) 543px, 580px\" src=\"data:image\/svg+xml;base64,PHN2ZyB3aWR0aD0iMSIgaGVpZ2h0PSIxIiB4bWxucz0iaHR0cDovL3d3dy53My5vcmcvMjAwMC9zdmciPjwvc3ZnPg==\" style=\"--smush-placeholder-width: 288px; --smush-placeholder-aspect-ratio: 288\/300;\" \/>\t\t\t\t\t\t\t\t\t\t\t\t\t\t\t<\/div>\n\t\t\t\t<\/div>\n\t\t\t\t<div class=\"elementor-element elementor-element-cf42ecd elementor-widget elementor-widget-text-editor\" data-id=\"cf42ecd\" data-element_type=\"widget\" data-e-type=\"widget\" data-widget_type=\"text-editor.default\">\n\t\t\t\t<div class=\"elementor-widget-container\">\n\t\t\t\t\t\t\t\t\t<p><strong style=\"font-style: normal;font-size: 16px;font-family: 'Open Sans', Helvetica, Arial, sans-serif\">S\u00e9verine Kribaa,<\/strong><\/p><p><span style=\"font-size: 16px;font-style: normal\">Agente administrative<\/span><br \/><span style=\"font-size: 16px;font-style: normal\">Poste 102<\/span><br \/><a style=\"background-color: #ffffff;font-style: normal;font-weight: 400;font-size: 16px;font-family: 'Open Sans', Helvetica, Arial, sans-serif\" href=\"mailto:skribaa@spfrq.qc.ca\">skribaa@spfrq.qc.ca<\/a><\/p>\t\t\t\t\t\t\t\t<\/div>\n\t\t\t\t<\/div>\n\t\t\t\t\t<\/div>\n\t\t<\/div>\n\t\t\t\t<div class=\"elementor-column elementor-col-20 elementor-top-column elementor-element elementor-element-bed990a\" data-id=\"bed990a\" data-element_type=\"column\" data-e-type=\"column\">\n\t\t\t<div class=\"elementor-widget-wrap elementor-element-populated\">\n\t\t\t\t\t\t<div class=\"elementor-element elementor-element-e3ab0b0 elementor-widget elementor-widget-image\" data-id=\"e3ab0b0\" data-element_type=\"widget\" data-e-type=\"widget\" data-widget_type=\"image.default\">\n\t\t\t\t<div class=\"elementor-widget-container\">\n\t\t\t\t\t\t\t\t\t\t\t\t\t\t\t<img decoding=\"async\" width=\"200\" height=\"300\" data-src=\"https:\/\/www.foretprivee.ca\/regiondequebec\/wp-content\/uploads\/sites\/4\/2022\/06\/Chantale_2-200x300.jpg\" class=\"attachment-medium size-medium wp-image-2820 lazyload\" alt=\"\" data-srcset=\"https:\/\/www.foretprivee.ca\/regiondequebec\/wp-content\/uploads\/sites\/4\/2022\/06\/Chantale_2-200x300.jpg 200w, https:\/\/www.foretprivee.ca\/regiondequebec\/wp-content\/uploads\/sites\/4\/2022\/06\/Chantale_2-683x1024.jpg 683w, https:\/\/www.foretprivee.ca\/regiondequebec\/wp-content\/uploads\/sites\/4\/2022\/06\/Chantale_2-768x1152.jpg 768w, https:\/\/www.foretprivee.ca\/regiondequebec\/wp-content\/uploads\/sites\/4\/2022\/06\/Chantale_2-1024x1536.jpg 1024w, https:\/\/www.foretprivee.ca\/regiondequebec\/wp-content\/uploads\/sites\/4\/2022\/06\/Chantale_2-1365x2048.jpg 1365w, https:\/\/www.foretprivee.ca\/regiondequebec\/wp-content\/uploads\/sites\/4\/2022\/06\/Chantale_2-scaled.jpg 1707w\" data-sizes=\"(max-width: 767px) 89vw, (max-width: 1000px) 54vw, (max-width: 1071px) 543px, 580px\" src=\"data:image\/svg+xml;base64,PHN2ZyB3aWR0aD0iMSIgaGVpZ2h0PSIxIiB4bWxucz0iaHR0cDovL3d3dy53My5vcmcvMjAwMC9zdmciPjwvc3ZnPg==\" style=\"--smush-placeholder-width: 200px; --smush-placeholder-aspect-ratio: 200\/300;\" \/>\t\t\t\t\t\t\t\t\t\t\t\t\t\t\t<\/div>\n\t\t\t\t<\/div>\n\t\t\t\t<div class=\"elementor-element elementor-element-fd8e174 elementor-widget elementor-widget-text-editor\" data-id=\"fd8e174\" data-element_type=\"widget\" data-e-type=\"widget\" data-widget_type=\"text-editor.default\">\n\t\t\t\t<div class=\"elementor-widget-container\">\n\t\t\t\t\t\t\t\t\t<p><strong style=\"font-style: normal;font-size: 16px;font-family: 'Open Sans', Helvetica, Arial, sans-serif\">Chantale Labrecque,<\/strong><br \/><strong style=\"font-style: normal;font-size: 16px;font-family: 'Open Sans', Helvetica, Arial, sans-serif\">technicienne comptable<\/strong><\/p><p><span style=\"font-size: 16px;font-style: normal\">Paiement des bois<\/span><br \/><span style=\"font-size: 16px;font-style: normal\">Poste 105<\/span><br \/><a style=\"background-color: #ffffff;font-style: normal;font-weight: 400;font-size: 16px;font-family: 'Open Sans', Helvetica, Arial, sans-serif\" href=\"mailto:clabrecque@spfrq.qc.ca\">clabrecque@spfrq.qc.ca<\/a><\/p>\t\t\t\t\t\t\t\t<\/div>\n\t\t\t\t<\/div>\n\t\t\t\t\t<\/div>\n\t\t<\/div>\n\t\t\t\t<div class=\"elementor-column elementor-col-20 elementor-top-column elementor-element elementor-element-b6df57c\" data-id=\"b6df57c\" data-element_type=\"column\" data-e-type=\"column\">\n\t\t\t<div class=\"elementor-widget-wrap elementor-element-populated\">\n\t\t\t\t\t\t<div class=\"elementor-element elementor-element-58c7d5d elementor-widget elementor-widget-image\" data-id=\"58c7d5d\" data-element_type=\"widget\" data-e-type=\"widget\" data-widget_type=\"image.default\">\n\t\t\t\t<div class=\"elementor-widget-container\">\n\t\t\t\t\t\t\t\t\t\t\t\t\t\t\t<img decoding=\"async\" data-src=\"https:\/\/www.foretprivee.ca\/regiondequebec\/wp-content\/uploads\/sites\/4\/2026\/01\/Yan-Tremblay-2026-scaled.jpg\" title=\"\" alt=\"\" src=\"data:image\/svg+xml;base64,PHN2ZyB3aWR0aD0iMSIgaGVpZ2h0PSIxIiB4bWxucz0iaHR0cDovL3d3dy53My5vcmcvMjAwMC9zdmciPjwvc3ZnPg==\" class=\"lazyload\" style=\"--smush-placeholder-width: 1700px; --smush-placeholder-aspect-ratio: 1700\/2560;\" \/>\t\t\t\t\t\t\t\t\t\t\t\t\t\t\t<\/div>\n\t\t\t\t<\/div>\n\t\t\t\t<div class=\"elementor-element elementor-element-a4b1e69 elementor-widget elementor-widget-text-editor\" data-id=\"a4b1e69\" data-element_type=\"widget\" data-e-type=\"widget\" data-widget_type=\"text-editor.default\">\n\t\t\t\t<div class=\"elementor-widget-container\">\n\t\t\t\t\t\t\t\t\t<p><strong style=\"font-style: normal;font-size: 16px;font-family: 'Open Sans', Helvetica, Arial, sans-serif\">Yan Tremblay, <\/strong><strong>Technologue forestier<\/strong><\/p><p><span style=\"font-size: 16px;font-style: normal\">Mise en march\u00e9 et transport des bois<\/span><br \/><span style=\"font-size: 16px;font-style: normal\">Poste 103<\/span><br \/><a style=\"background-color: #ffffff;font-style: normal;font-weight: 400;font-size: 16px;font-family: 'Open Sans', Helvetica, Arial, sans-serif\" href=\"mailto:ytremblay@spfrq.qc.ca\">ytremblay@spfrq.qc.ca<\/a><\/p>\t\t\t\t\t\t\t\t<\/div>\n\t\t\t\t<\/div>\n\t\t\t\t\t<\/div>\n\t\t<\/div>\n\t\t\t\t<div class=\"elementor-column elementor-col-20 elementor-top-column elementor-element elementor-element-8e6e495\" data-id=\"8e6e495\" data-element_type=\"column\" data-e-type=\"column\">\n\t\t\t<div class=\"elementor-widget-wrap\">\n\t\t\t\t\t\t\t<\/div>\n\t\t<\/div>\n\t\t\t\t\t<\/div>\n\t\t<\/section>\n\t\t\t\t<section class=\"elementor-section elementor-top-section elementor-element elementor-element-100eba7 elementor-section-boxed elementor-section-height-default elementor-section-height-default\" data-id=\"100eba7\" data-element_type=\"section\" data-e-type=\"section\">\n\t\t\t\t\t\t<div class=\"elementor-container elementor-column-gap-default\">\n\t\t\t\t\t<div class=\"elementor-column elementor-col-50 elementor-top-column elementor-element elementor-element-bac1264\" data-id=\"bac1264\" data-element_type=\"column\" data-e-type=\"column\">\n\t\t\t<div class=\"elementor-widget-wrap elementor-element-populated\">\n\t\t\t\t\t\t<div class=\"elementor-element elementor-element-4ce49ca elementor-widget elementor-widget-text-editor\" data-id=\"4ce49ca\" data-element_type=\"widget\" data-e-type=\"widget\" data-widget_type=\"text-editor.default\">\n\t\t\t\t<div class=\"elementor-widget-container\">\n\t\t\t\t\t\t\t\t\t<p><strong>\u00a0<\/strong><\/p><p><br \/><br \/><\/p>\t\t\t\t\t\t\t\t<\/div>\n\t\t\t\t<\/div>\n\t\t\t\t\t<\/div>\n\t\t<\/div>\n\t\t\t\t<div class=\"elementor-column elementor-col-50 elementor-top-column elementor-element elementor-element-adc1d08\" data-id=\"adc1d08\" data-element_type=\"column\" data-e-type=\"column\">\n\t\t\t<div class=\"elementor-widget-wrap elementor-element-populated\">\n\t\t\t\t\t\t<div class=\"elementor-element elementor-element-c97bb71 elementor-widget elementor-widget-text-editor\" data-id=\"c97bb71\" data-element_type=\"widget\" data-e-type=\"widget\" data-widget_type=\"text-editor.default\">\n\t\t\t\t<div class=\"elementor-widget-container\">\n\t\t\t\t\t\t\t\t\t<p><strong>\u00a0<\/strong><\/p><p><br \/><br \/><\/p>\t\t\t\t\t\t\t\t<\/div>\n\t\t\t\t<\/div>\n\t\t\t\t\t<\/div>\n\t\t<\/div>\n\t\t\t\t\t<\/div>\n\t\t<\/section>\n\t\t\t\t<\/div>\n\t\t","protected":false},"excerpt":{"rendered":"<p>T\u00e9l\u00e9phone g\u00e9n\u00e9ral 418 686-3522 spfrq@spfrq.qc.ca Vincent L\u00e9vesque,ing\u00e9nieur forestier Directeur g\u00e9n\u00e9ral Poste 109vlevesque@spfrq.qc.ca Martin B\u00e9langer,ing\u00e9nieur forestier Directeur adjoint \u00e0 la mise en march\u00e9Poste 107mbelanger@spfrq.qc.ca Caroline Houde,ing\u00e9nieure forestier Directrice adjointe \u00e0 la foresteriePoste 108choude@spfrq.qc.ca Shuyan Meng,technicienne comptable Contr\u00f4leur financierPoste 106smeng@spfrq.qc.ca Katia Fevry, Secr\u00e9tariatPoste 101kfevry@spfrq.qc.ca S\u00e9verine Kribaa, Agente administrativePoste 102skribaa@spfrq.qc.ca Chantale Labrecque,technicienne comptable Paiement des boisPoste 105clabrecque@spfrq.qc.ca Yan &hellip; <\/p>\n<p class=\"link-more\"><a href=\"https:\/\/www.foretprivee.ca\/regiondequebec\/mon-syndicat\/equipe\/\" class=\"more-link\">Lire la suite<\/a><\/p>\n","protected":false},"author":1,"featured_media":0,"parent":4,"menu_order":0,"comment_status":"closed","ping_status":"closed","template":"","meta":{"_acf_changed":false,"footnotes":""},"class_list":["post-12","page","type-page","status-publish","hentry"],"acf":[],"_links":{"self":[{"href":"https:\/\/www.foretprivee.ca\/regiondequebec\/wp-json\/wp\/v2\/pages\/12","targetHints":{"allow":["GET"]}}],"collection":[{"href":"https:\/\/www.foretprivee.ca\/regiondequebec\/wp-json\/wp\/v2\/pages"}],"about":[{"href":"https:\/\/www.foretprivee.ca\/regiondequebec\/wp-json\/wp\/v2\/types\/page"}],"author":[{"embeddable":true,"href":"https:\/\/www.foretprivee.ca\/regiondequebec\/wp-json\/wp\/v2\/users\/1"}],"replies":[{"embeddable":true,"href":"https:\/\/www.foretprivee.ca\/regiondequebec\/wp-json\/wp\/v2\/comments?post=12"}],"version-history":[{"count":0,"href":"https:\/\/www.foretprivee.ca\/regiondequebec\/wp-json\/wp\/v2\/pages\/12\/revisions"}],"up":[{"embeddable":true,"href":"https:\/\/www.foretprivee.ca\/regiondequebec\/wp-json\/wp\/v2\/pages\/4"}],"wp:attachment":[{"href":"https:\/\/www.foretprivee.ca\/regiondequebec\/wp-json\/wp\/v2\/media?parent=12"}],"curies":[{"name":"wp","href":"https:\/\/api.w.org\/{rel}","templated":true}]}}