{"id":20,"date":"2018-12-13T20:20:34","date_gmt":"2018-12-13T20:20:34","guid":{"rendered":"https:\/\/www.foretprivee.ca\/regiondequebec\/?page_id=20"},"modified":"2026-04-08T16:17:26","modified_gmt":"2026-04-08T16:17:26","slug":"devenir-membre","status":"publish","type":"page","link":"https:\/\/www.foretprivee.ca\/regiondequebec\/mon-syndicat\/devenir-membre\/","title":{"rendered":"Devenir membre"},"content":{"rendered":"\t\t<div data-elementor-type=\"wp-post\" data-elementor-id=\"20\" class=\"elementor elementor-20\" data-elementor-post-type=\"page\">\n\t\t\t\t\t\t<section class=\"elementor-section elementor-top-section elementor-element elementor-element-91cef7a elementor-section-boxed elementor-section-height-default elementor-section-height-default\" data-id=\"91cef7a\" data-element_type=\"section\" data-e-type=\"section\">\n\t\t\t\t\t\t<div class=\"elementor-container elementor-column-gap-default\">\n\t\t\t\t\t<div class=\"elementor-column elementor-col-66 elementor-top-column elementor-element elementor-element-f06a44c\" data-id=\"f06a44c\" data-element_type=\"column\" data-e-type=\"column\">\n\t\t\t<div class=\"elementor-widget-wrap elementor-element-populated\">\n\t\t\t\t\t\t<div class=\"elementor-element elementor-element-7316d8a elementor-widget elementor-widget-text-editor\" data-id=\"7316d8a\" data-element_type=\"widget\" data-e-type=\"widget\" data-widget_type=\"text-editor.default\">\n\t\t\t\t<div class=\"elementor-widget-container\">\n\t\t\t\t\t\t\t\t\t<p>Il n\u2019est pas n\u00e9cessaire d\u2019\u00eatre membre du Syndicat pour mettre du bois en march\u00e9. Cependant, \u00eatre membre permet aux propri\u00e9taires de bois\u00e9 de la r\u00e9gion de participer aux d\u00e9cisions sur la gouvernance et sur les orientations de l\u2019organisation, notamment l\u2019\u00e9lection des administrateurs.<\/p><p>Pour le Syndicat, le nombre de membres est un \u00e9l\u00e9ment important de repr\u00e9sentativit\u00e9 et de cr\u00e9dibilit\u00e9 lorsqu\u2019il intervient au nom des producteurs aupr\u00e8s des divers organismes ou gouvernements.<\/p><p>Tout producteur poss\u00e9dant un minimum de quatre hectares en boisement, situ\u00e9 sur le\u00a0<a href=\"http:\/\/www.foretprivee.ca\/regiondequebec\/mon-syndicat\/territoires-et-cartes\/\" target=\"_blank\" rel=\"noopener\">territoire<\/a>\u00a0du Syndicat, peut devenir membre. Il doit :<\/p><ul><li>Remplir et signer le\u00a0<a href=\"https:\/\/www.foretprivee.ca\/regiondequebec\/wp-content\/uploads\/sites\/4\/2026\/02\/Formulaire-adhesion-2026.pdf\" target=\"_blank\" rel=\"noopener\">formulaire d\u2019adh\u00e9sion<\/a>\u00a0au Syndicat;<\/li><li>Fournir une preuve de propri\u00e9t\u00e9 (photocopie de l\u2019avis d\u2019\u00e9valuation du compte de taxes municipales ou contrat notari\u00e9);<\/li><li>Payer les frais d\u2019adh\u00e9sion et la cotisation annuelle du Syndicat (10$ + 40$ + tx = 57,49$);<\/li><li>S\u2019engager \u00e0 observer les r\u00e8glements du Syndicat;<\/li><li>\u00catre accept\u00e9 par le conseil d\u2019administration.<\/li><\/ul>\t\t\t\t\t\t\t\t<\/div>\n\t\t\t\t<\/div>\n\t\t\t\t<div class=\"elementor-element elementor-element-d9afb3b elementor-widget elementor-widget-text-editor\" data-id=\"d9afb3b\" data-element_type=\"widget\" data-e-type=\"widget\" data-widget_type=\"text-editor.default\">\n\t\t\t\t<div class=\"elementor-widget-container\">\n\t\t\t\t\t\t\t\t\t<p>Pourquoi devenir membre\u2009? Avant tout pour soutenir une organisation dont la mission premi\u00e8re est de d\u00e9fendre l\u2019int\u00e9r\u00eat de la collectivit\u00e9 des propri\u00e9taires de for\u00eats priv\u00e9es. Ce soutien n\u2019est pas que financier. Il est aussi symbolique. En payant une cotisation annuelle, vous montrez que les actions du Syndicat et les dossiers qu\u2019il d\u00e9fend sont importants pour vous.<\/p><p><strong>Avantages offerts aux membres<\/strong><\/p><p>\u00catre membre, c\u2019est pouvoir participer aux instances du Syndicat et contribuer au choix de ses orientations et activit\u00e9s. C\u2019est aussi avoir acc\u00e8s aux avantages suivants\u00a0:<\/p><ul><li>Obtenir un rabais de <strong>10\u00a0%<\/strong> sur tous les produits vendus par <strong>\u00c9quipements Techno-for. <\/strong>Ce distributeur offre une gamme \u00e9tendue d\u2019\u00e9quipements pour les forestiers, notamment tous les \u00e9quipements de s\u00e9curit\u00e9, des treuils forestiers et des scies \u00e0 cha\u00eenes. Pour en savoir plus, consultez le site <a href=\"http:\/\/www.techno-for.ca\" target=\"_blank\" rel=\"noopener\">techno-for.ca<\/a><\/li><li><p><strong>M\u00e9cano R. L. \u00c9quipement inc.<\/strong> offre <strong>10\u00a0%<\/strong> sur les pi\u00e8ces. Cette entreprise se sp\u00e9cialise dans la r\u00e9paration de machinerie foresti\u00e8re et les m\u00e9caniciens-hydrauliciens se d\u00e9placent afin de r\u00e9parer ou d\u2019am\u00e9liorer les \u00e9quipements et vend \u00e9galement des machineries foresti\u00e8res comme les t\u00eates multifonctionnelles, les chargeuses, les processeurs \u00e0 bois de chauffage et les pelles hydrauliques. <a href=\"https:\/\/mecanorl.com\/\" target=\"_blank\" rel=\"noopener\">www.mecanorl.com<\/a><\/p><\/li><li>Devenir sans frais suppl\u00e9mentaires membre des <strong>Amis de la for\u00eat priv\u00e9e<\/strong>, un groupe mis sur pieds par la F\u00e9d\u00e9ration des producteurs forestiers du Qu\u00e9bec (FPFQ). \u00c0 ce titre, vous avez droit aux avantages suivants\u00a0:<\/li><li>Revue <em>For\u00eats de chez nous<\/em> quatre fois par ann\u00e9e\u2009;<\/li><li>Infolettre <em>For\u00eats de chez nous PLUS<\/em>, publi\u00e9e 12 fois par ann\u00e9e par la FPFQ\u2009;<\/li><li>Revue de presse de la for\u00eat priv\u00e9e, 52 publications par ann\u00e9e\u2009;<\/li><li>Rabais Avantages UPA (ADM Sport, Can-Am, Groupe Hospitalit\u00e9 Westmont et Rogers)\u2009;<\/li><li>Rabais 30\u00a0% dans les petites annonces du journal <em>La Terre de chez nous<\/em>\u2009;<\/li><li>Rabais 30\u00a0% sur l\u2019abonnement du journal <em>La Terre de chez nous<\/em>.<\/li><li>De plus, le Syndicat r\u00e9alise exclusivement pour les membres une \u00e9dition sp\u00e9ciale du journal <strong><em>Info Membres<\/em><\/strong> incluant votre carte de membre vous donnant droit aux diff\u00e9rents privil\u00e8ges.<\/li><\/ul><p><strong>\u00a0<\/strong><\/p><p><strong>Tirage d&rsquo;un prix parmi les membres<\/strong><\/p><p>Tous les membres qui auront pay\u00e9 leur cotisation avant le <strong>15 mars 2026<\/strong>\u00a0seront \u00e9ligibles au tirage d\u2019un GPS Garmin Map 64 S. Ce prix de tirage est effectu\u00e9 avec la collaboration des \u00c9quipements Techno-for.<\/p><p>Janvier 2026<\/p>\t\t\t\t\t\t\t\t<\/div>\n\t\t\t\t<\/div>\n\t\t\t\t\t<\/div>\n\t\t<\/div>\n\t\t\t\t<div class=\"elementor-column elementor-col-33 elementor-top-column elementor-element elementor-element-b084e69\" data-id=\"b084e69\" data-element_type=\"column\" data-e-type=\"column\">\n\t\t\t<div class=\"elementor-widget-wrap\">\n\t\t\t\t\t\t\t<\/div>\n\t\t<\/div>\n\t\t\t\t\t<\/div>\n\t\t<\/section>\n\t\t\t\t<\/div>\n\t\t","protected":false},"excerpt":{"rendered":"<p>Il n\u2019est pas n\u00e9cessaire d\u2019\u00eatre membre du Syndicat pour mettre du bois en march\u00e9. Cependant, \u00eatre membre permet aux propri\u00e9taires de bois\u00e9 de la r\u00e9gion de participer aux d\u00e9cisions sur la gouvernance et sur les orientations de l\u2019organisation, notamment l\u2019\u00e9lection des administrateurs. Pour le Syndicat, le nombre de membres est un \u00e9l\u00e9ment important de repr\u00e9sentativit\u00e9 &hellip; <\/p>\n<p class=\"link-more\"><a href=\"https:\/\/www.foretprivee.ca\/regiondequebec\/mon-syndicat\/devenir-membre\/\" class=\"more-link\">Lire la suite<\/a><\/p>\n","protected":false},"author":1,"featured_media":0,"parent":4,"menu_order":0,"comment_status":"closed","ping_status":"closed","template":"","meta":{"_acf_changed":false,"footnotes":""},"class_list":["post-20","page","type-page","status-publish","hentry"],"acf":[],"_links":{"self":[{"href":"https:\/\/www.foretprivee.ca\/regiondequebec\/wp-json\/wp\/v2\/pages\/20","targetHints":{"allow":["GET"]}}],"collection":[{"href":"https:\/\/www.foretprivee.ca\/regiondequebec\/wp-json\/wp\/v2\/pages"}],"about":[{"href":"https:\/\/www.foretprivee.ca\/regiondequebec\/wp-json\/wp\/v2\/types\/page"}],"author":[{"embeddable":true,"href":"https:\/\/www.foretprivee.ca\/regiondequebec\/wp-json\/wp\/v2\/users\/1"}],"replies":[{"embeddable":true,"href":"https:\/\/www.foretprivee.ca\/regiondequebec\/wp-json\/wp\/v2\/comments?post=20"}],"version-history":[{"count":0,"href":"https:\/\/www.foretprivee.ca\/regiondequebec\/wp-json\/wp\/v2\/pages\/20\/revisions"}],"up":[{"embeddable":true,"href":"https:\/\/www.foretprivee.ca\/regiondequebec\/wp-json\/wp\/v2\/pages\/4"}],"wp:attachment":[{"href":"https:\/\/www.foretprivee.ca\/regiondequebec\/wp-json\/wp\/v2\/media?parent=20"}],"curies":[{"name":"wp","href":"https:\/\/api.w.org\/{rel}","templated":true}]}}