{"id":38,"date":"2018-12-13T20:22:55","date_gmt":"2018-12-13T20:22:55","guid":{"rendered":"https:\/\/www.foretprivee.ca\/regiondequebec\/?page_id=38"},"modified":"2019-02-04T18:32:27","modified_gmt":"2019-02-04T18:32:27","slug":"mes-communications","status":"publish","type":"page","link":"https:\/\/www.foretprivee.ca\/regiondequebec\/mes-communications\/","title":{"rendered":"Mes communications"},"content":{"rendered":"\t\t<div data-elementor-type=\"wp-post\" data-elementor-id=\"38\" class=\"elementor elementor-38 elementor-bc-flex-widget\" data-elementor-post-type=\"page\">\n\t\t\t\t\t\t<section class=\"elementor-section elementor-top-section elementor-element elementor-element-54f5b1a elementor-section-boxed elementor-section-height-default elementor-section-height-default\" data-id=\"54f5b1a\" data-element_type=\"section\" data-e-type=\"section\">\n\t\t\t\t\t\t<div class=\"elementor-container elementor-column-gap-default\">\n\t\t\t\t\t<div class=\"elementor-column elementor-col-100 elementor-top-column elementor-element elementor-element-c088ccb\" data-id=\"c088ccb\" data-element_type=\"column\" data-e-type=\"column\">\n\t\t\t<div class=\"elementor-widget-wrap elementor-element-populated\">\n\t\t\t\t\t\t<div class=\"elementor-element elementor-element-6b73a1b elementor-widget elementor-widget-sub-menu\" data-id=\"6b73a1b\" data-element_type=\"widget\" data-e-type=\"widget\" data-widget_type=\"sub-menu.default\">\n\t\t\t\t<div class=\"elementor-widget-container\">\n\t\t\t\t\t\n\t\t<div class=\"penega-sub-menu\">\n\n\t\t\t<ul>\n\t\t\t\t\t\t\t\t\t\t<!-- Moisac -->\n\t\t\t\t\t\t\t\t\t\t\t<a href=\"https:\/\/www.foretprivee.ca\/regiondequebec\/mes-communications\/calendrier-des-activites\/\">\n\t\t\t\t\t\t\t<li class=\"nth-child-0\">\n\t\t\t\t\t\t\t\tCalendrier des activit\u00e9s<br\/>\n\t\t\t\t\t\t\t\t+\n\t\t\t\t\t\t\t<\/li>\n\t\t\t\t\t\t\t\t\t\t\t\t\t<\/a>\n\t\t\t\t\t\t\t\t\t\t\t<a href=\"https:\/\/www.foretprivee.ca\/regiondequebec\/mes-communications\/journal-et-infolettre\/\">\n\t\t\t\t\t\t\t<li class=\"nth-child-1\">\n\t\t\t\t\t\t\t\tJournal et infolettre<br\/>\n\t\t\t\t\t\t\t\t+\n\t\t\t\t\t\t\t<\/li>\n\t\t\t\t\t\t\t\t\t\t\t\t\t<\/a>\n\t\t\t\t\t\t\t\t\t\t\t<a href=\"https:\/\/www.foretprivee.ca\/regiondequebec\/mes-communications\/nouvelles\/\">\n\t\t\t\t\t\t\t<li class=\"nth-child-2\">\n\t\t\t\t\t\t\t\tNouvelles<br\/>\n\t\t\t\t\t\t\t\t+\n\t\t\t\t\t\t\t<\/li>\n\t\t\t\t\t\t\t\t\t\t\t\t\t<\/a>\n\t\t\t\t\t\t\t\t\t\t\t<a href=\"https:\/\/www.foretprivee.ca\/regiondequebec\/mes-communications\/photos-et-videos\/\">\n\t\t\t\t\t\t\t<li class=\"nth-child-3\">\n\t\t\t\t\t\t\t\tPhotos et vid\u00e9os<br\/>\n\t\t\t\t\t\t\t\t+\n\t\t\t\t\t\t\t<\/li>\n\t\t\t\t\t\t\t\t\t\t\t\t\t<\/a>\n\t\t\t\t\t\t\t\t\t\t\t<a href=\"https:\/\/www.foretprivee.ca\/regiondequebec\/mes-communications\/liens-utiles\/\">\n\t\t\t\t\t\t\t<li class=\"nth-child-0\">\n\t\t\t\t\t\t\t\tLiens utiles<br\/>\n\t\t\t\t\t\t\t\t+\n\t\t\t\t\t\t\t<\/li>\n\t\t\t\t\t\t\t\t\t\t\t\t\t<\/a>\n\t\t\t\t\t\t\t\t\t\t\t<a href=\"https:\/\/www.foretprivee.ca\/regiondequebec\/mes-communications\/reseaux-sociaux\/\">\n\t\t\t\t\t\t\t<li class=\"nth-child-1\">\n\t\t\t\t\t\t\t\tR\u00e9seaux sociaux<br\/>\n\t\t\t\t\t\t\t\t+\n\t\t\t\t\t\t\t<\/li>\n\t\t\t\t\t\t\t\t\t\t\t\t\t<\/a>\n\t\t\t\t\t\t\t\t\t\t\t<\/ul>\n\t\t<\/div>\n\t\t\t\t\t\t<\/div>\n\t\t\t\t<\/div>\n\t\t\t\t\t<\/div>\n\t\t<\/div>\n\t\t\t\t\t<\/div>\n\t\t<\/section>\n\t\t\t\t<section class=\"elementor-section elementor-top-section elementor-element elementor-element-c9b7a75 elementor-section-boxed elementor-section-height-default elementor-section-height-default\" data-id=\"c9b7a75\" data-element_type=\"section\" data-e-type=\"section\">\n\t\t\t\t\t\t<div class=\"elementor-container elementor-column-gap-default\">\n\t\t\t\t\t<div class=\"elementor-column elementor-col-50 elementor-top-column elementor-element elementor-element-9a80611\" data-id=\"9a80611\" data-element_type=\"column\" data-e-type=\"column\">\n\t\t\t<div class=\"elementor-widget-wrap elementor-element-populated\">\n\t\t\t\t\t\t<div class=\"elementor-element elementor-element-68ca38f elementor-widget elementor-widget-heading\" data-id=\"68ca38f\" data-element_type=\"widget\" data-e-type=\"widget\" data-widget_type=\"heading.default\">\n\t\t\t\t<div class=\"elementor-widget-container\">\n\t\t\t\t\t<h2 class=\"elementor-heading-title elementor-size-default\">Suivez-nous<\/h2>\t\t\t\t<\/div>\n\t\t\t\t<\/div>\n\t\t\t\t\t<\/div>\n\t\t<\/div>\n\t\t\t\t<div class=\"elementor-column elementor-col-50 elementor-top-column elementor-element elementor-element-fb7fbdb\" data-id=\"fb7fbdb\" data-element_type=\"column\" data-e-type=\"column\">\n\t\t\t<div class=\"elementor-widget-wrap elementor-element-populated\">\n\t\t\t\t\t\t<div class=\"elementor-element elementor-element-d271809 e-grid-align-right elementor-shape-rounded elementor-grid-0 elementor-widget elementor-widget-social-icons\" data-id=\"d271809\" data-element_type=\"widget\" data-e-type=\"widget\" data-widget_type=\"social-icons.default\">\n\t\t\t\t<div class=\"elementor-widget-container\">\n\t\t\t\t\t\t\t<div class=\"elementor-social-icons-wrapper elementor-grid\">\n\t\t\t\t\t\t\t<span class=\"elementor-grid-item\">\n\t\t\t\t\t<a class=\"elementor-icon elementor-social-icon elementor-social-icon-facebook elementor-repeater-item-c5ebbe8\" href=\"https:\/\/www.facebook.com\/spfrq\" target=\"_blank\">\n\t\t\t\t\t\t<span class=\"elementor-screen-only\">Facebook<\/span>\n\t\t\t\t\t\t\t\t\t\t\t\t\t<i class=\"fa fa-facebook\" aria-hidden=\"true\"><\/i>\n\t\t\t\t\t\t\t\t\t\t\t<\/a>\n\t\t\t\t<\/span>\n\t\t\t\t\t<\/div>\n\t\t\t\t\t\t<\/div>\n\t\t\t\t<\/div>\n\t\t\t\t\t<\/div>\n\t\t<\/div>\n\t\t\t\t\t<\/div>\n\t\t<\/section>\n\t\t\t\t<\/div>\n\t\t","protected":false},"excerpt":{"rendered":"<p>Calendrier des activit\u00e9s + Journal et infolettre + Nouvelles + Photos et vid\u00e9os + Liens utiles + R\u00e9seaux sociaux + Suivez-nous Facebook<\/p>\n","protected":false},"author":1,"featured_media":686,"parent":0,"menu_order":0,"comment_status":"closed","ping_status":"closed","template":"","meta":{"_acf_changed":false,"footnotes":""},"class_list":["post-38","page","type-page","status-publish","has-post-thumbnail","hentry"],"acf":[],"_links":{"self":[{"href":"https:\/\/www.foretprivee.ca\/regiondequebec\/wp-json\/wp\/v2\/pages\/38","targetHints":{"allow":["GET"]}}],"collection":[{"href":"https:\/\/www.foretprivee.ca\/regiondequebec\/wp-json\/wp\/v2\/pages"}],"about":[{"href":"https:\/\/www.foretprivee.ca\/regiondequebec\/wp-json\/wp\/v2\/types\/page"}],"author":[{"embeddable":true,"href":"https:\/\/www.foretprivee.ca\/regiondequebec\/wp-json\/wp\/v2\/users\/1"}],"replies":[{"embeddable":true,"href":"https:\/\/www.foretprivee.ca\/regiondequebec\/wp-json\/wp\/v2\/comments?post=38"}],"version-history":[{"count":0,"href":"https:\/\/www.foretprivee.ca\/regiondequebec\/wp-json\/wp\/v2\/pages\/38\/revisions"}],"wp:featuredmedia":[{"embeddable":true,"href":"https:\/\/www.foretprivee.ca\/regiondequebec\/wp-json\/wp\/v2\/media\/686"}],"wp:attachment":[{"href":"https:\/\/www.foretprivee.ca\/regiondequebec\/wp-json\/wp\/v2\/media?parent=38"}],"curies":[{"name":"wp","href":"https:\/\/api.w.org\/{rel}","templated":true}]}}