{"id":44,"date":"2018-12-13T20:23:29","date_gmt":"2018-12-13T20:23:29","guid":{"rendered":"https:\/\/www.foretprivee.ca\/regiondequebec\/?page_id=44"},"modified":"2025-12-04T20:47:58","modified_gmt":"2025-12-04T20:47:58","slug":"photos-et-videos","status":"publish","type":"page","link":"https:\/\/www.foretprivee.ca\/regiondequebec\/mes-communications\/photos-et-videos\/","title":{"rendered":"Photos et vid\u00e9os"},"content":{"rendered":"\t\t<div data-elementor-type=\"wp-post\" data-elementor-id=\"44\" class=\"elementor elementor-44\" data-elementor-post-type=\"page\">\n\t\t\t\t\t\t<section class=\"elementor-section elementor-top-section elementor-element elementor-element-02ef3bc elementor-section-boxed elementor-section-height-default elementor-section-height-default\" data-id=\"02ef3bc\" data-element_type=\"section\" data-e-type=\"section\">\n\t\t\t\t\t\t<div class=\"elementor-container elementor-column-gap-default\">\n\t\t\t\t\t<div class=\"elementor-column elementor-col-100 elementor-top-column elementor-element elementor-element-1fc16d4\" data-id=\"1fc16d4\" data-element_type=\"column\" data-e-type=\"column\">\n\t\t\t<div class=\"elementor-widget-wrap elementor-element-populated\">\n\t\t\t\t\t\t<div class=\"elementor-element elementor-element-0af68a2 elementor-widget elementor-widget-text-editor\" data-id=\"0af68a2\" data-element_type=\"widget\" data-e-type=\"widget\" data-widget_type=\"text-editor.default\">\n\t\t\t\t<div class=\"elementor-widget-container\">\n\t\t\t\t\t\t\t\t\t<h4>Galerie photos<\/h4>\t\t\t\t\t\t\t\t<\/div>\n\t\t\t\t<\/div>\n\t\t\t\t<div class=\"elementor-element elementor-element-57a288b elementor-widget elementor-widget-galerie-photos\" data-id=\"57a288b\" data-element_type=\"widget\" data-e-type=\"widget\" data-widget_type=\"galerie-photos.default\">\n\t\t\t\t<div class=\"elementor-widget-container\">\n\t\t\t\t\t\n\t\t\t<div class=\"penega-photos-container\">\n\t\t\t\t\t\t\t\t\t\t\t\t\t\t<script type=\"text\/javascript\">\n\t\t\t\t\t\tjQuery(document).ready(function(){\n\t\t\t\t\t\t\tjQuery('.content-dropdown select').on('change', function(event){\n\t\t\t\t\t\t\t\tif(jQuery(this).val()){\n\t\t\t\t\t\t\t\t\tjQuery('.term-photo').hide();\n\t\t\t\t\t\t\t\t\tjQuery('.term-photo#' + jQuery(this).val()).show();\n\t\t\t\t\t\t\t\t} else {\n\t\t\t\t\t\t\t\t\tjQuery('.term-photo').show();\n\t\t\t\t\t\t\t\t}\n\t\t\t\t\t\t\t});\n\t\t\t\t\t\t});\n\t\t\t\t\t<\/script>\n\t\t\t\t\t\t\t\t\t\t<script type=\"text\/javascript\">\n\t\t\t\t\t    jQuery(document).ready(function () {\n\t\t\t\t\t        jQuery(\".gallery-container\").justifiedGallery({\n\t\t\t\t\t            rowHeight: 150,\n\t\t\t\t\t            margins: 5,\n\t\t\t\t\t\t\t\tcaptions: true,\n\t\t\t\t\t        });\n\t\t\t\t\t    });\n\t\t\t\t\t<\/script>\n\t\t\t\t\t\t\t<\/div>\n\t\t\t\t\t\t\t<\/div>\n\t\t\t\t<\/div>\n\t\t\t\t<div class=\"elementor-element elementor-element-a011a8c elementor-widget elementor-widget-spacer\" data-id=\"a011a8c\" data-element_type=\"widget\" data-e-type=\"widget\" data-widget_type=\"spacer.default\">\n\t\t\t\t<div class=\"elementor-widget-container\">\n\t\t\t\t\t\t\t<div class=\"elementor-spacer\">\n\t\t\t<div class=\"elementor-spacer-inner\"><\/div>\n\t\t<\/div>\n\t\t\t\t\t\t<\/div>\n\t\t\t\t<\/div>\n\t\t\t\t<div class=\"elementor-element elementor-element-97ecd99 elementor-widget elementor-widget-text-editor\" data-id=\"97ecd99\" data-element_type=\"widget\" data-e-type=\"widget\" data-widget_type=\"text-editor.default\">\n\t\t\t\t<div class=\"elementor-widget-container\">\n\t\t\t\t\t\t\t\t\t<h4>Galerie vid\u00e9os<\/h4>\t\t\t\t\t\t\t\t<\/div>\n\t\t\t\t<\/div>\n\t\t\t\t<div class=\"elementor-element elementor-element-bcbed31 elementor-widget elementor-widget-galerie-videos\" data-id=\"bcbed31\" data-element_type=\"widget\" data-e-type=\"widget\" data-widget_type=\"galerie-videos.default\">\n\t\t\t\t<div class=\"elementor-widget-container\">\n\t\t\t\t\t\n\t\t\t<div class=\"penega-videos-container\">\n\t\t\t\t<div class=\"news-videos\">\n                    \t\t\t\t<\/div>\n\t\t\t\t<div class=\"content-dropdown\">\n\t\t\t\t\t<span>Filtre :<\/span>\n\t\t\t\t\t<select>\n\t\t\t\t\t\t<option value=\"\">Toutes les cat\u00e9gories<\/option>\n\t\t\t\t\t\t\t\t\t\t\t<\/select>\n\t\t\t\t<\/div>\n\t\t\t\t<script type=\"text\/javascript\">\n\t\t\t\t\tjQuery(document).ready(function(){\n\t\t\t\t\t\tjQuery('.content-dropdown select').on('change', function(event){\n\t\t\t\t\t\t\tif(jQuery(this).val()){\n\t\t\t\t\t\t\t\tjQuery('.news-videos').hide();\n\t\t\t\t\t\t\t\tjQuery('.term-videos').hide();\n\t\t\t\t\t\t\t\tjQuery('.term-videos#' + jQuery(this).val()).show();\n\t\t\t\t\t\t\t} else {\n\t\t\t\t\t\t\t\tjQuery('.news-videos').show();\n\t\t\t\t\t\t\t\tjQuery('.term-videos').show();\n\t\t\t\t\t\t\t}\n\t\t\t\t\t\t});\n\t\t\t\t\t});\n\t\t\t\t<\/script>\n\t\t\t\t\t\t\t<\/div>\n\t\t\t\t\t\t\t<\/div>\n\t\t\t\t<\/div>\n\t\t\t\t\t<\/div>\n\t\t<\/div>\n\t\t\t\t\t<\/div>\n\t\t<\/section>\n\t\t\t\t<section class=\"elementor-section elementor-top-section elementor-element elementor-element-38df25a elementor-section-boxed elementor-section-height-default elementor-section-height-default\" data-id=\"38df25a\" data-element_type=\"section\" data-e-type=\"section\">\n\t\t\t\t\t\t<div class=\"elementor-container elementor-column-gap-default\">\n\t\t\t\t\t<div class=\"elementor-column elementor-col-100 elementor-top-column elementor-element elementor-element-8a3e559\" data-id=\"8a3e559\" data-element_type=\"column\" data-e-type=\"column\">\n\t\t\t<div class=\"elementor-widget-wrap elementor-element-populated\">\n\t\t\t\t\t\t<div class=\"elementor-element elementor-element-c689835 elementor-widget elementor-widget-video\" data-id=\"c689835\" data-element_type=\"widget\" data-e-type=\"widget\" data-settings=\"{&quot;youtube_url&quot;:&quot;https:\\\/\\\/www.youtube.com\\\/watch?v=whb379X1Qbc&quot;,&quot;video_type&quot;:&quot;youtube&quot;,&quot;controls&quot;:&quot;yes&quot;}\" data-widget_type=\"video.default\">\n\t\t\t\t<div class=\"elementor-widget-container\">\n\t\t\t\t\t\t\t<div class=\"elementor-wrapper elementor-open-inline\">\n\t\t\t<div class=\"elementor-video\"><\/div>\t\t<\/div>\n\t\t\t\t\t\t<\/div>\n\t\t\t\t<\/div>\n\t\t\t\t\t<\/div>\n\t\t<\/div>\n\t\t\t\t\t<\/div>\n\t\t<\/section>\n\t\t\t\t<section class=\"elementor-section elementor-top-section elementor-element elementor-element-489ede6 elementor-section-boxed elementor-section-height-default elementor-section-height-default\" data-id=\"489ede6\" data-element_type=\"section\" data-e-type=\"section\">\n\t\t\t\t\t\t<div class=\"elementor-container elementor-column-gap-default\">\n\t\t\t\t\t<div class=\"elementor-column elementor-col-100 elementor-top-column elementor-element elementor-element-d9cb601\" data-id=\"d9cb601\" data-element_type=\"column\" data-e-type=\"column\">\n\t\t\t<div class=\"elementor-widget-wrap elementor-element-populated\">\n\t\t\t\t\t\t<div class=\"elementor-element elementor-element-bdf25cd elementor-widget elementor-widget-text-editor\" data-id=\"bdf25cd\" data-element_type=\"widget\" data-e-type=\"widget\" data-widget_type=\"text-editor.default\">\n\t\t\t\t<div class=\"elementor-widget-container\">\n\t\t\t\t\t\t\t\t\t<p>Consultez la cha\u00eene <a href=\"https:\/\/www.youtube.com\/channel\/UCRZf5jTvc2GyA7Bx1dpS7xw\">YouTube<\/a> du SPFRQ<\/p>\t\t\t\t\t\t\t\t<\/div>\n\t\t\t\t<\/div>\n\t\t\t\t\t<\/div>\n\t\t<\/div>\n\t\t\t\t\t<\/div>\n\t\t<\/section>\n\t\t\t\t<section class=\"elementor-section elementor-top-section elementor-element elementor-element-1eb4b1e elementor-section-boxed elementor-section-height-default elementor-section-height-default\" data-id=\"1eb4b1e\" data-element_type=\"section\" data-e-type=\"section\">\n\t\t\t\t\t\t<div class=\"elementor-container elementor-column-gap-default\">\n\t\t\t\t\t<div class=\"elementor-column elementor-col-50 elementor-top-column elementor-element elementor-element-737c862\" data-id=\"737c862\" data-element_type=\"column\" data-e-type=\"column\">\n\t\t\t<div class=\"elementor-widget-wrap elementor-element-populated\">\n\t\t\t\t\t\t<div class=\"elementor-element elementor-element-e79d26b elementor-widget elementor-widget-video\" data-id=\"e79d26b\" data-element_type=\"widget\" data-e-type=\"widget\" data-settings=\"{&quot;youtube_url&quot;:&quot;https:\\\/\\\/youtu.be\\\/Ra5zVfY58S8&quot;,&quot;video_type&quot;:&quot;youtube&quot;,&quot;controls&quot;:&quot;yes&quot;}\" data-widget_type=\"video.default\">\n\t\t\t\t<div class=\"elementor-widget-container\">\n\t\t\t\t\t\t\t<div class=\"elementor-wrapper elementor-open-inline\">\n\t\t\t<div class=\"elementor-video\"><\/div>\t\t<\/div>\n\t\t\t\t\t\t<\/div>\n\t\t\t\t<\/div>\n\t\t\t\t\t<\/div>\n\t\t<\/div>\n\t\t\t\t<div class=\"elementor-column elementor-col-50 elementor-top-column elementor-element elementor-element-e25c84d\" data-id=\"e25c84d\" data-element_type=\"column\" data-e-type=\"column\">\n\t\t\t<div class=\"elementor-widget-wrap elementor-element-populated\">\n\t\t\t\t\t\t<div class=\"elementor-element elementor-element-2dd1582 elementor-widget elementor-widget-video\" data-id=\"2dd1582\" data-element_type=\"widget\" data-e-type=\"widget\" data-settings=\"{&quot;youtube_url&quot;:&quot;https:\\\/\\\/youtu.be\\\/NrCqLyhlP7o&quot;,&quot;video_type&quot;:&quot;youtube&quot;,&quot;controls&quot;:&quot;yes&quot;}\" data-widget_type=\"video.default\">\n\t\t\t\t<div class=\"elementor-widget-container\">\n\t\t\t\t\t\t\t<div class=\"elementor-wrapper elementor-open-inline\">\n\t\t\t<div class=\"elementor-video\"><\/div>\t\t<\/div>\n\t\t\t\t\t\t<\/div>\n\t\t\t\t<\/div>\n\t\t\t\t\t<\/div>\n\t\t<\/div>\n\t\t\t\t\t<\/div>\n\t\t<\/section>\n\t\t\t\t<section class=\"elementor-section elementor-top-section elementor-element elementor-element-8fac19d elementor-section-stretched elementor-section-boxed elementor-section-height-default elementor-section-height-default\" data-id=\"8fac19d\" data-element_type=\"section\" data-e-type=\"section\" data-settings=\"{&quot;stretch_section&quot;:&quot;section-stretched&quot;}\">\n\t\t\t\t\t\t<div class=\"elementor-container elementor-column-gap-default\">\n\t\t\t\t\t<div class=\"elementor-column elementor-col-100 elementor-top-column elementor-element elementor-element-a1aa856\" data-id=\"a1aa856\" data-element_type=\"column\" data-e-type=\"column\">\n\t\t\t<div class=\"elementor-widget-wrap elementor-element-populated\">\n\t\t\t\t\t\t<div class=\"elementor-element elementor-element-0e11654 elementor-widget elementor-widget-videos-carousel-federation\" data-id=\"0e11654\" data-element_type=\"widget\" data-e-type=\"widget\" data-widget_type=\"videos-carousel-federation.default\">\n\t\t\t\t<div class=\"elementor-widget-container\">\n\t\t\t\t\t\n\t\t<div class=\"penega-videocarousel-container white-arrow \">\n\t\t\t<h2>Vid\u00e9os<\/h2>\n\t\t\t<div class=\"slider\">\n\t\t\t\t\t\t\t\t\t\t\t\t\t\t<a class=\"video-slide fancy\" data-fancybox=\"video\" href=\"https:\/\/www.youtube.com\/watch?v=zC0D1B87kvs\" id=\"video-41934\">\n\t\t\t\t\t\t\t\t\t\t\t\t\t\t\t\t\t\t\t\t<div class=\"slide lazyload\" style=\"background:inherit;\" data-bg=\"url(https:\/\/i.ytimg.com\/vi\/zC0D1B87kvs\/mqdefault.jpg) no-repeat center center \/ cover\"><\/div>\n\t\t\t\t\t\t\t\t\t\t\t\t<label>Le transfert d'un bois\u00e9 entre g\u00e9n\u00e9rations<\/label>\n\t\t\t\t\t<\/a>\n\t\t\t\t\t\t\t\t\t\t\t\t\t\t<a class=\"video-slide fancy\" data-fancybox=\"video\" href=\"https:\/\/www.youtube.com\/watch?v=AQQX2-Jp_w4\" id=\"video-41937\">\n\t\t\t\t\t\t\t\t\t\t\t\t\t\t\t\t\t\t\t\t<div class=\"slide lazyload\" style=\"background:inherit;\" data-bg=\"url(https:\/\/i.ytimg.com\/vi\/AQQX2-Jp_w4\/mqdefault.jpg) no-repeat center center \/ cover\"><\/div>\n\t\t\t\t\t\t\t\t\t\t\t\t<label>L'agroforesterie au Qu\u00e9bec: des exemples inspirants, des b\u00e9n\u00e9fices importants<\/label>\n\t\t\t\t\t<\/a>\n\t\t\t\t\t\t\t\t\t\t\t\t\t\t<a class=\"video-slide fancy\" data-fancybox=\"video\" href=\"https:\/\/www.youtube.com\/watch?v=bPmY9WFCuQU\" id=\"video-41939\">\n\t\t\t\t\t\t\t\t\t\t\t\t\t\t\t\t\t\t\t\t<div class=\"slide lazyload\" style=\"background:inherit;\" data-bg=\"url(https:\/\/i.ytimg.com\/vi\/bPmY9WFCuQU\/mqdefault.jpg) no-repeat center center \/ cover\"><\/div>\n\t\t\t\t\t\t\t\t\t\t\t\t<label>Avez-vous votre forestier de famille? Aide \u00e0 un propri\u00e9taire<\/label>\n\t\t\t\t\t<\/a>\n\t\t\t\t\t\t\t\t\t\t\t\t\t\t<a class=\"video-slide fancy\" data-fancybox=\"video\" href=\"https:\/\/www.youtube.com\/watch?v=T0xw6Q3Ul4E\" id=\"video-41941\">\n\t\t\t\t\t\t\t\t\t\t\t\t\t\t\t\t\t\t\t\t<div class=\"slide lazyload\" style=\"background:inherit;\" data-bg=\"url(https:\/\/i.ytimg.com\/vi\/T0xw6Q3Ul4E\/mqdefault.jpg) no-repeat center center \/ cover\"><\/div>\n\t\t\t\t\t\t\t\t\t\t\t\t<label>Andy Heer, producteur agricole et forestier: la r\u00e9colte du bois par un entrepreneur<\/label>\n\t\t\t\t\t<\/a>\n\t\t\t\t\t\t\t\t\t\t\t\t\t\t<a class=\"video-slide fancy\" data-fancybox=\"video\" href=\"https:\/\/www.youtube.com\/watch?v=WQn0u4kA1-Q\" id=\"video-41943\">\n\t\t\t\t\t\t\t\t\t\t\t\t\t\t\t\t\t\t\t\t<div class=\"slide lazyload\" style=\"background:inherit;\" data-bg=\"url(https:\/\/i.ytimg.com\/vi\/WQn0u4kA1-Q\/mqdefault.jpg) no-repeat center center \/ cover\"><\/div>\n\t\t\t\t\t\t\t\t\t\t\t\t<label>Les bonnes pratiques d'empilement du bois<\/label>\n\t\t\t\t\t<\/a>\n\t\t\t\t\t\t\t\t\t\t\t\t\t\t<a class=\"video-slide fancy\" data-fancybox=\"video\" href=\"https:\/\/www.youtube.com\/watch?v=6Pd4MUgcVKY\" id=\"video-41945\">\n\t\t\t\t\t\t\t\t\t\t\t\t\t\t\t\t\t\t\t\t<div class=\"slide lazyload\" style=\"background:inherit;\" data-bg=\"url(https:\/\/i.ytimg.com\/vi\/6Pd4MUgcVKY\/mqdefault.jpg) no-repeat center center \/ cover\"><\/div>\n\t\t\t\t\t\t\t\t\t\t\t\t<label>Comment devenir producteur forestier<\/label>\n\t\t\t\t\t<\/a>\n\t\t\t\t\t\t\t\t\t\t\t\t\t\t<a class=\"video-slide fancy\" data-fancybox=\"video\" href=\"https:\/\/www.youtube.com\/watch?v=jKo0KKKy0es\" id=\"video-41948\">\n\t\t\t\t\t\t\t\t\t\t\t\t\t\t\t\t\t\t\t\t<div class=\"slide lazyload\" style=\"background:inherit;\" data-bg=\"url(https:\/\/i.ytimg.com\/vi\/jKo0KKKy0es\/mqdefault.jpg) no-repeat center center \/ cover\"><\/div>\n\t\t\t\t\t\t\t\t\t\t\t\t<label>Comment am\u00e9nager un ravage (aire de confinement) de cerf de Virginie<\/label>\n\t\t\t\t\t<\/a>\n\t\t\t\t\t\t\t\t\t\t\t\t\t\t<a class=\"video-slide fancy\" data-fancybox=\"video\" href=\"https:\/\/www.youtube.com\/watch?v=6m1o2uJ_wGQ\" id=\"video-41950\">\n\t\t\t\t\t\t\t\t\t\t\t\t\t\t\t\t\t\t\t\t<div class=\"slide lazyload\" style=\"background:inherit;\" data-bg=\"url(https:\/\/i.ytimg.com\/vi\/6m1o2uJ_wGQ\/mqdefault.jpg) no-repeat center center \/ cover\"><\/div>\n\t\t\t\t\t\t\t\t\t\t\t\t<label>Identification des milieux humides<\/label>\n\t\t\t\t\t<\/a>\n\t\t\t\t\t\t\t\t\t\t\t\t\t\t<a class=\"video-slide fancy\" data-fancybox=\"video\" href=\"https:\/\/www.youtube.com\/watch?v=SAZrnEMr7bk\" id=\"video-41952\">\n\t\t\t\t\t\t\t\t\t\t\t\t\t\t\t\t\t\t\t\t<div class=\"slide lazyload\" style=\"background:inherit;\" data-bg=\"url(https:\/\/i.ytimg.com\/vi\/SAZrnEMr7bk\/mqdefault.jpg) no-repeat center center \/ cover\"><\/div>\n\t\t\t\t\t\t\t\t\t\t\t\t<label>Comment abattre un arbre en toute s\u00e9curit\u00e9<\/label>\n\t\t\t\t\t<\/a>\n\t\t\t\t\t\t\t\t\t\t\t\t\t\t<a class=\"video-slide fancy\" data-fancybox=\"video\" href=\"https:\/\/www.youtube.com\/watch?v=8wgloDzJN9s\" id=\"video-41954\">\n\t\t\t\t\t\t\t\t\t\t\t\t\t\t\t\t\t\t\t\t<div class=\"slide lazyload\" style=\"background:inherit;\" data-bg=\"url(https:\/\/i.ytimg.com\/vi\/8wgloDzJN9s\/mqdefault.jpg) no-repeat center center \/ cover\"><\/div>\n\t\t\t\t\t\t\t\t\t\t\t\t<label>Installation d'une traverse de cours d'eau<\/label>\n\t\t\t\t\t<\/a>\n\t\t\t\t\t\t\t\t\t\t\t\t\t\t<a class=\"video-slide fancy\" data-fancybox=\"video\" href=\"https:\/\/www.youtube.com\/watch?v=C7IWONQPAOk\" id=\"video-41956\">\n\t\t\t\t\t\t\t\t\t\t\t\t\t\t\t\t\t\t\t\t<div class=\"slide lazyload\" style=\"background:inherit;\" data-bg=\"url(https:\/\/i.ytimg.com\/vi\/C7IWONQPAOk\/mqdefault.jpg) no-repeat center center \/ cover\"><\/div>\n\t\t\t\t\t\t\t\t\t\t\t\t<label>PrixBois.ca, un outil pour aider \u00e0 la vente de son bois<\/label>\n\t\t\t\t\t<\/a>\n\t\t\t\t\t\t\t\t\t\t\t\t\t\t<a class=\"video-slide fancy\" data-fancybox=\"video\" href=\"https:\/\/www.youtube.com\/watch?v=Yf90cFvesyw\" id=\"video-41958\">\n\t\t\t\t\t\t\t\t\t\t\t\t\t\t\t\t\t\t\t\t<div class=\"slide lazyload\" style=\"background:inherit;\" data-bg=\"url(https:\/\/i.ytimg.com\/vi\/Yf90cFvesyw\/mqdefault.jpg) no-repeat center center \/ cover\"><\/div>\n\t\t\t\t\t\t\t\t\t\t\t\t<label>Comment utiliser PrixBois.ca pour vendre son bois - tutoriel<\/label>\n\t\t\t\t\t<\/a>\n\t\t\t\t\t\t\t\t\t\t\t\t\t\t<a class=\"video-slide fancy\" data-fancybox=\"video\" href=\"https:\/\/www.youtube.com\/watch?v=593DI6ezc9U\" id=\"video-41960\">\n\t\t\t\t\t\t\t\t\t\t\t\t\t\t\t\t\t\t\t\t<div class=\"slide lazyload\" style=\"background:inherit;\" data-bg=\"url(https:\/\/i.ytimg.com\/vi\/593DI6ezc9U\/mqdefault.jpg) no-repeat center center \/ cover\"><\/div>\n\t\t\t\t\t\t\t\t\t\t\t\t<label>Le fa\u00e7onnage des bois feuillus pour maximiser la valeur<\/label>\n\t\t\t\t\t<\/a>\n\t\t\t\t\t\t\t\t\t\t\t\t\t\t<a class=\"video-slide fancy\" data-fancybox=\"video\" href=\"https:\/\/www.youtube.com\/watch?v=SFffiaZojjQ\" id=\"video-41962\">\n\t\t\t\t\t\t\t\t\t\t\t\t\t\t\t\t\t\t\t\t<div class=\"slide lazyload\" style=\"background:inherit;\" data-bg=\"url(https:\/\/i.ytimg.com\/vi\/SFffiaZojjQ\/mqdefault.jpg) no-repeat center center \/ cover\"><\/div>\n\t\t\t\t\t\t\t\t\t\t\t\t<label>Andr\u00e9 Roy, producteur forestier<\/label>\n\t\t\t\t\t<\/a>\n\t\t\t\t\t\t\t\t\t\t\t\t\t\t<a class=\"video-slide fancy\" data-fancybox=\"video\" href=\"https:\/\/www.youtube.com\/watch?v=GZ-zUMmkX6U\" id=\"video-41964\">\n\t\t\t\t\t\t\t\t\t\t\t\t\t\t\t\t\t\t\t\t<div class=\"slide lazyload\" style=\"background:inherit;\" data-bg=\"url(https:\/\/i.ytimg.com\/vi\/GZ-zUMmkX6U\/mqdefault.jpg) no-repeat center center \/ cover\"><\/div>\n\t\t\t\t\t\t\t\t\t\t\t\t<label>L\u2019impact de la tordeuse racont\u00e9<\/label>\n\t\t\t\t\t<\/a>\n\t\t\t\t\t\t\t\t\t\t\t\t\t\t<a class=\"video-slide fancy\" data-fancybox=\"video\" href=\"https:\/\/www.youtube.com\/watch?v=-mZ797vrlhc\" id=\"video-42118\">\n\t\t\t\t\t\t\t\t\t\t\t\t\t\t\t\t\t\t\t\t<div class=\"slide lazyload\" style=\"background:inherit;\" data-bg=\"url(https:\/\/i.ytimg.com\/vi\/-mZ797vrlhc\/mqdefault.jpg) no-repeat center center \/ cover\"><\/div>\n\t\t\t\t\t\t\t\t\t\t\t\t<label>La strat\u00e9gie de lutte contre l\u2019agrile du fr\u00eane dans le grand Montr\u00e9al<\/label>\n\t\t\t\t\t<\/a>\n\t\t\t\t\t\t\t\t\t\t\t\t\t\t<a class=\"video-slide fancy\" data-fancybox=\"video\" href=\"https:\/\/www.youtube.com\/watch?v=YVEDpw-1qUo\" id=\"video-42377\">\n\t\t\t\t\t\t\t\t\t\t\t\t\t\t\t\t\t\t\t\t<div class=\"slide lazyload\" style=\"background:inherit;\" data-bg=\"url(https:\/\/i.ytimg.com\/vi\/YVEDpw-1qUo\/mqdefault.jpg) no-repeat center center \/ cover\"><\/div>\n\t\t\t\t\t\t\t\t\t\t\t\t<label>Chenilles - Invasion de livr\u00e9es des for\u00eats au Qu\u00e9bec<\/label>\n\t\t\t\t\t<\/a>\n\t\t\t\t\t\t\t\t\t\t\t\t\t\t<a class=\"video-slide fancy\" data-fancybox=\"video\" href=\"https:\/\/youtu.be\/Df4HGRydYeA\" id=\"video-43211\">\n\t\t\t\t\t\t\t\t\t\t\t\t\t\t\t\t\t\t\t\t<div class=\"slide lazyload\" style=\"background:inherit;\" data-bg=\"url(https:\/\/www.foretprivee.ca\/regiondequebec\/wp-content\/uploads\/2019\/10\/changements-climatiques.jpg) no-repeat center center \/ cover\"><\/div>\n\t\t\t\t\t\t\t\t\t\t\t\t<label>L'atout cach\u00e9 du bois dans la lutte contre les changements climatiques<\/label>\n\t\t\t\t\t<\/a>\n\t\t\t\t\t\t\t\t\t\t\t\t\t\t<a class=\"video-slide fancy\" data-fancybox=\"video\" href=\"https:\/\/youtu.be\/SaGtPZXXlfo\" id=\"video-48502\">\n\t\t\t\t\t\t\t\t\t\t\t\t\t\t\t\t\t\t\t\t<div class=\"slide lazyload\" style=\"background:inherit;\" data-bg=\"url(https:\/\/www.foretprivee.ca\/regiondequebec\/wp-content\/uploads\/2019\/10\/Capture-video-Eric-Cliche.jpg) no-repeat center center \/ cover\"><\/div>\n\t\t\t\t\t\t\t\t\t\t\t\t<label>Les propri\u00e9taires de bois\u00e9s demandent la cr\u00e9ation d'un r\u00e9gime d\u2019\u00e9pargne et d\u2019investissement sylvicole<\/label>\n\t\t\t\t\t<\/a>\n\t\t\t\t\t\t\t\t\t\t\t\t\t\t<a class=\"video-slide fancy\" data-fancybox=\"video\" href=\"https:\/\/youtu.be\/Z525zBm1G-8\" id=\"video-49529\">\n\t\t\t\t\t\t\t\t\t\t\t\t\t\t\t\t\t\t\t\t<div class=\"slide lazyload\" style=\"background:inherit;\" data-bg=\"url(https:\/\/www.foretprivee.ca\/regiondequebec\/wp-content\/uploads\/2020\/03\/capture-video-arbre.jpg) no-repeat center center \/ cover\"><\/div>\n\t\t\t\t\t\t\t\t\t\t\t\t<label>Avez-vous votre forestier de famille? Soin \u00e0 un arbre.<\/label>\n\t\t\t\t\t<\/a>\n\t\t\t\t\t\t\t\t\t\t\t\t\t\t<a class=\"video-slide fancy\" data-fancybox=\"video\" href=\"https:\/\/vimeo.com\/405512226\" id=\"video-49769\">\n\t\t\t\t\t\t\t\t\t\t\t\t\t\t\t\t\t\t\t\t<div class=\"slide lazyload\" style=\"background:inherit;\" data-bg=\"url(https:\/\/www.foretprivee.ca\/regiondequebec\/wp-content\/uploads\/2020\/04\/capture-vos_agriculteurs_francis_fleury-cliche_680-340.jpg) no-repeat center center \/ cover\"><\/div>\n\t\t\t\t\t\t\t\t\t\t\t\t<label>Planifier pour boiser l'avenir<\/label>\n\t\t\t\t\t<\/a>\n\t\t\t\t\t\t\t\t\t\t\t\t\t\t<a class=\"video-slide fancy\" data-fancybox=\"video\" href=\"https:\/\/www.youtube.com\/watch?v=S5ITrPwE0f4&amp;feature=youtu.be\" id=\"video-51916\">\n\t\t\t\t\t\t\t\t\t\t\t\t\t\t\t\t\t\t\t\t<div class=\"slide lazyload\" style=\"background:inherit;\" data-bg=\"url(https:\/\/i.ytimg.com\/vi\/S5ITrPwE0f4\/mqdefault.jpg) no-repeat center center \/ cover\"><\/div>\n\t\t\t\t\t\t\t\t\t\t\t\t<label>Miser sur la fiscalit\u00e9 pour stimuler la mise en valeur des for\u00eats priv\u00e9es<\/label>\n\t\t\t\t\t<\/a>\n\t\t\t\t\t\t\t\t\t\t\t\t\t\t<a class=\"video-slide fancy\" data-fancybox=\"video\" href=\"https:\/\/www.youtube.com\/watch?v=Sv2VfAeV4DY\" id=\"video-55864\">\n\t\t\t\t\t\t\t\t\t\t\t\t\t\t\t\t\t\t\t\t<div class=\"slide lazyload\" style=\"background:inherit;\" data-bg=\"url(https:\/\/i.ytimg.com\/vi\/Sv2VfAeV4DY\/mqdefault.jpg) no-repeat center center \/ cover\"><\/div>\n\t\t\t\t\t\t\t\t\t\t\t\t<label>La cat\u00e9gorie des immeubles forestiers au r\u00f4le d'\u00e9valuation fonci\u00e8re<\/label>\n\t\t\t\t\t<\/a>\n\t\t\t\t\t\t\t\t\t\t\t\t\t\t<a class=\"video-slide fancy\" data-fancybox=\"video\" href=\"https:\/\/www.youtube.com\/watch?v=I1TYYp6opdY\" id=\"video-74708\">\n\t\t\t\t\t\t\t\t\t\t\t\t\t\t\t\t\t\t\t\t<div class=\"slide lazyload\" style=\"background:inherit;\" data-bg=\"url(https:\/\/i.ytimg.com\/vi\/I1TYYp6opdY\/mqdefault.jpg) no-repeat center center \/ cover\"><\/div>\n\t\t\t\t\t\t\t\t\t\t\t\t<label>Comprendre la tordeuse des bourgeons d\u2019\u00e9pinette et les r\u00e9coltes associ\u00e9es<\/label>\n\t\t\t\t\t<\/a>\n\t\t\t\t\t\t\t\t\t\t\t\t\t\t<a class=\"video-slide fancy\" data-fancybox=\"video\" href=\"https:\/\/www.youtube.com\/watch?v=XF7TDvB_w9k\" id=\"video-74710\">\n\t\t\t\t\t\t\t\t\t\t\t\t\t\t\t\t\t\t\t\t<div class=\"slide lazyload\" style=\"background:inherit;\" data-bg=\"url(https:\/\/i.ytimg.com\/vi\/XF7TDvB_w9k\/mqdefault.jpg) no-repeat center center \/ cover\"><\/div>\n\t\t\t\t\t\t\t\t\t\t\t\t<label>Valoriser l\u2019am\u00e9nagement gr\u00e2ce \u00e0 la cat\u00e9gorie des immeubles forestiers<\/label>\n\t\t\t\t\t<\/a>\n\t\t\t\t\t\t\t\t\t\t\t\t\t\t<a class=\"video-slide fancy\" data-fancybox=\"video\" href=\"https:\/\/www.youtube.com\/watch?v=lcB7aJS0-Io\" id=\"video-78328\">\n\t\t\t\t\t\t\t\t\t\t\t\t\t\t\t\t\t\t\t\t<div class=\"slide lazyload\" style=\"background:inherit;\" data-bg=\"url(https:\/\/i.ytimg.com\/vi\/lcB7aJS0-Io\/mqdefault.jpg) no-repeat center center \/ cover\"><\/div>\n\t\t\t\t\t\t\t\t\t\t\t\t<label>Pr\u00e9sentation du programme Faune-For\u00eat sur terre priv\u00e9e<\/label>\n\t\t\t\t\t<\/a>\n\t\t\t\t\t\t\t\t\t\t\t\t\t\t<a class=\"video-slide fancy\" data-fancybox=\"video\" href=\"https:\/\/youtu.be\/qo6K-rzHe5M?si=3kD9FbBKOFyA0Ge7\" id=\"video-109681\">\n\t\t\t\t\t\t\t\t\t\t\t\t\t\t\t\t\t\t\t\t<div class=\"slide lazyload\" style=\"background:inherit;\" data-bg=\"url(https:\/\/www.foretprivee.ca\/regiondequebec\/wp-content\/uploads\/2025\/07\/Video_JeProtegeMaForet_MilieuHumide_Thumbnail.png) no-repeat center center \/ cover\"><\/div>\n\t\t\t\t\t\t\t\t\t\t\t\t<label><\/label>\n\t\t\t\t\t<\/a>\n\t\t\t\t\t\t\t<\/div>\n\t\t\t\t\t<\/div>\n\t\t\t\t\t\t<\/div>\n\t\t\t\t<\/div>\n\t\t\t\t\t<\/div>\n\t\t<\/div>\n\t\t\t\t\t<\/div>\n\t\t<\/section>\n\t\t\t\t<\/div>\n\t\t","protected":false},"excerpt":{"rendered":"<p>Galerie photos Galerie vid\u00e9os Filtre : Toutes les cat\u00e9gories https:\/\/www.youtube.com\/watch?v=whb379X1Qbc Consultez la cha\u00eene YouTube du SPFRQ https:\/\/youtu.be\/Ra5zVfY58S8https:\/\/youtu.be\/NrCqLyhlP7o Vid\u00e9os Le transfert d&rsquo;un bois\u00e9 entre g\u00e9n\u00e9rations L&rsquo;agroforesterie au Qu\u00e9bec: des exemples inspirants, des b\u00e9n\u00e9fices importants Avez-vous votre forestier de famille? Aide \u00e0 un propri\u00e9taire Andy Heer, producteur agricole et forestier: la r\u00e9colte du bois par un entrepreneur &hellip; <\/p>\n<p class=\"link-more\"><a href=\"https:\/\/www.foretprivee.ca\/regiondequebec\/mes-communications\/photos-et-videos\/\" class=\"more-link\">Lire la suite<\/a><\/p>\n","protected":false},"author":1,"featured_media":0,"parent":38,"menu_order":0,"comment_status":"closed","ping_status":"closed","template":"","meta":{"_acf_changed":false,"footnotes":""},"class_list":["post-44","page","type-page","status-publish","hentry"],"acf":[],"_links":{"self":[{"href":"https:\/\/www.foretprivee.ca\/regiondequebec\/wp-json\/wp\/v2\/pages\/44","targetHints":{"allow":["GET"]}}],"collection":[{"href":"https:\/\/www.foretprivee.ca\/regiondequebec\/wp-json\/wp\/v2\/pages"}],"about":[{"href":"https:\/\/www.foretprivee.ca\/regiondequebec\/wp-json\/wp\/v2\/types\/page"}],"author":[{"embeddable":true,"href":"https:\/\/www.foretprivee.ca\/regiondequebec\/wp-json\/wp\/v2\/users\/1"}],"replies":[{"embeddable":true,"href":"https:\/\/www.foretprivee.ca\/regiondequebec\/wp-json\/wp\/v2\/comments?post=44"}],"version-history":[{"count":0,"href":"https:\/\/www.foretprivee.ca\/regiondequebec\/wp-json\/wp\/v2\/pages\/44\/revisions"}],"up":[{"embeddable":true,"href":"https:\/\/www.foretprivee.ca\/regiondequebec\/wp-json\/wp\/v2\/pages\/38"}],"wp:attachment":[{"href":"https:\/\/www.foretprivee.ca\/regiondequebec\/wp-json\/wp\/v2\/media?parent=44"}],"curies":[{"name":"wp","href":"https:\/\/api.w.org\/{rel}","templated":true}]}}