{"id":711,"date":"2019-01-15T16:37:51","date_gmt":"2019-01-15T16:37:51","guid":{"rendered":"https:\/\/www.foretprivee.ca\/regiondequebec\/?page_id=711"},"modified":"2023-12-18T17:51:52","modified_gmt":"2023-12-18T17:51:52","slug":"reseaux-sociaux","status":"publish","type":"page","link":"https:\/\/www.foretprivee.ca\/regiondequebec\/mes-communications\/reseaux-sociaux\/","title":{"rendered":"R\u00e9seaux sociaux"},"content":{"rendered":"\t\t<div data-elementor-type=\"wp-post\" data-elementor-id=\"711\" class=\"elementor elementor-711\" data-elementor-post-type=\"page\">\n\t\t\t\t\t\t<section class=\"elementor-section elementor-top-section elementor-element elementor-element-75e5455 elementor-section-boxed elementor-section-height-default elementor-section-height-default\" data-id=\"75e5455\" data-element_type=\"section\" data-e-type=\"section\">\n\t\t\t\t\t\t<div class=\"elementor-container elementor-column-gap-default\">\n\t\t\t\t\t<div class=\"elementor-column elementor-col-100 elementor-top-column elementor-element elementor-element-3eea551\" data-id=\"3eea551\" data-element_type=\"column\" data-e-type=\"column\">\n\t\t\t<div class=\"elementor-widget-wrap elementor-element-populated\">\n\t\t\t\t\t\t<div class=\"elementor-element elementor-element-910f7d6 elementor-widget elementor-widget-text-editor\" data-id=\"910f7d6\" data-element_type=\"widget\" data-e-type=\"widget\" data-widget_type=\"text-editor.default\">\n\t\t\t\t<div class=\"elementor-widget-container\">\n\t\t\t\t\t\t\t\t\t<p>Suivez-nous sur nos r\u00e9seaux sociaux pour \u00eatre \u00e0 l\u2019aff\u00fbt des plus r\u00e9centes nouvelles, \u00e9ditoriaux, dossiers et \u00e9v\u00e9nements en lien avec notre syndicat.<\/p>\t\t\t\t\t\t\t\t<\/div>\n\t\t\t\t<\/div>\n\t\t\t\t\t<\/div>\n\t\t<\/div>\n\t\t\t\t\t<\/div>\n\t\t<\/section>\n\t\t\t\t<section class=\"elementor-section elementor-top-section elementor-element elementor-element-f3be207 elementor-section-boxed elementor-section-height-default elementor-section-height-default\" data-id=\"f3be207\" data-element_type=\"section\" data-e-type=\"section\">\n\t\t\t\t\t\t<div class=\"elementor-container elementor-column-gap-default\">\n\t\t\t\t\t<div class=\"elementor-column elementor-col-66 elementor-top-column elementor-element elementor-element-6126dce\" data-id=\"6126dce\" data-element_type=\"column\" data-e-type=\"column\">\n\t\t\t<div class=\"elementor-widget-wrap elementor-element-populated\">\n\t\t\t\t\t\t<div class=\"elementor-element elementor-element-66b41c1 elementor-widget elementor-widget-text-editor\" data-id=\"66b41c1\" data-element_type=\"widget\" data-e-type=\"widget\" data-widget_type=\"text-editor.default\">\n\t\t\t\t<div class=\"elementor-widget-container\">\n\t\t\t\t\t\t\t\t\t<p>Notre <span style=\"color: #85c041\"><a style=\"color: #85c041\" href=\"https:\/\/www.facebook.com\/SPFRQ\/\" target=\"_blank\" rel=\"noopener\">page Facebook<\/a>\u00a0<\/span>permet la publication de nouvelles, enjeux, \u00e9ditoriaux, revues de presse, \u00e9v\u00e9nements, r\u00e9flexions, vid\u00e9os et photos.<br \/><strong><span style=\"color: #85c041\"><a style=\"color: #85c041\" href=\"https:\/\/www.facebook.com\/SPFRQ\/\" target=\"_blank\" rel=\"noopener\">Aimez-nous!<\/a><\/span><\/strong><\/p>\t\t\t\t\t\t\t\t<\/div>\n\t\t\t\t<\/div>\n\t\t\t\t\t<\/div>\n\t\t<\/div>\n\t\t\t\t<div class=\"elementor-column elementor-col-33 elementor-top-column elementor-element elementor-element-9ea3639\" data-id=\"9ea3639\" data-element_type=\"column\" data-e-type=\"column\">\n\t\t\t<div class=\"elementor-widget-wrap elementor-element-populated\">\n\t\t\t\t\t\t<div class=\"elementor-element elementor-element-6a56bbd elementor-view-default elementor-widget elementor-widget-icon\" data-id=\"6a56bbd\" data-element_type=\"widget\" data-e-type=\"widget\" data-widget_type=\"icon.default\">\n\t\t\t\t<div class=\"elementor-widget-container\">\n\t\t\t\t\t\t\t<div class=\"elementor-icon-wrapper\">\n\t\t\t<a class=\"elementor-icon\" href=\"https:\/\/www.facebook.com\/SPFRQ\" target=\"_blank\">\n\t\t\t<i aria-hidden=\"true\" class=\"fab fa-facebook-square\"><\/i>\t\t\t<\/a>\n\t\t<\/div>\n\t\t\t\t\t\t<\/div>\n\t\t\t\t<\/div>\n\t\t\t\t\t<\/div>\n\t\t<\/div>\n\t\t\t\t\t<\/div>\n\t\t<\/section>\n\t\t\t\t<section class=\"elementor-section elementor-top-section elementor-element elementor-element-881686c elementor-section-boxed elementor-section-height-default elementor-section-height-default\" data-id=\"881686c\" data-element_type=\"section\" data-e-type=\"section\">\n\t\t\t\t\t\t<div class=\"elementor-container elementor-column-gap-default\">\n\t\t\t\t\t<div class=\"elementor-column elementor-col-66 elementor-top-column elementor-element elementor-element-8c95591\" data-id=\"8c95591\" data-element_type=\"column\" data-e-type=\"column\">\n\t\t\t<div class=\"elementor-widget-wrap elementor-element-populated\">\n\t\t\t\t\t\t<div class=\"elementor-element elementor-element-ea470ad elementor-widget elementor-widget-text-editor\" data-id=\"ea470ad\" data-element_type=\"widget\" data-e-type=\"widget\" data-widget_type=\"text-editor.default\">\n\t\t\t\t<div class=\"elementor-widget-container\">\n\t\t\t\t\t\t\t\t\t<p>Consultez la cha\u00eene <a href=\"https:\/\/www.youtube.com\/channel\/UCRZf5jTvc2GyA7Bx1dpS7xw\" target=\"_blank\" rel=\"noopener\">YouTube<\/a> du Syndicat pour visionner toutes les vid\u00e9os.<\/p>\t\t\t\t\t\t\t\t<\/div>\n\t\t\t\t<\/div>\n\t\t\t\t\t<\/div>\n\t\t<\/div>\n\t\t\t\t<div class=\"elementor-column elementor-col-33 elementor-top-column elementor-element elementor-element-9f3cd40\" data-id=\"9f3cd40\" data-element_type=\"column\" data-e-type=\"column\">\n\t\t\t<div class=\"elementor-widget-wrap elementor-element-populated\">\n\t\t\t\t\t\t<div class=\"elementor-element elementor-element-2fb3b7c elementor-position-inline-start elementor-view-default elementor-mobile-position-block-start elementor-widget elementor-widget-icon-box\" data-id=\"2fb3b7c\" data-element_type=\"widget\" data-e-type=\"widget\" data-widget_type=\"icon-box.default\">\n\t\t\t\t<div class=\"elementor-widget-container\">\n\t\t\t\t\t\t\t<div class=\"elementor-icon-box-wrapper\">\n\n\t\t\t\t\t\t<div class=\"elementor-icon-box-icon\">\n\t\t\t\t<a href=\"https:\/\/www.youtube.com\/channel\/UCRZf5jTvc2GyA7Bx1dpS7xw\" target=\"_blank\" class=\"elementor-icon\" tabindex=\"-1\">\n\t\t\t\t<i aria-hidden=\"true\" class=\"fab fa-youtube-square\"><\/i>\t\t\t\t<\/a>\n\t\t\t<\/div>\n\t\t\t\n\t\t\t\n\t\t<\/div>\n\t\t\t\t\t\t<\/div>\n\t\t\t\t<\/div>\n\t\t\t\t\t<\/div>\n\t\t<\/div>\n\t\t\t\t\t<\/div>\n\t\t<\/section>\n\t\t\t\t<section class=\"elementor-section elementor-top-section elementor-element elementor-element-5014695 elementor-section-boxed elementor-section-height-default elementor-section-height-default\" data-id=\"5014695\" data-element_type=\"section\" data-e-type=\"section\">\n\t\t\t\t\t\t<div class=\"elementor-container elementor-column-gap-default\">\n\t\t\t\t\t<div class=\"elementor-column elementor-col-100 elementor-top-column elementor-element elementor-element-1fb968f\" data-id=\"1fb968f\" data-element_type=\"column\" data-e-type=\"column\">\n\t\t\t<div class=\"elementor-widget-wrap elementor-element-populated\">\n\t\t\t\t\t\t<div class=\"elementor-element elementor-element-fc49c42 elementor-widget elementor-widget-text-editor\" data-id=\"fc49c42\" data-element_type=\"widget\" data-e-type=\"widget\" data-widget_type=\"text-editor.default\">\n\t\t\t\t<div class=\"elementor-widget-container\">\n\t\t\t\t\t\t\t\t\t<strong>N\u00e9tiquette<\/strong>\n\nAvec nos r\u00e9seaux sociaux, nous souhaitons cr\u00e9er un lieu d\u2019\u00e9changes enrichissant dans le respect des id\u00e9es, commentaires et propositions de chacun. Pour que les \u00e9changes restent cordiaux et harmonieux, chaque intervention doit \u00eatre faite selon certaines r\u00e8gles.\t\t\t\t\t\t\t\t<\/div>\n\t\t\t\t<\/div>\n\t\t\t\t\t<\/div>\n\t\t<\/div>\n\t\t\t\t\t<\/div>\n\t\t<\/section>\n\t\t\t\t<section class=\"elementor-section elementor-top-section elementor-element elementor-element-4ed4a4d elementor-section-boxed elementor-section-height-default elementor-section-height-default\" data-id=\"4ed4a4d\" data-element_type=\"section\" data-e-type=\"section\">\n\t\t\t\t\t\t<div class=\"elementor-container elementor-column-gap-default\">\n\t\t\t\t\t<div class=\"elementor-column elementor-col-100 elementor-top-column elementor-element elementor-element-9f6f248\" data-id=\"9f6f248\" data-element_type=\"column\" data-e-type=\"column\">\n\t\t\t<div class=\"elementor-widget-wrap elementor-element-populated\">\n\t\t\t\t\t\t<div class=\"elementor-element elementor-element-e9fcc65 elementor-widget elementor-widget-toggle\" data-id=\"e9fcc65\" data-element_type=\"widget\" data-e-type=\"widget\" data-widget_type=\"toggle.default\">\n\t\t\t\t<div class=\"elementor-widget-container\">\n\t\t\t\t\t\t\t<div class=\"elementor-toggle\">\n\t\t\t\t\t\t\t<div class=\"elementor-toggle-item\">\n\t\t\t\t\t<div id=\"elementor-tab-title-2451\" class=\"elementor-tab-title\" data-tab=\"1\" role=\"button\" aria-controls=\"elementor-tab-content-2451\" aria-expanded=\"false\">\n\t\t\t\t\t\t\t\t\t\t\t\t<span class=\"elementor-toggle-icon elementor-toggle-icon-left\" aria-hidden=\"true\">\n\t\t\t\t\t\t\t\t\t\t\t\t\t\t\t<span class=\"elementor-toggle-icon-closed\"><i class=\"fas fa-caret-right\"><\/i><\/span>\n\t\t\t\t\t\t\t\t<span class=\"elementor-toggle-icon-opened\"><i class=\"elementor-toggle-icon-opened fas fa-caret-up\"><\/i><\/span>\n\t\t\t\t\t\t\t\t\t\t\t\t\t<\/span>\n\t\t\t\t\t\t\t\t\t\t\t\t<a class=\"elementor-toggle-title\" tabindex=\"0\">Plus de d\u00e9tails<\/a>\n\t\t\t\t\t<\/div>\n\n\t\t\t\t\t<div id=\"elementor-tab-content-2451\" class=\"elementor-tab-content elementor-clearfix\" data-tab=\"1\" role=\"region\" aria-labelledby=\"elementor-tab-title-2451\"><p><span style=\"font-size: 1.6rem\">Nous nous r\u00e9servons le droit de supprimer tout message \u00e0 caract\u00e8re r\u00e9pr\u00e9hensible. Les commentaires publi\u00e9s sur cette page refl\u00e8tent les opinions de leurs auteurs respectifs. Nous ne sommes en aucun cas responsables des commentaires et opinions des utilisateurs. Par cons\u00e9quent, les administrateurs et mod\u00e9rateurs de ce site ne peuvent en \u00eatre tenus responsables.<\/span><\/p><p><b>R\u00e8gles en vigueur<\/b><\/p><p>\u00a0<span style=\"font-family: inherit;font-weight: inherit;color: #212529\">1- Tout commentaire injurieux, obsc\u00e8ne, vulgaire, diffamatoire, haineux, mena\u00e7ant ou \u00e0 caract\u00e8re sexuel ainsi que tout autre message qui violerait les lois applicables ou qui pourrait \u00eatre per\u00e7u comme une a<\/span><span style=\"font-family: inherit;font-weight: inherit;color: #212529\">ttaque personnelle est prohib\u00e9.<\/span><\/p><p><span style=\"color: #212529;font-family: inherit;font-weight: inherit\">2- Les insultes gratuites n\u2019ont pas leur place et seront supprim\u00e9es. Les commentaires ayant pour seul but de g\u00e9n\u00e9rer de l\u2019achalandage vers un site sans aucun rapport avec le sujet seront retir\u00e9s.<\/span><\/p><p><span style=\"color: #212529;font-family: inherit;font-weight: inherit\">3- T<\/span><span style=\"color: #212529;font-family: 'Open Sans', sans-serif;font-size: 16px;font-style: normal\">out mat\u00e9riel, contenu, commentaire ou photo de nature abusive, diffamatoire, raciste, obsc\u00e8ne ou ill\u00e9gale sera supprim\u00e9.<\/span><\/p><p><span style=\"color: #212529;font-family: inherit;font-weight: inherit\">4-\u00a0<\/span><span style=\"color: #212529;font-family: 'Open Sans', sans-serif;font-size: 16px;font-style: normal\">Aucune incitation \u00e0 la haine sous quelque forme que ce soit (raciale, religieuse, etc.) ne sera tol\u00e9r\u00e9e.<\/span><\/p><p><span style=\"color: #212529;font-family: inherit;font-weight: inherit\">5-\u00a0<\/span><span style=\"color: #212529;font-family: 'Open Sans', sans-serif;font-size: 16px;font-style: normal\">Ne partagez pas de \u00ab spam \u00bb, cha\u00eene de lettres, mat\u00e9riel promotionnel ou commercial, ou encore des commentaires\/d\u00e9clarations r\u00e9pr\u00e9hensibles.<\/span><\/p><p><span style=\"color: #212529;font-family: 'Open Sans', sans-serif;font-size: 16px;font-style: normal\">6-\u00a0<\/span><span style=\"color: #212529;font-family: 'Open Sans', sans-serif;font-size: 16px;font-style: normal\">Assurez-vous de d\u00e9tenir les droits ou la permission avant de partager des contenus sur nos pages.<\/span><\/p><p><span style=\"color: #212529;font-family: 'Open Sans', sans-serif;font-size: 16px;font-style: normal\">7-\u00a0<\/span><span style=\"color: #212529;font-family: 'Open Sans', sans-serif;font-size: 16px;font-style: normal\">Chaque commentaire publi\u00e9 doit \u00eatre pertinent et faire avancer la discussion ou bien appuyer le propos d\u00e9j\u00e0 pr\u00e9sent\u00e9. En publiant des textes, vous vous portez garant du fait d\u2019\u00eatre en accord avec le r\u00e8glement ci-dessus.<\/span><\/p><p><strong style=\"font-size: 1.6rem;font-family: 'Open Sans', Helvetica, Arial, sans-serif\">Soyez toujours respectueux.<\/strong><\/p><\/div>\n\t\t\t\t<\/div>\n\t\t\t\t\t\t\t\t<\/div>\n\t\t\t\t\t\t<\/div>\n\t\t\t\t<\/div>\n\t\t\t\t\t<\/div>\n\t\t<\/div>\n\t\t\t\t\t<\/div>\n\t\t<\/section>\n\t\t\t\t<\/div>\n\t\t","protected":false},"excerpt":{"rendered":"<p>Suivez-nous sur nos r\u00e9seaux sociaux pour \u00eatre \u00e0 l\u2019aff\u00fbt des plus r\u00e9centes nouvelles, \u00e9ditoriaux, dossiers et \u00e9v\u00e9nements en lien avec notre syndicat. Notre page Facebook\u00a0permet la publication de nouvelles, enjeux, \u00e9ditoriaux, revues de presse, \u00e9v\u00e9nements, r\u00e9flexions, vid\u00e9os et photos.Aimez-nous! Consultez la cha\u00eene YouTube du Syndicat pour visionner toutes les vid\u00e9os. N\u00e9tiquette Avec nos r\u00e9seaux sociaux, &hellip; <\/p>\n<p class=\"link-more\"><a href=\"https:\/\/www.foretprivee.ca\/regiondequebec\/mes-communications\/reseaux-sociaux\/\" class=\"more-link\">Lire la suite<\/a><\/p>\n","protected":false},"author":4,"featured_media":0,"parent":38,"menu_order":0,"comment_status":"closed","ping_status":"closed","template":"","meta":{"_acf_changed":false,"footnotes":""},"class_list":["post-711","page","type-page","status-publish","hentry"],"acf":[],"_links":{"self":[{"href":"https:\/\/www.foretprivee.ca\/regiondequebec\/wp-json\/wp\/v2\/pages\/711","targetHints":{"allow":["GET"]}}],"collection":[{"href":"https:\/\/www.foretprivee.ca\/regiondequebec\/wp-json\/wp\/v2\/pages"}],"about":[{"href":"https:\/\/www.foretprivee.ca\/regiondequebec\/wp-json\/wp\/v2\/types\/page"}],"author":[{"embeddable":true,"href":"https:\/\/www.foretprivee.ca\/regiondequebec\/wp-json\/wp\/v2\/users\/4"}],"replies":[{"embeddable":true,"href":"https:\/\/www.foretprivee.ca\/regiondequebec\/wp-json\/wp\/v2\/comments?post=711"}],"version-history":[{"count":0,"href":"https:\/\/www.foretprivee.ca\/regiondequebec\/wp-json\/wp\/v2\/pages\/711\/revisions"}],"up":[{"embeddable":true,"href":"https:\/\/www.foretprivee.ca\/regiondequebec\/wp-json\/wp\/v2\/pages\/38"}],"wp:attachment":[{"href":"https:\/\/www.foretprivee.ca\/regiondequebec\/wp-json\/wp\/v2\/media?parent=711"}],"curies":[{"name":"wp","href":"https:\/\/api.w.org\/{rel}","templated":true}]}}