{"id":763,"date":"2019-01-17T18:52:10","date_gmt":"2019-01-17T18:52:10","guid":{"rendered":"https:\/\/www.foretprivee.ca\/regiondequebec\/?page_id=763"},"modified":"2021-01-07T16:27:44","modified_gmt":"2021-01-07T16:27:44","slug":"politique-de-confidentialite-3","status":"publish","type":"page","link":"https:\/\/www.foretprivee.ca\/regiondequebec\/politique-de-confidentialite-3\/","title":{"rendered":"Politique de confidentialit\u00e9"},"content":{"rendered":"\t\t<div data-elementor-type=\"wp-post\" data-elementor-id=\"763\" class=\"elementor elementor-763 elementor-bc-flex-widget\" data-elementor-post-type=\"page\">\n\t\t\t\t\t\t<section class=\"elementor-section elementor-top-section elementor-element elementor-element-fc892f6 elementor-section-boxed elementor-section-height-default elementor-section-height-default\" data-id=\"fc892f6\" data-element_type=\"section\" data-e-type=\"section\">\n\t\t\t\t\t\t<div class=\"elementor-container elementor-column-gap-default\">\n\t\t\t\t\t<div class=\"elementor-column elementor-col-100 elementor-top-column elementor-element elementor-element-54d2bda\" data-id=\"54d2bda\" data-element_type=\"column\" data-e-type=\"column\">\n\t\t\t<div class=\"elementor-widget-wrap elementor-element-populated\">\n\t\t\t\t\t\t<div class=\"elementor-element elementor-element-cb27d9b elementor-widget elementor-widget-text-editor\" data-id=\"cb27d9b\" data-element_type=\"widget\" data-e-type=\"widget\" data-widget_type=\"text-editor.default\">\n\t\t\t\t<div class=\"elementor-widget-container\">\n\t\t\t\t\t\t\t\t\t<p>Tous les renseignements recueillis par le <a href=\"https:\/\/www.foretprivee.ca\/regiondequebec\/\"><strong>Syndicat des propri\u00e9taires forestiers de la r\u00e9gion de Qu\u00e9bec (SPFRQ)<\/strong><\/a> sont prot\u00e9g\u00e9s par la \u00abLoi sur la protection des renseignements personnels\u00bb et sont conserv\u00e9s et g\u00e9r\u00e9s en vertu du \u00abR\u00e8glement sur la conservation et l\u2019acc\u00e8s aux documents du Syndicat des propri\u00e9taires forestiers de la r\u00e9gion de Qu\u00e9bec\u00bb. Ces renseignements ne servent qu\u2019\u00e0 l\u2019usage du SPFRQ, pour la gestion administrative, l\u2019application du plan conjoint ou le transfert d\u2019information aux membres du SPFRQ ou aux producteurs vis\u00e9s par le Plan conjoint des producteurs de bois de la r\u00e9gion de Qu\u00e9bec.<\/p><p>Les dossiers des membres et des producteurs sont conserv\u00e9s aux bureaux du SPFRQ. Ils peuvent \u00eatre consult\u00e9s par les administrateurs et employ\u00e9s du SPFRQ lorsque requis par l\u2019exercice de leurs fonctions. Un membre ou un producteur peut aussi consulter son dossier ou un document contenant des renseignements le concernant.<\/p><p>Le SPFRQ ne rend disponible aucune information ou renseignement personnel \u00e0 des tierces personnes ou \u00e0 des organisations externes, sauf lorsqu\u2019elles agissent au nom du SPFRQ et aux fins d\u00e9termin\u00e9es par lui (exemple : envoi postal du journal ou envoi d\u2019un bulletin \u00e9lectronique de nouvelles). Lorsque cela se produit, le SPFRQ s\u2019assure que les tierces personnes et les organisations externes poss\u00e8dent des politiques et utilisent des pratiques qui prot\u00e8gent la confidentialit\u00e9 des informations ou renseignements personnels rendus disponibles par le SPFRQ.<\/p><p><br \/><em>Adopt\u00e9 par le conseil d\u2019administration du SPFRQ le 28 mai 2015<\/em><\/p>\t\t\t\t\t\t\t\t<\/div>\n\t\t\t\t<\/div>\n\t\t\t\t\t<\/div>\n\t\t<\/div>\n\t\t\t\t\t<\/div>\n\t\t<\/section>\n\t\t\t\t<\/div>\n\t\t","protected":false},"excerpt":{"rendered":"<p>Tous les renseignements recueillis par le Syndicat des propri\u00e9taires forestiers de la r\u00e9gion de Qu\u00e9bec (SPFRQ) sont prot\u00e9g\u00e9s par la \u00abLoi sur la protection des renseignements personnels\u00bb et sont conserv\u00e9s et g\u00e9r\u00e9s en vertu du \u00abR\u00e8glement sur la conservation et l\u2019acc\u00e8s aux documents du Syndicat des propri\u00e9taires forestiers de la r\u00e9gion de Qu\u00e9bec\u00bb. Ces renseignements &hellip; <\/p>\n<p class=\"link-more\"><a href=\"https:\/\/www.foretprivee.ca\/regiondequebec\/politique-de-confidentialite-3\/\" class=\"more-link\">Lire la suite<\/a><\/p>\n","protected":false},"author":4,"featured_media":0,"parent":0,"menu_order":0,"comment_status":"closed","ping_status":"closed","template":"","meta":{"_acf_changed":false,"footnotes":""},"class_list":["post-763","page","type-page","status-publish","hentry"],"acf":[],"_links":{"self":[{"href":"https:\/\/www.foretprivee.ca\/regiondequebec\/wp-json\/wp\/v2\/pages\/763","targetHints":{"allow":["GET"]}}],"collection":[{"href":"https:\/\/www.foretprivee.ca\/regiondequebec\/wp-json\/wp\/v2\/pages"}],"about":[{"href":"https:\/\/www.foretprivee.ca\/regiondequebec\/wp-json\/wp\/v2\/types\/page"}],"author":[{"embeddable":true,"href":"https:\/\/www.foretprivee.ca\/regiondequebec\/wp-json\/wp\/v2\/users\/4"}],"replies":[{"embeddable":true,"href":"https:\/\/www.foretprivee.ca\/regiondequebec\/wp-json\/wp\/v2\/comments?post=763"}],"version-history":[{"count":0,"href":"https:\/\/www.foretprivee.ca\/regiondequebec\/wp-json\/wp\/v2\/pages\/763\/revisions"}],"wp:attachment":[{"href":"https:\/\/www.foretprivee.ca\/regiondequebec\/wp-json\/wp\/v2\/media?parent=763"}],"curies":[{"name":"wp","href":"https:\/\/api.w.org\/{rel}","templated":true}]}}